{"id":9630,"date":"2025-03-19T16:04:40","date_gmt":"2025-03-19T14:04:40","guid":{"rendered":"https:\/\/vitaminbutiken.multi.fi\/?post_type=product&#038;p=9630"},"modified":"2026-04-07T18:15:13","modified_gmt":"2026-04-07T16:15:13","slug":"magnesium","status":"publish","type":"product","link":"https:\/\/vitaminbutiken.com\/en\/produkt\/magnesium\/","title":{"rendered":"Magnesium, tabletter"},"content":{"rendered":"<p><strong>Magnesium Tabletter 250mg<\/strong><\/p>\n<p><strong>Magnesium bidrar till:<\/strong><br \/>\n\u2022 att bibeh\u00e5lla normal benstomme<br \/>\n\u2022 att bibeh\u00e5lla normala t\u00e4nder<br \/>\n\u2022 att minska tr\u00f6tthet och utmattning<br \/>\n\u2022 elektrolytbalansen<br \/>\n\u2022 har en roll i celldelningsprocessen<br \/>\n\u2022 nervsystemets normala funktion<br \/>\n\u2022 normal energioms\u00e4ttning<br \/>\n\u2022 normal muskelfunktion<br \/>\n\u2022 normal proteinsyntes<br \/>\n\u2022 normal psykologisk funktion<\/p>\n<p><strong>Dosering:<\/strong> 2 tabletter per dag.<\/p>\n<table style=\"height: 80px;\" border=\"1\" width=\"600\" cellspacing=\"0\" cellpadding=\"0\">\n<tbody>\n<tr>\n<td style=\"width: 14.8459%;\"><strong>2 tabletter inneh\u00e5ller<\/strong><\/td>\n<td style=\"width: 16.0007%;\"><strong>M\u00e4ngd<\/strong><\/td>\n<td style=\"width: 10.2089%;\"><strong>%DRI*<\/strong><\/td>\n<\/tr>\n<tr>\n<td style=\"width: 14.8459%;\"><span style=\"font-weight: 400;\">Magnesium <\/span><\/td>\n<td style=\"width: 16.0007%;\"><span style=\"font-weight: 400;\">500 mg<\/span><\/td>\n<td style=\"width: 10.2089%;\">133 %<\/td>\n<\/tr>\n<\/tbody>\n<\/table>\n<p><strong>*DRI \u00e4r dagligt referensintag.<\/strong><\/p>\n<p><span style=\"font-weight: 400;\"><strong>Ingredienser:<\/strong> Magnesiumoxid, fyllnadsmedel (mikrokristallinsk cellulosa, stearinsyra), klumpf\u00f6rebyggande medel (talk, magnesiumsalter av fettsyror), stabiliseringsmedel (tv\u00e4rbunden natriumkarboximetylcellulosa).<\/span><\/p>\n<p><span style=\"font-weight: 400;\">Rekommenderad daglig dos b\u00f6r ej \u00f6verskridas.<br \/>\nKosttillskott ers\u00e4tter inte en varierad kost.<br \/>\nProdukten f\u00f6rvaras o\u00e5tkomligt f\u00f6r sm\u00e5 barn.<\/span><\/p>\n","protected":false},"excerpt":{"rendered":"<p>Varje tablett ger 250 mg magnesium.<\/p>\n<p><strong>60 tabletter<\/strong><\/p>\n","protected":false},"featured_media":500103519,"comment_status":"open","ping_status":"closed","template":"","meta":{"_kad_blocks_custom_css":"","_kad_blocks_head_custom_js":"","_kad_blocks_body_custom_js":"","_kad_blocks_footer_custom_js":"","_kadence_starter_templates_imported_post":false,"_kad_post_transparent":"default","_kad_post_title":"","_kad_post_layout":"default","_kad_post_sidebar_id":"","_kad_post_content_style":"default","_kad_post_vertical_padding":"default","_kad_post_feature":"","_kad_post_feature_position":"","_kad_post_header":false,"_kad_post_footer":false,"_kad_post_classname":""},"product_brand":[],"product_cat":[625,281,277,146,1307,278],"product_tag":[285,286,287,288,289,290,291,221,233,172,234],"class_list":{"0":"post-9630","1":"product","2":"type-product","3":"status-publish","4":"has-post-thumbnail","6":"product_cat-magnesium","7":"product_cat-mineraler","8":"product_cat-muskler-och-leder","9":"product_cat-stressad-och-trott","10":"product_cat-synergos","11":"product_cat-traning","12":"product_tag-kosttillskott","13":"product_tag-kosttillskott-magnesium","14":"product_tag-magnesium","15":"product_tag-magnesium-bra-for","16":"product_tag-magnesium-mot-kramp","17":"product_tag-magnesium-pulver","18":"product_tag-magnesium-tillskott","19":"product_tag-naturtillskott","20":"product_tag-trotthet","21":"product_tag-utmattning","22":"product_tag-vitamin","24":"first","25":"instock","26":"taxable","27":"shipping-taxable","28":"purchasable","29":"product-type-simple","30":"entry","31":"content-bg","32":"loop-entry"},"taxonomy_info":{"product_cat":[{"value":625,"label":"Magnesium"},{"value":281,"label":"Mineraler"},{"value":277,"label":"Muskler &amp; Leder"},{"value":146,"label":"Stressad &amp; Tr\u00f6tt"},{"value":1307,"label":"Synergos"},{"value":278,"label":"Tr\u00e4ning"}],"product_tag":[{"value":285,"label":"kosttillskott"},{"value":286,"label":"kosttillskott magnesium"},{"value":287,"label":"magnesium"},{"value":288,"label":"magnesium bra f\u00f6r"},{"value":289,"label":"magnesium mot kramp"},{"value":290,"label":"magnesium pulver"},{"value":291,"label":"magnesium tillskott"},{"value":221,"label":"naturtillskott"},{"value":233,"label":"tr\u00f6tthet"},{"value":172,"label":"utmattning"},{"value":234,"label":"vitamin"}]},"featured_image_src_large":["https:\/\/vitaminbutiken.com\/wp-content\/uploads\/2025\/03\/213-B-Magnesium-Photoroom-e1769606947260-933x700.png",933,700,true],"author_info":[],"comment_info":0,"_links":{"self":[{"href":"https:\/\/vitaminbutiken.com\/en\/wp-json\/wp\/v2\/product\/9630","targetHints":{"allow":["GET"]}}],"collection":[{"href":"https:\/\/vitaminbutiken.com\/en\/wp-json\/wp\/v2\/product"}],"about":[{"href":"https:\/\/vitaminbutiken.com\/en\/wp-json\/wp\/v2\/types\/product"}],"replies":[{"embeddable":true,"href":"https:\/\/vitaminbutiken.com\/en\/wp-json\/wp\/v2\/comments?post=9630"}],"wp:featuredmedia":[{"embeddable":true,"href":"https:\/\/vitaminbutiken.com\/en\/wp-json\/wp\/v2\/media\/500103519"}],"wp:attachment":[{"href":"https:\/\/vitaminbutiken.com\/en\/wp-json\/wp\/v2\/media?parent=9630"}],"wp:term":[{"taxonomy":"product_brand","embeddable":true,"href":"https:\/\/vitaminbutiken.com\/en\/wp-json\/wp\/v2\/product_brand?post=9630"},{"taxonomy":"product_cat","embeddable":true,"href":"https:\/\/vitaminbutiken.com\/en\/wp-json\/wp\/v2\/product_cat?post=9630"},{"taxonomy":"product_tag","embeddable":true,"href":"https:\/\/vitaminbutiken.com\/en\/wp-json\/wp\/v2\/product_tag?post=9630"}],"curies":[{"name":"wp","href":"https:\/\/api.w.org\/{rel}","templated":true}]}}