{"id":9620,"date":"2025-03-19T16:04:12","date_gmt":"2025-03-19T14:04:12","guid":{"rendered":"https:\/\/vitaminbutiken.multi.fi\/?post_type=product&#038;p=9620"},"modified":"2026-04-10T12:11:03","modified_gmt":"2026-04-10T10:11:03","slug":"quercetin","status":"publish","type":"product","link":"https:\/\/vitaminbutiken.com\/en\/produkt\/quercetin\/","title":{"rendered":"Quercetin 500 mg"},"content":{"rendered":"<p><strong>Quercetin<\/strong> \u00e4r ett naturligt gult f\u00e4rg\u00e4mne som f\u00f6rekommer i m\u00e5nga v\u00e4xter, till exempel i ek och \u00e4pple.<\/p>\n<p><span style=\"font-weight: 400;\"><strong>Dosering:<\/strong> 1 tablett per dag i samband med m\u00e5ltid.<\/span><\/p>\n<table style=\"height: 80px;\" border=\"1\" width=\"600\" cellspacing=\"0\" cellpadding=\"0\">\n<tbody>\n<tr>\n<td style=\"width: 3.92571%;\"><strong>1 tablett inneh\u00e5ller<\/strong><\/td>\n<td style=\"width: 3.52113%;\"><strong>M\u00e4ngd<\/strong><\/td>\n<td style=\"width: 3.52113%;\"><strong>%DRI*<\/strong><\/td>\n<\/tr>\n<tr>\n<td style=\"width: 3.92571%;\"><span style=\"font-weight: 400;\">Quercetin<\/span><\/td>\n<td style=\"width: 3.52113%;\">500 mg<\/td>\n<td style=\"width: 3.52113%;\"><strong>**<\/strong><\/td>\n<\/tr>\n<\/tbody>\n<\/table>\n<p><strong>**DRI (dagligt referensintag) ej fastst\u00e4llt.<\/strong><\/p>\n<p><span style=\"font-weight: 400;\"><strong>Ingredienser:<\/strong> Quercetin Dihydrate 98 %, fyllnadsmedel (kalciumkarbonat, mikrokristallinsk cellulosa).<\/span><\/p>\n<p><span style=\"font-weight: 400;\">Rekommenderad daglig dos b\u00f6r ej \u00f6verskridas.<br \/>\nKosttillskott ers\u00e4tter inte en varierad kost.<br \/>\nProdukter f\u00f6rvaras o\u00e5tkomligt f\u00f6r sm\u00e5barn.<\/span><\/p>\n","protected":false},"excerpt":{"rendered":"<p>Varje tablett ger 500 mg quercetin.<\/p>\n<p><strong>60 tabletter<\/strong><\/p>\n","protected":false},"featured_media":500103831,"comment_status":"open","ping_status":"closed","template":"","meta":{"_kad_blocks_custom_css":"","_kad_blocks_head_custom_js":"","_kad_blocks_body_custom_js":"","_kad_blocks_footer_custom_js":"","_kadence_starter_templates_imported_post":false,"_kad_post_transparent":"default","_kad_post_title":"","_kad_post_layout":"default","_kad_post_sidebar_id":"","_kad_post_content_style":"default","_kad_post_vertical_padding":"default","_kad_post_feature":"","_kad_post_feature_position":"","_kad_post_header":false,"_kad_post_footer":false,"_kad_post_classname":""},"product_brand":[],"product_cat":[1293,176,149,1393],"product_tag":[1216,1217,1143,1218,206,1219],"class_list":{"0":"post-9620","1":"product","2":"type-product","3":"status-publish","4":"has-post-thumbnail","6":"product_cat-evp-nutrition","7":"product_cat-immunforsvar","8":"product_cat-orter","9":"product_cat-ovriga-kosttillskott","10":"product_tag-allergi","11":"product_tag-antihistamin","12":"product_tag-antiviral","13":"product_tag-antiviral-verkan","14":"product_tag-astma","15":"product_tag-quercetin","17":"first","18":"instock","19":"taxable","20":"shipping-taxable","21":"purchasable","22":"product-type-simple","23":"entry","24":"content-bg","25":"loop-entry"},"taxonomy_info":{"product_cat":[{"value":1293,"label":"EVP Nutrition"},{"value":176,"label":"Immunf\u00f6rsvar"},{"value":149,"label":"\u00d6rter"},{"value":1393,"label":"\u00d6vriga kosttillskott"}],"product_tag":[{"value":1216,"label":"allergi"},{"value":1217,"label":"antihistamin"},{"value":1143,"label":"antiviral"},{"value":1218,"label":"antiviral verkan"},{"value":206,"label":"astma"},{"value":1219,"label":"Quercetin"}]},"featured_image_src_large":["https:\/\/vitaminbutiken.com\/wp-content\/uploads\/2025\/03\/487-Quercetin-Photoroom-e1771402327773-760x700.png",760,700,true],"author_info":[],"comment_info":0,"_links":{"self":[{"href":"https:\/\/vitaminbutiken.com\/en\/wp-json\/wp\/v2\/product\/9620","targetHints":{"allow":["GET"]}}],"collection":[{"href":"https:\/\/vitaminbutiken.com\/en\/wp-json\/wp\/v2\/product"}],"about":[{"href":"https:\/\/vitaminbutiken.com\/en\/wp-json\/wp\/v2\/types\/product"}],"replies":[{"embeddable":true,"href":"https:\/\/vitaminbutiken.com\/en\/wp-json\/wp\/v2\/comments?post=9620"}],"wp:featuredmedia":[{"embeddable":true,"href":"https:\/\/vitaminbutiken.com\/en\/wp-json\/wp\/v2\/media\/500103831"}],"wp:attachment":[{"href":"https:\/\/vitaminbutiken.com\/en\/wp-json\/wp\/v2\/media?parent=9620"}],"wp:term":[{"taxonomy":"product_brand","embeddable":true,"href":"https:\/\/vitaminbutiken.com\/en\/wp-json\/wp\/v2\/product_brand?post=9620"},{"taxonomy":"product_cat","embeddable":true,"href":"https:\/\/vitaminbutiken.com\/en\/wp-json\/wp\/v2\/product_cat?post=9620"},{"taxonomy":"product_tag","embeddable":true,"href":"https:\/\/vitaminbutiken.com\/en\/wp-json\/wp\/v2\/product_tag?post=9620"}],"curies":[{"name":"wp","href":"https:\/\/api.w.org\/{rel}","templated":true}]}}