{"id":9619,"date":"2025-03-19T16:04:12","date_gmt":"2025-03-19T14:04:12","guid":{"rendered":"https:\/\/vitaminbutiken.multi.fi\/?post_type=product&#038;p=9619"},"modified":"2026-04-08T18:37:23","modified_gmt":"2026-04-08T16:37:23","slug":"pd-801-pau-darco-extrakt-pulver","status":"publish","type":"product","link":"https:\/\/vitaminbutiken.com\/en\/produkt\/pd-801-pau-darco-extrakt-pulver\/","title":{"rendered":"PD-801 &#8211; pau darco, 100g"},"content":{"rendered":"<p><strong>PD-801 Pau D&#8217;Arco-extrakt (pulver)<\/strong><\/p>\n<p><span style=\"font-family: var(--global-body-font-family);\">Ipe Roxe eller &#8220;pau darco&#8221; har en l\u00e5ng och v\u00e4ldokumenterad historia hos ursprungsfolken i regnskogen. Ipe Roxe \u00e4r ett storv\u00e4xande tr\u00e4d som f\u00f6rekommer i Amazonas regnskog och andra tropiska delar av Syd- och Latinamerika. Den v\u00e4xtdel som anv\u00e4nds \u00e4r sj\u00e4lva barken, som inneh\u00e5ller m\u00e5nga av de aktiva substanserna.<\/span><\/p>\n<p><span style=\"font-weight: 400;\"><strong>Dosering:<\/strong> 1\/2 tsk morgon och 1\/2 tsk kv\u00e4ll. L\u00f6ses upp i varmt vatten.<\/span><\/p>\n<table style=\"height: 80px;\" border=\"1\" width=\"600\" cellspacing=\"0\" cellpadding=\"0\">\n<tbody>\n<tr>\n<td style=\"width: 31.6926%;\"><strong>1 tesked (5 ml) inneh\u00e5ller:<\/strong><\/td>\n<td style=\"width: 9.12367%;\"><strong>M\u00e4ngd<\/strong><\/td>\n<td style=\"width: 9.12367%;\"><strong>%DRI*<\/strong><\/td>\n<\/tr>\n<tr>\n<td style=\"width: 31.6926%;\"><span style=\"font-weight: 400;\">Pau D\u2019arco barkextrakt <\/span><\/td>\n<td style=\"width: 9.12367%;\"><span style=\"font-weight: 400;\">1 500 mg<\/span><\/td>\n<td style=\"width: 9.12367%;\"><span style=\"font-weight: 400;\">**<\/span><\/td>\n<\/tr>\n<\/tbody>\n<\/table>\n<p><strong>**DRI (dagligt referensintag) ej fastst\u00e4llt.<\/strong><\/p>\n<p><span style=\"font-weight: 400;\"><strong>Ingredienser:<\/strong> Pau D&#8217;arco barkextrakt (haltdeklaration 8:1).<\/span><\/p>\n<p><span style=\"font-weight: 400;\">Rekommenderad daglig dos b\u00f6r ej \u00f6verskridas.<br \/>\nKosttillskott ers\u00e4tter inte en varierad kost.<br \/>\nProdukten f\u00f6rvaras o\u00e5tkomligt f\u00f6r sm\u00e5 barn.<\/span><\/p>\n","protected":false},"excerpt":{"rendered":"<p><strong>Pau D\u2019arco barkextrakt.<\/strong><\/p>\n<p><strong>100 gram<\/strong><\/p>\n","protected":false},"featured_media":500103805,"comment_status":"open","ping_status":"closed","template":"","meta":{"_kad_blocks_custom_css":"","_kad_blocks_head_custom_js":"","_kad_blocks_body_custom_js":"","_kad_blocks_footer_custom_js":"","_kadence_starter_templates_imported_post":false,"_kad_post_transparent":"default","_kad_post_title":"","_kad_post_layout":"default","_kad_post_sidebar_id":"","_kad_post_content_style":"default","_kad_post_vertical_padding":"default","_kad_post_feature":"","_kad_post_feature_position":"","_kad_post_header":false,"_kad_post_footer":false,"_kad_post_classname":""},"product_brand":[],"product_cat":[176,431,149,1307],"product_tag":[634,636],"class_list":{"0":"post-9619","1":"product","2":"type-product","3":"status-publish","4":"has-post-thumbnail","6":"product_cat-immunforsvar","7":"product_cat-mage-tarm","8":"product_cat-orter","9":"product_cat-synergos","10":"product_tag-ipe-roxe","11":"product_tag-pau-darco-extrakt","13":"first","14":"instock","15":"taxable","16":"shipping-taxable","17":"purchasable","18":"product-type-simple","19":"entry","20":"content-bg","21":"loop-entry"},"taxonomy_info":{"product_cat":[{"value":176,"label":"Immunf\u00f6rsvar"},{"value":431,"label":"Mage &amp; Tarm"},{"value":149,"label":"\u00d6rter"},{"value":1307,"label":"Synergos"}],"product_tag":[{"value":634,"label":"Ipe Roxe"},{"value":636,"label":"pau darco extrakt"}]},"featured_image_src_large":["https:\/\/vitaminbutiken.com\/wp-content\/uploads\/2025\/03\/412-C-PD801-100g-Photoroom-e1771328007140-873x700.png",873,700,true],"author_info":[],"comment_info":0,"_links":{"self":[{"href":"https:\/\/vitaminbutiken.com\/en\/wp-json\/wp\/v2\/product\/9619","targetHints":{"allow":["GET"]}}],"collection":[{"href":"https:\/\/vitaminbutiken.com\/en\/wp-json\/wp\/v2\/product"}],"about":[{"href":"https:\/\/vitaminbutiken.com\/en\/wp-json\/wp\/v2\/types\/product"}],"replies":[{"embeddable":true,"href":"https:\/\/vitaminbutiken.com\/en\/wp-json\/wp\/v2\/comments?post=9619"}],"wp:featuredmedia":[{"embeddable":true,"href":"https:\/\/vitaminbutiken.com\/en\/wp-json\/wp\/v2\/media\/500103805"}],"wp:attachment":[{"href":"https:\/\/vitaminbutiken.com\/en\/wp-json\/wp\/v2\/media?parent=9619"}],"wp:term":[{"taxonomy":"product_brand","embeddable":true,"href":"https:\/\/vitaminbutiken.com\/en\/wp-json\/wp\/v2\/product_brand?post=9619"},{"taxonomy":"product_cat","embeddable":true,"href":"https:\/\/vitaminbutiken.com\/en\/wp-json\/wp\/v2\/product_cat?post=9619"},{"taxonomy":"product_tag","embeddable":true,"href":"https:\/\/vitaminbutiken.com\/en\/wp-json\/wp\/v2\/product_tag?post=9619"}],"curies":[{"name":"wp","href":"https:\/\/api.w.org\/{rel}","templated":true}]}}