{"id":9618,"date":"2025-03-19T16:04:12","date_gmt":"2025-03-19T14:04:12","guid":{"rendered":"https:\/\/vitaminbutiken.multi.fi\/?post_type=product&#038;p=9618"},"modified":"2026-03-31T13:46:26","modified_gmt":"2026-03-31T11:46:26","slug":"paba-synergos","status":"publish","type":"product","link":"https:\/\/vitaminbutiken.com\/en\/produkt\/paba-synergos\/","title":{"rendered":"PABA synergos"},"content":{"rendered":"<p><strong>PABA Synergos<\/strong> \u00e4r ett avancerat kosttillskott som bygger p\u00e5 bredspektrum- och synergiprincipen. Varje tablett ger 300 mg PABA tillsammans med en rad PABA-synergister.<\/p>\n<p>Paraaminobensoesyra eller PABA r\u00e4knas i m\u00e5nga fall till B-vitaminerna. Den \u00e4r vattenl\u00f6slig. Eftersom den bildas i tarmen hos m\u00e4nniskan r\u00e4knas den inte som ett essentiellt vitamin.<\/p>\n<p><span style=\"font-weight: 400;\"><strong>Dosering:<\/strong> 2 tabletter per dag i samband med m\u00e5ltid.<\/span><\/p>\n<table style=\"height: 80px;\" border=\"1\" width=\"600\" cellspacing=\"0\" cellpadding=\"0\">\n<tbody>\n<tr>\n<td style=\"width: 26.7337%;\"><strong>2 tabletter inneh\u00e5ller<\/strong><\/td>\n<td style=\"width: 10.9243%;\"><strong>M\u00e4ngd<\/strong><\/td>\n<td style=\"width: 12.1583%;\"><strong>%DRI*<\/strong><\/td>\n<\/tr>\n<tr>\n<td style=\"width: 26.7337%;\"><span style=\"font-weight: 400;\">Tiamin<\/span><\/td>\n<td style=\"width: 10.9243%;\">10 mg<\/td>\n<td style=\"width: 12.1583%;\">910 %<\/td>\n<\/tr>\n<tr>\n<td style=\"width: 26.7337%;\"><span style=\"font-weight: 400;\">Riboflavin<\/span><\/td>\n<td style=\"width: 10.9243%;\">10 mg<\/td>\n<td style=\"width: 12.1583%;\">714 %<\/td>\n<\/tr>\n<tr>\n<td style=\"width: 26.7337%;\"><span style=\"font-weight: 400;\">Niacin<\/span><\/td>\n<td style=\"width: 10.9243%;\">60 mg<\/td>\n<td style=\"width: 12.1583%;\">375 %<\/td>\n<\/tr>\n<tr>\n<td style=\"width: 26.7337%;\"><span style=\"font-weight: 400;\">Pantotensyra (B5)<\/span><\/td>\n<td style=\"width: 10.9243%;\">40 mg<\/td>\n<td style=\"width: 12.1583%;\">667 %<\/td>\n<\/tr>\n<tr>\n<td style=\"width: 26.7337%;\"><span style=\"font-weight: 400;\">Vitamin B6<\/span><\/td>\n<td style=\"width: 10.9243%;\">10 mg<\/td>\n<td style=\"width: 12.1583%;\">714 %<\/td>\n<\/tr>\n<tr>\n<td style=\"width: 26.7337%;\"><span style=\"font-weight: 400;\">Vitamin B12<\/span><\/td>\n<td style=\"width: 10.9243%;\">100 \u00b5g<\/td>\n<td style=\"width: 12.1583%;\">4000 %<\/td>\n<\/tr>\n<tr>\n<td style=\"width: 26.7337%;\"><span style=\"font-weight: 400;\">Folsyra<\/span><\/td>\n<td style=\"width: 10.9243%;\">80 \u00b5g<\/td>\n<td style=\"width: 12.1583%;\">40 %<\/td>\n<\/tr>\n<tr>\n<td style=\"width: 26.7337%;\"><span style=\"font-weight: 400;\">Biotin<\/span><\/td>\n<td style=\"width: 10.9243%;\">100 \u00b5g<\/td>\n<td style=\"width: 12.1583%;\">200 %<\/td>\n<\/tr>\n<tr>\n<td style=\"width: 26.7337%;\"><span style=\"font-weight: 400;\">Kolin<\/span><\/td>\n<td style=\"width: 10.9243%;\">100 mg<\/td>\n<td style=\"width: 12.1583%;\">**<\/td>\n<\/tr>\n<tr>\n<td style=\"width: 26.7337%;\"><span style=\"font-weight: 400;\">PABA <\/span><\/td>\n<td style=\"width: 10.9243%;\">600 mg<\/td>\n<td style=\"width: 12.1583%;\">**<\/td>\n<\/tr>\n<tr>\n<td style=\"width: 26.7337%;\"><span style=\"font-weight: 400;\">Inositol<\/span><\/td>\n<td style=\"width: 10.9243%;\">50 mg<\/td>\n<td style=\"width: 12.1583%;\">**<\/td>\n<\/tr>\n<tr>\n<td style=\"width: 26.7337%;\"><span style=\"font-weight: 400;\">Zink<\/span><\/td>\n<td style=\"width: 10.9243%;\">6 mg<\/td>\n<td style=\"width: 12.1583%;\">60 %<\/td>\n<\/tr>\n<\/tbody>\n<\/table>\n<p><strong>*DRI \u00e4r dagligt referensintag. **DRI ej fastst\u00e4llt.<\/strong><\/p>\n<p><span style=\"font-weight: 400;\"><strong>Ingredienser:<\/strong> PABA, fyllnadsmedel (dikalciumfosfat, mikrokristallin cellulosa), L-kolinbitartrat, fyllnadsmedel (stearinsyra), nikotinamid, inositol, kalcium-D-pantotenat, klumpf\u00f6rebyggande medel (magnesiumsalter av fettsyror), zinkcitrat, tiaminmononitrat, pyridoxinhydroklorid, riboflavin, cyanokobalamin, pteroylmonoglutaminsyra, D-biotin.<\/span><\/p>\n<p><span style=\"font-weight: 400;\">Rekommenderad daglig dos b\u00f6r ej \u00f6verskridas.<br \/>\nKosttillskott ers\u00e4tter inte en varierad kost.<br \/>\nProdukter f\u00f6rvaras o\u00e5tkomligt f\u00f6r sm\u00e5barn.<\/span><\/p>\n","protected":false},"excerpt":{"rendered":"<p>PABA Synergos \u00e4r ett avancerat kosttillskott som bygger p\u00e5 bredspektrum- och synergiprincipen. Varje tablett ger 300 mg PABA tillsammans med en rad PABA-synergister.<\/p>\n<p><strong>60 tabletter<\/strong><\/p>\n<p>&nbsp;<\/p>\n","protected":false},"featured_media":9701,"comment_status":"open","ping_status":"closed","template":"","meta":{"_kad_blocks_custom_css":"","_kad_blocks_head_custom_js":"","_kad_blocks_body_custom_js":"","_kad_blocks_footer_custom_js":"","_kadence_starter_templates_imported_post":false,"_kad_post_transparent":"default","_kad_post_title":"","_kad_post_layout":"default","_kad_post_sidebar_id":"","_kad_post_content_style":"default","_kad_post_vertical_padding":"default","_kad_post_feature":"","_kad_post_feature_position":"","_kad_post_header":false,"_kad_post_footer":false,"_kad_post_classname":""},"product_brand":[],"product_cat":[348,2806,1307,155],"product_tag":[205,221,1215,229,234,235],"class_list":{"0":"post-9618","1":"product","2":"type-product","3":"status-publish","4":"has-post-thumbnail","6":"product_cat-b-vitamin","7":"product_cat-multi-vitamin","8":"product_cat-synergos","9":"product_cat-vitaminer","10":"product_tag-antioxidant","11":"product_tag-naturtillskott","12":"product_tag-paba-synergos","13":"product_tag-starka-immunforsvar","14":"product_tag-vitamin","15":"product_tag-vitaminer","17":"first","18":"instock","19":"taxable","20":"shipping-taxable","21":"purchasable","22":"product-type-simple","23":"entry","24":"content-bg","25":"loop-entry"},"taxonomy_info":{"product_cat":[{"value":348,"label":"B-vitamin"},{"value":2806,"label":"Multi-vitamin"},{"value":1307,"label":"Synergos"},{"value":155,"label":"Vitaminer"}],"product_tag":[{"value":205,"label":"antioxidant"},{"value":221,"label":"naturtillskott"},{"value":1215,"label":"PABA synergos"},{"value":229,"label":"st\u00e4rka immunf\u00f6rsvar"},{"value":234,"label":"vitamin"},{"value":235,"label":"vitaminer"}]},"featured_image_src_large":["https:\/\/vitaminbutiken.com\/wp-content\/uploads\/2025\/03\/New1-19-1440x700.png",1440,700,true],"author_info":[],"comment_info":0,"_links":{"self":[{"href":"https:\/\/vitaminbutiken.com\/en\/wp-json\/wp\/v2\/product\/9618","targetHints":{"allow":["GET"]}}],"collection":[{"href":"https:\/\/vitaminbutiken.com\/en\/wp-json\/wp\/v2\/product"}],"about":[{"href":"https:\/\/vitaminbutiken.com\/en\/wp-json\/wp\/v2\/types\/product"}],"replies":[{"embeddable":true,"href":"https:\/\/vitaminbutiken.com\/en\/wp-json\/wp\/v2\/comments?post=9618"}],"wp:featuredmedia":[{"embeddable":true,"href":"https:\/\/vitaminbutiken.com\/en\/wp-json\/wp\/v2\/media\/9701"}],"wp:attachment":[{"href":"https:\/\/vitaminbutiken.com\/en\/wp-json\/wp\/v2\/media?parent=9618"}],"wp:term":[{"taxonomy":"product_brand","embeddable":true,"href":"https:\/\/vitaminbutiken.com\/en\/wp-json\/wp\/v2\/product_brand?post=9618"},{"taxonomy":"product_cat","embeddable":true,"href":"https:\/\/vitaminbutiken.com\/en\/wp-json\/wp\/v2\/product_cat?post=9618"},{"taxonomy":"product_tag","embeddable":true,"href":"https:\/\/vitaminbutiken.com\/en\/wp-json\/wp\/v2\/product_tag?post=9618"}],"curies":[{"name":"wp","href":"https:\/\/api.w.org\/{rel}","templated":true}]}}