{"id":9617,"date":"2025-03-19T16:04:12","date_gmt":"2025-03-19T14:04:12","guid":{"rendered":"https:\/\/vitaminbutiken.multi.fi\/?post_type=product&#038;p=9617"},"modified":"2026-04-10T12:10:53","modified_gmt":"2026-04-10T10:10:53","slug":"lactobifidum-plus","status":"publish","type":"product","link":"https:\/\/vitaminbutiken.com\/en\/produkt\/lactobifidum-plus\/","title":{"rendered":"Lacto Bifidum Plus"},"content":{"rendered":"<p>Lacto bifidum Plus \u00e4r ett avancerat kosttillskott som inneh\u00e5ller fyra olika stammar av effektiva mj\u00f6lksyrebakterier. Lacto Bifidum inneh\u00e5ller minst 20 miljarder gynnsamma bakterier per kapsel.<\/p>\n<p>Mj\u00f6lksyrabakterier \u00e4r grampositiva och syratoleranta bakterier som vanligtvis finns i nedbrytande v\u00e4xter och mj\u00f6lk-produkter. Mj\u00f6lksyrabakterierna har stor f\u00f6rm\u00e5gan att f\u00e4sta sig vid tarmslemhinnan.<\/p>\n<p><strong>Dosering:\u00a0<\/strong>1 kapsel 2 g\u00e5nger per dag.<\/p>\n<p><strong>2 kapslar inneh\u00e5ller:<\/strong> 40 miljarder mj\u00f6lksyrabakterier.<\/p>\n<p><strong>Ingredienser:<\/strong> Lactobacillus acidophilus, Bifidobacterium lactis, Bifidobacterium longum, Bifidobakterium bifidum, fyllnadsmedel (inulin, kiseldioxid, magnesiumsalter av fettsyror), kapsel (hydroxipropylmetylcellulosa).<\/p>\n<p><strong>Observera! \u00d6ppnad burk b\u00f6r f\u00f6rvaras i kylsk\u00e5p.<\/strong><\/p>\n<p>Rekommenderad daglig dos b\u00f6r ej \u00f6verskridas.<br \/>\nKosttillskott ers\u00e4tter inte en varierad kost.<br \/>\nProdukter f\u00f6rvaras o\u00e5tkomligt f\u00f6r sm\u00e5barn.<\/p>\n","protected":false},"excerpt":{"rendered":"<p>Lacto bifidum Plus \u00e4r ett avancerat kosttillskott som inneh\u00e5ller fyra olika stammar av effektiva mj\u00f6lksyrebakterier. Lacto Bifidum inneh\u00e5ller minst 20 miljarder gynnsamma bakterier per kapsel.<\/p>\n<p>Mj\u00f6lksyrabakterier \u00e4r grampositiva och syratoleranta bakterier som vanligtvis finns i nedbrytande v\u00e4xter och mj\u00f6lk-produkter. Mj\u00f6lksyrabakterierna har stor f\u00f6rm\u00e5gan att f\u00e4sta sig vid tarmslemhinnan.<\/p>\n<p><strong>60 kapslar<\/strong><\/p>\n","protected":false},"featured_media":500103311,"comment_status":"open","ping_status":"closed","template":"","meta":{"_kad_blocks_custom_css":"","_kad_blocks_head_custom_js":"","_kad_blocks_body_custom_js":"","_kad_blocks_footer_custom_js":"","_kadence_starter_templates_imported_post":false,"_kad_post_transparent":"default","_kad_post_title":"","_kad_post_layout":"default","_kad_post_sidebar_id":"","_kad_post_content_style":"default","_kad_post_vertical_padding":"default","_kad_post_feature":"","_kad_post_feature_position":"","_kad_post_header":false,"_kad_post_footer":false,"_kad_post_classname":""},"product_brand":[],"product_cat":[176,431,2820,2704],"product_tag":[1212,1213,1214],"class_list":{"0":"post-9617","1":"product","2":"type-product","3":"status-publish","4":"has-post-thumbnail","6":"product_cat-immunforsvar","7":"product_cat-mage-tarm","8":"product_cat-mjolksyrebakterier","9":"product_cat-multi-nutrient","10":"product_tag-lactobifidum","11":"product_tag-lactobifidum-plus","12":"product_tag-mjolksyre-kapslar","14":"first","15":"instock","16":"taxable","17":"shipping-taxable","18":"purchasable","19":"product-type-simple","20":"entry","21":"content-bg","22":"loop-entry"},"taxonomy_info":{"product_cat":[{"value":176,"label":"Immunf\u00f6rsvar"},{"value":431,"label":"Mage &amp; Tarm"},{"value":2820,"label":"Mj\u00f6lksyrebakterier"},{"value":2704,"label":"Multi Nutrient"}],"product_tag":[{"value":1212,"label":"Lactobifidum"},{"value":1213,"label":"Lactobifidum Plus"},{"value":1214,"label":"mj\u00f6lksyre kapslar"}]},"featured_image_src_large":["https:\/\/vitaminbutiken.com\/wp-content\/uploads\/2025\/03\/Lacto-bifidum-PLUS-Photoroom-e1768396215165-873x700.png",873,700,true],"author_info":[],"comment_info":0,"_links":{"self":[{"href":"https:\/\/vitaminbutiken.com\/en\/wp-json\/wp\/v2\/product\/9617","targetHints":{"allow":["GET"]}}],"collection":[{"href":"https:\/\/vitaminbutiken.com\/en\/wp-json\/wp\/v2\/product"}],"about":[{"href":"https:\/\/vitaminbutiken.com\/en\/wp-json\/wp\/v2\/types\/product"}],"replies":[{"embeddable":true,"href":"https:\/\/vitaminbutiken.com\/en\/wp-json\/wp\/v2\/comments?post=9617"}],"wp:featuredmedia":[{"embeddable":true,"href":"https:\/\/vitaminbutiken.com\/en\/wp-json\/wp\/v2\/media\/500103311"}],"wp:attachment":[{"href":"https:\/\/vitaminbutiken.com\/en\/wp-json\/wp\/v2\/media?parent=9617"}],"wp:term":[{"taxonomy":"product_brand","embeddable":true,"href":"https:\/\/vitaminbutiken.com\/en\/wp-json\/wp\/v2\/product_brand?post=9617"},{"taxonomy":"product_cat","embeddable":true,"href":"https:\/\/vitaminbutiken.com\/en\/wp-json\/wp\/v2\/product_cat?post=9617"},{"taxonomy":"product_tag","embeddable":true,"href":"https:\/\/vitaminbutiken.com\/en\/wp-json\/wp\/v2\/product_tag?post=9617"}],"curies":[{"name":"wp","href":"https:\/\/api.w.org\/{rel}","templated":true}]}}