{"id":9608,"date":"2025-03-19T16:03:44","date_gmt":"2025-03-19T14:03:44","guid":{"rendered":"https:\/\/vitaminbutiken.multi.fi\/?post_type=product&#038;p=9608"},"modified":"2026-03-30T12:35:47","modified_gmt":"2026-03-30T10:35:47","slug":"l-glutamin-2","status":"publish","type":"product","link":"https:\/\/vitaminbutiken.com\/en\/produkt\/l-glutamin-2\/","title":{"rendered":"Bio L-Glutamin, 60 kap"},"content":{"rendered":"<p><strong>Bio L-glutamin<\/strong><\/p>\n<p>N- acetyl-l-glutamin, \u00e4ven ben\u00e4mnd N-acetylglutamat (NAG) \u00e4r en acetyliserad form av aminosyran glutamin.<\/p>\n<p>Glutamin \u00e4r en av de 20 proteinogena aminosyrorna.<\/p>\n<p><strong>Dosering:\u00a0<\/strong>2 kapslar per dag.<\/p>\n<table style=\"height: 80px;\" border=\"1\" width=\"600\" cellspacing=\"0\" cellpadding=\"0\">\n<tbody>\n<tr>\n<td style=\"width: 25.1703%;\"><strong>2 kapslar inneh\u00e5ller:<\/strong><\/td>\n<td style=\"width: 2.62117%;\"><strong>M\u00e4ngd<\/strong><\/td>\n<td style=\"width: 2.62117%;\"><strong>%DRI*<\/strong><\/td>\n<\/tr>\n<tr>\n<td style=\"width: 25.1703%;\">N-Acetyl L-glutamin<\/td>\n<td style=\"width: 2.62117%;\">1 300 mg<\/td>\n<td style=\"width: 2.62117%;\"><strong>**<\/strong><\/td>\n<\/tr>\n<\/tbody>\n<\/table>\n<p><strong>**DRI (dagligt referensintag) ej fastst\u00e4llt.<\/strong><\/p>\n<p><strong>Ingredienser:<\/strong> N-Acetyl-L-Glutamin, kapsel (hydroxipropylmetylcellulosa).<\/p>\n<p>Rekommenderad daglig dos b\u00f6r ej \u00f6verskridas.<br \/>\nKosttillskott ers\u00e4tter inte en varierad kost.<br \/>\nProdukter f\u00f6rvaras o\u00e5tkomligt f\u00f6r sm\u00e5barn.<\/p>\n","protected":false},"excerpt":{"rendered":"<p>N-Acetyl-L-glutamin.<\/p>\n<p><strong>60 kapslar<\/strong><\/p>\n","protected":false},"featured_media":9697,"comment_status":"open","ping_status":"closed","template":"","meta":{"_kad_blocks_custom_css":"","_kad_blocks_head_custom_js":"","_kad_blocks_body_custom_js":"","_kad_blocks_footer_custom_js":"","_kadence_starter_templates_imported_post":false,"_kad_post_transparent":"default","_kad_post_title":"","_kad_post_layout":"default","_kad_post_sidebar_id":"","_kad_post_content_style":"default","_kad_post_vertical_padding":"default","_kad_post_feature":"","_kad_post_feature_position":"","_kad_post_header":false,"_kad_post_footer":false,"_kad_post_classname":""},"product_brand":[],"product_cat":[337,431,277,1307,278],"product_tag":[570],"class_list":{"0":"post-9608","1":"product","2":"type-product","3":"status-publish","4":"has-post-thumbnail","6":"product_cat-aminosyror","7":"product_cat-mage-tarm","8":"product_cat-muskler-och-leder","9":"product_cat-synergos","10":"product_cat-traning","11":"product_tag-l-glutamin","13":"first","14":"instock","15":"taxable","16":"shipping-taxable","17":"purchasable","18":"product-type-simple","19":"entry","20":"content-bg","21":"loop-entry"},"taxonomy_info":{"product_cat":[{"value":337,"label":"Aminosyror"},{"value":431,"label":"Mage &amp; Tarm"},{"value":277,"label":"Muskler &amp; Leder"},{"value":1307,"label":"Synergos"},{"value":278,"label":"Tr\u00e4ning"}],"product_tag":[{"value":570,"label":"L-glutamin"}]},"featured_image_src_large":["https:\/\/vitaminbutiken.com\/wp-content\/uploads\/2025\/03\/Bio-L-glutamin-kapslar-940x700.png",940,700,true],"author_info":[],"comment_info":0,"_links":{"self":[{"href":"https:\/\/vitaminbutiken.com\/en\/wp-json\/wp\/v2\/product\/9608","targetHints":{"allow":["GET"]}}],"collection":[{"href":"https:\/\/vitaminbutiken.com\/en\/wp-json\/wp\/v2\/product"}],"about":[{"href":"https:\/\/vitaminbutiken.com\/en\/wp-json\/wp\/v2\/types\/product"}],"replies":[{"embeddable":true,"href":"https:\/\/vitaminbutiken.com\/en\/wp-json\/wp\/v2\/comments?post=9608"}],"wp:featuredmedia":[{"embeddable":true,"href":"https:\/\/vitaminbutiken.com\/en\/wp-json\/wp\/v2\/media\/9697"}],"wp:attachment":[{"href":"https:\/\/vitaminbutiken.com\/en\/wp-json\/wp\/v2\/media?parent=9608"}],"wp:term":[{"taxonomy":"product_brand","embeddable":true,"href":"https:\/\/vitaminbutiken.com\/en\/wp-json\/wp\/v2\/product_brand?post=9608"},{"taxonomy":"product_cat","embeddable":true,"href":"https:\/\/vitaminbutiken.com\/en\/wp-json\/wp\/v2\/product_cat?post=9608"},{"taxonomy":"product_tag","embeddable":true,"href":"https:\/\/vitaminbutiken.com\/en\/wp-json\/wp\/v2\/product_tag?post=9608"}],"curies":[{"name":"wp","href":"https:\/\/api.w.org\/{rel}","templated":true}]}}