{"id":9607,"date":"2025-03-19T16:03:44","date_gmt":"2025-03-19T14:03:44","guid":{"rendered":"https:\/\/vitaminbutiken.multi.fi\/?post_type=product&#038;p=9607"},"modified":"2026-04-09T10:36:58","modified_gmt":"2026-04-09T08:36:58","slug":"bredspektrum-multi-nutrient","status":"publish","type":"product","link":"https:\/\/vitaminbutiken.com\/en\/produkt\/bredspektrum-multi-nutrient\/","title":{"rendered":"Bredspektrum Multi Nutrient"},"content":{"rendered":"<div class=\"woocommerce-tabs wc-tabs-wrapper\">\n<div id=\"tab-description\" class=\"woocommerce-Tabs-panel woocommerce-Tabs-panel--description panel entry-content wc-tab\" role=\"tabpanel\" aria-labelledby=\"tab-title-description\">\n<p>Bredspektrum Multi Nutrient \u00e4r ett avancerat kosttillskott som ger optimala doser av vitaminer och sp\u00e5r\u00e4mnen. Den bygger p\u00e5 den s.k. bredspektrumprincipen. Denna princip inneb\u00e4r tillf\u00f6rsel av i ett brett spektrum i optimala doser. Bredspektrum Multi Nutrient \u00e4r utvecklad och dokumenterad av professor Per-Arne \u00d6ckerman. Han \u00e4r \u00f6verl\u00e4kare och professor i klinisk kemi.<\/p>\n<p>Man kan skydda sig mot fria radikaler med optimala doser antioxidanter. Effektivaste skydd f\u00e5r man med s\u00e5 m\u00e5nga antioxidanter som m\u00f6jligt i lagom h\u00f6g dosering. Detta kallas f\u00f6r bredspektrumantioxidantterapi.<\/p>\n<\/div>\n<\/div>\n<div class=\"nutrition-declaration\">\n<p>&nbsp;<\/p>\n<p><strong>Dosering:\u00a0<\/strong><span style=\"font-weight: 400;\"> 2 tabletter 2 ggr\/dag. B\u00f6r tas med m\u00e5ltid.<\/span><\/p>\n<table style=\"height: 80px;\" border=\"1\" width=\"600\" cellspacing=\"0\" cellpadding=\"0\">\n<tbody>\n<tr>\n<td style=\"width: 12.4863%;\"><strong>4 tabletter inneh\u00e5ller<\/strong><\/td>\n<td style=\"width: 28.3644%;\"><strong>M\u00e4ngd<\/strong><\/td>\n<td style=\"width: 20.8393%;\"><strong>%DRI*<\/strong><\/td>\n<\/tr>\n<tr>\n<td style=\"width: 12.4863%;\"><span style=\"font-weight: 400;\">Vitamin A<\/span><\/td>\n<td style=\"width: 28.3644%;\"><span style=\"font-weight: 400;\">2400 \u00b5g<\/span><\/td>\n<td style=\"width: 20.8393%;\">300 %<\/td>\n<\/tr>\n<tr>\n<td style=\"width: 12.4863%;\"><span style=\"font-weight: 400;\">Vitamin D <\/span><\/td>\n<td style=\"width: 28.3644%;\">120 <span style=\"font-weight: 400;\">\u00b5g<\/span><\/td>\n<td style=\"width: 20.8393%;\"><span style=\"font-weight: 400;\">2400 %<\/span><\/td>\n<\/tr>\n<tr>\n<td style=\"width: 12.4863%;\"><span style=\"font-weight: 400;\">Vitamin E<\/span><\/td>\n<td style=\"width: 28.3644%;\"><span style=\"font-weight: 400;\">200 mg<\/span><\/td>\n<td style=\"width: 20.8393%;\"><span style=\"font-weight: 400;\">1666 %<\/span><\/td>\n<\/tr>\n<tr>\n<td style=\"width: 12.4863%;\"><span style=\"font-weight: 400;\">Vitamin K<\/span><\/td>\n<td style=\"width: 28.3644%;\"><span style=\"font-weight: 400;\">120 mcg<\/span><\/td>\n<td style=\"width: 20.8393%;\">160 %<\/td>\n<\/tr>\n<tr>\n<td style=\"width: 12.4863%;\"><span style=\"font-weight: 400;\">Tiamin<\/span><\/td>\n<td style=\"width: 28.3644%;\"><span style=\"font-weight: 400;\">25 mg<\/span><\/td>\n<td style=\"width: 20.8393%;\"><span style=\"font-weight: 400;\">2272 %<\/span><\/td>\n<\/tr>\n<tr>\n<td style=\"width: 12.4863%;\"><span style=\"font-weight: 400;\">Riboflavin<\/span><\/td>\n<td style=\"width: 28.3644%;\"><span style=\"font-weight: 400;\">25 mg<\/span><\/td>\n<td style=\"width: 20.8393%;\"><span style=\"font-weight: 400;\">1785 %<\/span><\/td>\n<\/tr>\n<tr>\n<td style=\"width: 12.4863%;\"><span style=\"font-weight: 400;\">Niacin <\/span><\/td>\n<td style=\"width: 28.3644%;\"><span style=\"font-weight: 400;\">50 mg<\/span><\/td>\n<td style=\"width: 20.8393%;\"><span style=\"font-weight: 400;\">312 %<\/span><\/td>\n<\/tr>\n<tr>\n<td style=\"width: 12.4863%;\"><span style=\"font-weight: 400;\">Pantotensyra<\/span><\/td>\n<td style=\"width: 28.3644%;\"><span style=\"font-weight: 400;\">50 mg<\/span><\/td>\n<td style=\"width: 20.8393%;\"><span style=\"font-weight: 400;\">833 %<\/span><\/td>\n<\/tr>\n<tr>\n<td style=\"width: 12.4863%;\"><span style=\"font-weight: 400;\">Vitamin B6<\/span><\/td>\n<td style=\"width: 28.3644%;\">25 mg<\/td>\n<td style=\"width: 20.8393%;\"><span style=\"font-weight: 400;\">1785 %<\/span><\/td>\n<\/tr>\n<tr>\n<td style=\"width: 12.4863%;\"><span style=\"font-weight: 400;\">Folsyra<\/span><\/td>\n<td style=\"width: 28.3644%;\"><span style=\"font-weight: 400;\">400 mcg<\/span><\/td>\n<td style=\"width: 20.8393%;\"><span style=\"font-weight: 400;\"> 200 %<\/span><\/td>\n<\/tr>\n<tr>\n<td style=\"width: 12.4863%;\"><span style=\"font-weight: 400;\">Vitamin B12<\/span><\/td>\n<td style=\"width: 28.3644%;\"><span style=\"font-weight: 400;\">\u00a0500 mcg<\/span><\/td>\n<td style=\"width: 20.8393%;\"><span style=\"font-weight: 400;\">20 000 %<\/span><\/td>\n<\/tr>\n<tr>\n<td style=\"width: 12.4863%;\"><span style=\"font-weight: 400;\">Vitamin C<\/span><\/td>\n<td style=\"width: 28.3644%;\"><span style=\"font-weight: 400;\">500 mg<\/span><\/td>\n<td style=\"width: 20.8393%;\"><span style=\"font-weight: 400;\"> 625 %<\/span><\/td>\n<\/tr>\n<tr>\n<td style=\"width: 12.4863%;\"><span style=\"font-weight: 400;\">Biotin<\/span><\/td>\n<td style=\"width: 28.3644%;\"><span style=\"font-weight: 400;\">600 mcg<\/span><\/td>\n<td style=\"width: 20.8393%;\"><span style=\"font-weight: 400;\">1200 %<\/span><\/td>\n<\/tr>\n<tr>\n<td style=\"width: 12.4863%;\"><span style=\"font-weight: 400;\">Zinc<\/span><\/td>\n<td style=\"width: 28.3644%;\"><span style=\"font-weight: 400;\">60 mg<\/span><\/td>\n<td style=\"width: 20.8393%;\"><span style=\"font-weight: 400;\"> 600 %<\/span><\/td>\n<\/tr>\n<tr>\n<td style=\"width: 12.4863%;\"><span style=\"font-weight: 400;\">Koppar<\/span><\/td>\n<td style=\"width: 28.3644%;\"><span style=\"font-weight: 400;\">1 mg<\/span><\/td>\n<td style=\"width: 20.8393%;\"><span style=\"font-weight: 400;\">100 %<\/span><\/td>\n<\/tr>\n<tr>\n<td style=\"width: 12.4863%;\"><span style=\"font-weight: 400;\">Mangan <\/span><\/td>\n<td style=\"width: 28.3644%;\"><span style=\"font-weight: 400;\">2 mg <\/span><\/td>\n<td style=\"width: 20.8393%;\"><span style=\"font-weight: 400;\">100 %<\/span><\/td>\n<\/tr>\n<tr>\n<td style=\"width: 12.4863%;\"><span style=\"font-weight: 400;\">Selen<\/span><\/td>\n<td style=\"width: 28.3644%;\"><span style=\"font-weight: 400;\">200 \u00b5g<\/span><\/td>\n<td style=\"width: 20.8393%;\"><span style=\"font-weight: 400;\">364 %<\/span><\/td>\n<\/tr>\n<tr>\n<td style=\"width: 12.4863%;\"><span style=\"font-weight: 400;\">Krom<\/span><\/td>\n<td style=\"width: 28.3644%;\"><span style=\"font-weight: 400;\">160 \u00b5g<\/span><\/td>\n<td style=\"width: 20.8393%;\"><span style=\"font-weight: 400;\">400 %<\/span><\/td>\n<\/tr>\n<tr>\n<td style=\"width: 12.4863%;\"><span style=\"font-weight: 400;\">Jod<\/span><\/td>\n<td style=\"width: 28.3644%;\"><span style=\"font-weight: 400;\">60 \u00b5g<\/span><\/td>\n<td style=\"width: 20.8393%;\"><span style=\"font-weight: 400;\"> 40 %<\/span><\/td>\n<\/tr>\n<tr>\n<td style=\"width: 12.4863%;\"><span style=\"font-weight: 400;\">Molybden<\/span><\/td>\n<td style=\"width: 28.3644%;\"><span style=\"font-weight: 400;\">\u00a060 \u00b5g<\/span><\/td>\n<td style=\"width: 20.8393%;\"><span style=\"font-weight: 400;\">120 %<\/span><\/td>\n<\/tr>\n<tr>\n<td style=\"width: 12.4863%;\"><span style=\"font-weight: 400;\">Inositol<\/span><\/td>\n<td style=\"width: 28.3644%;\"><span style=\"font-weight: 400;\">25 mg <\/span><\/td>\n<td style=\"width: 20.8393%;\"><span style=\"font-weight: 400;\">**<\/span><\/td>\n<\/tr>\n<tr>\n<td style=\"width: 12.4863%;\"><span style=\"font-weight: 400;\">PABA <\/span><\/td>\n<td style=\"width: 28.3644%;\"><span style=\"font-weight: 400;\">\u00a025 mg<\/span><\/td>\n<td style=\"width: 20.8393%;\"><span style=\"font-weight: 400;\">**<\/span><\/td>\n<\/tr>\n<tr>\n<td style=\"width: 12.4863%;\"><span style=\"font-weight: 400;\">Lykopen<\/span><\/td>\n<td style=\"width: 28.3644%;\"><span style=\"font-weight: 400;\">1 mg <\/span><\/td>\n<td style=\"width: 20.8393%;\"><span style=\"font-weight: 400;\">**<\/span><\/td>\n<\/tr>\n<tr>\n<td style=\"width: 12.4863%;\"><span style=\"font-weight: 400;\">Kolin <\/span><\/td>\n<td style=\"width: 28.3644%;\"><span style=\"font-weight: 400;\">120 mg <\/span><\/td>\n<td style=\"width: 20.8393%;\"><span style=\"font-weight: 400;\">**<\/span><\/td>\n<\/tr>\n<tr>\n<td style=\"width: 12.4863%;\"><span style=\"font-weight: 400;\">Lutein<\/span><\/td>\n<td style=\"width: 28.3644%;\"><span style=\"font-weight: 400;\">11 mg <\/span><\/td>\n<td style=\"width: 20.8393%;\"><span style=\"font-weight: 400;\">**<\/span><\/td>\n<\/tr>\n<tr>\n<td style=\"width: 12.4863%;\"><span style=\"font-weight: 400;\">Citrusbioflavonoider<\/span><\/td>\n<td style=\"width: 28.3644%;\"><span style=\"font-weight: 400;\">100 mg<\/span><\/td>\n<td style=\"width: 20.8393%;\"><span style=\"font-weight: 400;\">**<\/span><\/td>\n<\/tr>\n<tr>\n<td style=\"width: 12.4863%;\"><span style=\"font-weight: 400;\">Q10<\/span><\/td>\n<td style=\"width: 28.3644%;\"><span style=\"font-weight: 400;\">25 mg<\/span><\/td>\n<td style=\"width: 20.8393%;\"><span style=\"font-weight: 400;\">**<\/span><\/td>\n<\/tr>\n<\/tbody>\n<\/table>\n<p><strong>*DRI \u00e4r dagligt referensintag. ** DRI ej fastst\u00e4llt.<\/strong><\/p>\n<p><b>Ingredienser:<\/b><span style=\"font-weight: 400;\"> L-askorbinsyra, fyllnadsmedel (mikrokristallinsk cellulosa), stabiliseringsmedel (tv\u00e4rbunden natriumkarboximetylcellulosa), fyllnadsmedel (Di-kalciumfosfat), vitamin E (alfatokoferol), kolinbitartrat, zinksulfat, fyllnadsmedel (stearinsyra), citrusbioflavonoider, lutein, pantotensyra, niacin, vitamin B12, selenmetionin, klumpf\u00f6rebyggande medel (magnesiumsalter av fettsyror), tiamin, vitamin B6, co-enzym Q10, inositol, PABA, riboflavin, vitamin A, vitamin D3, lykopen, vitamin K2, kopparglukonat, mangansulfat, vitamin K1, krompikolinat, biotin, natriummolybdat, kaliumjodid.<\/span><\/p>\n<p><strong>OBS!<\/strong> Den \u00f6vre gr\u00e4nsen f\u00f6r s\u00e4kert dagligt intag av vitamin B6 \u00e4r 12 mg. M\u00e4ngden vitamin B6 i dygnsdosen som f\u00e5s fr\u00e5n denna produkt (25 mg) \u00f6verskrider denna m\u00e4ngd. Inte f\u00f6r l\u00e5ngvarigt bruk.<\/p>\n<p><span style=\"font-weight: 400;\">Rekommenderad daglig dos b\u00f6r ej \u00f6verskridas.<br \/>\nKosttillskott ers\u00e4tter inte en varierad kost.<br \/>\nProdukten f\u00f6rvaras o\u00e5tkomligt f\u00f6r sm\u00e5 barn.<\/span><\/p>\n<\/div>\n","protected":false},"excerpt":{"rendered":"<p>Bredspektrum Multi Nutrient \u00e4r en h\u00f6gkvalitativ kosttillskott som \u00e4r utformat f\u00f6r att ge en omfattande n\u00e4ringsprofil. Produkten \u00e4r speciellt framtagen f\u00f6r att st\u00f6dja en h\u00e4lsosam livsstil och kan bidra till att t\u00e4cka n\u00e4ringsbehoven hos m\u00e4nniskor som k\u00f6per den. Genom att inkludera en m\u00e5ngsidig blandning av essentiella n\u00e4rings\u00e4mnen kan anv\u00e4ndare uppleva en f\u00f6rb\u00e4ttrad allm\u00e4n h\u00e4lsa och v\u00e4lbefinnande. Bredspektrum Multi Nutrient \u00e4r ett avancerat kosttillskott som ger optimala doser av vitaminer och sp\u00e5r\u00e4mnen.<\/p>\n<p><strong>120 tabletter<\/strong><\/p>\n<p>&nbsp;<\/p>\n","protected":false},"featured_media":500103488,"comment_status":"open","ping_status":"closed","template":"","meta":{"_kad_blocks_custom_css":"","_kad_blocks_head_custom_js":"","_kad_blocks_body_custom_js":"","_kad_blocks_footer_custom_js":"","_kadence_starter_templates_imported_post":false,"_kad_post_transparent":"default","_kad_post_title":"","_kad_post_layout":"default","_kad_post_sidebar_id":"","_kad_post_content_style":"default","_kad_post_vertical_padding":"default","_kad_post_feature":"","_kad_post_feature_position":"","_kad_post_header":false,"_kad_post_footer":false,"_kad_post_classname":""},"product_brand":[],"product_cat":[176,2704,2822,2821,2806,155],"product_tag":[1104,454,673,692,477,1198,1199,1200,1025,441,1201,925,1202,1203,710,1096,486,487,1204,866,552,287,1129,494,1130,497,1205,499,500,369,347,1137,173,1206,1207,1208,1209,1210,1211,235,563,343],"class_list":{"0":"post-9607","1":"product","2":"type-product","3":"status-publish","4":"has-post-thumbnail","6":"product_cat-immunforsvar","7":"product_cat-multi-nutrient","8":"product_cat-multi-produkter","9":"product_cat-multi-mineral","10":"product_cat-multi-vitamin","11":"product_cat-vitaminer","12":"product_tag-alfalfa","13":"product_tag-amalgamskada","14":"product_tag-b-vitaminer","15":"product_tag-betakaroten","16":"product_tag-biotin","17":"product_tag-bredspektrum-antioxidanter","18":"product_tag-bredspektrumantioxidantterapi","19":"product_tag-degenerativa-tillstand","20":"product_tag-eloverkanslighet","21":"product_tag-folsyra","22":"product_tag-fri-radikal-belastning","23":"product_tag-fria-radikaler","24":"product_tag-gront-te","25":"product_tag-gula-flacken","26":"product_tag-inositol","27":"product_tag-jod","28":"product_tag-kalcium","29":"product_tag-kalium","30":"product_tag-kolin","31":"product_tag-krom","32":"product_tag-lutein","33":"product_tag-magnesium","34":"product_tag-mangan","35":"product_tag-mineraler","36":"product_tag-molybden","37":"product_tag-niacin","38":"product_tag-oxidativa-stress","39":"product_tag-paba","40":"product_tag-pantotensyra","41":"product_tag-riboflavin","42":"product_tag-selen","43":"product_tag-tiamin","44":"product_tag-utmattningstrotthet","45":"product_tag-vetegras","46":"product_tag-vitamin-b12","47":"product_tag-vitamin-b6","48":"product_tag-vitamin-c","49":"product_tag-vitamin-d","50":"product_tag-vitamin-e","51":"product_tag-vitaminer","52":"product_tag-zeaxanthin","53":"product_tag-zink","55":"first","56":"instock","57":"taxable","58":"shipping-taxable","59":"purchasable","60":"product-type-simple","61":"entry","62":"content-bg","63":"loop-entry"},"taxonomy_info":{"product_cat":[{"value":176,"label":"Immunf\u00f6rsvar"},{"value":2704,"label":"Multi Nutrient"},{"value":2822,"label":"Multi produkter"},{"value":2821,"label":"Multi-mineral"},{"value":2806,"label":"Multi-vitamin"},{"value":155,"label":"Vitaminer"}],"product_tag":[{"value":1104,"label":"Alfalfa"},{"value":454,"label":"Amalgamskada"},{"value":673,"label":"b-vitaminer"},{"value":692,"label":"betakaroten"},{"value":477,"label":"Biotin"},{"value":1198,"label":"bredspektrum antioxidanter"},{"value":1199,"label":"bredspektrumantioxidantterapi"},{"value":1200,"label":"degenerativa tillst\u00e5nd"},{"value":1025,"label":"el\u00f6verk\u00e4nslighet"},{"value":441,"label":"folsyra"},{"value":1201,"label":"fri radikal belastning"},{"value":925,"label":"fria radikaler"},{"value":1202,"label":"Gr\u00f6nt te"},{"value":1203,"label":"Gula fl\u00e4cken"},{"value":710,"label":"inositol"},{"value":1096,"label":"Jod"},{"value":486,"label":"Kalcium"},{"value":487,"label":"Kalium"},{"value":1204,"label":"Kolin"},{"value":866,"label":"Krom"},{"value":552,"label":"Lutein"},{"value":287,"label":"magnesium"},{"value":1129,"label":"Mangan"},{"value":494,"label":"Mineraler"},{"value":1130,"label":"Molybden"},{"value":497,"label":"Niacin"},{"value":1205,"label":"oxidativa stress"},{"value":499,"label":"PABA"},{"value":500,"label":"Pantotensyra"},{"value":369,"label":"riboflavin"},{"value":347,"label":"Selen"},{"value":1137,"label":"Tiamin"},{"value":173,"label":"utmattningstr\u00f6tthet"},{"value":1206,"label":"Vetegr\u00e4s"},{"value":1207,"label":"Vitamin B12"},{"value":1208,"label":"vitamin B6"},{"value":1209,"label":"Vitamin C"},{"value":1210,"label":"vitamin d"},{"value":1211,"label":"Vitamin E"},{"value":235,"label":"vitaminer"},{"value":563,"label":"Zeaxanthin"},{"value":343,"label":"Zink"}]},"featured_image_src_large":["https:\/\/vitaminbutiken.com\/wp-content\/uploads\/2025\/03\/Multi-Nutrient-Photoroom-e1769599557522-883x700.png",883,700,true],"author_info":[],"comment_info":0,"_links":{"self":[{"href":"https:\/\/vitaminbutiken.com\/en\/wp-json\/wp\/v2\/product\/9607","targetHints":{"allow":["GET"]}}],"collection":[{"href":"https:\/\/vitaminbutiken.com\/en\/wp-json\/wp\/v2\/product"}],"about":[{"href":"https:\/\/vitaminbutiken.com\/en\/wp-json\/wp\/v2\/types\/product"}],"replies":[{"embeddable":true,"href":"https:\/\/vitaminbutiken.com\/en\/wp-json\/wp\/v2\/comments?post=9607"}],"wp:featuredmedia":[{"embeddable":true,"href":"https:\/\/vitaminbutiken.com\/en\/wp-json\/wp\/v2\/media\/500103488"}],"wp:attachment":[{"href":"https:\/\/vitaminbutiken.com\/en\/wp-json\/wp\/v2\/media?parent=9607"}],"wp:term":[{"taxonomy":"product_brand","embeddable":true,"href":"https:\/\/vitaminbutiken.com\/en\/wp-json\/wp\/v2\/product_brand?post=9607"},{"taxonomy":"product_cat","embeddable":true,"href":"https:\/\/vitaminbutiken.com\/en\/wp-json\/wp\/v2\/product_cat?post=9607"},{"taxonomy":"product_tag","embeddable":true,"href":"https:\/\/vitaminbutiken.com\/en\/wp-json\/wp\/v2\/product_tag?post=9607"}],"curies":[{"name":"wp","href":"https:\/\/api.w.org\/{rel}","templated":true}]}}