{"id":9606,"date":"2025-03-19T16:03:44","date_gmt":"2025-03-19T14:03:44","guid":{"rendered":"https:\/\/vitaminbutiken.multi.fi\/?post_type=product&#038;p=9606"},"modified":"2026-04-10T11:35:38","modified_gmt":"2026-04-10T09:35:38","slug":"q10-enkelmedel","status":"publish","type":"product","link":"https:\/\/vitaminbutiken.com\/en\/produkt\/q10-enkelmedel\/","title":{"rendered":"Q10 Coenzym, enkelmedel"},"content":{"rendered":"<p><strong>Q10 enkelmedel,<\/strong> Coenzym \u00e4r ett aktivt enzym som f\u00f6rekommer \u00f6ver allt i naturen. Hos m\u00e4nniskan finns den i alla kroppsv\u00e4vnader, men fram f\u00f6r allt i hj\u00e4rtat, levern och immunsystemet. Den tillverkas i kroppen fr\u00e5n aminosyran tyrosin med inverkan av vitaminerna B1, B6, Folsyra och E. Emellertid avtar egenproduktionen med \u00e5ldern varf\u00f6r \u00e4ldre kan m\u00e5 bra av att ta extra tillskott av Q10. En av de viktigaste funktionerna hos Q10 \u00e4r dess avg\u00f6rande roll i den mitokondriella energiproduktionen i cellerna.<\/p>\n<p><span style=\"font-weight: 400;\"><strong>Dosering:<\/strong> 1 tablett 2 g\u00e5nger per dag.<\/span><\/p>\n<table style=\"height: 80px;\" border=\"1\" width=\"600\" cellspacing=\"0\" cellpadding=\"0\">\n<tbody>\n<tr>\n<td style=\"width: 4.91282%;\"><strong>2 tabletter inneh\u00e5ller<\/strong><\/td>\n<td style=\"width: 9.1362%;\"><strong>M\u00e4ngd<\/strong><\/td>\n<td style=\"width: 9.1362%;\"><strong>%DRI*<\/strong><\/td>\n<\/tr>\n<tr>\n<td style=\"width: 4.91282%;\"><span style=\"font-weight: 400;\">Q10<\/span><\/td>\n<td style=\"width: 9.1362%;\"><span style=\"font-weight: 400;\">100 mg*<\/span><\/td>\n<td style=\"width: 9.1362%;\"><strong>**<\/strong><\/td>\n<\/tr>\n<\/tbody>\n<\/table>\n<p><strong>*DRI (dagligt referensintag) ej fastst\u00e4llt.<\/strong><\/p>\n<p><span style=\"font-weight: 400;\"><strong>Ingredienser:<\/strong> Fyllnadsmedel (dikalciumfosfat, mikrokristallin cellulosa), Q10 (ubikinon), stabiliseringsmedel (tv\u00e4rbunden natriumkarboximetylcellulosa), sm\u00f6rjmedel (magnesiumsalter av fettsyror).<\/span><\/p>\n<p><span style=\"font-weight: 400;\">Rekommenderad daglig dos b\u00f6r ej \u00f6verskridas.<br \/>\nKosttillskott ers\u00e4tter inte en varierad kost.<br \/>\nProdukten f\u00f6rvaras o\u00e5tkomligt f\u00f6r sm\u00e5 barn.<\/span><\/p>\n","protected":false},"excerpt":{"rendered":"<p>En av de viktigaste funktionerna hos Q10 \u00e4r dess avg\u00f6rande roll i den mitokondriella energiproduktionen i cellerna.<\/p>\n<p><strong>60 tabletter<\/strong><\/p>\n<p>&nbsp;<\/p>\n","protected":false},"featured_media":500103802,"comment_status":"open","ping_status":"closed","template":"","meta":{"_kad_blocks_custom_css":"","_kad_blocks_head_custom_js":"","_kad_blocks_body_custom_js":"","_kad_blocks_footer_custom_js":"","_kadence_starter_templates_imported_post":false,"_kad_post_transparent":"default","_kad_post_title":"","_kad_post_layout":"default","_kad_post_sidebar_id":"","_kad_post_content_style":"default","_kad_post_vertical_padding":"default","_kad_post_feature":"","_kad_post_feature_position":"","_kad_post_header":false,"_kad_post_footer":false,"_kad_post_classname":""},"product_brand":[],"product_cat":[1293,176,277,1393,278,155],"product_tag":[267,205,268,269,248,187,270,253,271,190,255,221,272,194,273,1197,229,274,275,276,234,235],"class_list":{"0":"post-9606","1":"product","2":"type-product","3":"status-publish","4":"has-post-thumbnail","6":"product_cat-evp-nutrition","7":"product_cat-immunforsvar","8":"product_cat-muskler-och-leder","9":"product_cat-ovriga-kosttillskott","10":"product_cat-traning","11":"product_cat-vitaminer","12":"product_tag-alzheimers-sjukdom","13":"product_tag-antioxidant","14":"product_tag-arytmi","15":"product_tag-hjart-och-karlsjukdomar","16":"product_tag-hjartsvikt","17":"product_tag-hogt-blodtryck","18":"product_tag-karlkramp","19":"product_tag-kronisk-trotthet","20":"product_tag-manlig-infertilitet","21":"product_tag-migran","22":"product_tag-muskelsvaghet","23":"product_tag-naturtillskott","24":"product_tag-nedsatt-immunforsvar","25":"product_tag-parkinsons-sjukdom","26":"product_tag-q10","27":"product_tag-q10-enkelmedel","28":"product_tag-starka-immunforsvar","29":"product_tag-syrebrist-i-hjarnan","30":"product_tag-syrebrist-i-tarmvavnader","31":"product_tag-tandlossning","32":"product_tag-vitamin","33":"product_tag-vitaminer","35":"first","36":"instock","37":"taxable","38":"shipping-taxable","39":"purchasable","40":"product-type-simple","41":"entry","42":"content-bg","43":"loop-entry"},"taxonomy_info":{"product_cat":[{"value":1293,"label":"EVP Nutrition"},{"value":176,"label":"Immunf\u00f6rsvar"},{"value":277,"label":"Muskler &amp; Leder"},{"value":1393,"label":"\u00d6vriga kosttillskott"},{"value":278,"label":"Tr\u00e4ning"},{"value":155,"label":"Vitaminer"}],"product_tag":[{"value":267,"label":"alzheimers sjukdom"},{"value":205,"label":"antioxidant"},{"value":268,"label":"arytmi"},{"value":269,"label":"hj\u00e4rt- och k\u00e4rlsjukdomar"},{"value":248,"label":"hj\u00e4rtsvikt"},{"value":187,"label":"h\u00f6gt blodtryck"},{"value":270,"label":"k\u00e4rlkramp"},{"value":253,"label":"kronisk tr\u00f6tthet"},{"value":271,"label":"manlig infertilitet"},{"value":190,"label":"migr\u00e4n"},{"value":255,"label":"muskelsvaghet"},{"value":221,"label":"naturtillskott"},{"value":272,"label":"nedsatt immunf\u00f6rsvar"},{"value":194,"label":"parkinsons sjukdom"},{"value":273,"label":"q10"},{"value":1197,"label":"q10 enkelmedel"},{"value":229,"label":"st\u00e4rka immunf\u00f6rsvar"},{"value":274,"label":"syrebrist i hj\u00e4rnan"},{"value":275,"label":"syrebrist i tarmv\u00e4vnader"},{"value":276,"label":"tandlossning"},{"value":234,"label":"vitamin"},{"value":235,"label":"vitaminer"}]},"featured_image_src_large":["https:\/\/vitaminbutiken.com\/wp-content\/uploads\/2025\/03\/204-Q10-enkelmedel-Photoroom-e1771327791257-687x700.png",687,700,true],"author_info":[],"comment_info":0,"_links":{"self":[{"href":"https:\/\/vitaminbutiken.com\/en\/wp-json\/wp\/v2\/product\/9606","targetHints":{"allow":["GET"]}}],"collection":[{"href":"https:\/\/vitaminbutiken.com\/en\/wp-json\/wp\/v2\/product"}],"about":[{"href":"https:\/\/vitaminbutiken.com\/en\/wp-json\/wp\/v2\/types\/product"}],"replies":[{"embeddable":true,"href":"https:\/\/vitaminbutiken.com\/en\/wp-json\/wp\/v2\/comments?post=9606"}],"wp:featuredmedia":[{"embeddable":true,"href":"https:\/\/vitaminbutiken.com\/en\/wp-json\/wp\/v2\/media\/500103802"}],"wp:attachment":[{"href":"https:\/\/vitaminbutiken.com\/en\/wp-json\/wp\/v2\/media?parent=9606"}],"wp:term":[{"taxonomy":"product_brand","embeddable":true,"href":"https:\/\/vitaminbutiken.com\/en\/wp-json\/wp\/v2\/product_brand?post=9606"},{"taxonomy":"product_cat","embeddable":true,"href":"https:\/\/vitaminbutiken.com\/en\/wp-json\/wp\/v2\/product_cat?post=9606"},{"taxonomy":"product_tag","embeddable":true,"href":"https:\/\/vitaminbutiken.com\/en\/wp-json\/wp\/v2\/product_tag?post=9606"}],"curies":[{"name":"wp","href":"https:\/\/api.w.org\/{rel}","templated":true}]}}