{"id":9605,"date":"2025-03-19T16:03:43","date_gmt":"2025-03-19T14:03:43","guid":{"rendered":"https:\/\/vitaminbutiken.multi.fi\/?post_type=product&#038;p=9605"},"modified":"2026-04-10T07:25:11","modified_gmt":"2026-04-10T05:25:11","slug":"l-taurin","status":"publish","type":"product","link":"https:\/\/vitaminbutiken.com\/en\/produkt\/l-taurin\/","title":{"rendered":"L-Taurin"},"content":{"rendered":"<p>Taurin \u00e4r en organisk syra (ett derivat av aminosyran cystein) som hos m\u00e4nniskor bildas i kroppen. Taurin \u00e4r inblandat i en m\u00e4ngd funktioner i kroppen. Brist p\u00e5 taurin hos m\u00e4nniskor kan till exempel visa sig som hj\u00e4rtklappning och p\u00e5verkar ocks\u00e5 leverfunktionen.<\/p>\n<p data-start=\"308\" data-end=\"629\">Den f\u00f6rekommer naturligt i kroppen och \u00e5terfinns \u00e4ven i olika animaliska livsmedel. Inom n\u00e4ringsl\u00e4ra har L-taurin en egen roll och anv\u00e4nds d\u00e4rf\u00f6r ofta som en separat ingrediens i kosttillskott.<\/p>\n<p data-start=\"631\" data-end=\"949\">Som kosttillskott anv\u00e4nds L-taurin f\u00f6r att komplettera kosten med ett specifikt och tydligt definierat inneh\u00e5ll. F\u00f6r vissa kan ett tillskott vara ett praktiskt s\u00e4tt att s\u00e4kerst\u00e4lla ett j\u00e4mnt intag, s\u00e4rskilt om kostvanorna varierar. Produkten \u00e4r framtagen f\u00f6r daglig anv\u00e4ndning och kan enkelt ing\u00e5 i en etablerad rutin.<\/p>\n<p data-start=\"951\" data-end=\"1185\">Denna L-taurinprodukt \u00e4r utvecklad med fokus p\u00e5 h\u00f6g kvalitet och god renhet. Inneh\u00e5llet \u00e4r noggrant kontrollerat och fritt fr\u00e5n on\u00f6diga tillsatser, vilket g\u00f6r produkten l\u00e4tt att anv\u00e4nda och enkel att kombinera med andra kosttillskott.<\/p>\n<p><strong>Dosering:\u00a0<\/strong>2 kapslar per dag.<\/p>\n<table style=\"height: 80px;\" border=\"1\" width=\"600\" cellspacing=\"0\" cellpadding=\"0\">\n<tbody>\n<tr>\n<td style=\"width: 15.5858%;\"><strong>2 kapslar inneh\u00e5ller:<\/strong><\/td>\n<td style=\"width: 2.12974%;\"><strong>M\u00e4ngd<\/strong><\/td>\n<td style=\"width: 2.12974%;\"><strong>%DRI*<\/strong><\/td>\n<\/tr>\n<tr>\n<td style=\"width: 15.5858%;\">L-Taurin<\/td>\n<td style=\"width: 2.12974%;\">1 000 mg<\/td>\n<td style=\"width: 2.12974%;\"><strong>**<\/strong><\/td>\n<\/tr>\n<tr>\n<td style=\"width: 15.5858%;\">Vitamin B6<\/td>\n<td style=\"width: 2.12974%;\">4 mg<\/td>\n<td style=\"width: 2.12974%;\">285 %<\/td>\n<\/tr>\n<\/tbody>\n<\/table>\n<p>*DRI \u00e4r dagligt referensintag. **DRI ej fastst\u00e4llt.<\/p>\n<p><strong>Ingredienser:<\/strong> L-Taurin, vitamin B6 (pyridoxin HCI), kapsel (hydroxipropylmetylcellulosa).<\/p>\n<p>Rekommenderad daglig dos b\u00f6r ej \u00f6verskridas.<br \/>\nKosttillskott ers\u00e4tter inte en varierad kost.<br \/>\nProdukter f\u00f6rvaras o\u00e5tkomligt f\u00f6r sm\u00e5barn.<\/p>\n<p data-start=\"951\" data-end=\"1185\">\n","protected":false},"excerpt":{"rendered":"<p>M\u00e5nga personer som tar L-Taurin kan uppleva en \u00f6kad energiniv\u00e5 och f\u00f6rb\u00e4ttrad fokus.\u00a0 Detta kosttillskott \u00e4r ett enkelt s\u00e4tt att komplettera det dagliga n\u00e4ringsintaget med L-taurin. Ett tydligt val f\u00f6r dig som v\u00e4rdes\u00e4tter renhet och kvalitet.<\/p>\n<p><strong>60 kapslar<\/strong><\/p>\n<p>&nbsp;<\/p>\n","protected":false},"featured_media":500103817,"comment_status":"open","ping_status":"closed","template":"","meta":{"_kad_blocks_custom_css":"","_kad_blocks_head_custom_js":"","_kad_blocks_body_custom_js":"","_kad_blocks_footer_custom_js":"","_kadence_starter_templates_imported_post":false,"_kad_post_transparent":"default","_kad_post_title":"","_kad_post_layout":"default","_kad_post_sidebar_id":"","_kad_post_content_style":"default","_kad_post_vertical_padding":"default","_kad_post_feature":"","_kad_post_feature_position":"","_kad_post_header":false,"_kad_post_footer":false,"_kad_post_classname":""},"product_brand":[],"product_cat":[337,1307],"product_tag":[1196],"class_list":{"0":"post-9605","1":"product","2":"type-product","3":"status-publish","4":"has-post-thumbnail","6":"product_cat-aminosyror","7":"product_cat-synergos","8":"product_tag-l-taurin","10":"first","11":"instock","12":"taxable","13":"shipping-taxable","14":"purchasable","15":"product-type-simple","16":"entry","17":"content-bg","18":"loop-entry"},"taxonomy_info":{"product_cat":[{"value":337,"label":"Aminosyror"},{"value":1307,"label":"Synergos"}],"product_tag":[{"value":1196,"label":"L-Taurin"}]},"featured_image_src_large":["https:\/\/vitaminbutiken.com\/wp-content\/uploads\/2025\/03\/326-L-Taurin-Photoroom-e1771398727140-673x700.png",673,700,true],"author_info":[],"comment_info":0,"_links":{"self":[{"href":"https:\/\/vitaminbutiken.com\/en\/wp-json\/wp\/v2\/product\/9605","targetHints":{"allow":["GET"]}}],"collection":[{"href":"https:\/\/vitaminbutiken.com\/en\/wp-json\/wp\/v2\/product"}],"about":[{"href":"https:\/\/vitaminbutiken.com\/en\/wp-json\/wp\/v2\/types\/product"}],"replies":[{"embeddable":true,"href":"https:\/\/vitaminbutiken.com\/en\/wp-json\/wp\/v2\/comments?post=9605"}],"wp:featuredmedia":[{"embeddable":true,"href":"https:\/\/vitaminbutiken.com\/en\/wp-json\/wp\/v2\/media\/500103817"}],"wp:attachment":[{"href":"https:\/\/vitaminbutiken.com\/en\/wp-json\/wp\/v2\/media?parent=9605"}],"wp:term":[{"taxonomy":"product_brand","embeddable":true,"href":"https:\/\/vitaminbutiken.com\/en\/wp-json\/wp\/v2\/product_brand?post=9605"},{"taxonomy":"product_cat","embeddable":true,"href":"https:\/\/vitaminbutiken.com\/en\/wp-json\/wp\/v2\/product_cat?post=9605"},{"taxonomy":"product_tag","embeddable":true,"href":"https:\/\/vitaminbutiken.com\/en\/wp-json\/wp\/v2\/product_tag?post=9605"}],"curies":[{"name":"wp","href":"https:\/\/api.w.org\/{rel}","templated":true}]}}