{"id":9604,"date":"2025-03-19T16:03:43","date_gmt":"2025-03-19T14:03:43","guid":{"rendered":"https:\/\/vitaminbutiken.multi.fi\/?post_type=product&#038;p=9604"},"modified":"2026-04-09T11:01:45","modified_gmt":"2026-04-09T09:01:45","slug":"bio-l-karnitin","status":"publish","type":"product","link":"https:\/\/vitaminbutiken.com\/en\/produkt\/bio-l-karnitin\/","title":{"rendered":"L-Karnitin BIO, kapslar"},"content":{"rendered":"<p>L-Karnitin \u00e4r en ammoniumf\u00f6rening som biosyntetiseras fr\u00e5n aminosyrorna lysin och metionin. I cellerna kr\u00e4vs det f\u00f6r transport av fettsyror i mitokondrierna och f\u00f6r generering av metabolisk energi.<\/p>\n<p><strong>Dosering:\u00a0<\/strong>2 kapslar per dag.<\/p>\n<table style=\"height: 80px;\" border=\"1\" width=\"600\" cellspacing=\"0\" cellpadding=\"0\">\n<tbody>\n<tr>\n<td style=\"width: 12.2791%;\"><strong>2 kapslar inneh\u00e5ller:<\/strong><\/td>\n<td style=\"width: 6.59274%;\"><strong>M\u00e4ngd<\/strong><\/td>\n<td style=\"width: 6.59274%;\"><strong>%DRI*<\/strong><\/td>\n<\/tr>\n<tr>\n<td style=\"width: 12.2791%;\">L-karnitin<\/td>\n<td style=\"width: 6.59274%;\">1 000 mg<\/td>\n<td style=\"width: 6.59274%;\"><strong>**<\/strong><\/td>\n<\/tr>\n<tr>\n<td style=\"width: 12.2791%;\">Vitamin B6<\/td>\n<td style=\"width: 6.59274%;\">4 mg<\/td>\n<td style=\"width: 6.59274%;\"><strong>284 %<\/strong><\/td>\n<\/tr>\n<\/tbody>\n<\/table>\n<p><strong>*DRI \u00e4rdagligt referensintag. **DRI ej fastst\u00e4llt.<\/strong><\/p>\n<p><strong>Ingredienser:<\/strong> N-Acetyl L-karnitin, vitamin B6, kapsel (hydroxipropylmetylcellulosa).<\/p>\n<p>Rekommenderad daglig dos b\u00f6r ej \u00f6verskridas.<br \/>\nKosttillskott ers\u00e4tter inte en varierad kost.<br \/>\nProdukter f\u00f6rvaras o\u00e5tkomligt f\u00f6r sm\u00e5barn.<\/p>\n","protected":false},"excerpt":{"rendered":"<p>Varje kapsel ger 500 mg L-karnitin fr\u00e5n N-Acetyl L-Karnitin och 2 mg vitamin B6 f\u00f6r att biotillg\u00e4ngligheten.<\/p>\n<p><strong>60 kapslar<\/strong><\/p>\n<p>&nbsp;<\/p>\n","protected":false},"featured_media":500103652,"comment_status":"open","ping_status":"closed","template":"","meta":{"_kad_blocks_custom_css":"","_kad_blocks_head_custom_js":"","_kad_blocks_body_custom_js":"","_kad_blocks_footer_custom_js":"","_kadence_starter_templates_imported_post":false,"_kad_post_transparent":"default","_kad_post_title":"","_kad_post_layout":"default","_kad_post_sidebar_id":"","_kad_post_content_style":"default","_kad_post_vertical_padding":"default","_kad_post_feature":"","_kad_post_feature_position":"","_kad_post_header":false,"_kad_post_footer":false,"_kad_post_classname":""},"product_brand":[],"product_cat":[337,176,1307],"product_tag":[1195],"class_list":{"0":"post-9604","1":"product","2":"type-product","3":"status-publish","4":"has-post-thumbnail","6":"product_cat-aminosyror","7":"product_cat-immunforsvar","8":"product_cat-synergos","9":"product_tag-bio-l-karnitin","11":"first","12":"instock","13":"taxable","14":"shipping-taxable","15":"purchasable","16":"product-type-simple","17":"entry","18":"content-bg","19":"loop-entry"},"taxonomy_info":{"product_cat":[{"value":337,"label":"Aminosyror"},{"value":176,"label":"Immunf\u00f6rsvar"},{"value":1307,"label":"Synergos"}],"product_tag":[{"value":1195,"label":"Bio L-Karnitin"}]},"featured_image_src_large":["https:\/\/vitaminbutiken.com\/wp-content\/uploads\/2025\/03\/311-Bio-L-Karnitin-Photoroom-e1770635654522-723x700.png",723,700,true],"author_info":[],"comment_info":0,"_links":{"self":[{"href":"https:\/\/vitaminbutiken.com\/en\/wp-json\/wp\/v2\/product\/9604","targetHints":{"allow":["GET"]}}],"collection":[{"href":"https:\/\/vitaminbutiken.com\/en\/wp-json\/wp\/v2\/product"}],"about":[{"href":"https:\/\/vitaminbutiken.com\/en\/wp-json\/wp\/v2\/types\/product"}],"replies":[{"embeddable":true,"href":"https:\/\/vitaminbutiken.com\/en\/wp-json\/wp\/v2\/comments?post=9604"}],"wp:featuredmedia":[{"embeddable":true,"href":"https:\/\/vitaminbutiken.com\/en\/wp-json\/wp\/v2\/media\/500103652"}],"wp:attachment":[{"href":"https:\/\/vitaminbutiken.com\/en\/wp-json\/wp\/v2\/media?parent=9604"}],"wp:term":[{"taxonomy":"product_brand","embeddable":true,"href":"https:\/\/vitaminbutiken.com\/en\/wp-json\/wp\/v2\/product_brand?post=9604"},{"taxonomy":"product_cat","embeddable":true,"href":"https:\/\/vitaminbutiken.com\/en\/wp-json\/wp\/v2\/product_cat?post=9604"},{"taxonomy":"product_tag","embeddable":true,"href":"https:\/\/vitaminbutiken.com\/en\/wp-json\/wp\/v2\/product_tag?post=9604"}],"curies":[{"name":"wp","href":"https:\/\/api.w.org\/{rel}","templated":true}]}}