{"id":9593,"date":"2025-03-19T16:03:16","date_gmt":"2025-03-19T14:03:16","guid":{"rendered":"https:\/\/vitaminbutiken.multi.fi\/?post_type=product&#038;p=9593"},"modified":"2026-04-08T18:37:52","modified_gmt":"2026-04-08T16:37:52","slug":"l-tyrosin","status":"publish","type":"product","link":"https:\/\/vitaminbutiken.com\/en\/produkt\/l-tyrosin\/","title":{"rendered":"L-Tyrosin &#038; B6"},"content":{"rendered":"<p data-start=\"290\" data-end=\"649\">L-tyrosin \u00e4r en aminosyra som kroppen normalt kan bilda sj\u00e4lv, men som \u00e4ven tillf\u00f6rs via kosten, fr\u00e4mst fr\u00e5n proteinrika livsmedel. Aminosyror \u00e4r grundl\u00e4ggande best\u00e5ndsdelar i protein och ing\u00e5r naturligt i kroppens olika processer. Som kosttillskott anv\u00e4nds L-tyrosin ofta f\u00f6r att komplettera ett befintligt intag av aminosyror.<\/p>\n<p data-start=\"651\" data-end=\"988\">Detta L-tyrosintillskott \u00e4r framtaget med fokus p\u00e5 renhet och kvalitet. Produkten inneh\u00e5ller ett noggrant kontrollerat inneh\u00e5ll utan on\u00f6diga tillsatser och \u00e4r anpassad f\u00f6r daglig anv\u00e4ndning.<\/p>\n<div class=\"nutrition-declaration\">\n<p><strong>N\u00e4ringsdeklaration<\/strong><\/p>\n<p><strong>Dosering:\u00a0<\/strong>2 kapslar per dag. Dosering b\u00f6r uppdelas i tv\u00e5 intag, morgon och kv\u00e4ll.<\/p>\n<table style=\"height: 80px;\" border=\"1\" width=\"600\" cellspacing=\"0\" cellpadding=\"0\">\n<tbody>\n<tr>\n<td style=\"width: 27.1909%;\"><strong>2 kapslar inneh\u00e5ller:<\/strong><\/td>\n<td style=\"width: 9.13367%;\"><strong>M\u00e4ngd<\/strong><\/td>\n<td style=\"width: 9.13367%;\"><strong>%DRI*<\/strong><\/td>\n<\/tr>\n<tr>\n<td style=\"width: 27.1909%;\">L-Tyrosin<\/td>\n<td style=\"width: 9.13367%;\">1 000 mg<\/td>\n<td style=\"width: 9.13367%;\"><b>**<\/b><\/td>\n<\/tr>\n<tr>\n<td style=\"width: 27.1909%;\">vitamin B6<\/td>\n<td style=\"width: 9.13367%;\">4 mg<\/td>\n<td style=\"width: 9.13367%;\">284 %<\/td>\n<\/tr>\n<\/tbody>\n<\/table>\n<p><strong>**DRI \u00e4r dagligt referensintag. **DRI ej fastst\u00e4llt.<\/strong><\/p>\n<p><strong>Ingredienser:<\/strong> L-Tyrosin, kapsel (hydroksipropylmetylcellulosa), vitamin B6 (pyridoksinhydroklorid).<\/p>\n<p>Rekommenderad daglig dos b\u00f6r ej \u00f6verskridas.<br \/>\nKosttillskott ers\u00e4tter inte en varierad kost.<br \/>\nProdukter f\u00f6rvaras o\u00e5tkomligt f\u00f6r sm\u00e5barn.<\/p>\n<\/div>\n","protected":false},"excerpt":{"rendered":"<p>L-tyrosin \u00e4r en icke-essentiell aminosyra som f\u00f6rekommer naturligt i kroppen och i proteinrik kost. Detta kosttillskott \u00e4r ett smidigt s\u00e4tt att komplettera det dagliga aminosyraintaget. Ett enkelt val f\u00f6r dig som vill ha en ren produkt med tydligt inneh\u00e5ll.<\/p>\n<p><strong>120 kapslar<\/strong><\/p>\n<p>&nbsp;<\/p>\n","protected":false},"featured_media":11216,"comment_status":"open","ping_status":"closed","template":"","meta":{"_kad_blocks_custom_css":"","_kad_blocks_head_custom_js":"","_kad_blocks_body_custom_js":"","_kad_blocks_footer_custom_js":"","_kadence_starter_templates_imported_post":false,"_kad_post_transparent":"default","_kad_post_title":"","_kad_post_layout":"default","_kad_post_sidebar_id":"","_kad_post_content_style":"default","_kad_post_vertical_padding":"default","_kad_post_feature":"","_kad_post_feature_position":"","_kad_post_header":false,"_kad_post_footer":false,"_kad_post_classname":""},"product_brand":[],"product_cat":[337,146,1307],"product_tag":[564,1177,612,1178,1166],"class_list":{"0":"post-9593","1":"product","2":"type-product","3":"status-publish","4":"has-post-thumbnail","6":"product_cat-aminosyror","7":"product_cat-stressad-och-trott","8":"product_cat-synergos","9":"product_tag-aminosyra","10":"product_tag-amnesomsattning","11":"product_tag-hypotyreos","12":"product_tag-l-tyrosin","13":"product_tag-skoldkortel","15":"first","16":"instock","17":"taxable","18":"shipping-taxable","19":"purchasable","20":"product-type-simple","21":"entry","22":"content-bg","23":"loop-entry"},"taxonomy_info":{"product_cat":[{"value":337,"label":"Aminosyror"},{"value":146,"label":"Stressad &amp; Tr\u00f6tt"},{"value":1307,"label":"Synergos"}],"product_tag":[{"value":564,"label":"aminosyra"},{"value":1177,"label":"\u00e4mnesoms\u00e4ttning"},{"value":612,"label":"hypotyreos"},{"value":1178,"label":"l tyrosin"},{"value":1166,"label":"sk\u00f6ldk\u00f6rtel"}]},"featured_image_src_large":["https:\/\/vitaminbutiken.com\/wp-content\/uploads\/2025\/03\/L-Tyrosin-315-Photoroom-1-e1746701053696-1152x700.png",1152,700,true],"author_info":[],"comment_info":0,"_links":{"self":[{"href":"https:\/\/vitaminbutiken.com\/en\/wp-json\/wp\/v2\/product\/9593","targetHints":{"allow":["GET"]}}],"collection":[{"href":"https:\/\/vitaminbutiken.com\/en\/wp-json\/wp\/v2\/product"}],"about":[{"href":"https:\/\/vitaminbutiken.com\/en\/wp-json\/wp\/v2\/types\/product"}],"replies":[{"embeddable":true,"href":"https:\/\/vitaminbutiken.com\/en\/wp-json\/wp\/v2\/comments?post=9593"}],"wp:featuredmedia":[{"embeddable":true,"href":"https:\/\/vitaminbutiken.com\/en\/wp-json\/wp\/v2\/media\/11216"}],"wp:attachment":[{"href":"https:\/\/vitaminbutiken.com\/en\/wp-json\/wp\/v2\/media?parent=9593"}],"wp:term":[{"taxonomy":"product_brand","embeddable":true,"href":"https:\/\/vitaminbutiken.com\/en\/wp-json\/wp\/v2\/product_brand?post=9593"},{"taxonomy":"product_cat","embeddable":true,"href":"https:\/\/vitaminbutiken.com\/en\/wp-json\/wp\/v2\/product_cat?post=9593"},{"taxonomy":"product_tag","embeddable":true,"href":"https:\/\/vitaminbutiken.com\/en\/wp-json\/wp\/v2\/product_tag?post=9593"}],"curies":[{"name":"wp","href":"https:\/\/api.w.org\/{rel}","templated":true}]}}