{"id":9584,"date":"2025-03-19T16:02:51","date_gmt":"2025-03-19T14:02:51","guid":{"rendered":"https:\/\/vitaminbutiken.multi.fi\/?post_type=product&#038;p=9584"},"modified":"2026-04-10T12:12:54","modified_gmt":"2026-04-10T10:12:54","slug":"thyrocomp","status":"publish","type":"product","link":"https:\/\/vitaminbutiken.com\/en\/produkt\/thyrocomp\/","title":{"rendered":"ThyroComp"},"content":{"rendered":"<p><strong>Thyro Comp Synergos \u00e4r ett kosttillskott som bygger p\u00e5 bredspektrum- och synergiprincipen. Den inneh\u00e5ller en rad vitaminer och mineraler inklusive jod som bidrar till normal produktion av sk\u00f6ldk\u00f6rtelhormoner och till normal sk\u00f6ldk\u00f6rtelfunktion.<\/strong><\/p>\n<p><strong>Jod bidrar till:<\/strong><\/p>\n<ul>\n<li>normal kognitiv funktion<\/li>\n<li>normal energioms\u00e4ttning<\/li>\n<li>nervsystemets normala funktion<\/li>\n<li>att bibeh\u00e5lla normal hud<\/li>\n<li>normal produktion av sk\u00f6ldk\u00f6rtelhormoner och till normal sk\u00f6ldk\u00f6rtelfunktion<\/li>\n<\/ul>\n<p><strong>J\u00e4rn bidrar till:<\/strong><\/p>\n<ul>\n<li>normal kognitiv funktion<\/li>\n<li>normal bildning av r\u00f6da blodkroppar och hemoglobin<\/li>\n<li>normal syretransport i kroppen<\/li>\n<li>immunsystemets normala funktion<\/li>\n<li>minska tr\u00f6tthet och utmattning<\/li>\n<li>har en roll i celldelningsprocessen<\/li>\n<\/ul>\n<p><strong>Niacin bidrar till:<\/strong><\/p>\n<ul>\n<li>normal psykologisk funktion<\/li>\n<li>att bibeh\u00e5lla normala slemhinnor<\/li>\n<li>att bibeh\u00e5lla normal hud<\/li>\n<li>att minska tr\u00f6tthet och utmattning<\/li>\n<\/ul>\n<p><strong>Selen bidrar till:<\/strong><\/p>\n<ul>\n<li>immunsystemets normala funktion<\/li>\n<li>normal sk\u00f6ldk\u00f6rtelfunktion<\/li>\n<li>att skydda cellerna mot oxidativ stress<\/li>\n<\/ul>\n<p><strong>Vitamin A bidrar till:<\/strong><\/p>\n<ul>\n<li>normal j\u00e4rnoms\u00e4ttning<\/li>\n<\/ul>\n<p><strong>Vitamin B6 bidrar till:<\/strong><\/p>\n<ul>\n<li>normal energioms\u00e4ttning<\/li>\n<li>att reglera hormonaktiviteten<\/li>\n<\/ul>\n<p><strong>Folat bidrar till:<\/strong><\/p>\n<ul>\n<li>normal aminosyrasyntes<\/li>\n<li>normal homocysteinoms\u00e4ttning<\/li>\n<li>att minska tr\u00f6tthet och utmattning<\/li>\n<\/ul>\n<p><strong>Riboflavin (B2) bidrar till:<\/strong><\/p>\n<ul>\n<li>normal j\u00e4rnoms\u00e4ttning<\/li>\n<li>att minska tr\u00f6tthet och utmattning<\/li>\n<\/ul>\n<div class=\"nutrition-declaration\">\n<p><span style=\"font-weight: 400;\"><strong>Dosering:<\/strong> 2 tabletter 2 g\u00e5nger per dag.<\/span><\/p>\n<table style=\"height: 80px;\" border=\"1\" width=\"600\" cellspacing=\"0\" cellpadding=\"0\">\n<tbody>\n<tr>\n<td style=\"width: 19.7441%;\"><strong>4 tabletter inneh\u00e5ller<\/strong><\/td>\n<td style=\"width: 14.6681%;\"><strong>M\u00e4ngd<\/strong><\/td>\n<td style=\"width: 7.90131%;\"><strong>*%DRI<\/strong><\/td>\n<\/tr>\n<tr>\n<td style=\"width: 19.7441%;\"><span style=\"font-weight: 400;\">Jod<\/span><\/td>\n<td style=\"width: 14.6681%;\"><span style=\"font-weight: 400;\">600 \u00b5g<\/span><\/td>\n<td style=\"width: 7.90131%;\">400 %<\/td>\n<\/tr>\n<tr>\n<td style=\"width: 19.7441%;\"><span style=\"font-weight: 400;\">Tyrosin<\/span><\/td>\n<td style=\"width: 14.6681%;\"><span style=\"font-weight: 400;\">600 mg<\/span><\/td>\n<td style=\"width: 7.90131%;\">**<\/td>\n<\/tr>\n<tr>\n<td style=\"width: 19.7441%;\"><span style=\"font-weight: 400;\">J\u00e4rn<\/span><\/td>\n<td style=\"width: 14.6681%;\"><span style=\"font-weight: 400;\">20 mg<\/span><\/td>\n<td style=\"width: 7.90131%;\"><span style=\"font-weight: 400;\">143 %<\/span><\/td>\n<\/tr>\n<tr>\n<td style=\"width: 19.7441%;\"><span style=\"font-weight: 400;\">Niacin<\/span><\/td>\n<td style=\"width: 14.6681%;\"><span style=\"font-weight: 400;\">600 mg<\/span><\/td>\n<td style=\"width: 7.90131%;\"><span style=\"font-weight: 400;\">3750 %<\/span><\/td>\n<\/tr>\n<tr>\n<td style=\"width: 19.7441%;\"><span style=\"font-weight: 400;\">Selen<\/span><\/td>\n<td style=\"width: 14.6681%;\"><span style=\"font-weight: 400;\">100 \u00b5g<\/span><\/td>\n<td style=\"width: 7.90131%;\"><span style=\"font-weight: 400;\">182 %<\/span><\/td>\n<\/tr>\n<tr>\n<td style=\"width: 19.7441%;\"><span style=\"font-weight: 400;\">Vitamin A<\/span><\/td>\n<td style=\"width: 14.6681%;\"><span style=\"font-weight: 400;\">2000 \u00b5g<\/span><\/td>\n<td style=\"width: 7.90131%;\"><span style=\"font-weight: 400;\">250 %<\/span><\/td>\n<\/tr>\n<tr>\n<td style=\"width: 19.7441%;\"><span style=\"font-weight: 400;\">Vitamin B6<\/span><\/td>\n<td style=\"width: 14.6681%;\"><span style=\"font-weight: 400;\">20 mg<\/span><\/td>\n<td style=\"width: 7.90131%;\"><span style=\"font-weight: 400;\">1429 %<\/span><\/td>\n<\/tr>\n<tr>\n<td style=\"width: 19.7441%;\"><span style=\"font-weight: 400;\">Folsyra<\/span><\/td>\n<td style=\"width: 14.6681%;\"><span style=\"font-weight: 400;\">400 \u00b5g<\/span><\/td>\n<td style=\"width: 7.90131%;\"><span style=\"font-weight: 400;\">200 %<\/span><\/td>\n<\/tr>\n<tr>\n<td style=\"width: 19.7441%;\"><span style=\"font-weight: 400;\">Vitamin B2<\/span><\/td>\n<td style=\"width: 14.6681%;\"><span style=\"font-weight: 400;\">40 mg<\/span><\/td>\n<td style=\"width: 7.90131%;\"><span style=\"font-weight: 400;\">2857 %<\/span><\/td>\n<\/tr>\n<\/tbody>\n<\/table>\n<p><strong>* DRI \u00e4r dagligt referensintag. **DRI ej fastst\u00e4llt.<\/strong><\/p>\n<p><span style=\"font-weight: 400;\"><strong>Ingredienser:<\/strong> Fyllnadsmedel (dikalciumfosfat, mikrokristallin cellulosa), L-tyrosin, niacin (niacinamid), fyllnadsmedel (stearinsyra), j\u00e4rn (j\u00e4rnfumarat), klumpf\u00f6rebyggande medel (magnesiumsalter av fettsyror), riboflavin, vitamin B6 (pyridoxinhydroklorid), selen, vitamin A, jod, folsyra.<\/span><\/p>\n<p><span style=\"font-weight: 400;\">Rekommenderad daglig dos b\u00f6r ej \u00f6verskridas.<br \/>\nKosttillskott ers\u00e4tter inte en varierad kost.<br \/>\nProdukten f\u00f6rvaras o\u00e5tkomligt f\u00f6r sm\u00e5 barn.<\/span><\/p>\n<\/div>\n","protected":false},"excerpt":{"rendered":"<p>Inneh\u00e5ller vitaminer, mineraler och jod som bidrar till normal produktion av sk\u00f6ldk\u00f6rtelhormoner och till normal sk\u00f6ldk\u00f6rtelfunktion.<\/p>\n<p><strong>120 tabletter<\/strong><\/p>\n<p>&nbsp;<\/p>\n","protected":false},"featured_media":500102951,"comment_status":"open","ping_status":"closed","template":"","meta":{"_kad_blocks_custom_css":"","_kad_blocks_head_custom_js":"","_kad_blocks_body_custom_js":"","_kad_blocks_footer_custom_js":"","_kadence_starter_templates_imported_post":false,"_kad_post_transparent":"default","_kad_post_title":"","_kad_post_layout":"default","_kad_post_sidebar_id":"","_kad_post_content_style":"default","_kad_post_vertical_padding":"default","_kad_post_feature":"","_kad_post_feature_position":"","_kad_post_header":false,"_kad_post_footer":false,"_kad_post_classname":""},"product_brand":[],"product_cat":[146,1307],"product_tag":[205,1165,221,1166,1167,229,1168,234,235],"class_list":{"0":"post-9584","1":"product","2":"type-product","3":"status-publish","4":"has-post-thumbnail","6":"product_cat-stressad-och-trott","7":"product_cat-synergos","8":"product_tag-antioxidant","9":"product_tag-multivitamin","10":"product_tag-naturtillskott","11":"product_tag-skoldkortel","12":"product_tag-skydda-celler-mot-oxidativ-stress","13":"product_tag-starka-immunforsvar","14":"product_tag-thyrocomp","15":"product_tag-vitamin","16":"product_tag-vitaminer","18":"first","19":"instock","20":"taxable","21":"shipping-taxable","22":"purchasable","23":"product-type-simple","24":"entry","25":"content-bg","26":"loop-entry"},"taxonomy_info":{"product_cat":[{"value":146,"label":"Stressad &amp; Tr\u00f6tt"},{"value":1307,"label":"Synergos"}],"product_tag":[{"value":205,"label":"antioxidant"},{"value":1165,"label":"multivitamin"},{"value":221,"label":"naturtillskott"},{"value":1166,"label":"sk\u00f6ldk\u00f6rtel"},{"value":1167,"label":"skydda celler mot oxidativ stress"},{"value":229,"label":"st\u00e4rka immunf\u00f6rsvar"},{"value":1168,"label":"thyrocomp"},{"value":234,"label":"vitamin"},{"value":235,"label":"vitaminer"}]},"featured_image_src_large":["https:\/\/vitaminbutiken.com\/wp-content\/uploads\/2025\/03\/Thyro-Comp-484-Photoroom-e1764767439175-1043x700.png",1043,700,true],"author_info":[],"comment_info":0,"_links":{"self":[{"href":"https:\/\/vitaminbutiken.com\/en\/wp-json\/wp\/v2\/product\/9584","targetHints":{"allow":["GET"]}}],"collection":[{"href":"https:\/\/vitaminbutiken.com\/en\/wp-json\/wp\/v2\/product"}],"about":[{"href":"https:\/\/vitaminbutiken.com\/en\/wp-json\/wp\/v2\/types\/product"}],"replies":[{"embeddable":true,"href":"https:\/\/vitaminbutiken.com\/en\/wp-json\/wp\/v2\/comments?post=9584"}],"wp:featuredmedia":[{"embeddable":true,"href":"https:\/\/vitaminbutiken.com\/en\/wp-json\/wp\/v2\/media\/500102951"}],"wp:attachment":[{"href":"https:\/\/vitaminbutiken.com\/en\/wp-json\/wp\/v2\/media?parent=9584"}],"wp:term":[{"taxonomy":"product_brand","embeddable":true,"href":"https:\/\/vitaminbutiken.com\/en\/wp-json\/wp\/v2\/product_brand?post=9584"},{"taxonomy":"product_cat","embeddable":true,"href":"https:\/\/vitaminbutiken.com\/en\/wp-json\/wp\/v2\/product_cat?post=9584"},{"taxonomy":"product_tag","embeddable":true,"href":"https:\/\/vitaminbutiken.com\/en\/wp-json\/wp\/v2\/product_tag?post=9584"}],"curies":[{"name":"wp","href":"https:\/\/api.w.org\/{rel}","templated":true}]}}