{"id":9583,"date":"2025-03-19T16:02:50","date_gmt":"2025-03-19T14:02:50","guid":{"rendered":"https:\/\/vitaminbutiken.multi.fi\/?post_type=product&#038;p=9583"},"modified":"2026-04-07T21:20:47","modified_gmt":"2026-04-07T19:20:47","slug":"gurkmeja-complex","status":"publish","type":"product","link":"https:\/\/vitaminbutiken.com\/en\/produkt\/gurkmeja-complex\/","title":{"rendered":"Curcumin Complex &#8211; Gurkmeja"},"content":{"rendered":"<p><strong>Gurkmeja Complex<\/strong><\/p>\n<p>De viktigaste kemiska komponenter i gurkmeja \u00e4r en grupp av f\u00f6reningar som kallas curcuminoider, som innefattar curcumin, dimethoxycurcumin och bisdemethoxycurcumin.<\/p>\n<p><strong>Dosering:\u00a0<\/strong>1 kapsel 2 g\u00e5nger per dag.<\/p>\n<table style=\"height: 80px;\" border=\"1\" width=\"600\" cellspacing=\"0\" cellpadding=\"0\">\n<tbody>\n<tr>\n<td style=\"width: 21.8207%;\"><strong>2 kapslar inneh\u00e5ller<\/strong><\/td>\n<td style=\"width: 3.89361%;\"><strong>M\u00e4ngd<\/strong><\/td>\n<td style=\"width: 3.89361%;\"><b>%DRI*<\/b><\/td>\n<\/tr>\n<tr>\n<td style=\"width: 21.8207%;\">Gurkmeja pulver<\/td>\n<td style=\"width: 3.89361%;\">400 mg<\/td>\n<td style=\"width: 3.89361%;\"><strong>**<\/strong><\/td>\n<\/tr>\n<tr>\n<td style=\"width: 21.8207%;\">Gurkmejaextrakt, som ger 95 % curcuminoider<\/td>\n<td style=\"width: 3.89361%;\">200 mg<\/td>\n<td style=\"width: 3.89361%;\"><strong>**<\/strong><\/td>\n<\/tr>\n<tr>\n<td style=\"width: 21.8207%;\">Svartpepparextrakt, som ger 95 % piperin<\/td>\n<td style=\"width: 3.89361%;\">20 mg<\/td>\n<td style=\"width: 3.89361%;\"><strong>**<\/strong><\/td>\n<\/tr>\n<\/tbody>\n<\/table>\n<p><strong>*DRI \u00e4r dagligt referensintag. **DRI ej fastst\u00e4llt.<\/strong><\/p>\n<p><strong>Ingredienser:<\/strong> Gurkmejapulver 1:1, gurkmejaextrakt (95 %), fyllnadsmedel (mikrokristallinsk cellulosa, magnesiumsalter av fettsyror), piperinextrakt, kapsel (hydroxipropylmetylcellulosa).<\/p>\n<p>Rekommenderad daglig dos b\u00f6r ej \u00f6verskridas.<br \/>\nKosttillskott ers\u00e4tter inte en varierad kost.<br \/>\nProdukter f\u00f6rvaras o\u00e5tkomligt f\u00f6r sm\u00e5barn.<\/p>\n<p>&nbsp;<\/p>\n","protected":false},"excerpt":{"rendered":"<p>Gurkmejapulver, Gurkmejaextrakt, Piperinextrakt.<\/p>\n<p><strong>60 kapslar<\/strong><\/p>\n<p>&nbsp;<\/p>\n","protected":false},"featured_media":500103766,"comment_status":"open","ping_status":"closed","template":"","meta":{"_kad_blocks_custom_css":"","_kad_blocks_head_custom_js":"","_kad_blocks_body_custom_js":"","_kad_blocks_footer_custom_js":"","_kadence_starter_templates_imported_post":false,"_kad_post_transparent":"default","_kad_post_title":"","_kad_post_layout":"default","_kad_post_sidebar_id":"","_kad_post_content_style":"default","_kad_post_vertical_padding":"default","_kad_post_feature":"","_kad_post_feature_position":"","_kad_post_header":false,"_kad_post_footer":false,"_kad_post_classname":""},"product_brand":[],"product_cat":[198,277,149,1307],"product_tag":[1142,267,752,788,205,1143,1144,331,943,691,1145,1146,1147,1148,1149,1150,1151,1152,1153,1154,1155,310,1156,1157,1158,1094,1159,1160,226,1161,501,322,936,1162,466,1163,1164,940],"class_list":{"0":"post-9583","1":"product","2":"type-product","3":"status-publish","4":"has-post-thumbnail","6":"product_cat-lever-och-njurar","7":"product_cat-muskler-och-leder","8":"product_cat-orter","9":"product_cat-synergos","10":"product_tag-alkaloid","11":"product_tag-alzheimers-sjukdom","12":"product_tag-anticancer","13":"product_tag-antiinflammatorisk","14":"product_tag-antioxidant","15":"product_tag-antiviral","16":"product_tag-artos","17":"product_tag-artrit","18":"product_tag-avgiftande","19":"product_tag-avgiftning","20":"product_tag-besvar-i-lungor","21":"product_tag-bisdemethoxycurcumin","22":"product_tag-curcumin","23":"product_tag-curcuminoider","24":"product_tag-dimethoxycurcumin","25":"product_tag-egenvardspoolen","26":"product_tag-gurkmeja","27":"product_tag-gurkmejapulver","28":"product_tag-inflammation","29":"product_tag-jarnforgiftning","30":"product_tag-kroniska-inflammationer","31":"product_tag-ledvark","32":"product_tag-leveravgiftande","33":"product_tag-leversjukdomar","34":"product_tag-magbesvar","35":"product_tag-muskelvark","36":"product_tag-parasiterdodande","37":"product_tag-piperin","38":"product_tag-psoriasis","39":"product_tag-reumatiska-problem","40":"product_tag-reumatism","41":"product_tag-sar","42":"product_tag-smarta","43":"product_tag-starker-leverceller","44":"product_tag-stelhet-i-lederna","45":"product_tag-stukningar","46":"product_tag-svartpeppar","47":"product_tag-vark","49":"first","50":"instock","51":"taxable","52":"shipping-taxable","53":"purchasable","54":"product-type-simple","55":"entry","56":"content-bg","57":"loop-entry"},"taxonomy_info":{"product_cat":[{"value":198,"label":"Lever &amp; Njurar"},{"value":277,"label":"Muskler &amp; Leder"},{"value":149,"label":"\u00d6rter"},{"value":1307,"label":"Synergos"}],"product_tag":[{"value":1142,"label":"alkaloid"},{"value":267,"label":"alzheimers sjukdom"},{"value":752,"label":"anticancer"},{"value":788,"label":"antiinflammatorisk"},{"value":205,"label":"antioxidant"},{"value":1143,"label":"antiviral"},{"value":1144,"label":"artos"},{"value":331,"label":"artrit"},{"value":943,"label":"avgiftande"},{"value":691,"label":"avgiftning"},{"value":1145,"label":"besv\u00e4r i lungor"},{"value":1146,"label":"bisdemethoxycurcumin"},{"value":1147,"label":"curcumin"},{"value":1148,"label":"curcuminoider"},{"value":1149,"label":"dimethoxycurcumin"},{"value":1150,"label":"egenv\u00e5rdspoolen"},{"value":1151,"label":"gurkmeja"},{"value":1152,"label":"gurkmejapulver"},{"value":1153,"label":"inflammation"},{"value":1154,"label":"j\u00e4rnf\u00f6rgiftning"},{"value":1155,"label":"kroniska inflammationer"},{"value":310,"label":"ledv\u00e4rk"},{"value":1156,"label":"leveravgiftande"},{"value":1157,"label":"leversjukdomar"},{"value":1158,"label":"magbesv\u00e4r"},{"value":1094,"label":"muskelv\u00e4rk"},{"value":1159,"label":"parasiterd\u00f6dande"},{"value":1160,"label":"piperin"},{"value":226,"label":"psoriasis"},{"value":1161,"label":"reumatiska problem"},{"value":501,"label":"reumatism"},{"value":322,"label":"s\u00e5r"},{"value":936,"label":"sm\u00e4rta"},{"value":1162,"label":"st\u00e4rker leverceller"},{"value":466,"label":"stelhet i lederna"},{"value":1163,"label":"stukningar"},{"value":1164,"label":"svartpeppar"},{"value":940,"label":"v\u00e4rk"}]},"featured_image_src_large":["https:\/\/vitaminbutiken.com\/wp-content\/uploads\/2025\/03\/444-Curcumin-Complex-Photoroom-e1771325197362-647x700.png",647,700,true],"author_info":[],"comment_info":0,"_links":{"self":[{"href":"https:\/\/vitaminbutiken.com\/en\/wp-json\/wp\/v2\/product\/9583","targetHints":{"allow":["GET"]}}],"collection":[{"href":"https:\/\/vitaminbutiken.com\/en\/wp-json\/wp\/v2\/product"}],"about":[{"href":"https:\/\/vitaminbutiken.com\/en\/wp-json\/wp\/v2\/types\/product"}],"replies":[{"embeddable":true,"href":"https:\/\/vitaminbutiken.com\/en\/wp-json\/wp\/v2\/comments?post=9583"}],"wp:featuredmedia":[{"embeddable":true,"href":"https:\/\/vitaminbutiken.com\/en\/wp-json\/wp\/v2\/media\/500103766"}],"wp:attachment":[{"href":"https:\/\/vitaminbutiken.com\/en\/wp-json\/wp\/v2\/media?parent=9583"}],"wp:term":[{"taxonomy":"product_brand","embeddable":true,"href":"https:\/\/vitaminbutiken.com\/en\/wp-json\/wp\/v2\/product_brand?post=9583"},{"taxonomy":"product_cat","embeddable":true,"href":"https:\/\/vitaminbutiken.com\/en\/wp-json\/wp\/v2\/product_cat?post=9583"},{"taxonomy":"product_tag","embeddable":true,"href":"https:\/\/vitaminbutiken.com\/en\/wp-json\/wp\/v2\/product_tag?post=9583"}],"curies":[{"name":"wp","href":"https:\/\/api.w.org\/{rel}","templated":true}]}}