{"id":9582,"date":"2025-03-19T16:02:50","date_gmt":"2025-03-19T14:02:50","guid":{"rendered":"https:\/\/vitaminbutiken.multi.fi\/?post_type=product&#038;p=9582"},"modified":"2026-04-01T09:46:24","modified_gmt":"2026-04-01T07:46:24","slug":"ishavsalger","status":"publish","type":"product","link":"https:\/\/vitaminbutiken.com\/en\/produkt\/ishavsalger\/","title":{"rendered":"Arctic Alga &#8211; Ishavsalger"},"content":{"rendered":"<p><strong>Arctic alga &#8211; Ishavsalger<\/strong><\/p>\n<p>Ascophyllum nodosum \u00e4r en brunalg tillh\u00f6rande familjen Fucaceae. Den f\u00f6rekommer \u00f6ver stora delar av \u00e4r norra Atlanten. Det \u00e4r vanligt p\u00e5 den nordv\u00e4stra kusten i Europa (fr\u00e5n Svalbard till Portugal) inklusive \u00f6stra Gr\u00f6nland och den nord\u00f6stra kusten av Nordamerika. Asco Phyllum Nodosum inneh\u00e5ller relativt h\u00f6ga m\u00e4ngder kalium, natrium, kalcium, magnesium, sp\u00e5relement och jod. Vitamin inneh\u00e5llet skiljer sig mellan olika sorter, men brunalgen inneh\u00e5ller mycket tokoferoler, B-vitaminer samt betakaroten. Exempelvis kan 4 tabletter Ishavsalger ge minst 300 mcg jod.<\/p>\n<p><strong>Dosering:\u00a0<\/strong>4 tabletter per dag.<\/p>\n<table style=\"height: 80px;\" border=\"1\" width=\"600\" cellspacing=\"0\" cellpadding=\"0\">\n<tbody>\n<tr>\n<td style=\"width: 3.0581%;\"><strong>4 tabletter inneh\u00e5ller:<\/strong><\/td>\n<td style=\"width: 3.69004%;\"><strong>M\u00e4ngd<\/strong><\/td>\n<td style=\"width: 3.69004%;\"><strong>%DRI*<\/strong><\/td>\n<\/tr>\n<tr>\n<td style=\"width: 3.0581%;\">Ascophyllum Nodosum<\/td>\n<td style=\"width: 3.69004%;\">1 340 mg<\/td>\n<td style=\"width: 3.69004%;\"><strong>**<\/strong><\/td>\n<\/tr>\n<\/tbody>\n<\/table>\n<p><strong>*DRI \u00e4r dagligt referensintag. **DRI ej fastst\u00e4llt.<\/strong><\/p>\n<p><strong>Ingredienser:<\/strong> Ascophyllum Nodosum, fyllnadsmedel (dikalciumfosfat, mikrokristallin cellulosa), klumpf\u00f6rebyggande medel (magnesiumsalter av fettsyror), fyllnadsmedel (stearinsyra).<\/p>\n<p>Rekommenderad daglig dos b\u00f6r ej \u00f6verskridas.<br \/>\nKosttillskott ers\u00e4tter inte en varierad kost.<br \/>\nProdukter f\u00f6rvaras o\u00e5tkomligt f\u00f6r sm\u00e5barn.<\/p>\n","protected":false},"excerpt":{"rendered":"<p>Ishavsalgen Arctic Alga &#8211; Ascophyllum nodosum \u00e4r en brunalg tillh\u00f6rande familjen Fucaceae.<\/p>\n<p><strong>250 tabletter<\/strong><\/p>\n<p>&nbsp;<\/p>\n","protected":false},"featured_media":500103679,"comment_status":"open","ping_status":"closed","template":"","meta":{"_kad_blocks_custom_css":"","_kad_blocks_head_custom_js":"","_kad_blocks_body_custom_js":"","_kad_blocks_footer_custom_js":"","_kadence_starter_templates_imported_post":false,"_kad_post_transparent":"default","_kad_post_title":"","_kad_post_layout":"default","_kad_post_sidebar_id":"","_kad_post_content_style":"default","_kad_post_vertical_padding":"default","_kad_post_feature":"","_kad_post_feature_position":"","_kad_post_header":false,"_kad_post_footer":false,"_kad_post_classname":""},"product_brand":[],"product_cat":[2807,149,1307],"product_tag":[1141],"class_list":{"0":"post-9582","1":"product","2":"type-product","3":"status-publish","4":"has-post-thumbnail","6":"product_cat-alger","7":"product_cat-orter","8":"product_cat-synergos","9":"product_tag-ishavsalger","11":"first","12":"instock","13":"taxable","14":"shipping-taxable","15":"purchasable","16":"product-type-simple","17":"entry","18":"content-bg","19":"loop-entry"},"taxonomy_info":{"product_cat":[{"value":2807,"label":"Alger"},{"value":149,"label":"\u00d6rter"},{"value":1307,"label":"Synergos"}],"product_tag":[{"value":1141,"label":"Ishavsalger"}]},"featured_image_src_large":["https:\/\/vitaminbutiken.com\/wp-content\/uploads\/2025\/03\/402-Arctric-Alga-Photoroom-e1770800400532-727x700.png",727,700,true],"author_info":[],"comment_info":0,"_links":{"self":[{"href":"https:\/\/vitaminbutiken.com\/en\/wp-json\/wp\/v2\/product\/9582","targetHints":{"allow":["GET"]}}],"collection":[{"href":"https:\/\/vitaminbutiken.com\/en\/wp-json\/wp\/v2\/product"}],"about":[{"href":"https:\/\/vitaminbutiken.com\/en\/wp-json\/wp\/v2\/types\/product"}],"replies":[{"embeddable":true,"href":"https:\/\/vitaminbutiken.com\/en\/wp-json\/wp\/v2\/comments?post=9582"}],"wp:featuredmedia":[{"embeddable":true,"href":"https:\/\/vitaminbutiken.com\/en\/wp-json\/wp\/v2\/media\/500103679"}],"wp:attachment":[{"href":"https:\/\/vitaminbutiken.com\/en\/wp-json\/wp\/v2\/media?parent=9582"}],"wp:term":[{"taxonomy":"product_brand","embeddable":true,"href":"https:\/\/vitaminbutiken.com\/en\/wp-json\/wp\/v2\/product_brand?post=9582"},{"taxonomy":"product_cat","embeddable":true,"href":"https:\/\/vitaminbutiken.com\/en\/wp-json\/wp\/v2\/product_cat?post=9582"},{"taxonomy":"product_tag","embeddable":true,"href":"https:\/\/vitaminbutiken.com\/en\/wp-json\/wp\/v2\/product_tag?post=9582"}],"curies":[{"name":"wp","href":"https:\/\/api.w.org\/{rel}","templated":true}]}}