{"id":9573,"date":"2025-03-19T16:02:23","date_gmt":"2025-03-19T14:02:23","guid":{"rendered":"https:\/\/vitaminbutiken.multi.fi\/?post_type=product&#038;p=9573"},"modified":"2026-04-09T22:10:10","modified_gmt":"2026-04-09T20:10:10","slug":"magnesium-l-teanin-kapslar","status":"publish","type":"product","link":"https:\/\/vitaminbutiken.com\/en\/produkt\/magnesium-l-teanin-kapslar\/","title":{"rendered":"Magnesium-L-Teanin, 120 kapslar"},"content":{"rendered":"<p><strong>Magnesium-L-teanin &#8211; <\/strong>Magnesiums egenskaper k\u00e4nner de flesta till. Att kombinera magnesium med aminosyran L-teanin g\u00f6r produkten s\u00e5 mycket mera intressant.<\/p>\n<p>L-Teanin hj\u00e4lper till vid \u00f6verf\u00f6randet av nervimpulser i hj\u00e4rnan.<\/p>\n<p>L-Teanin har visat sig minska psykisk och fysisk stress, f\u00f6rb\u00e4ttrar kognition och den allm\u00e4nna mentala h\u00e4lsan. Den prim\u00e4ra effekten av L-teanin \u00e4r kopplad till att den \u00f6kar den totala niv\u00e5n av neurotransmittorn GABA i hj\u00e4rnan.<\/p>\n<p>Magnesium bidrar till:<\/p>\n<ul>\n<li>att minska tr\u00f6tthet och utmattning<\/li>\n<li>elektrolytbalansen<\/li>\n<li>normal energioms\u00e4ttning<\/li>\n<li>nervsystemets normala funktion<\/li>\n<li>normal muskelfunktion<\/li>\n<li>normal proteinsyntes<\/li>\n<li>normal psykologisk funktion<\/li>\n<li>att bibeh\u00e5lla normal benstomme<\/li>\n<li>att bibeh\u00e5lla normala t\u00e4nder<\/li>\n<li>har en roll i celldelningsprocessen<\/li>\n<\/ul>\n<p><span style=\"font-weight: 400;\"><strong>Dosering:<\/strong> 2 kapslar 2 g\u00e5nger per dag.<\/span><\/p>\n<table style=\"height: 80px;\" border=\"1\" width=\"600\" cellspacing=\"0\" cellpadding=\"0\">\n<tbody>\n<tr>\n<td style=\"width: 17.2141%;\"><strong>4 kapslar inneh\u00e5ller<\/strong><\/td>\n<td style=\"width: 10.8309%;\"><strong>M\u00e4ngd<\/strong><\/td>\n<td style=\"width: 6.12404%;\"><strong>%DRI*<\/strong><\/td>\n<\/tr>\n<tr>\n<td style=\"width: 17.2141%;\"><span style=\"font-weight: 400;\">Magnesium<\/span><\/td>\n<td style=\"width: 10.8309%;\"><span style=\"font-weight: 400;\">400 mg<\/span><\/td>\n<td style=\"width: 6.12404%;\"><span style=\"font-weight: 400;\">106 %<\/span><\/td>\n<\/tr>\n<tr>\n<td style=\"width: 17.2141%;\"><span style=\"font-weight: 400;\">L-teanin<\/span><\/td>\n<td style=\"width: 10.8309%;\"><span style=\"font-weight: 400;\">340 mg<\/span><\/td>\n<td style=\"width: 6.12404%;\"><span style=\"font-weight: 400;\">**<\/span><\/td>\n<\/tr>\n<tr>\n<td style=\"width: 17.2141%;\"><span style=\"font-weight: 400;\">Vitamin B6<\/span><\/td>\n<td style=\"width: 10.8309%;\"><span style=\"font-weight: 400;\">3,4 mg<\/span><\/td>\n<td style=\"width: 6.12404%;\"><span style=\"font-weight: 400;\">242 %<\/span><\/td>\n<\/tr>\n<\/tbody>\n<\/table>\n<p><strong>*DRI \u00e4r dagligt referensintag. **DRI ej fastst\u00e4llt.<\/strong><\/p>\n<p><span style=\"font-weight: 400;\"><strong>Ingredienser:<\/strong> Magnesium (magnesiumcitrat, magnesiumkarbonat), L-Teanin 98 % (Camellia sinensis extrakt), stabiliseringsmedel<br \/>\n(magnesiumsalter av fettsyror), klumpf\u00f6rebyggande medel (kiseldioxid), vitamin B6 (pyridoxinhydroklorid), kapsel (hydroxipropylmetylcellulosa).<\/span><\/p>\n<p><span style=\"font-weight: 400;\">Rekommenderad daglig dos b\u00f6r ej \u00f6verskridas.<br \/>\nF\u00f6rvaras o\u00e5tkomligt f\u00f6r barn.<br \/>\n<\/span>Kosttillskott ers\u00e4tter inte en m\u00e5ngsidig kost.<\/p>\n","protected":false},"excerpt":{"rendered":"<p><strong>Magnesium-L-teanin<\/strong> &#8211; Magnesiums egenskaper k\u00e4nner de flesta till. Sl\u00e4pper p\u00e5 fysiska ansp\u00e4nningar osv. Att kombinera magnesium med aminosyrar L-teanin g\u00f6r produkten s\u00e5 mycket mera intressant.<\/p>\n<p><strong>120 kapslar<\/strong><\/p>\n","protected":false},"featured_media":500102976,"comment_status":"open","ping_status":"closed","template":"","meta":{"_kad_blocks_custom_css":"","_kad_blocks_head_custom_js":"","_kad_blocks_body_custom_js":"","_kad_blocks_footer_custom_js":"","_kadence_starter_templates_imported_post":false,"_kad_post_transparent":"default","_kad_post_title":"","_kad_post_layout":"default","_kad_post_sidebar_id":"","_kad_post_content_style":"default","_kad_post_vertical_padding":"default","_kad_post_feature":"","_kad_post_feature_position":"","_kad_post_header":false,"_kad_post_footer":false,"_kad_post_classname":""},"product_brand":[],"product_cat":[337,625,281,277,146,1307,278],"product_tag":[285,286,1140,287,288,289,290,291,221,233,172,234],"class_list":{"0":"post-9573","1":"product","2":"type-product","3":"status-publish","4":"has-post-thumbnail","6":"product_cat-aminosyror","7":"product_cat-magnesium","8":"product_cat-mineraler","9":"product_cat-muskler-och-leder","10":"product_cat-stressad-och-trott","11":"product_cat-synergos","12":"product_cat-traning","13":"product_tag-kosttillskott","14":"product_tag-kosttillskott-magnesium","15":"product_tag-l-teanin-kapslar","16":"product_tag-magnesium","17":"product_tag-magnesium-bra-for","18":"product_tag-magnesium-mot-kramp","19":"product_tag-magnesium-pulver","20":"product_tag-magnesium-tillskott","21":"product_tag-naturtillskott","22":"product_tag-trotthet","23":"product_tag-utmattning","24":"product_tag-vitamin","26":"first","27":"instock","28":"taxable","29":"shipping-taxable","30":"purchasable","31":"product-type-simple","32":"entry","33":"content-bg","34":"loop-entry"},"taxonomy_info":{"product_cat":[{"value":337,"label":"Aminosyror"},{"value":625,"label":"Magnesium"},{"value":281,"label":"Mineraler"},{"value":277,"label":"Muskler &amp; Leder"},{"value":146,"label":"Stressad &amp; Tr\u00f6tt"},{"value":1307,"label":"Synergos"},{"value":278,"label":"Tr\u00e4ning"}],"product_tag":[{"value":285,"label":"kosttillskott"},{"value":286,"label":"kosttillskott magnesium"},{"value":1140,"label":"L teanin kapslar"},{"value":287,"label":"magnesium"},{"value":288,"label":"magnesium bra f\u00f6r"},{"value":289,"label":"magnesium mot kramp"},{"value":290,"label":"magnesium pulver"},{"value":291,"label":"magnesium tillskott"},{"value":221,"label":"naturtillskott"},{"value":233,"label":"tr\u00f6tthet"},{"value":172,"label":"utmattning"},{"value":234,"label":"vitamin"}]},"featured_image_src_large":["https:\/\/vitaminbutiken.com\/wp-content\/uploads\/2025\/03\/213-G-Magnesium-L-teanin-Photoroom-e1765284425438-1227x700.png",1227,700,true],"author_info":[],"comment_info":0,"_links":{"self":[{"href":"https:\/\/vitaminbutiken.com\/en\/wp-json\/wp\/v2\/product\/9573","targetHints":{"allow":["GET"]}}],"collection":[{"href":"https:\/\/vitaminbutiken.com\/en\/wp-json\/wp\/v2\/product"}],"about":[{"href":"https:\/\/vitaminbutiken.com\/en\/wp-json\/wp\/v2\/types\/product"}],"replies":[{"embeddable":true,"href":"https:\/\/vitaminbutiken.com\/en\/wp-json\/wp\/v2\/comments?post=9573"}],"wp:featuredmedia":[{"embeddable":true,"href":"https:\/\/vitaminbutiken.com\/en\/wp-json\/wp\/v2\/media\/500102976"}],"wp:attachment":[{"href":"https:\/\/vitaminbutiken.com\/en\/wp-json\/wp\/v2\/media?parent=9573"}],"wp:term":[{"taxonomy":"product_brand","embeddable":true,"href":"https:\/\/vitaminbutiken.com\/en\/wp-json\/wp\/v2\/product_brand?post=9573"},{"taxonomy":"product_cat","embeddable":true,"href":"https:\/\/vitaminbutiken.com\/en\/wp-json\/wp\/v2\/product_cat?post=9573"},{"taxonomy":"product_tag","embeddable":true,"href":"https:\/\/vitaminbutiken.com\/en\/wp-json\/wp\/v2\/product_tag?post=9573"}],"curies":[{"name":"wp","href":"https:\/\/api.w.org\/{rel}","templated":true}]}}