{"id":9572,"date":"2025-03-19T16:02:22","date_gmt":"2025-03-19T14:02:22","guid":{"rendered":"https:\/\/vitaminbutiken.multi.fi\/?post_type=product&#038;p=9572"},"modified":"2026-04-09T19:35:14","modified_gmt":"2026-04-09T17:35:14","slug":"jarnsaft-femineral","status":"publish","type":"product","link":"https:\/\/vitaminbutiken.com\/en\/produkt\/jarnsaft-femineral\/","title":{"rendered":"J\u00e4rnsaft &#8211; Femineral"},"content":{"rendered":"<p><strong>J\u00e4rnsaft &#8211; Femineral j\u00e4rntillskott\u00a0<\/strong><\/p>\n<p>Femineral \u00e4r ett l\u00e4ttupptagligt j\u00e4rntillskott. Produkten \u00e4r full av C-vitamin som \u00f6kar j\u00e4rnupptaget i j\u00e4rndep\u00e5erna samt inneh\u00e5ller adaptogener. 100% vegansk och kliniskt dokumenterad. Femineral har en unik balans mellan mineraler, sp\u00e5r\u00e4mnen, vitaminer, 14 svenska h\u00e4lso\u00f6rter och de adaptogenrika v\u00e4xterna rosenrot och rysk rot.<\/p>\n<p>J\u00e4rn \u00e4r ett grund\u00e4mne med atomnummer 26. J\u00e4rn \u00e4r ett av de mest f\u00f6rekommande mineralelementen i universum. J\u00e4rn \u00e4r ett essentiellt n\u00e4rings\u00e4mne f\u00f6r m\u00e4nniskan. V\u00e4ln\u00e4rda m\u00e4nniskor i industrialiserade l\u00e4nder har ca 4\u20135 gram j\u00e4rn i kroppen. Av detta finns 50 % bundet i hemoglobin, som beh\u00f6vs f\u00f6r att transportera syre i blodet. N\u00e4rmare 35 % \u00e4r bundet i j\u00e4rnlagringsproteinet ferritin i celler, fram f\u00f6r allt i mj\u00e4lten, levern och benm\u00e4rgen. Ytterligare 400 mg finns bundet i olika cellproteiner som anv\u00e4nder j\u00e4rn f\u00f6r viktiga cellul\u00e4ra processer (myoglobin och cytokrom).<\/p>\n<p><strong>J\u00e4rn bidrar till:<\/strong><\/p>\n<ul>\n<li>normal kognitiv funktion<\/li>\n<li>normal energioms\u00e4ttning<\/li>\n<li>normal bildning av r\u00f6da blodkroppar och hemoglobin<\/li>\n<li>immunsystemets normala funktion<\/li>\n<li>att minska tr\u00f6tthet och utmattning<\/li>\n<li>j\u00e4rn har en viktig roll i celldelningsprocessen<\/li>\n<\/ul>\n<p><strong>Dosering:\u00a0<\/strong>20 ml per dag.<\/p>\n<table style=\"height: 80px;\" border=\"1\" width=\"600\" cellspacing=\"0\" cellpadding=\"0\">\n<tbody>\n<tr>\n<td style=\"width: 29.3517%;\"><strong>20 ml inneh\u00e5ller<\/strong><\/td>\n<td style=\"width: 18.925%;\"><strong>M\u00e4ngd<\/strong><\/td>\n<td style=\"width: 15.5685%;\"><strong>*%RDI<\/strong><\/td>\n<\/tr>\n<tr>\n<td style=\"width: 29.3517%;\">J\u00e4rn<\/td>\n<td style=\"width: 18.925%;\">20 mg<\/td>\n<td style=\"width: 15.5685%;\">142 %<\/td>\n<\/tr>\n<tr>\n<td style=\"width: 29.3517%;\">Zink<\/td>\n<td style=\"width: 18.925%;\">10 mg<\/td>\n<td style=\"width: 15.5685%;\">100 %<\/td>\n<\/tr>\n<tr>\n<td style=\"width: 29.3517%;\">Mangan<\/td>\n<td style=\"width: 18.925%;\">2,5 mg<\/td>\n<td style=\"width: 15.5685%;\">125 %<\/td>\n<\/tr>\n<tr>\n<td style=\"width: 29.3517%;\">Krom<\/td>\n<td style=\"width: 18.925%;\">40 mcg<\/td>\n<td style=\"width: 15.5685%;\">100 %<\/td>\n<\/tr>\n<tr>\n<td style=\"width: 29.3517%;\">Koppar<\/td>\n<td style=\"width: 18.925%;\">1 mg<\/td>\n<td style=\"width: 15.5685%;\">100 %<\/td>\n<\/tr>\n<tr>\n<td style=\"width: 29.3517%;\">Molybden<\/td>\n<td style=\"width: 18.925%;\">62,5 mcg<\/td>\n<td style=\"width: 15.5685%;\">125 %<\/td>\n<\/tr>\n<tr>\n<td style=\"width: 29.3517%;\">Selen<\/td>\n<td style=\"width: 18.925%;\">50 mcg<\/td>\n<td style=\"width: 15.5685%;\">91 %<\/td>\n<\/tr>\n<tr>\n<td style=\"width: 29.3517%;\">Bor<\/td>\n<td style=\"width: 18.925%;\">0,01 mg<\/td>\n<td style=\"width: 15.5685%;\">**<\/td>\n<\/tr>\n<tr>\n<td style=\"width: 29.3517%;\">Jodid<\/td>\n<td style=\"width: 18.925%;\">124 mcg<\/td>\n<td style=\"width: 15.5685%;\">83 %<\/td>\n<\/tr>\n<tr>\n<td style=\"width: 29.3517%;\">Vitamin C<\/td>\n<td style=\"width: 18.925%;\">100 mg<\/td>\n<td style=\"width: 15.5685%;\">125 %<\/td>\n<\/tr>\n<tr>\n<td style=\"width: 29.3517%;\">Tiamin (B1)<\/td>\n<td style=\"width: 18.925%;\">2 mg<\/td>\n<td style=\"width: 15.5685%;\">182 %<\/td>\n<\/tr>\n<tr>\n<td style=\"width: 29.3517%;\">Riboflavin (B2)<\/td>\n<td style=\"width: 18.925%;\">2 mg<\/td>\n<td style=\"width: 15.5685%;\">143 %<\/td>\n<\/tr>\n<tr>\n<td style=\"width: 29.3517%;\">Vitamin B6<\/td>\n<td style=\"width: 18.925%;\">2,4 mg<\/td>\n<td style=\"width: 15.5685%;\">171 %<\/td>\n<\/tr>\n<tr>\n<td style=\"width: 29.3517%;\">Vitamin B5<\/td>\n<td style=\"width: 18.925%;\">6 mg<\/td>\n<td style=\"width: 15.5685%;\">100 %<\/td>\n<\/tr>\n<tr>\n<td style=\"width: 29.3517%;\">Niacin (B3)<\/td>\n<td style=\"width: 18.925%;\">16 mg NE<\/td>\n<td style=\"width: 15.5685%;\">100 %<\/td>\n<\/tr>\n<tr>\n<td style=\"width: 29.3517%;\">Vitamin B12<\/td>\n<td style=\"width: 18.925%;\">5 mcg<\/td>\n<td style=\"width: 15.5685%;\">200 %<\/td>\n<\/tr>\n<tr>\n<td style=\"width: 29.3517%;\">Vitamin D<\/td>\n<td style=\"width: 18.925%;\">15 mcg<\/td>\n<td style=\"width: 15.5685%;\">300 %<\/td>\n<\/tr>\n<tr>\n<td style=\"width: 29.3517%;\">Folsyra<\/td>\n<td style=\"width: 18.925%;\">400 mcg<\/td>\n<td style=\"width: 15.5685%;\">200 %<\/td>\n<\/tr>\n<tr>\n<td style=\"width: 29.3517%;\">Ryskrot<\/td>\n<td style=\"width: 18.925%;\">80 mg<\/td>\n<td style=\"width: 15.5685%;\">**<\/td>\n<\/tr>\n<\/tbody>\n<\/table>\n<p><strong>*DRI<span style=\"color: black;\"> \u00e4r dagligt referensintag. <\/span><span style=\"color: black;\">**DRI ej fastst\u00e4llt.<\/span><\/strong><\/p>\n<p><strong>Ingredienser:<\/strong> \u00c4ppeljuice. Vatten. Stabiliseringsmedel (glycerol). Naturligt arom\u00e4mne. Samextrakt av v\u00e4xter: (J\u00e4rn\u00f6rt. N\u00e4ssla. Alfalfa. Bj\u00f6rkblad. \u00c5kerfr\u00e4ken. Kattmynta. Isop. Ringblomma. Rosmarin. Hagtorn. Nypon. R\u00f6lleka. Hibiscusblomma). Vitamin C. Extrakt av rysk rot. Extrakt av astragalus. Extrakt av ingef\u00e4ra. Natriumbensoat. (konserveringsmedel). Kaliumsorbat (konserveringsmedel). J\u00e4rn. Niacin. Extrakt av kvanne. Zink. Pantotensyra. Mangan. Vitamin B6. Tiamin. Riboflavin. Koppar. Folsyra. Jod. Molybdat. Selenit. Krom. Vitamin D. Bor. Vitamin B12.<\/p>\n<p><b><span style=\"color: black;\">F\u00f6rvaring: <\/span><\/b><span style=\"color: black;\">\u00d6ppnad flaska f\u00f6rvaras i kylsk\u00e5p och f\u00f6rbrukas inom 3 m\u00e5nader.<\/span><\/p>\n<p><span style=\"color: black;\">Rekommenderad daglig dos b\u00f6r ej \u00f6verskridas.<br \/>\nKosttillskott ers\u00e4tter inte en varierad kost.<br \/>\nProdukten f\u00f6rvaras o\u00e5tkomligt f\u00f6r sm\u00e5 barn.<\/span><\/p>\n","protected":false},"excerpt":{"rendered":"<p>V\u00e5r b\u00e4sts\u00e4ljare bland <strong>j\u00e4rntillskott<\/strong>. Denna j\u00e4rnsaft \u00e4r v\u00e4ldigt omtyckt och har det lilla extra. Referens fr\u00e5n flera n\u00f6jda kunder: Det g\u00e5r inte att j\u00e4mf\u00f6ra med andra j\u00e4rnsafter, den h\u00e4r \u00e4r s\u00e5 mycket b\u00e4ttre.<\/p>\n<p>Femineral, ett l\u00e4ttupptagligt j\u00e4rntillskott.<\/p>\n<p><strong>500 ml<\/strong><\/p>\n<p>&nbsp;<\/p>\n","protected":false},"featured_media":500102491,"comment_status":"open","ping_status":"closed","template":"","meta":{"_kad_blocks_custom_css":"","_kad_blocks_head_custom_js":"","_kad_blocks_body_custom_js":"","_kad_blocks_footer_custom_js":"","_kadence_starter_templates_imported_post":false,"_kad_post_transparent":"default","_kad_post_title":"","_kad_post_layout":"default","_kad_post_sidebar_id":"","_kad_post_content_style":"default","_kad_post_vertical_padding":"default","_kad_post_feature":"","_kad_post_feature_position":"","_kad_post_header":false,"_kad_post_footer":false,"_kad_post_classname":""},"product_brand":[],"product_cat":[176,349,281,2822,146,152,278,155],"product_tag":[1103,475,1104,1105,205,1106,1107,240,437,353,374,398,345,790,1108,1109,757,1110,1111,336,1112,1113,441,1114,1115,1116,1117,1118,1119,724,1120,1121,1122,1123,1124,1125,1126,866,1127,364,1128,1129,494,1130,496,221,497,1131,1132,369,618,1133,1134,164,1135,1136,347,229,1137,1138,1139,234,235,343],"class_list":{"0":"post-9572","1":"product","2":"type-product","3":"status-publish","4":"has-post-thumbnail","6":"product_cat-immunforsvar","7":"product_cat-jarn","8":"product_cat-mineraler","9":"product_cat-multi-produkter","10":"product_cat-stressad-och-trott","11":"product_cat-svenska-ortmedicinska-institutet","12":"product_cat-traning","13":"product_cat-vitaminer","14":"product_tag-adaptogena-orter","15":"product_tag-akerfraken","16":"product_tag-alfalfa","17":"product_tag-angelika","18":"product_tag-antioxidant","19":"product_tag-askorbinsyra","20":"product_tag-astragalus","21":"product_tag-b1-vitamin","22":"product_tag-b12-vitamin","23":"product_tag-b2-vitamin","24":"product_tag-b3-vitamin","25":"product_tag-b5-vitamin","26":"product_tag-b6-vitamin","27":"product_tag-balans","28":"product_tag-bjorkblad","29":"product_tag-bor","30":"product_tag-c-vitamin","31":"product_tag-citrus","32":"product_tag-cyanokobalamin","33":"product_tag-d-vitamin","34":"product_tag-energi","35":"product_tag-femineral","36":"product_tag-folsyra","37":"product_tag-graviditet","38":"product_tag-hagtorn","39":"product_tag-halsoorter","40":"product_tag-hibiscusblomma","41":"product_tag-ingefara","42":"product_tag-isop","43":"product_tag-jarn","44":"product_tag-jarn-tillskott","45":"product_tag-jarnort","46":"product_tag-jarnsaft","47":"product_tag-jarntillskott","48":"product_tag-jodid","49":"product_tag-kattmynta","50":"product_tag-koppar","51":"product_tag-krom","52":"product_tag-kvickrot","53":"product_tag-laga-blodvarden","54":"product_tag-magvanligt-jarn","55":"product_tag-mangan","56":"product_tag-mineraler","57":"product_tag-molybden","58":"product_tag-nassla","59":"product_tag-naturtillskott","60":"product_tag-niacin","61":"product_tag-nypon","62":"product_tag-pyridoxin","63":"product_tag-riboflavin","64":"product_tag-riklig-mens","65":"product_tag-ringblomma","66":"product_tag-rolleka","67":"product_tag-rosenrot","68":"product_tag-rosmarin","69":"product_tag-rysk-rot","70":"product_tag-selen","71":"product_tag-starka-immunforsvar","72":"product_tag-tiamin","73":"product_tag-tillskott-av-jarn","74":"product_tag-vid-stress","75":"product_tag-vitamin","76":"product_tag-vitaminer","77":"product_tag-zink","79":"first","80":"instock","81":"taxable","82":"shipping-taxable","83":"purchasable","84":"product-type-simple","85":"entry","86":"content-bg","87":"loop-entry"},"taxonomy_info":{"product_cat":[{"value":176,"label":"Immunf\u00f6rsvar"},{"value":349,"label":"J\u00e4rn"},{"value":281,"label":"Mineraler"},{"value":2822,"label":"Multi produkter"},{"value":146,"label":"Stressad &amp; Tr\u00f6tt"},{"value":152,"label":"Svenska \u00d6rtmedicinska Institutet"},{"value":278,"label":"Tr\u00e4ning"},{"value":155,"label":"Vitaminer"}],"product_tag":[{"value":1103,"label":"adaptogena \u00f6rter"},{"value":475,"label":"\u00e5kerfr\u00e4ken"},{"value":1104,"label":"Alfalfa"},{"value":1105,"label":"angelika"},{"value":205,"label":"antioxidant"},{"value":1106,"label":"askorbinsyra"},{"value":1107,"label":"astragalus"},{"value":240,"label":"b1 vitamin"},{"value":437,"label":"B12-vitamin"},{"value":353,"label":"b2 vitamin"},{"value":374,"label":"b3 vitamin"},{"value":398,"label":"b5 vitamin"},{"value":345,"label":"b6 vitamin"},{"value":790,"label":"balans"},{"value":1108,"label":"bj\u00f6rkblad"},{"value":1109,"label":"bor"},{"value":757,"label":"c vitamin"},{"value":1110,"label":"citrus"},{"value":1111,"label":"cyanokobalamin"},{"value":336,"label":"d vitamin"},{"value":1112,"label":"energi"},{"value":1113,"label":"Femineral"},{"value":441,"label":"folsyra"},{"value":1114,"label":"graviditet"},{"value":1115,"label":"hagtorn"},{"value":1116,"label":"h\u00e4lso\u00f6rter"},{"value":1117,"label":"hibiscusblomma"},{"value":1118,"label":"ingef\u00e4ra"},{"value":1119,"label":"isop"},{"value":724,"label":"j\u00e4rn"},{"value":1120,"label":"j\u00e4rn tillskott"},{"value":1121,"label":"j\u00e4rn\u00f6rt"},{"value":1122,"label":"j\u00e4rnsaft"},{"value":1123,"label":"j\u00e4rntillskott"},{"value":1124,"label":"jodid"},{"value":1125,"label":"kattmynta"},{"value":1126,"label":"koppar"},{"value":866,"label":"Krom"},{"value":1127,"label":"kvickrot"},{"value":364,"label":"l\u00e5ga blodv\u00e4rden"},{"value":1128,"label":"magv\u00e4nligt j\u00e4rn"},{"value":1129,"label":"Mangan"},{"value":494,"label":"Mineraler"},{"value":1130,"label":"Molybden"},{"value":496,"label":"n\u00e4ssla"},{"value":221,"label":"naturtillskott"},{"value":497,"label":"Niacin"},{"value":1131,"label":"nypon"},{"value":1132,"label":"pyridoxin"},{"value":369,"label":"riboflavin"},{"value":618,"label":"riklig mens"},{"value":1133,"label":"ringblomma"},{"value":1134,"label":"r\u00f6lleka"},{"value":164,"label":"rosenrot"},{"value":1135,"label":"rosmarin"},{"value":1136,"label":"rysk rot"},{"value":347,"label":"Selen"},{"value":229,"label":"st\u00e4rka immunf\u00f6rsvar"},{"value":1137,"label":"Tiamin"},{"value":1138,"label":"tillskott av j\u00e4rn"},{"value":1139,"label":"vid stress"},{"value":234,"label":"vitamin"},{"value":235,"label":"vitaminer"},{"value":343,"label":"Zink"}]},"featured_image_src_large":["https:\/\/vitaminbutiken.com\/wp-content\/uploads\/2025\/03\/white-Photoroom-5-e1756895078409.png",604,630,false],"author_info":[],"comment_info":0,"_links":{"self":[{"href":"https:\/\/vitaminbutiken.com\/en\/wp-json\/wp\/v2\/product\/9572","targetHints":{"allow":["GET"]}}],"collection":[{"href":"https:\/\/vitaminbutiken.com\/en\/wp-json\/wp\/v2\/product"}],"about":[{"href":"https:\/\/vitaminbutiken.com\/en\/wp-json\/wp\/v2\/types\/product"}],"replies":[{"embeddable":true,"href":"https:\/\/vitaminbutiken.com\/en\/wp-json\/wp\/v2\/comments?post=9572"}],"wp:featuredmedia":[{"embeddable":true,"href":"https:\/\/vitaminbutiken.com\/en\/wp-json\/wp\/v2\/media\/500102491"}],"wp:attachment":[{"href":"https:\/\/vitaminbutiken.com\/en\/wp-json\/wp\/v2\/media?parent=9572"}],"wp:term":[{"taxonomy":"product_brand","embeddable":true,"href":"https:\/\/vitaminbutiken.com\/en\/wp-json\/wp\/v2\/product_brand?post=9572"},{"taxonomy":"product_cat","embeddable":true,"href":"https:\/\/vitaminbutiken.com\/en\/wp-json\/wp\/v2\/product_cat?post=9572"},{"taxonomy":"product_tag","embeddable":true,"href":"https:\/\/vitaminbutiken.com\/en\/wp-json\/wp\/v2\/product_tag?post=9572"}],"curies":[{"name":"wp","href":"https:\/\/api.w.org\/{rel}","templated":true}]}}