{"id":9567,"date":"2025-03-19T16:01:57","date_gmt":"2025-03-19T14:01:57","guid":{"rendered":"https:\/\/vitaminbutiken.multi.fi\/?post_type=product&#038;p=9567"},"modified":"2026-04-06T21:16:01","modified_gmt":"2026-04-06T19:16:01","slug":"spirulina","status":"publish","type":"product","link":"https:\/\/vitaminbutiken.com\/en\/produkt\/spirulina\/","title":{"rendered":"Spirulina, 120 tab"},"content":{"rendered":"<p><strong>Spirulina<\/strong> &#8211; S\u00f6tvattenalg<\/p>\n<p>Spirulina \u00e4r en spiralformad bl\u00e5gr\u00f6n havsalg. Spirulina \u00e4r det vetenskapliga namnet p\u00e5 ett sl\u00e4kte \u00e4tbara, tr\u00e5dbildande, spiralformande cyanobakterier, formellt klassificerade som bl\u00e5-gr\u00f6na mikroalger.<\/p>\n<p>Den inneh\u00e5ller den mest komplexa blandningen av n\u00e4rings\u00e4mnen i naturen. Spirulina \u00e4r v\u00e4ldigt klorofyllrik, vilket medf\u00f6r att den l\u00e4mpar sig mycket v\u00e4l f\u00f6r perioder av rening.<\/p>\n<p><strong>Dosering: <\/strong>4\u00a0tabletter per dag.<\/p>\n<table style=\"height: 80px;\" border=\"1\" width=\"600\" cellspacing=\"0\" cellpadding=\"0\">\n<tbody>\n<tr>\n<td style=\"width: 6.21471%;\"><strong>4 tabletter inneh\u00e5ller:<\/strong><\/td>\n<td style=\"width: 13.7655%;\"><strong>M\u00e4ngd<\/strong><\/td>\n<td style=\"width: 13.7655%;\"><strong>%DRI*<\/strong><\/td>\n<\/tr>\n<tr>\n<td style=\"width: 6.21471%;\">Spirulina<\/td>\n<td style=\"width: 13.7655%;\">500 mg<\/td>\n<td style=\"width: 13.7655%;\"><strong>**<\/strong><\/td>\n<\/tr>\n<\/tbody>\n<\/table>\n<p><strong>**DRI (dagligt referensintag) ej fastst\u00e4llt.<\/strong><\/p>\n<p><strong>Ingredienser:<\/strong> Spirulina, tabletthj\u00e4lpmedel (mikrokristallin cellulosa, magnesiumsalter av fettsyror).<\/p>\n<p>Rekommenderad daglig dos b\u00f6r ej \u00f6verskridas.<br \/>\nKosttillskott ers\u00e4tter inte en varierad kost.<br \/>\nProdukter f\u00f6rvaras o\u00e5tkomligt f\u00f6r sm\u00e5barn.<\/p>\n","protected":false},"excerpt":{"rendered":"<p>Spirulina \u00e4r klorofyllrik, d\u00e4rf\u00f6r l\u00e4mpar den sig mycket v\u00e4l f\u00f6r perioder av rening. Den har f\u00f6rm\u00e5gan att rensa gifter och slaggprodukter ur inre organ.<\/p>\n<p><strong>120 tabletter<\/strong><\/p>\n","protected":false},"featured_media":500103748,"comment_status":"open","ping_status":"closed","template":"","meta":{"_kad_blocks_custom_css":"","_kad_blocks_head_custom_js":"","_kad_blocks_body_custom_js":"","_kad_blocks_footer_custom_js":"","_kadence_starter_templates_imported_post":false,"_kad_post_transparent":"default","_kad_post_title":"","_kad_post_layout":"default","_kad_post_sidebar_id":"","_kad_post_content_style":"default","_kad_post_vertical_padding":"default","_kad_post_feature":"","_kad_post_feature_position":"","_kad_post_header":false,"_kad_post_footer":false,"_kad_post_classname":""},"product_brand":[],"product_cat":[2807,149,1307],"product_tag":[1101],"class_list":{"0":"post-9567","1":"product","2":"type-product","3":"status-publish","4":"has-post-thumbnail","6":"product_cat-alger","7":"product_cat-orter","8":"product_cat-synergos","9":"product_tag-spirulina","11":"first","12":"instock","13":"taxable","14":"shipping-taxable","15":"purchasable","16":"product-type-simple","17":"entry","18":"content-bg","19":"loop-entry"},"taxonomy_info":{"product_cat":[{"value":2807,"label":"Alger"},{"value":149,"label":"\u00d6rter"},{"value":1307,"label":"Synergos"}],"product_tag":[{"value":1101,"label":"Spirulina"}]},"featured_image_src_large":["https:\/\/vitaminbutiken.com\/wp-content\/uploads\/2025\/03\/401-Spirulina-Photoroom-e1771312215352-810x700.png",810,700,true],"author_info":[],"comment_info":0,"_links":{"self":[{"href":"https:\/\/vitaminbutiken.com\/en\/wp-json\/wp\/v2\/product\/9567","targetHints":{"allow":["GET"]}}],"collection":[{"href":"https:\/\/vitaminbutiken.com\/en\/wp-json\/wp\/v2\/product"}],"about":[{"href":"https:\/\/vitaminbutiken.com\/en\/wp-json\/wp\/v2\/types\/product"}],"replies":[{"embeddable":true,"href":"https:\/\/vitaminbutiken.com\/en\/wp-json\/wp\/v2\/comments?post=9567"}],"wp:featuredmedia":[{"embeddable":true,"href":"https:\/\/vitaminbutiken.com\/en\/wp-json\/wp\/v2\/media\/500103748"}],"wp:attachment":[{"href":"https:\/\/vitaminbutiken.com\/en\/wp-json\/wp\/v2\/media?parent=9567"}],"wp:term":[{"taxonomy":"product_brand","embeddable":true,"href":"https:\/\/vitaminbutiken.com\/en\/wp-json\/wp\/v2\/product_brand?post=9567"},{"taxonomy":"product_cat","embeddable":true,"href":"https:\/\/vitaminbutiken.com\/en\/wp-json\/wp\/v2\/product_cat?post=9567"},{"taxonomy":"product_tag","embeddable":true,"href":"https:\/\/vitaminbutiken.com\/en\/wp-json\/wp\/v2\/product_tag?post=9567"}],"curies":[{"name":"wp","href":"https:\/\/api.w.org\/{rel}","templated":true}]}}