{"id":9565,"date":"2025-03-19T16:01:57","date_gmt":"2025-03-19T14:01:57","guid":{"rendered":"https:\/\/vitaminbutiken.multi.fi\/?post_type=product&#038;p=9565"},"modified":"2026-04-08T22:46:19","modified_gmt":"2026-04-08T20:46:19","slug":"pinus-pinaster-pycnogenol","status":"publish","type":"product","link":"https:\/\/vitaminbutiken.com\/en\/produkt\/pinus-pinaster-pycnogenol\/","title":{"rendered":"Pinus Pinaster, Extrakt av tallbark"},"content":{"rendered":"<p><strong>Pinus Pinaster &#8211; pycnogenol<\/strong>, kommer fr\u00e5n extrakt av tallbark (terpentintall eller medelhavstall).<\/p>\n<p>Barken fr\u00e5n pinus pinaster \u00e4r en v\u00e4ldigt rik k\u00e4lla av flavonoider, katekiner, proantocyanidiner och fenolsyror.<\/p>\n<p><strong>Dosering:\u00a0<\/strong>2 kapslar per dag.<\/p>\n<table style=\"height: 80px;\" border=\"1\" width=\"600\" cellspacing=\"0\" cellpadding=\"0\">\n<tbody>\n<tr>\n<td style=\"width: 29.9266%;\"><strong>2 kapslar inneh\u00e5ller<\/strong><\/td>\n<td style=\"width: 13.4012%;\"><strong>M\u00e4ngd<\/strong><\/td>\n<td style=\"width: 13.4012%;\"><b>%DRI*<\/b><\/td>\n<\/tr>\n<tr>\n<td style=\"width: 29.9266%;\">Tallbarksextrakt, som ger 95 % Pinus Pinaster<\/td>\n<td style=\"width: 13.4012%;\">200 mg<\/td>\n<td style=\"width: 13.4012%;\"><strong>**<\/strong><\/td>\n<\/tr>\n<\/tbody>\n<\/table>\n<p><strong>**DRI (dagligt referensintag) ej fastst\u00e4llt.<\/strong><\/p>\n<p><strong>Ingredienser:<\/strong> Extrakt av tallbark (95 % Pinus Pinaster), fyllnadsmedel (cikoriarot extrakt), kapsel (hydroxipropylmetylcellulosa).<\/p>\n<p>Rekommenderad daglig dos b\u00f6r ej \u00f6verskridas.<br \/>\nKosttillskott ers\u00e4tter inte en varierad kost.<br \/>\nProdukter f\u00f6rvaras o\u00e5tkomligt f\u00f6r sm\u00e5barn.<\/p>\n","protected":false},"excerpt":{"rendered":"<p>Pinus Pinaster, Extrakt av tallbark.<\/p>\n<p><strong>60 kapslar<\/strong><\/p>\n<p>&nbsp;<\/p>\n","protected":false},"featured_media":500103799,"comment_status":"open","ping_status":"closed","template":"","meta":{"_kad_blocks_custom_css":"","_kad_blocks_head_custom_js":"","_kad_blocks_body_custom_js":"","_kad_blocks_footer_custom_js":"","_kadence_starter_templates_imported_post":false,"_kad_post_transparent":"default","_kad_post_title":"","_kad_post_layout":"default","_kad_post_sidebar_id":"","_kad_post_content_style":"default","_kad_post_vertical_padding":"default","_kad_post_feature":"","_kad_post_feature_position":"","_kad_post_header":false,"_kad_post_footer":false,"_kad_post_classname":""},"product_brand":[],"product_cat":[176,149,1307],"product_tag":[1099],"class_list":{"0":"post-9565","1":"product","2":"type-product","3":"status-publish","4":"has-post-thumbnail","6":"product_cat-immunforsvar","7":"product_cat-orter","8":"product_cat-synergos","9":"product_tag-pinus-pinaster","11":"first","12":"instock","13":"taxable","14":"shipping-taxable","15":"purchasable","16":"product-type-simple","17":"entry","18":"content-bg","19":"loop-entry"},"taxonomy_info":{"product_cat":[{"value":176,"label":"Immunf\u00f6rsvar"},{"value":149,"label":"\u00d6rter"},{"value":1307,"label":"Synergos"}],"product_tag":[{"value":1099,"label":"Pinus Pinaster"}]},"featured_image_src_large":["https:\/\/vitaminbutiken.com\/wp-content\/uploads\/2025\/03\/468-Pinus-Pinaster-Photoroom-e1771327632213-737x700.png",737,700,true],"author_info":[],"comment_info":0,"_links":{"self":[{"href":"https:\/\/vitaminbutiken.com\/en\/wp-json\/wp\/v2\/product\/9565","targetHints":{"allow":["GET"]}}],"collection":[{"href":"https:\/\/vitaminbutiken.com\/en\/wp-json\/wp\/v2\/product"}],"about":[{"href":"https:\/\/vitaminbutiken.com\/en\/wp-json\/wp\/v2\/types\/product"}],"replies":[{"embeddable":true,"href":"https:\/\/vitaminbutiken.com\/en\/wp-json\/wp\/v2\/comments?post=9565"}],"wp:featuredmedia":[{"embeddable":true,"href":"https:\/\/vitaminbutiken.com\/en\/wp-json\/wp\/v2\/media\/500103799"}],"wp:attachment":[{"href":"https:\/\/vitaminbutiken.com\/en\/wp-json\/wp\/v2\/media?parent=9565"}],"wp:term":[{"taxonomy":"product_brand","embeddable":true,"href":"https:\/\/vitaminbutiken.com\/en\/wp-json\/wp\/v2\/product_brand?post=9565"},{"taxonomy":"product_cat","embeddable":true,"href":"https:\/\/vitaminbutiken.com\/en\/wp-json\/wp\/v2\/product_cat?post=9565"},{"taxonomy":"product_tag","embeddable":true,"href":"https:\/\/vitaminbutiken.com\/en\/wp-json\/wp\/v2\/product_tag?post=9565"}],"curies":[{"name":"wp","href":"https:\/\/api.w.org\/{rel}","templated":true}]}}