{"id":9558,"date":"2025-03-19T16:01:32","date_gmt":"2025-03-19T14:01:32","guid":{"rendered":"https:\/\/vitaminbutiken.multi.fi\/?post_type=product&#038;p=9558"},"modified":"2026-04-02T11:49:38","modified_gmt":"2026-04-02T09:49:38","slug":"solidago-complex","status":"publish","type":"product","link":"https:\/\/vitaminbutiken.com\/en\/produkt\/solidago-complex\/","title":{"rendered":"Solidago Complex"},"content":{"rendered":"<p><strong>Solidago Complex med br\u00e4nn\u00e4ssla och bj\u00f6rkblad<\/strong><\/p>\n<p>Gullris (Solidago virgaurea) \u00e4r en \u00f6rt med gula blommor. Gullris f\u00f6rekommer rikligt p\u00e5 m\u00e5nga olika v\u00e4xtplatser i hela Norden. Gullris har en l\u00e5ngvarig och v\u00e4ldokumenterad historia som h\u00e4lsobringande \u00f6rt.<\/p>\n<p>Bj\u00f6rkar \u00e4r en allm\u00e4n ben\u00e4mning p\u00e5 bj\u00f6rksl\u00e4ktet (Betula). De nysk\u00f6rdade bj\u00f6rkbladen inneh\u00e5ller omfattande m\u00e4ngder av h\u00e4lsobringande n\u00e4rings\u00e4mnen och fytokemikalier.<\/p>\n<p>Br\u00e4nn\u00e4ssla, Urtica Dioica, \u00e4r en m\u00e5ngsidig nyttov\u00e4xt. Den har en h\u00f6g klorofyllhalt (60%) vilket ger den intressanta h\u00e4lsobringande egenskaper. F\u00f6rutom klorofyll inneh\u00e5ller br\u00e4nn\u00e4ssla bioflavonoider, vitamin K, vitamin C, j\u00e4rn, kolin, magnesium, kalium och kisel.<\/p>\n<p><strong>Dosering: <\/strong>1 kapsel 2 g\u00e5nger per dag<\/p>\n<table style=\"height: 80px;\" border=\"1\" width=\"600\" cellspacing=\"0\" cellpadding=\"0\">\n<tbody>\n<tr>\n<td style=\"width: 37.4214%;\"><b>2 kapslar inneh\u00e5ller:<\/b><\/td>\n<td style=\"width: 30.2935%;\"><strong>M\u00e4ngd<\/strong><\/td>\n<td style=\"width: 30.2935%;\"><strong>%DRI*<\/strong><\/td>\n<\/tr>\n<tr>\n<td style=\"width: 37.4214%;\">Solidago (solidago decccurrens)<\/td>\n<td style=\"width: 30.2935%;\">400 mg<\/td>\n<td style=\"width: 30.2935%;\"><strong>**<\/strong><\/td>\n<\/tr>\n<tr>\n<td style=\"width: 37.4214%;\">Br\u00e4nn\u00e4ssla<\/td>\n<td style=\"width: 30.2935%;\">200 mg<\/td>\n<td style=\"width: 30.2935%;\"><strong>**<\/strong><\/td>\n<\/tr>\n<tr>\n<td style=\"width: 37.4214%;\">Bj\u00f6rkblad<\/td>\n<td style=\"width: 30.2935%;\">200 mg<\/td>\n<td style=\"width: 30.2935%;\"><strong>**<\/strong><\/td>\n<\/tr>\n<\/tbody>\n<\/table>\n<p><strong>**DRI (dagligt referensintag) ej fastst\u00e4llt.<\/strong><\/p>\n<p><strong>Ingredienser:<\/strong> Stabiliseringsmedel (mikrokristallin cellulosa), solidago pulver (solidago decurrens), solidago extrakt (solidago decurrens), br\u00e4nn\u00e4sselextrakt (urtica dioica), bj\u00f6rkblad extract (betula alba), ytbehandlingsmedel (vegetabiliska natriumsalter av fettsyror).<\/p>\n<p>Rekommenderad daglig dos b\u00f6r ej \u00f6verskridas.<br \/>\nKosttillskott ers\u00e4tter inte en varierad kost.<br \/>\nProdukter f\u00f6rvaras o\u00e5tkomligt f\u00f6r sm\u00e5barn.<\/p>\n<p>&nbsp;<\/p>\n","protected":false},"excerpt":{"rendered":"<ul>\n<li><strong>Gullris (Solidago virgaurea)<\/strong><\/li>\n<li><strong>Bj\u00f6rkblad (Betula)<\/strong><\/li>\n<li><strong>Br\u00e4nn\u00e4ssla (Urtica Dioica)<\/strong><\/li>\n<\/ul>\n<p><strong>60 kapslar<\/strong><\/p>\n","protected":false},"featured_media":500103298,"comment_status":"open","ping_status":"closed","template":"","meta":{"_kad_blocks_custom_css":"","_kad_blocks_head_custom_js":"","_kad_blocks_body_custom_js":"","_kad_blocks_footer_custom_js":"","_kadence_starter_templates_imported_post":false,"_kad_post_transparent":"default","_kad_post_title":"","_kad_post_layout":"default","_kad_post_sidebar_id":"","_kad_post_content_style":"default","_kad_post_vertical_padding":"default","_kad_post_feature":"","_kad_post_feature_position":"","_kad_post_header":false,"_kad_post_footer":false,"_kad_post_classname":""},"product_brand":[],"product_cat":[198,149,1307],"product_tag":[834],"class_list":{"0":"post-9558","1":"product","2":"type-product","3":"status-publish","4":"has-post-thumbnail","6":"product_cat-lever-och-njurar","7":"product_cat-orter","8":"product_cat-synergos","9":"product_tag-uvimax-plus","11":"first","12":"instock","13":"taxable","14":"shipping-taxable","15":"purchasable","16":"product-type-simple","17":"entry","18":"content-bg","19":"loop-entry"},"taxonomy_info":{"product_cat":[{"value":198,"label":"Lever &amp; Njurar"},{"value":149,"label":"\u00d6rter"},{"value":1307,"label":"Synergos"}],"product_tag":[{"value":834,"label":"Uvimax plus"}]},"featured_image_src_large":["https:\/\/vitaminbutiken.com\/wp-content\/uploads\/2025\/03\/433-B-Solidago-Complex-Photoroom-e1768394898653-1067x700.png",1067,700,true],"author_info":[],"comment_info":0,"_links":{"self":[{"href":"https:\/\/vitaminbutiken.com\/en\/wp-json\/wp\/v2\/product\/9558","targetHints":{"allow":["GET"]}}],"collection":[{"href":"https:\/\/vitaminbutiken.com\/en\/wp-json\/wp\/v2\/product"}],"about":[{"href":"https:\/\/vitaminbutiken.com\/en\/wp-json\/wp\/v2\/types\/product"}],"replies":[{"embeddable":true,"href":"https:\/\/vitaminbutiken.com\/en\/wp-json\/wp\/v2\/comments?post=9558"}],"wp:featuredmedia":[{"embeddable":true,"href":"https:\/\/vitaminbutiken.com\/en\/wp-json\/wp\/v2\/media\/500103298"}],"wp:attachment":[{"href":"https:\/\/vitaminbutiken.com\/en\/wp-json\/wp\/v2\/media?parent=9558"}],"wp:term":[{"taxonomy":"product_brand","embeddable":true,"href":"https:\/\/vitaminbutiken.com\/en\/wp-json\/wp\/v2\/product_brand?post=9558"},{"taxonomy":"product_cat","embeddable":true,"href":"https:\/\/vitaminbutiken.com\/en\/wp-json\/wp\/v2\/product_cat?post=9558"},{"taxonomy":"product_tag","embeddable":true,"href":"https:\/\/vitaminbutiken.com\/en\/wp-json\/wp\/v2\/product_tag?post=9558"}],"curies":[{"name":"wp","href":"https:\/\/api.w.org\/{rel}","templated":true}]}}