{"id":9556,"date":"2025-03-19T16:01:31","date_gmt":"2025-03-19T14:01:31","guid":{"rendered":"https:\/\/vitaminbutiken.multi.fi\/?post_type=product&#038;p=9556"},"modified":"2026-04-10T09:31:09","modified_gmt":"2026-04-10T07:31:09","slug":"jod-lugols-losning","status":"publish","type":"product","link":"https:\/\/vitaminbutiken.com\/en\/produkt\/jod-lugols-losning\/","title":{"rendered":"Lugols l\u00f6sning, kaliumjodid 50ml"},"content":{"rendered":"<p><strong>Jod &#8211; Lugols l\u00f6sning<\/strong><\/p>\n<p>Jod \u00e4r ett icke-metalliskt grund\u00e4mne som tillh\u00f6r gruppen halogener.<br \/>\nKaliumjodid \u00e4r en jonf\u00f6rening av kalium och jod med formeln KI.<br \/>\nJod \u00e4r ocks\u00e5 ett livsn\u00f6dv\u00e4ndigt n\u00e4rings\u00e4mne.<\/p>\n<p><strong>OBS! Produkten inneh\u00e5ller en separat pipett som anv\u00e4nds f\u00f6r att dosera l\u00f6sningen. Anv\u00e4nd dock inte pipetten som kork efter att produkten har \u00f6ppnats.<\/p>\n<p>Jod bidrar till:<\/strong><\/p>\n<ul>\n<li>normal kognitiv funktion<\/li>\n<li>normal energioms\u00e4ttning<\/li>\n<li>nervsystemets normala funktion<\/li>\n<li>att bibeh\u00e5lla normal hud<\/li>\n<li>normal produktion av sk\u00f6ldk\u00f6rtelhormoner och till normal sk\u00f6ldk\u00f6rtelfunktion<\/li>\n<\/ul>\n<p><strong>Dosering:<\/strong> 1 droppe per dag i ett glas vatten eller enligt rekommendation.<\/p>\n<table style=\"height: 80px;\" border=\"1\" width=\"600\" cellspacing=\"0\" cellpadding=\"0\">\n<tbody>\n<tr>\n<td style=\"width: 16.0377%;\"><strong>1 droppe ger:<\/strong><\/td>\n<td style=\"width: 13.1027%;\"><strong>M\u00e4ngd<\/strong><\/td>\n<td style=\"width: 13.6268%;\"><strong>*DRI%<\/strong><\/td>\n<\/tr>\n<tr>\n<td style=\"width: 16.0377%;\">Kaliumjodid<\/td>\n<td style=\"width: 13.1027%;\">5 mg<\/td>\n<td style=\"width: 13.6268%;\">5 000 %<\/td>\n<\/tr>\n<tr>\n<td style=\"width: 16.0377%;\">Jod<\/td>\n<td style=\"width: 13.1027%;\">2,5 mg<\/td>\n<td style=\"width: 13.6268%;\">1 666 %<\/td>\n<\/tr>\n<\/tbody>\n<\/table>\n<p><strong>*DRI \u00e4r dagligt referensintag.<\/strong><\/p>\n<p><strong>Ingredienser:<\/strong> Kaliumjodid, jod, destillerat vatten.<\/p>\n<p>Rekommenderad daglig dos b\u00f6r ej \u00f6verskridas.<br \/>\nKosttillskott ers\u00e4tter inte en varierad kost.<br \/>\nProdukten f\u00f6rvaras o\u00e5tkomligt f\u00f6r sm\u00e5 barn<\/p>\n","protected":false},"excerpt":{"rendered":"<p>Lugolsl\u00f6sning &#8211; Kaliumjodid f\u00f6r din sk\u00f6ldk\u00f6rtel<\/p>\n<p><strong>50 ml<\/strong><\/p>\n","protected":false},"featured_media":500103485,"comment_status":"open","ping_status":"closed","template":"","meta":{"_kad_blocks_custom_css":"","_kad_blocks_head_custom_js":"","_kad_blocks_body_custom_js":"","_kad_blocks_footer_custom_js":"","_kadence_starter_templates_imported_post":false,"_kad_post_transparent":"default","_kad_post_title":"","_kad_post_layout":"default","_kad_post_sidebar_id":"","_kad_post_content_style":"default","_kad_post_vertical_padding":"default","_kad_post_feature":"","_kad_post_feature_position":"","_kad_post_header":false,"_kad_post_footer":false,"_kad_post_classname":""},"product_brand":[],"product_cat":[2811,281,1307],"product_tag":[1096,1097],"class_list":{"0":"post-9556","1":"product","2":"type-product","3":"status-publish","4":"has-post-thumbnail","6":"product_cat-jod","7":"product_cat-mineraler","8":"product_cat-synergos","9":"product_tag-jod","10":"product_tag-lugols-losning","12":"first","13":"instock","14":"taxable","15":"shipping-taxable","16":"purchasable","17":"product-type-simple","18":"entry","19":"content-bg","20":"loop-entry"},"taxonomy_info":{"product_cat":[{"value":2811,"label":"Jod"},{"value":281,"label":"Mineraler"},{"value":1307,"label":"Synergos"}],"product_tag":[{"value":1096,"label":"Jod"},{"value":1097,"label":"Lugols l\u00f6sning"}]},"featured_image_src_large":["https:\/\/vitaminbutiken.com\/wp-content\/uploads\/2025\/03\/226-lugols-losning-Photoroom-e1769591216864-1023x700.png",1023,700,true],"author_info":[],"comment_info":0,"_links":{"self":[{"href":"https:\/\/vitaminbutiken.com\/en\/wp-json\/wp\/v2\/product\/9556","targetHints":{"allow":["GET"]}}],"collection":[{"href":"https:\/\/vitaminbutiken.com\/en\/wp-json\/wp\/v2\/product"}],"about":[{"href":"https:\/\/vitaminbutiken.com\/en\/wp-json\/wp\/v2\/types\/product"}],"replies":[{"embeddable":true,"href":"https:\/\/vitaminbutiken.com\/en\/wp-json\/wp\/v2\/comments?post=9556"}],"wp:featuredmedia":[{"embeddable":true,"href":"https:\/\/vitaminbutiken.com\/en\/wp-json\/wp\/v2\/media\/500103485"}],"wp:attachment":[{"href":"https:\/\/vitaminbutiken.com\/en\/wp-json\/wp\/v2\/media?parent=9556"}],"wp:term":[{"taxonomy":"product_brand","embeddable":true,"href":"https:\/\/vitaminbutiken.com\/en\/wp-json\/wp\/v2\/product_brand?post=9556"},{"taxonomy":"product_cat","embeddable":true,"href":"https:\/\/vitaminbutiken.com\/en\/wp-json\/wp\/v2\/product_cat?post=9556"},{"taxonomy":"product_tag","embeddable":true,"href":"https:\/\/vitaminbutiken.com\/en\/wp-json\/wp\/v2\/product_tag?post=9556"}],"curies":[{"name":"wp","href":"https:\/\/api.w.org\/{rel}","templated":true}]}}