{"id":9549,"date":"2025-03-19T16:01:07","date_gmt":"2025-03-19T14:01:07","guid":{"rendered":"https:\/\/vitaminbutiken.multi.fi\/?post_type=product&#038;p=9549"},"modified":"2026-04-08T18:36:10","modified_gmt":"2026-04-08T16:36:10","slug":"b1-tiamin-enkelmedel","status":"publish","type":"product","link":"https:\/\/vitaminbutiken.com\/en\/produkt\/b1-tiamin-enkelmedel\/","title":{"rendered":"Vitamin B1, Tiamin"},"content":{"rendered":"<p><strong>B1, Tiamin enkelmedel<\/strong><\/p>\n<p>Tiamin (svavelhaltigt vitamin) \u00e4r ett vattenl\u00f6sligt vitamin. Det \u00e4r inblandad i m\u00e5nga cellul\u00e4ra processer.<\/p>\n<p><strong>Tiamin bidrar till:<\/strong><\/p>\n<ul>\n<li>normal energioms\u00e4ttning<\/li>\n<li>nervsystemets normala funktion<\/li>\n<li>normal psykologisk funktion<\/li>\n<li>normal hj\u00e4rtfunktion<\/li>\n<\/ul>\n<p>Kroppen beh\u00f6ver vitamin B1 f\u00f6r \u00e4mnesoms\u00e4ttningen av kolhydrater, vissa muskel- och nervfunktioner samt f\u00f6r kroppens energiproduktion.<\/p>\n<p><strong>Dosering:<\/strong> 1 kapsel 2 g\u00e5nger per dag.<\/p>\n<table style=\"height: 80px;\" border=\"1\" width=\"600\" cellspacing=\"0\" cellpadding=\"0\">\n<tbody>\n<tr>\n<td style=\"width: 9.57775%;\" width=\"84\"><strong>2 kapslar inneh\u00e5ller<\/strong><\/td>\n<td style=\"width: 11.3285%;\" width=\"45\"><strong>M\u00e4ngd<\/strong><\/td>\n<td style=\"width: 16.8168%;\" width=\"49\"><strong>%DRI*<\/strong><\/td>\n<\/tr>\n<tr>\n<td style=\"width: 9.57775%;\" width=\"84\">Tiamin<\/td>\n<td style=\"width: 11.3285%;\" width=\"45\">500 mg<\/td>\n<td style=\"width: 16.8168%;\" width=\"49\">45 454 %<\/td>\n<\/tr>\n<\/tbody>\n<\/table>\n<p><strong>*DRI \u00e4r dagligt referensintag.<\/strong><\/p>\n<p><strong>Ingredienser:<\/strong> Vitamin B1 (tiamin mononitrat), fyllnadsmedel (rispulver), klumpf\u00f6rebyggande medel (magnesiumsalter av fettsyror, kiseldioxid), kapsel (hydroxipropylmetylcellulosa).<\/p>\n<p>Rekommenderad daglig dos b\u00f6r ej \u00f6verskridas.<br \/>\nKosttillskott ers\u00e4tter inte en varierad kost.<br \/>\nProdukter f\u00f6rvaras o\u00e5tkomligt f\u00f6r sm\u00e5barn.<\/p>\n","protected":false},"excerpt":{"rendered":"<p>Vitamin B1 f\u00f6r \u00e4mnesoms\u00e4ttningen av kolhydrater, vissa muskel- och nervfunktioner samt f\u00f6r kroppens energiproduktion.<\/p>\n<p><strong>60 kapslar<\/strong><\/p>\n","protected":false},"featured_media":500103385,"comment_status":"closed","ping_status":"closed","template":"","meta":{"_kad_blocks_custom_css":"","_kad_blocks_head_custom_js":"","_kad_blocks_body_custom_js":"","_kad_blocks_footer_custom_js":"","_kadence_starter_templates_imported_post":false,"_kad_post_transparent":"default","_kad_post_title":"","_kad_post_layout":"default","_kad_post_sidebar_id":"","_kad_post_content_style":"default","_kad_post_vertical_padding":"default","_kad_post_feature":"","_kad_post_feature_position":"","_kad_post_header":false,"_kad_post_footer":false,"_kad_post_classname":""},"product_brand":[],"product_cat":[348,1293,155],"product_tag":[236,237,179,238,205,239,240,241,242,243,244,245,246,247,248,249,250,251,252,253,254,255,256,221,224,257,258,259,260,261,262,263,229,265,234,235],"class_list":{"0":"post-9549","1":"product","2":"type-product","3":"status-publish","4":"has-post-thumbnail","6":"product_cat-b-vitamin","7":"product_cat-evp-nutrition","8":"product_cat-vitaminer","9":"product_tag-aksjuka","10":"product_tag-alkoholism","11":"product_tag-alzheimers","12":"product_tag-ansiktsforlamning","13":"product_tag-antioxidant","14":"product_tag-b-vitamin","15":"product_tag-b1-vitamin","16":"product_tag-beriberi","17":"product_tag-blyforgiftning","18":"product_tag-dalig-matlust","19":"product_tag-dalig-muskeltonus","20":"product_tag-fostertillvaxt","21":"product_tag-fysisk-utmattning","22":"product_tag-glaukom","23":"product_tag-hjartsvikt","24":"product_tag-hypertyreos","25":"product_tag-kalla-fotter","26":"product_tag-kalla-hander","27":"product_tag-kanslobortfall-fingrar","28":"product_tag-kronisk-trotthet","29":"product_tag-mensvark","30":"product_tag-muskelsvaghet","31":"product_tag-mygg","32":"product_tag-naturtillskott","33":"product_tag-nedsatt-synformaga","34":"product_tag-neurodegeneration","35":"product_tag-optikusneurit","36":"product_tag-perifer-neuropati","37":"product_tag-polyneuropati","38":"product_tag-problem-med-minnet","39":"product_tag-psykisk-utmattning","40":"product_tag-sjosjuka","41":"product_tag-starka-immunforsvar","42":"product_tag-tiamin-enkelmedel","43":"product_tag-vitamin","44":"product_tag-vitaminer","46":"first","47":"instock","48":"taxable","49":"shipping-taxable","50":"purchasable","51":"product-type-simple","52":"entry","53":"content-bg","54":"loop-entry"},"taxonomy_info":{"product_cat":[{"value":348,"label":"B-vitamin"},{"value":1293,"label":"EVP Nutrition"},{"value":155,"label":"Vitaminer"}],"product_tag":[{"value":236,"label":"\u00e5ksjuka"},{"value":237,"label":"alkoholism"},{"value":179,"label":"alzheimers"},{"value":238,"label":"ansiktsf\u00f6rlamning"},{"value":205,"label":"antioxidant"},{"value":239,"label":"b vitamin"},{"value":240,"label":"b1 vitamin"},{"value":241,"label":"beriberi"},{"value":242,"label":"blyf\u00f6rgiftning"},{"value":243,"label":"d\u00e5lig matlust"},{"value":244,"label":"d\u00e5lig muskeltonus"},{"value":245,"label":"fostertillv\u00e4xt"},{"value":246,"label":"fysisk utmattning"},{"value":247,"label":"glaukom"},{"value":248,"label":"hj\u00e4rtsvikt"},{"value":249,"label":"hypertyreos"},{"value":250,"label":"kalla f\u00f6tter"},{"value":251,"label":"kalla h\u00e4nder"},{"value":252,"label":"k\u00e4nslobortfall fingrar"},{"value":253,"label":"kronisk tr\u00f6tthet"},{"value":254,"label":"mensv\u00e4rk"},{"value":255,"label":"muskelsvaghet"},{"value":256,"label":"mygg"},{"value":221,"label":"naturtillskott"},{"value":224,"label":"nedsatt synf\u00f6rm\u00e5ga"},{"value":257,"label":"neurodegeneration"},{"value":258,"label":"optikusneurit"},{"value":259,"label":"perifer neuropati"},{"value":260,"label":"polyneuropati"},{"value":261,"label":"problem med minnet"},{"value":262,"label":"psykisk utmattning"},{"value":263,"label":"sj\u00f6sjuka"},{"value":229,"label":"st\u00e4rka immunf\u00f6rsvar"},{"value":265,"label":"tiamin enkelmedel"},{"value":234,"label":"vitamin"},{"value":235,"label":"vitaminer"}]},"featured_image_src_large":["https:\/\/vitaminbutiken.com\/wp-content\/uploads\/2025\/03\/217-B1-enkelmedel-Photoroom-e1768893786313-783x700.png",783,700,true],"author_info":[],"comment_info":0,"_links":{"self":[{"href":"https:\/\/vitaminbutiken.com\/en\/wp-json\/wp\/v2\/product\/9549","targetHints":{"allow":["GET"]}}],"collection":[{"href":"https:\/\/vitaminbutiken.com\/en\/wp-json\/wp\/v2\/product"}],"about":[{"href":"https:\/\/vitaminbutiken.com\/en\/wp-json\/wp\/v2\/types\/product"}],"replies":[{"embeddable":true,"href":"https:\/\/vitaminbutiken.com\/en\/wp-json\/wp\/v2\/comments?post=9549"}],"wp:featuredmedia":[{"embeddable":true,"href":"https:\/\/vitaminbutiken.com\/en\/wp-json\/wp\/v2\/media\/500103385"}],"wp:attachment":[{"href":"https:\/\/vitaminbutiken.com\/en\/wp-json\/wp\/v2\/media?parent=9549"}],"wp:term":[{"taxonomy":"product_brand","embeddable":true,"href":"https:\/\/vitaminbutiken.com\/en\/wp-json\/wp\/v2\/product_brand?post=9549"},{"taxonomy":"product_cat","embeddable":true,"href":"https:\/\/vitaminbutiken.com\/en\/wp-json\/wp\/v2\/product_cat?post=9549"},{"taxonomy":"product_tag","embeddable":true,"href":"https:\/\/vitaminbutiken.com\/en\/wp-json\/wp\/v2\/product_tag?post=9549"}],"curies":[{"name":"wp","href":"https:\/\/api.w.org\/{rel}","templated":true}]}}