{"id":9548,"date":"2025-03-19T16:01:07","date_gmt":"2025-03-19T14:01:07","guid":{"rendered":"https:\/\/vitaminbutiken.multi.fi\/?post_type=product&#038;p=9548"},"modified":"2026-04-08T15:43:44","modified_gmt":"2026-04-08T13:43:44","slug":"d-vitamin-plus","status":"publish","type":"product","link":"https:\/\/vitaminbutiken.com\/en\/produkt\/d-vitamin-plus\/","title":{"rendered":"D-vitamin Plus, 90 kap"},"content":{"rendered":"<p><strong>D-vitamin Plus<\/strong><\/p>\n<p>D-vitamin \u00e4r ett essentiellt vitamin\/hormon som produceras i huden genom ultraviolett str\u00e5lning. Forskningen visar att m\u00e5nga av oss kan ha brist p\u00e5 D-vitamin. S\u00e4rskilt utsatt \u00e4r befolkningen i norr och andra som inte exponeras tillr\u00e4ckligt mycket f\u00f6r solen.<\/p>\n<p><strong>D-vitamin bidrar till:<\/strong><\/p>\n<ul>\n<li>normalt upptag\/utnyttjande av kalcium och fosfor<\/li>\n<li>normala kalciumniv\u00e5er i blodet<\/li>\n<li>att bibeh\u00e5lla normal muskelfunktion<\/li>\n<li>att bibeh\u00e5lla normala t\u00e4nder<\/li>\n<li>immunsystemets normala funktion<\/li>\n<li>har en roll i celldelningsprocessen<\/li>\n<\/ul>\n<p>Vitamin D bidrar till att minska risken f\u00f6r att ramla, vilket \u00e4r kopplat till balansf\u00f6rlust och muskelsvaghet. Att ramla \u00e4r en riskfaktor f\u00f6r frakturer hos m\u00e4n och kvinnor som \u00e4r 60 \u00e5r eller \u00e4ldre.<\/p>\n<p><strong>Dosering:<\/strong> 1 kapsel per vecka eller enligt ordination.<\/p>\n<table style=\"height: 80px;\" border=\"1\" width=\"600\" cellspacing=\"0\" cellpadding=\"0\">\n<tbody>\n<tr>\n<td style=\"width: 15.8256%;\"><strong>1 kapsel inneh\u00e5ller:<\/strong><\/td>\n<td style=\"width: 13.8688%;\"><strong>M\u00e4ngd<\/strong><\/td>\n<td style=\"width: 12.942%;\"><strong>*%DRI<\/strong><\/td>\n<\/tr>\n<tr>\n<td style=\"width: 15.8256%;\">Vitamin D<\/td>\n<td style=\"width: 13.8688%;\">170 \u00b5g<\/td>\n<td style=\"width: 12.942%;\">3 400 %<\/td>\n<\/tr>\n<\/tbody>\n<\/table>\n<p><strong>*DRI \u00e4r dagligt referensintag.<\/strong><\/p>\n<p><strong>Ingredienser:<\/strong> Vitamin D3 (kolekalciferol), fyllnadsmedel (mikrokristallin cellulosa), gelatinkapsel (<strong>n\u00f6t<\/strong>).<\/p>\n<p>Rekommenderad daglig dos b\u00f6r ej \u00f6verskridas.<br \/>\nKosttillskott ers\u00e4tter inte en varierad kost.<br \/>\nProdukter f\u00f6rvaras o\u00e5tkomligt f\u00f6r sm\u00e5barn.<\/p>\n<p>&nbsp;<\/p>\n","protected":false},"excerpt":{"rendered":"<p>D-vitamin Plus f\u00f6r dig som har brist och beh\u00f6ver ta en h\u00f6gre dos. 1 kapsel inneh\u00e5ller 170 mcg. F\u00f6rebyggande dosering av denna \u00e4r 1-2 kapslar per vecka.<\/p>\n<p><strong>90 kapslar<\/strong><\/p>\n<p>&nbsp;<\/p>\n","protected":false},"featured_media":500103557,"comment_status":"open","ping_status":"closed","template":"","meta":{"_kad_blocks_custom_css":"","_kad_blocks_head_custom_js":"","_kad_blocks_body_custom_js":"","_kad_blocks_footer_custom_js":"","_kadence_starter_templates_imported_post":false,"_kad_post_transparent":"default","_kad_post_title":"","_kad_post_layout":"default","_kad_post_sidebar_id":"","_kad_post_content_style":"default","_kad_post_vertical_padding":"default","_kad_post_feature":"","_kad_post_feature_position":"","_kad_post_header":false,"_kad_post_footer":false,"_kad_post_classname":""},"product_brand":[],"product_cat":[1088,1293,176,155],"product_tag":[205,1089,336,1090,1091,357,302,1092,187,1093,255,1094,221,272,1095,1032,226,229,1001,234,235],"class_list":{"0":"post-9548","1":"product","2":"type-product","3":"status-publish","4":"has-post-thumbnail","6":"product_cat-d-vitamin","7":"product_cat-evp-nutrition","8":"product_cat-immunforsvar","9":"product_cat-vitaminer","10":"product_tag-antioxidant","11":"product_tag-autoimmunitet","12":"product_tag-d-vitamin","13":"product_tag-d-vitamin-plus","14":"product_tag-d-vitamin-tillskott","15":"product_tag-depression","16":"product_tag-eksem","17":"product_tag-fettlosliga-vitaminer","18":"product_tag-hogt-blodtryck","19":"product_tag-kalciumbrist","20":"product_tag-muskelsvaghet","21":"product_tag-muskelvark","22":"product_tag-naturtillskott","23":"product_tag-nedsatt-immunforsvar","24":"product_tag-osteomalaci","25":"product_tag-osteoporos","26":"product_tag-psoriasis","27":"product_tag-starka-immunforsvar","28":"product_tag-virusinfektioner","29":"product_tag-vitamin","30":"product_tag-vitaminer","32":"first","33":"instock","34":"taxable","35":"shipping-taxable","36":"purchasable","37":"product-type-simple","38":"entry","39":"content-bg","40":"loop-entry"},"taxonomy_info":{"product_cat":[{"value":1088,"label":"D-vitamin"},{"value":1293,"label":"EVP Nutrition"},{"value":176,"label":"Immunf\u00f6rsvar"},{"value":155,"label":"Vitaminer"}],"product_tag":[{"value":205,"label":"antioxidant"},{"value":1089,"label":"autoimmunitet"},{"value":336,"label":"d vitamin"},{"value":1090,"label":"d vitamin plus"},{"value":1091,"label":"d vitamin tillskott"},{"value":357,"label":"depression"},{"value":302,"label":"eksem"},{"value":1092,"label":"fettl\u00f6sliga vitaminer"},{"value":187,"label":"h\u00f6gt blodtryck"},{"value":1093,"label":"kalciumbrist"},{"value":255,"label":"muskelsvaghet"},{"value":1094,"label":"muskelv\u00e4rk"},{"value":221,"label":"naturtillskott"},{"value":272,"label":"nedsatt immunf\u00f6rsvar"},{"value":1095,"label":"osteomalaci"},{"value":1032,"label":"osteoporos"},{"value":226,"label":"psoriasis"},{"value":229,"label":"st\u00e4rka immunf\u00f6rsvar"},{"value":1001,"label":"virusinfektioner"},{"value":234,"label":"vitamin"},{"value":235,"label":"vitaminer"}]},"featured_image_src_large":["https:\/\/vitaminbutiken.com\/wp-content\/uploads\/2025\/03\/222-B-Vitamin-D-Plus-Photoroom-e1769687656144-917x700.png",917,700,true],"author_info":[],"comment_info":0,"_links":{"self":[{"href":"https:\/\/vitaminbutiken.com\/en\/wp-json\/wp\/v2\/product\/9548","targetHints":{"allow":["GET"]}}],"collection":[{"href":"https:\/\/vitaminbutiken.com\/en\/wp-json\/wp\/v2\/product"}],"about":[{"href":"https:\/\/vitaminbutiken.com\/en\/wp-json\/wp\/v2\/types\/product"}],"replies":[{"embeddable":true,"href":"https:\/\/vitaminbutiken.com\/en\/wp-json\/wp\/v2\/comments?post=9548"}],"wp:featuredmedia":[{"embeddable":true,"href":"https:\/\/vitaminbutiken.com\/en\/wp-json\/wp\/v2\/media\/500103557"}],"wp:attachment":[{"href":"https:\/\/vitaminbutiken.com\/en\/wp-json\/wp\/v2\/media?parent=9548"}],"wp:term":[{"taxonomy":"product_brand","embeddable":true,"href":"https:\/\/vitaminbutiken.com\/en\/wp-json\/wp\/v2\/product_brand?post=9548"},{"taxonomy":"product_cat","embeddable":true,"href":"https:\/\/vitaminbutiken.com\/en\/wp-json\/wp\/v2\/product_cat?post=9548"},{"taxonomy":"product_tag","embeddable":true,"href":"https:\/\/vitaminbutiken.com\/en\/wp-json\/wp\/v2\/product_tag?post=9548"}],"curies":[{"name":"wp","href":"https:\/\/api.w.org\/{rel}","templated":true}]}}