{"id":9541,"date":"2025-03-19T16:00:36","date_gmt":"2025-03-19T14:00:36","guid":{"rendered":"https:\/\/vitaminbutiken.multi.fi\/?post_type=product&#038;p=9541"},"modified":"2026-04-10T12:12:33","modified_gmt":"2026-04-10T10:12:33","slug":"f2-stimuli-chansa-piedra","status":"publish","type":"product","link":"https:\/\/vitaminbutiken.com\/en\/produkt\/f2-stimuli-chansa-piedra\/","title":{"rendered":"F2 Stimuli, Chanca Piedra"},"content":{"rendered":"<p><strong>F2 Stimuli, Chanca Piedra<\/strong><\/p>\n<p>Phyllantus niruri, \u00e4ven kallad Chanca Piedra, \u00e4r en liten ett\u00e5rig \u00f6rt som n\u00e5r ca 30\u201340 cm i h\u00f6jd.\u00a0 N\u00e4r de spanska conquistadorerna kom i kontakt med denna \u00f6rt under er\u00f6vringen av Sydamerika under 1500-talet s\u00e5 gav de \u00f6rten namnet Chanca Piedra (stenspr\u00e4ngaren).<\/p>\n<p><strong>Dosering:<\/strong> 1 kapsel 2 g\u00e5nger per dag.<\/p>\n<table style=\"height: 80px;\" border=\"1\" width=\"600\" cellspacing=\"0\" cellpadding=\"0\">\n<tbody>\n<tr>\n<td style=\"width: 16.9928%;\" width=\"64\"><strong>2 kapslar inneh\u00e5ller:<\/strong><\/td>\n<td style=\"width: 13.4912%;\" width=\"59\"><strong>M\u00e4ngd<\/strong><\/td>\n<td style=\"width: 13.4912%;\" width=\"59\"><b>%DRI*<\/b><\/td>\n<\/tr>\n<tr>\n<td style=\"width: 16.9928%;\" width=\"64\">Chanca Piedra<\/td>\n<td style=\"width: 13.4912%;\" width=\"59\">1 000 mg<\/td>\n<td style=\"width: 13.4912%;\" width=\"59\"><strong>**<\/strong><\/td>\n<\/tr>\n<\/tbody>\n<\/table>\n<p><em><strong>**DRI (dagligt referensintag) ej fastst\u00e4llt.<br \/>\n<\/strong><\/em><\/p>\n<p><strong>Ingredienser: <\/strong>Chanca Piedra extrakt 10:1 (fyllantus niruri), kapsel (hydroxipropylmetylcellulosa).<\/p>\n<p>Rekommenderad daglig dos b\u00f6r ej \u00f6verskridas.<br \/>\nKosttillskott ers\u00e4tter inte en varierad kost.<br \/>\nProdukter f\u00f6rvaras o\u00e5tkomligt f\u00f6r sm\u00e5barn.<\/p>\n","protected":false},"excerpt":{"rendered":"<p>Phyllantus niruri, \u00e4ven kallad Chanca Piedra.<\/p>\n<p><strong>60 kapslar<\/strong><\/p>\n","protected":false},"featured_media":500103005,"comment_status":"open","ping_status":"closed","template":"","meta":{"_kad_blocks_custom_css":"","_kad_blocks_head_custom_js":"","_kad_blocks_body_custom_js":"","_kad_blocks_footer_custom_js":"","_kadence_starter_templates_imported_post":false,"_kad_post_transparent":"default","_kad_post_title":"","_kad_post_layout":"default","_kad_post_sidebar_id":"","_kad_post_content_style":"default","_kad_post_vertical_padding":"default","_kad_post_feature":"","_kad_post_feature_position":"","_kad_post_header":false,"_kad_post_footer":false,"_kad_post_classname":""},"product_brand":[],"product_cat":[198,149,1307],"product_tag":[1068,943,1069,1070,791,1071,719,1072,1073,1074,1075,650,1076,740,1077,187,1078,189,994,743,1079,1080,426,1081,1082,824,1083,1084,747,1085],"class_list":{"0":"post-9541","1":"product","2":"type-product","3":"status-publish","4":"has-post-thumbnail","6":"product_cat-lever-och-njurar","7":"product_cat-orter","8":"product_cat-synergos","9":"product_tag-antivirala-egenskaper","10":"product_tag-avgiftande","11":"product_tag-avgiftar","12":"product_tag-balanserande","13":"product_tag-balanserar","14":"product_tag-balanserar-leverenzymer","15":"product_tag-blodrenande","16":"product_tag-blodsockerreglerande","17":"product_tag-blodtrycksreglerande","18":"product_tag-chansa-piedra","19":"product_tag-f2-stimuli","20":"product_tag-gallsten","21":"product_tag-hepatit","22":"product_tag-herpes","23":"product_tag-hoga-kolesterolvarden","24":"product_tag-hogt-blodtryck","25":"product_tag-hogt-kolesterolvarde","26":"product_tag-kolesterolbalanserande","27":"product_tag-kolesterolsankande","28":"product_tag-leverskyddande","29":"product_tag-mot-virus","30":"product_tag-njur-och-gallsten","31":"product_tag-njursten","32":"product_tag-skyddar-njurar","33":"product_tag-smartlindrande","34":"product_tag-starkande","35":"product_tag-starker","36":"product_tag-stensprangaren","37":"product_tag-urindrivande","38":"product_tag-vattendrivande","40":"first","41":"instock","42":"taxable","43":"shipping-taxable","44":"purchasable","45":"product-type-simple","46":"entry","47":"content-bg","48":"loop-entry"},"taxonomy_info":{"product_cat":[{"value":198,"label":"Lever &amp; Njurar"},{"value":149,"label":"\u00d6rter"},{"value":1307,"label":"Synergos"}],"product_tag":[{"value":1068,"label":"antivirala egenskaper"},{"value":943,"label":"avgiftande"},{"value":1069,"label":"avgiftar"},{"value":1070,"label":"balanserande"},{"value":791,"label":"balanserar"},{"value":1071,"label":"balanserar leverenzymer"},{"value":719,"label":"blodrenande"},{"value":1072,"label":"blodsockerreglerande"},{"value":1073,"label":"blodtrycksreglerande"},{"value":1074,"label":"Chansa Piedra"},{"value":1075,"label":"F2 Stimuli"},{"value":650,"label":"gallsten"},{"value":1076,"label":"hepatit"},{"value":740,"label":"herpes"},{"value":1077,"label":"h\u00f6ga kolesterolv\u00e4rden"},{"value":187,"label":"h\u00f6gt blodtryck"},{"value":1078,"label":"h\u00f6gt kolesterolv\u00e4rde"},{"value":189,"label":"kolesterolbalanserande"},{"value":994,"label":"kolesterols\u00e4nkande"},{"value":743,"label":"leverskyddande"},{"value":1079,"label":"mot virus"},{"value":1080,"label":"njur-och gallsten"},{"value":426,"label":"njursten"},{"value":1081,"label":"skyddar njurar"},{"value":1082,"label":"sm\u00e4rtlindrande"},{"value":824,"label":"st\u00e4rkande"},{"value":1083,"label":"st\u00e4rker"},{"value":1084,"label":"stenspr\u00e4ngaren"},{"value":747,"label":"urindrivande"},{"value":1085,"label":"vattendrivande"}]},"featured_image_src_large":["https:\/\/vitaminbutiken.com\/wp-content\/uploads\/2025\/03\/442-F2-Stimuli-Photoroom-e1765453377535-950x700.png",950,700,true],"author_info":[],"comment_info":0,"_links":{"self":[{"href":"https:\/\/vitaminbutiken.com\/en\/wp-json\/wp\/v2\/product\/9541","targetHints":{"allow":["GET"]}}],"collection":[{"href":"https:\/\/vitaminbutiken.com\/en\/wp-json\/wp\/v2\/product"}],"about":[{"href":"https:\/\/vitaminbutiken.com\/en\/wp-json\/wp\/v2\/types\/product"}],"replies":[{"embeddable":true,"href":"https:\/\/vitaminbutiken.com\/en\/wp-json\/wp\/v2\/comments?post=9541"}],"wp:featuredmedia":[{"embeddable":true,"href":"https:\/\/vitaminbutiken.com\/en\/wp-json\/wp\/v2\/media\/500103005"}],"wp:attachment":[{"href":"https:\/\/vitaminbutiken.com\/en\/wp-json\/wp\/v2\/media?parent=9541"}],"wp:term":[{"taxonomy":"product_brand","embeddable":true,"href":"https:\/\/vitaminbutiken.com\/en\/wp-json\/wp\/v2\/product_brand?post=9541"},{"taxonomy":"product_cat","embeddable":true,"href":"https:\/\/vitaminbutiken.com\/en\/wp-json\/wp\/v2\/product_cat?post=9541"},{"taxonomy":"product_tag","embeddable":true,"href":"https:\/\/vitaminbutiken.com\/en\/wp-json\/wp\/v2\/product_tag?post=9541"}],"curies":[{"name":"wp","href":"https:\/\/api.w.org\/{rel}","templated":true}]}}