{"id":9531,"date":"2025-03-19T15:59:59","date_gmt":"2025-03-19T13:59:59","guid":{"rendered":"https:\/\/vitaminbutiken.multi.fi\/?post_type=product&#038;p=9531"},"modified":"2026-04-08T12:01:33","modified_gmt":"2026-04-08T10:01:33","slug":"l-arginin","status":"publish","type":"product","link":"https:\/\/vitaminbutiken.com\/en\/produkt\/l-arginin\/","title":{"rendered":"L-Arginin"},"content":{"rendered":"<p><strong>L-arginin<\/strong><\/p>\n<p>L-arginin bidrar till de vaskul\u00e4ra endoteliala cellernas produktion av <strong>kv\u00e4veoxid.<\/strong><\/p>\n<p>N\u00e4r tillr\u00e4ckligt med L-arginin finns n\u00e4rvarande i kroppen sker f\u00f6ljande:<br \/>\n&#8211; Art\u00e4rer slappnar av s\u00e5 att de kan fr\u00e4mja optimalt blodfl\u00f6de<br \/>\n&#8211; N\u00e4r art\u00e4rer slappnar av kan normalt blodtryck b\u00e4ttre uppr\u00e4tth\u00e5llas<br \/>\n&#8211; Erektioner f\u00f6rekommer under normal intimitet<\/p>\n<p>Smidiga och flexibla art\u00e4rer \u00e4r viktigt f\u00f6r god h\u00e4lsa i hj\u00e4rta och k\u00e4rl.<\/p>\n<p><strong>Dosering:\u00a0<\/strong>2 kapslar 2 g\u00e5nger per dag.<\/p>\n<table style=\"height: 80px;\" border=\"1\" width=\"600\" cellspacing=\"0\" cellpadding=\"0\">\n<tbody>\n<tr>\n<td style=\"width: 10.9657%;\" width=\"76\"><strong>4 kapslar inneh\u00e5ller:<\/strong><\/td>\n<td style=\"width: 3.99711%;\" width=\"42\"><strong>M\u00e4ngd<\/strong><\/td>\n<td style=\"width: 3.99711%;\" width=\"42\"><b>%DRI*<\/b><\/td>\n<\/tr>\n<tr>\n<td style=\"width: 10.9657%;\" width=\"76\">L-arginin<\/td>\n<td style=\"width: 3.99711%;\" width=\"42\">2 000 mg<\/td>\n<td style=\"width: 3.99711%;\" width=\"42\"><strong>**<\/strong><\/td>\n<\/tr>\n<tr>\n<td style=\"width: 10.9657%;\" width=\"76\">Magnesium<\/td>\n<td style=\"width: 3.99711%;\" width=\"42\">40 mg<\/td>\n<td style=\"width: 3.99711%;\" width=\"42\"><strong>10 %<\/strong><\/td>\n<\/tr>\n<\/tbody>\n<\/table>\n<p><strong>*DRI \u00e4r dagligt referensintag. **DRI ej fastst\u00e4llt*<\/strong><\/p>\n<p><strong>Ingredienser:<\/strong> L-arginin, magnesium citrat, kapsel (hydroxipropylmetylcellulosa).<\/p>\n<p>Rekommenderad daglig dos b\u00f6r ej \u00f6verskridas.<br \/>\nKosttillskott ers\u00e4tter inte en varierad kost.<br \/>\nProdukter f\u00f6rvaras o\u00e5tkomligt f\u00f6r sm\u00e5barn.<\/p>\n","protected":false},"excerpt":{"rendered":"<p>L-Arginin med Magnesium f\u00f6r blodcirkulation och friska k\u00e4rl.<\/p>\n<p><strong>120 kapslar<\/strong><\/p>\n<p>&nbsp;<\/p>\n","protected":false},"featured_media":500103646,"comment_status":"open","ping_status":"closed","template":"","meta":{"_kad_blocks_custom_css":"","_kad_blocks_head_custom_js":"","_kad_blocks_body_custom_js":"","_kad_blocks_footer_custom_js":"","_kadence_starter_templates_imported_post":false,"_kad_post_transparent":"default","_kad_post_title":"","_kad_post_layout":"default","_kad_post_sidebar_id":"","_kad_post_content_style":"default","_kad_post_vertical_padding":"default","_kad_post_feature":"","_kad_post_feature_position":"","_kad_post_header":false,"_kad_post_footer":false,"_kad_post_classname":""},"product_brand":[],"product_cat":[337,176,1307,278],"product_tag":[1041],"class_list":{"0":"post-9531","1":"product","2":"type-product","3":"status-publish","4":"has-post-thumbnail","6":"product_cat-aminosyror","7":"product_cat-immunforsvar","8":"product_cat-synergos","9":"product_cat-traning","10":"product_tag-l-arginin","12":"first","13":"instock","14":"taxable","15":"shipping-taxable","16":"purchasable","17":"product-type-simple","18":"entry","19":"content-bg","20":"loop-entry"},"taxonomy_info":{"product_cat":[{"value":337,"label":"Aminosyror"},{"value":176,"label":"Immunf\u00f6rsvar"},{"value":1307,"label":"Synergos"},{"value":278,"label":"Tr\u00e4ning"}],"product_tag":[{"value":1041,"label":"L-arginin"}]},"featured_image_src_large":["https:\/\/vitaminbutiken.com\/wp-content\/uploads\/2025\/03\/305-L-Arginin-Photoroom-e1770635301604-717x700.png",717,700,true],"author_info":[],"comment_info":0,"_links":{"self":[{"href":"https:\/\/vitaminbutiken.com\/en\/wp-json\/wp\/v2\/product\/9531","targetHints":{"allow":["GET"]}}],"collection":[{"href":"https:\/\/vitaminbutiken.com\/en\/wp-json\/wp\/v2\/product"}],"about":[{"href":"https:\/\/vitaminbutiken.com\/en\/wp-json\/wp\/v2\/types\/product"}],"replies":[{"embeddable":true,"href":"https:\/\/vitaminbutiken.com\/en\/wp-json\/wp\/v2\/comments?post=9531"}],"wp:featuredmedia":[{"embeddable":true,"href":"https:\/\/vitaminbutiken.com\/en\/wp-json\/wp\/v2\/media\/500103646"}],"wp:attachment":[{"href":"https:\/\/vitaminbutiken.com\/en\/wp-json\/wp\/v2\/media?parent=9531"}],"wp:term":[{"taxonomy":"product_brand","embeddable":true,"href":"https:\/\/vitaminbutiken.com\/en\/wp-json\/wp\/v2\/product_brand?post=9531"},{"taxonomy":"product_cat","embeddable":true,"href":"https:\/\/vitaminbutiken.com\/en\/wp-json\/wp\/v2\/product_cat?post=9531"},{"taxonomy":"product_tag","embeddable":true,"href":"https:\/\/vitaminbutiken.com\/en\/wp-json\/wp\/v2\/product_tag?post=9531"}],"curies":[{"name":"wp","href":"https:\/\/api.w.org\/{rel}","templated":true}]}}