{"id":9522,"date":"2025-03-19T15:59:32","date_gmt":"2025-03-19T13:59:32","guid":{"rendered":"https:\/\/vitaminbutiken.multi.fi\/?post_type=product&#038;p=9522"},"modified":"2026-04-09T08:23:19","modified_gmt":"2026-04-09T06:23:19","slug":"kalium","status":"publish","type":"product","link":"https:\/\/vitaminbutiken.com\/en\/produkt\/kalium\/","title":{"rendered":"Kalium"},"content":{"rendered":"<p><strong>Kalium<\/strong> \u00e4r ett grund\u00e4mne med symbolen K och atomnummer 19. Kalium klassas som ett livsviktigt essentiellt n\u00e4rings\u00e4mne.<\/p>\n<p>Kalium \u00e4r den \u00e5ttonde vanligaste f\u00f6rekommande grund\u00e4mnet i den m\u00e4nskliga kroppen. M\u00e4nniskokroppen inneh\u00e5ller ungef\u00e4r lika mycket kalium som svavel och klor. Endast de stora mineralerna kalcium och fosfor f\u00f6rekommer mera rikligt i kroppen.<\/p>\n<p><strong>Kalium bidrar till:<\/strong><\/p>\n<ul>\n<li>nervsystemets normala funktion<\/li>\n<li>normal muskelfunktion<\/li>\n<li>att bibeh\u00e5lla normalt blodtryck<\/li>\n<\/ul>\n<p><strong>Dosering<\/strong>: 1 kapsel 2 g\u00e5nger per dag; morgon och kv\u00e4ll.<\/p>\n<table style=\"height: 80px;\" border=\"1\" width=\"600\" cellspacing=\"0\" cellpadding=\"0\">\n<tbody>\n<tr>\n<td style=\"width: 16.7364%;\"><strong>2 kapslar inneh\u00e5ller<\/strong><\/td>\n<td style=\"width: 12.6569%;\"><strong>M\u00e4ngd<\/strong><\/td>\n<td style=\"width: 12.4477%;\"><strong>*%DRI<\/strong><\/td>\n<\/tr>\n<tr>\n<td style=\"width: 16.7364%;\" width=\"47\">Kalium<\/td>\n<td style=\"width: 12.6569%;\" width=\"47\">360 mg<\/td>\n<td style=\"width: 12.4477%;\" width=\"38\">18%<\/td>\n<\/tr>\n<\/tbody>\n<\/table>\n<p><strong>*DRI \u00e4r dagligt referensintag.<\/strong><\/p>\n<p><strong>Ingredienser<\/strong>: Kalium (trikaliumcitrat), fyllnadsmedel (mikrokristallinsk cellulosa), gelatinkapsel (<strong>n\u00f6t<\/strong>), klumpf\u00f6rebyggande medel (magnesiumsalter av fettsyror).<\/p>\n<p>Rekommenderad daglig dos b\u00f6r ej \u00f6verskridas.<br \/>\nKosttillskott ers\u00e4tter inte en varierad kost.<br \/>\nProdukten f\u00f6rvaras o\u00e5tkomligt f\u00f6r sm\u00e5 barn.<\/p>\n","protected":false},"excerpt":{"rendered":"<p><strong>Kalium bidrar till:<\/strong><\/p>\n<ul>\n<li>nervsystemets normala funktion<\/li>\n<li>normal muskelfunktion<\/li>\n<li>att bibeh\u00e5lla normalt blodtryck<\/li>\n<\/ul>\n<p><strong>60 kapslar<\/strong><\/p>\n","protected":false},"featured_media":500103285,"comment_status":"open","ping_status":"closed","template":"","meta":{"_kad_blocks_custom_css":"","_kad_blocks_head_custom_js":"","_kad_blocks_body_custom_js":"","_kad_blocks_footer_custom_js":"","_kadence_starter_templates_imported_post":false,"_kad_post_transparent":"default","_kad_post_title":"","_kad_post_layout":"default","_kad_post_sidebar_id":"","_kad_post_content_style":"default","_kad_post_vertical_padding":"default","_kad_post_feature":"","_kad_post_feature_position":"","_kad_post_header":false,"_kad_post_footer":false,"_kad_post_classname":""},"product_brand":[],"product_cat":[2813,281,277,1307],"product_tag":[1038,647,487,1039,1040],"class_list":{"0":"post-9522","1":"product","2":"type-product","3":"status-publish","4":"has-post-thumbnail","6":"product_cat-kalium","7":"product_cat-mineraler","8":"product_cat-muskler-och-leder","9":"product_cat-synergos","10":"product_tag-blodtryck","11":"product_tag-brist-pa-kalium","12":"product_tag-kalium","13":"product_tag-muskelfunktion","14":"product_tag-narvsystem","16":"first","17":"instock","18":"taxable","19":"shipping-taxable","20":"purchasable","21":"product-type-simple","22":"entry","23":"content-bg","24":"loop-entry"},"taxonomy_info":{"product_cat":[{"value":2813,"label":"Kalium"},{"value":281,"label":"Mineraler"},{"value":277,"label":"Muskler &amp; Leder"},{"value":1307,"label":"Synergos"}],"product_tag":[{"value":1038,"label":"blodtryck"},{"value":647,"label":"brist p\u00e5 kalium"},{"value":487,"label":"Kalium"},{"value":1039,"label":"muskelfunktion"},{"value":1040,"label":"n\u00e4rvsystem"}]},"featured_image_src_large":["https:\/\/vitaminbutiken.com\/wp-content\/uploads\/2025\/03\/Kalium-229-Photoroom-e1768381308734-1205x700.png",1205,700,true],"author_info":[],"comment_info":0,"_links":{"self":[{"href":"https:\/\/vitaminbutiken.com\/en\/wp-json\/wp\/v2\/product\/9522","targetHints":{"allow":["GET"]}}],"collection":[{"href":"https:\/\/vitaminbutiken.com\/en\/wp-json\/wp\/v2\/product"}],"about":[{"href":"https:\/\/vitaminbutiken.com\/en\/wp-json\/wp\/v2\/types\/product"}],"replies":[{"embeddable":true,"href":"https:\/\/vitaminbutiken.com\/en\/wp-json\/wp\/v2\/comments?post=9522"}],"wp:featuredmedia":[{"embeddable":true,"href":"https:\/\/vitaminbutiken.com\/en\/wp-json\/wp\/v2\/media\/500103285"}],"wp:attachment":[{"href":"https:\/\/vitaminbutiken.com\/en\/wp-json\/wp\/v2\/media?parent=9522"}],"wp:term":[{"taxonomy":"product_brand","embeddable":true,"href":"https:\/\/vitaminbutiken.com\/en\/wp-json\/wp\/v2\/product_brand?post=9522"},{"taxonomy":"product_cat","embeddable":true,"href":"https:\/\/vitaminbutiken.com\/en\/wp-json\/wp\/v2\/product_cat?post=9522"},{"taxonomy":"product_tag","embeddable":true,"href":"https:\/\/vitaminbutiken.com\/en\/wp-json\/wp\/v2\/product_tag?post=9522"}],"curies":[{"name":"wp","href":"https:\/\/api.w.org\/{rel}","templated":true}]}}