{"id":9521,"date":"2025-03-19T15:59:32","date_gmt":"2025-03-19T13:59:32","guid":{"rendered":"https:\/\/vitaminbutiken.multi.fi\/?post_type=product&#038;p=9521"},"modified":"2026-04-08T15:11:29","modified_gmt":"2026-04-08T13:11:29","slug":"k2-vitamin-menakinon","status":"publish","type":"product","link":"https:\/\/vitaminbutiken.com\/en\/produkt\/k2-vitamin-menakinon\/","title":{"rendered":"Vitamin K2 MK7, Menakinon"},"content":{"rendered":"<p><strong>K2-vitamin &#8211; Menakinon<\/strong><\/p>\n<p>Vitamin K betecknar en grupp fettl\u00f6sliga vitaminer. Till dessa r\u00e4knas vitamin K1 (phylloquinone eller fytomenadion) och vitamin K2 (menakinon). Vitamin K1 finns naturligt i den vegetabiliska delen av v\u00e5r kost medan vitamin K2 (menakinon) produceras av v\u00e5ra tarmbakterier. Vi f\u00e5r \u00e4ven i oss vitamin K2 fr\u00e5n animaliska kostk\u00e4llor.<\/p>\n<p><strong>Vitamin K bidrar till:<\/strong><\/p>\n<ul>\n<li>normal blodkoagulation<\/li>\n<li>att bibeh\u00e5lla normal benstomme<\/li>\n<li><strong>K2-vitamin \u00e4r s\u00e4rskilt viktigt f\u00f6r att frakta mineralet kalcium till skelettet och bidrar d\u00e4rmed till att bibeh\u00e5lla normal benstomme<\/strong>. K-vitamin fungerar genom att det aktiverar en rad proteiner p\u00e5 olika st\u00e4llen i kroppen. Denna aktivering leder till att proteinerna kan binda till sig kalcium. K-vitaminet har i studier visat sig vara viktigt f\u00f6r bland annat benbildning, immunsystem och blodk\u00e4rl.<\/li>\n<\/ul>\n<p><strong>Dosering:\u00a0<\/strong>2 kapslar per dag uppdelat i tv\u00e5 intag morgon och kv\u00e4ll.<\/p>\n<table style=\"height: 80px;\" border=\"1\" width=\"600\" cellspacing=\"0\" cellpadding=\"0\">\n<tbody>\n<tr>\n<td style=\"width: 9.97704%;\"><strong>2 kapslar inneh\u00e5ller<\/strong><\/td>\n<td style=\"width: 7.75856%;\"><strong>M\u00e4ngd<\/strong><\/td>\n<td style=\"width: 4.19937%;\"><strong>%DRI*<\/strong><\/td>\n<\/tr>\n<tr>\n<td style=\"width: 9.97704%;\">Vitamin K<\/td>\n<td style=\"width: 7.75856%;\">182 mcg<\/td>\n<td style=\"width: 4.19937%;\">243 %<\/td>\n<\/tr>\n<\/tbody>\n<\/table>\n<p><strong>*DRI \u00e4r dagligt referensintag.<\/strong><\/p>\n<p><strong>Ingredienser<\/strong>: Vitamin K (K2, menakinon), fyllnadsmedel (mikrokristallinsk cellulosa), klumpf\u00f6rebyggande medel (magnesiumsalter av fettsyror), vegetabilisk kapsel av pullulan.<\/p>\n<p>Rekommenderad daglig dos b\u00f6r ej \u00f6verskridas.<br \/>\nF\u00f6rvaras o\u00e5tkomligt f\u00f6r barn.<br \/>\nKosttillskott b\u00f6r ej anv\u00e4ndas som ett alternativ till en varierad kost.<\/p>\n","protected":false},"excerpt":{"rendered":"<p>Vitamin K2, Menakinon<\/p>\n<p><strong>120 kapslar<\/strong><\/p>\n","protected":false},"featured_media":9602,"comment_status":"open","ping_status":"closed","template":"","meta":{"_kad_blocks_custom_css":"","_kad_blocks_head_custom_js":"","_kad_blocks_body_custom_js":"","_kad_blocks_footer_custom_js":"","_kadence_starter_templates_imported_post":false,"_kad_post_transparent":"default","_kad_post_title":"","_kad_post_layout":"default","_kad_post_sidebar_id":"","_kad_post_content_style":"default","_kad_post_vertical_padding":"default","_kad_post_feature":"","_kad_post_feature_position":"","_kad_post_header":false,"_kad_post_footer":false,"_kad_post_classname":""},"product_brand":[],"product_cat":[1293,1022,155],"product_tag":[205,767,1036,1037,221,229,234,235],"class_list":{"0":"post-9521","1":"product","2":"type-product","3":"status-publish","4":"has-post-thumbnail","6":"product_cat-evp-nutrition","7":"product_cat-k-vitamin","8":"product_cat-vitaminer","9":"product_tag-antioxidant","10":"product_tag-k-vitamin","11":"product_tag-k2-menakinon","12":"product_tag-k2-vitamin","13":"product_tag-naturtillskott","14":"product_tag-starka-immunforsvar","15":"product_tag-vitamin","16":"product_tag-vitaminer","18":"first","19":"instock","20":"taxable","21":"shipping-taxable","22":"purchasable","23":"product-type-simple","24":"entry","25":"content-bg","26":"loop-entry"},"taxonomy_info":{"product_cat":[{"value":1293,"label":"EVP Nutrition"},{"value":1022,"label":"K-vitamin"},{"value":155,"label":"Vitaminer"}],"product_tag":[{"value":205,"label":"antioxidant"},{"value":767,"label":"k vitamin"},{"value":1036,"label":"k2 menakinon"},{"value":1037,"label":"k2 vitamin"},{"value":221,"label":"naturtillskott"},{"value":229,"label":"st\u00e4rka immunf\u00f6rsvar"},{"value":234,"label":"vitamin"},{"value":235,"label":"vitaminer"}]},"featured_image_src_large":["https:\/\/vitaminbutiken.com\/wp-content\/uploads\/2025\/03\/New1-34-1440x700.png",1440,700,true],"author_info":[],"comment_info":0,"_links":{"self":[{"href":"https:\/\/vitaminbutiken.com\/en\/wp-json\/wp\/v2\/product\/9521","targetHints":{"allow":["GET"]}}],"collection":[{"href":"https:\/\/vitaminbutiken.com\/en\/wp-json\/wp\/v2\/product"}],"about":[{"href":"https:\/\/vitaminbutiken.com\/en\/wp-json\/wp\/v2\/types\/product"}],"replies":[{"embeddable":true,"href":"https:\/\/vitaminbutiken.com\/en\/wp-json\/wp\/v2\/comments?post=9521"}],"wp:featuredmedia":[{"embeddable":true,"href":"https:\/\/vitaminbutiken.com\/en\/wp-json\/wp\/v2\/media\/9602"}],"wp:attachment":[{"href":"https:\/\/vitaminbutiken.com\/en\/wp-json\/wp\/v2\/media?parent=9521"}],"wp:term":[{"taxonomy":"product_brand","embeddable":true,"href":"https:\/\/vitaminbutiken.com\/en\/wp-json\/wp\/v2\/product_brand?post=9521"},{"taxonomy":"product_cat","embeddable":true,"href":"https:\/\/vitaminbutiken.com\/en\/wp-json\/wp\/v2\/product_cat?post=9521"},{"taxonomy":"product_tag","embeddable":true,"href":"https:\/\/vitaminbutiken.com\/en\/wp-json\/wp\/v2\/product_tag?post=9521"}],"curies":[{"name":"wp","href":"https:\/\/api.w.org\/{rel}","templated":true}]}}