{"id":9520,"date":"2025-03-19T15:59:32","date_gmt":"2025-03-19T13:59:32","guid":{"rendered":"https:\/\/vitaminbutiken.multi.fi\/?post_type=product&#038;p=9520"},"modified":"2026-04-07T11:21:19","modified_gmt":"2026-04-07T09:21:19","slug":"k-vitamin-complex","status":"publish","type":"product","link":"https:\/\/vitaminbutiken.com\/en\/produkt\/k-vitamin-complex\/","title":{"rendered":"K-vitamin Complex"},"content":{"rendered":"<p><strong>K-vitamin Complex<\/strong><\/p>\n<p>Vitamin K betecknar en grupp fettl\u00f6sliga vitaminer. Till dessa r\u00e4knas vitamin K1 (phylloquinone eller fytomenadion) och vitamin K2 (menakinon). Vitamin K1 finns naturligt i den vegetabiliska delen av v\u00e5r kost medan vitamin K2 (menakinon) produceras av v\u00e5ra tarmbakterier.<\/p>\n<p><strong>Vitamin K bidrar till:<\/strong><\/p>\n<ul>\n<li>normal blodkoagulation<\/li>\n<li>bibeh\u00e5lla normal benstomme<\/li>\n<\/ul>\n<p><b>\u00a0Dosering:\u00a0<\/b>1 tablett per dag.<\/p>\n<table style=\"height: 80px;\" border=\"1\" width=\"600\" cellspacing=\"0\" cellpadding=\"0\">\n<tbody>\n<tr>\n<td style=\"width: 14.7661%;\"><strong>1 tablett inneh\u00e5ller<\/strong><\/td>\n<td style=\"width: 10.3746%;\"><strong>M\u00e4ngd<\/strong><\/td>\n<td style=\"width: 3.473%;\"><strong>%DRI*<\/strong><\/td>\n<\/tr>\n<tr>\n<td style=\"width: 14.7661%;\">Vitamin K1<\/td>\n<td style=\"width: 10.3746%;\">50 \u00b5g<\/td>\n<td style=\"width: 3.473%;\">66 %<\/td>\n<\/tr>\n<tr>\n<td style=\"width: 14.7661%;\">Alfafa<\/td>\n<td style=\"width: 10.3746%;\">50 mg<\/td>\n<td style=\"width: 3.473%;\">**<\/td>\n<\/tr>\n<\/tbody>\n<\/table>\n<p><strong>*DRI \u00e4r dagligt referensintag. **DRI ej fastst\u00e4lld.<\/strong><\/p>\n<p><strong>Ingredienser:\u00a0<\/strong>Fyllnadsmedel (Di-kalciumfosfat, mikrokristallinsk cellulosa), alfafa (medicago Sativa pulver 1:1), fyllnadsmedel (stearinsyra), stabiliseringsmedel (tv\u00e4rbunden natriumkarboximetylcellulosa), klumpf\u00f6rebyggande medel (magnesiumsalter av fettsyror), vitamin K1 (fyllokinon).<\/p>\n<p>Rekommenderad daglig dos b\u00f6r ej \u00f6verskridas.<br \/>\nKosttillskott ers\u00e4tter inte en varierad kost.<br \/>\nProdukten f\u00f6rvaras o\u00e5tkomligt f\u00f6r sm\u00e5 barn.<\/p>\n","protected":false},"excerpt":{"rendered":"<p>Vitamin K1 med alfalfa<\/p>\n<p><strong>60 tabletter<\/strong><\/p>\n","protected":false},"featured_media":9600,"comment_status":"open","ping_status":"closed","template":"","meta":{"_kad_blocks_custom_css":"","_kad_blocks_head_custom_js":"","_kad_blocks_body_custom_js":"","_kad_blocks_footer_custom_js":"","_kadence_starter_templates_imported_post":false,"_kad_post_transparent":"default","_kad_post_title":"","_kad_post_layout":"default","_kad_post_sidebar_id":"","_kad_post_content_style":"default","_kad_post_vertical_padding":"default","_kad_post_feature":"","_kad_post_feature_position":"","_kad_post_header":false,"_kad_post_footer":false,"_kad_post_classname":""},"product_brand":[],"product_cat":[1022,1307,155],"product_tag":[432,205,180,455,511,415,1023,1024,1025,1026,650,1027,187,1028,767,1029,1030,1031,221,426,774,1032,1033,697,229,1034,1035,939,234,235],"class_list":{"0":"post-9520","1":"product","2":"type-product","3":"status-publish","4":"has-post-thumbnail","6":"product_cat-k-vitamin","7":"product_cat-synergos","8":"product_cat-vitaminer","9":"product_tag-anemi","10":"product_tag-antioxidant","11":"product_tag-artarstelhet","12":"product_tag-bakteriell-overvaxt-i-tarmen","13":"product_tag-blodande-tandkott","14":"product_tag-blodbrist","15":"product_tag-blodsmak-i-munnen","16":"product_tag-brannskador","17":"product_tag-eloverkanslighet","18":"product_tag-forstoppningar","19":"product_tag-gallsten","20":"product_tag-hardningar-i-brosk","21":"product_tag-hogt-blodtryck","22":"product_tag-immunforsvar","23":"product_tag-k-vitamin","24":"product_tag-k-vitamin-complex","25":"product_tag-latt-att-fa-blamarken","26":"product_tag-nasblodningar","27":"product_tag-naturtillskott","28":"product_tag-njursten","29":"product_tag-obalanserad-tarmflora","30":"product_tag-osteoporos","31":"product_tag-rikliga-mens","32":"product_tag-solbranna","33":"product_tag-starka-immunforsvar","34":"product_tag-starkt-immunforsvar","35":"product_tag-stralningsskadade-hudceller","36":"product_tag-trog-mage","37":"product_tag-vitamin","38":"product_tag-vitaminer","40":"first","41":"instock","42":"taxable","43":"shipping-taxable","44":"purchasable","45":"product-type-simple","46":"entry","47":"content-bg","48":"loop-entry"},"taxonomy_info":{"product_cat":[{"value":1022,"label":"K-vitamin"},{"value":1307,"label":"Synergos"},{"value":155,"label":"Vitaminer"}],"product_tag":[{"value":432,"label":"anemi"},{"value":205,"label":"antioxidant"},{"value":180,"label":"art\u00e4rstelhet"},{"value":455,"label":"bakteriell \u00f6verv\u00e4xt i tarmen"},{"value":511,"label":"bl\u00f6dande tandk\u00f6tt"},{"value":415,"label":"blodbrist"},{"value":1023,"label":"blodsmak i munnen"},{"value":1024,"label":"br\u00e4nnskador"},{"value":1025,"label":"el\u00f6verk\u00e4nslighet"},{"value":1026,"label":"f\u00f6rstoppningar"},{"value":650,"label":"gallsten"},{"value":1027,"label":"h\u00e4rdningar i brosk"},{"value":187,"label":"h\u00f6gt blodtryck"},{"value":1028,"label":"immunf\u00f6rsvar"},{"value":767,"label":"k vitamin"},{"value":1029,"label":"k vitamin complex"},{"value":1030,"label":"l\u00e4tt att f\u00e5 bl\u00e5m\u00e4rken"},{"value":1031,"label":"n\u00e4sbl\u00f6dningar"},{"value":221,"label":"naturtillskott"},{"value":426,"label":"njursten"},{"value":774,"label":"obalanserad tarmflora"},{"value":1032,"label":"osteoporos"},{"value":1033,"label":"rikliga mens"},{"value":697,"label":"solbr\u00e4nna"},{"value":229,"label":"st\u00e4rka immunf\u00f6rsvar"},{"value":1034,"label":"st\u00e4rkt immunf\u00f6rsvar"},{"value":1035,"label":"str\u00e5lningsskadade hudceller"},{"value":939,"label":"tr\u00f6g mage"},{"value":234,"label":"vitamin"},{"value":235,"label":"vitaminer"}]},"featured_image_src_large":["https:\/\/vitaminbutiken.com\/wp-content\/uploads\/2025\/03\/New1-1-26-1440x700.png",1440,700,true],"author_info":[],"comment_info":0,"_links":{"self":[{"href":"https:\/\/vitaminbutiken.com\/en\/wp-json\/wp\/v2\/product\/9520","targetHints":{"allow":["GET"]}}],"collection":[{"href":"https:\/\/vitaminbutiken.com\/en\/wp-json\/wp\/v2\/product"}],"about":[{"href":"https:\/\/vitaminbutiken.com\/en\/wp-json\/wp\/v2\/types\/product"}],"replies":[{"embeddable":true,"href":"https:\/\/vitaminbutiken.com\/en\/wp-json\/wp\/v2\/comments?post=9520"}],"wp:featuredmedia":[{"embeddable":true,"href":"https:\/\/vitaminbutiken.com\/en\/wp-json\/wp\/v2\/media\/9600"}],"wp:attachment":[{"href":"https:\/\/vitaminbutiken.com\/en\/wp-json\/wp\/v2\/media?parent=9520"}],"wp:term":[{"taxonomy":"product_brand","embeddable":true,"href":"https:\/\/vitaminbutiken.com\/en\/wp-json\/wp\/v2\/product_brand?post=9520"},{"taxonomy":"product_cat","embeddable":true,"href":"https:\/\/vitaminbutiken.com\/en\/wp-json\/wp\/v2\/product_cat?post=9520"},{"taxonomy":"product_tag","embeddable":true,"href":"https:\/\/vitaminbutiken.com\/en\/wp-json\/wp\/v2\/product_tag?post=9520"}],"curies":[{"name":"wp","href":"https:\/\/api.w.org\/{rel}","templated":true}]}}