{"id":9513,"date":"2025-03-19T15:59:08","date_gmt":"2025-03-19T13:59:08","guid":{"rendered":"https:\/\/vitaminbutiken.multi.fi\/?post_type=product&#038;p=9513"},"modified":"2026-03-12T08:46:22","modified_gmt":"2026-03-12T07:46:22","slug":"ipe-roxe-tabletter-pau-darco","status":"publish","type":"product","link":"https:\/\/vitaminbutiken.com\/en\/produkt\/ipe-roxe-tabletter-pau-darco\/","title":{"rendered":"Ipe Roxe tabletter &#8211; pau darco"},"content":{"rendered":"<div class=\"woocommerce-tabs wc-tabs-wrapper\">\n<div id=\"tab-description\" class=\"woocommerce-Tabs-panel woocommerce-Tabs-panel--description panel entry-content wc-tab\" role=\"tabpanel\" aria-labelledby=\"tab-title-description\">\n<h3>Ipe Roxe tabletter &#8211; pau darco<\/h3>\n<p>Ipe Roxe \u00e4r ett storv\u00e4xande tr\u00e4d som f\u00f6rekommer i Amazonas regnskog och andra tropiska delar av Syd-och Latinamerika. Den v\u00e4xtdel som anv\u00e4nds \u00e4r sj\u00e4lva barken, som inneh\u00e5ller m\u00e5nga av de aktiva substanserna.<\/p>\n<p>De inhemska indianstammarna har anv\u00e4nt avkok av tr\u00e4dets innerbark i tusentals \u00e5r som ett h\u00e4lsobringande medel.<\/p>\n<p>Det prim\u00e4ra verksamma biokemikalierna i innerbarken \u00e4r de s\u00e5 kallade lapachoiderna varav beta-lapachol anses vara den fr\u00e4msta.<\/p>\n<\/div>\n<\/div>\n<div class=\"nutrition-declaration\">\n<p>&nbsp;<\/p>\n<p><strong>Dosering:\u00a0<\/strong>4 tabletter om dagen uppdelat i tv\u00e5 intag morgon och kv\u00e4ll.<\/p>\n<table style=\"height: 80px;\" border=\"1\" width=\"600\" cellspacing=\"0\" cellpadding=\"0\">\n<tbody>\n<tr>\n<td style=\"width: 7.40445%;\"><strong>4 tabletter inneh\u00e5ller<\/strong><\/td>\n<td style=\"width: 2.34742%;\"><strong>M\u00e4ngd<\/strong><\/td>\n<td style=\"width: 2.34742%;\"><strong>*DRI%<\/strong><\/td>\n<\/tr>\n<tr>\n<td style=\"width: 7.40445%;\">Ipe Roxepulver<\/td>\n<td style=\"width: 2.34742%;\">1000 mg<\/td>\n<td style=\"width: 2.34742%;\"><strong>**<\/strong><\/td>\n<\/tr>\n<\/tbody>\n<\/table>\n<p><strong>**DRI (dagligt referensintag) ej fastst\u00e4llt.<\/strong><\/p>\n<p>Varje tablett ger 250 mg finmalen innerbark fr\u00e5n det sydamerikanska tr\u00e4det La Pacho.<\/p>\n<p><strong>Ingredienser:<\/strong> Pao Darco pulver 1:1 (innerbark, tabebuia impetiginosa). Fyllnadsmedel (mikrokristallin cellulosa). Klumpf\u00f6rebyggande medel (magnesiumsalter av fettsyror).<\/p>\n<p>Rekommenderad dos b\u00f6r ej \u00f6verskridas.<br \/>\nKosttillskott ers\u00e4tter inte en varierad kost.<br \/>\nProdukten f\u00f6rvaras o\u00e5tkomligt f\u00f6r sm\u00e5 barn<\/p>\n<\/div>\n","protected":false},"excerpt":{"rendered":"<p>Ipe Roxe tabletter \u00e4r ett kosttillskott som inneh\u00e5ller pau darco. Personer som anv\u00e4nder Ipe Roxe tabletter kan uppleva en balanserad livsstil. Produkten \u00e4r utformad f\u00f6r att st\u00f6dja kroppens v\u00e4lbefinnande. Den v\u00e4xtdel som anv\u00e4nds \u00e4r sj\u00e4lva barken, som inneh\u00e5ller m\u00e5nga av de aktiva substanserna. Det prim\u00e4ra verksamma biokemikalierna i innerbarken \u00e4r de s\u00e5 kallade lapachoiderna varav beta-lapachol anses vara den fr\u00e4msta.<\/p>\n<p><strong>240 tabletter<\/strong><\/p>\n<p>&nbsp;<\/p>\n","protected":false},"featured_media":500102901,"comment_status":"open","ping_status":"closed","template":"","meta":{"_kad_blocks_custom_css":"","_kad_blocks_head_custom_js":"","_kad_blocks_body_custom_js":"","_kad_blocks_footer_custom_js":"","_kadence_starter_templates_imported_post":false,"_kad_post_transparent":"default","_kad_post_title":"","_kad_post_layout":"default","_kad_post_sidebar_id":"","_kad_post_content_style":"default","_kad_post_vertical_padding":"default","_kad_post_feature":"","_kad_post_feature_position":"","_kad_post_header":false,"_kad_post_footer":false,"_kad_post_classname":""},"product_brand":[],"product_cat":[176,149],"product_tag":[634],"class_list":{"0":"post-9513","1":"product","2":"type-product","3":"status-publish","4":"has-post-thumbnail","6":"product_cat-immunforsvar","7":"product_cat-orter","8":"product_tag-ipe-roxe","10":"first","11":"outofstock","12":"taxable","13":"shipping-taxable","14":"purchasable","15":"product-type-simple","16":"entry","17":"content-bg","18":"loop-entry"},"taxonomy_info":{"product_cat":[{"value":176,"label":"Immunf\u00f6rsvar"},{"value":149,"label":"\u00d6rter"}],"product_tag":[{"value":634,"label":"Ipe Roxe"}]},"featured_image_src_large":["https:\/\/vitaminbutiken.com\/wp-content\/uploads\/2025\/03\/Ipe-roxe-tab-Photoroom-e1763991737449-933x700.png",933,700,true],"author_info":[],"comment_info":0,"_links":{"self":[{"href":"https:\/\/vitaminbutiken.com\/en\/wp-json\/wp\/v2\/product\/9513","targetHints":{"allow":["GET"]}}],"collection":[{"href":"https:\/\/vitaminbutiken.com\/en\/wp-json\/wp\/v2\/product"}],"about":[{"href":"https:\/\/vitaminbutiken.com\/en\/wp-json\/wp\/v2\/types\/product"}],"replies":[{"embeddable":true,"href":"https:\/\/vitaminbutiken.com\/en\/wp-json\/wp\/v2\/comments?post=9513"}],"wp:featuredmedia":[{"embeddable":true,"href":"https:\/\/vitaminbutiken.com\/en\/wp-json\/wp\/v2\/media\/500102901"}],"wp:attachment":[{"href":"https:\/\/vitaminbutiken.com\/en\/wp-json\/wp\/v2\/media?parent=9513"}],"wp:term":[{"taxonomy":"product_brand","embeddable":true,"href":"https:\/\/vitaminbutiken.com\/en\/wp-json\/wp\/v2\/product_brand?post=9513"},{"taxonomy":"product_cat","embeddable":true,"href":"https:\/\/vitaminbutiken.com\/en\/wp-json\/wp\/v2\/product_cat?post=9513"},{"taxonomy":"product_tag","embeddable":true,"href":"https:\/\/vitaminbutiken.com\/en\/wp-json\/wp\/v2\/product_tag?post=9513"}],"curies":[{"name":"wp","href":"https:\/\/api.w.org\/{rel}","templated":true}]}}