{"id":9496,"date":"2025-03-19T15:58:32","date_gmt":"2025-03-19T13:58:32","guid":{"rendered":"https:\/\/vitaminbutiken.multi.fi\/?post_type=product&#038;p=9496"},"modified":"2026-04-08T12:00:55","modified_gmt":"2026-04-08T10:00:55","slug":"multi-enzym-complex","status":"publish","type":"product","link":"https:\/\/vitaminbutiken.com\/en\/produkt\/multi-enzym-complex\/","title":{"rendered":"Multi Enzym Complex"},"content":{"rendered":"<p><strong>Multi Enzym complex f\u00f6r matsm\u00e4ltningsbesv\u00e4r<\/strong><\/p>\n<p><strong>Allm\u00e4n information<\/strong><\/p>\n<p>Enzymerna hj\u00e4lper sm\u00e4lta maten rent allm\u00e4nt, men \u00e4r dessutom kraftfulla f\u00f6r att kunna bryta ner gasbildande f\u00f6da. Enzymerna \u00e4r nyckeln till matsm\u00e4ltningen. Vitaminer, mineraler och sp\u00e5r\u00e4mnen verkar inte effektivt om det inte finns tillr\u00e4ckligt med enzymer \u2013 \u00e5 andra sidan, om det inte finns tillr\u00e4cklig m\u00e4ngd vitaminer och mineraler verkar inte enzymerna fullt ut. Vi f\u00f6ds med fulla reserver, men med \u00e5ren f\u00f6rminskar kroppens f\u00f6rm\u00e5ga att producera enzymer och d\u00e5 kan man till f\u00f6ra matsm\u00e4ltningsenzymer f\u00f6r att f\u00f6rb\u00e4ttra matsm\u00e4ltningen.<\/p>\n<p>Enzymerna i kosten f\u00f6rst\u00f6rs av lagad, past\u00f6riserad, djupfryst och konserverad mat. Redan vid 47-70 grader C uppv\u00e4rmning b\u00f6rjar enzymerna f\u00f6rst\u00f6ras. Kroppens egna enzym-reserver f\u00f6rst\u00f6rs ocks\u00e5 av s.k. snabbmat, r\u00f6kning, \u00f6verdrivet solande, mediciner, str\u00e5lning, carcinogener, st\u00e4ndiga f\u00f6rkylningar och feber.<\/p>\n<p><strong>Dosering: <\/strong>1 kapsel 1-3 g\u00e5nger per\u00a0 dag. (1 kapsel till varje m\u00e5ltid)<\/p>\n<table style=\"height: 80px;\" border=\"1\" width=\"600\" cellspacing=\"0\" cellpadding=\"0\">\n<tbody>\n<tr>\n<td style=\"width: 34.4401%;\"><strong>1 kapsel inneh\u00e5ller: (Enzymaktivitet)<\/strong><\/td>\n<td style=\"width: 27.1741%;\"><strong>M\u00e4ngd<\/strong><\/td>\n<td style=\"width: 24.6185%;\">Enzymaktivitetsniv\u00e5<\/td>\n<\/tr>\n<tr>\n<td style=\"width: 34.4401%;\">Alfagalactosidas<\/td>\n<td style=\"width: 27.1741%;\">150 mg<\/td>\n<td style=\"width: 24.6185%;\">1500 GaIU<\/td>\n<\/tr>\n<tr>\n<td style=\"width: 34.4401%;\">Amylas<\/td>\n<td style=\"width: 27.1741%;\">120 mg<\/td>\n<td style=\"width: 24.6185%;\">12000 DU<\/td>\n<\/tr>\n<tr>\n<td style=\"width: 34.4401%;\">Lipas<\/td>\n<td style=\"width: 27.1741%;\">50 mg<\/td>\n<td style=\"width: 24.6185%;\">500 FIP<\/td>\n<\/tr>\n<tr>\n<td style=\"width: 34.4401%;\">Proteas 4,5<\/td>\n<td style=\"width: 27.1741%;\">33,3 mg<\/td>\n<td style=\"width: 24.6185%;\">20000 HUT<\/td>\n<\/tr>\n<tr>\n<td style=\"width: 34.4401%;\">Proteas 3,0<\/td>\n<td style=\"width: 27.1741%;\">10 mg<\/td>\n<td style=\"width: 24.6185%;\">20 SAPU<\/td>\n<\/tr>\n<tr>\n<td style=\"width: 34.4401%;\">Intertas<\/td>\n<td style=\"width: 27.1741%;\">20 mg<\/td>\n<td style=\"width: 24.6185%;\">200 SU<\/td>\n<\/tr>\n<tr>\n<td style=\"width: 34.4401%;\">Cellulas<\/td>\n<td style=\"width: 27.1741%;\">12,5 mg<\/td>\n<td style=\"width: 24.6185%;\">500 CU<\/td>\n<\/tr>\n<tr>\n<td style=\"width: 34.4401%;\">Maltdiastas<\/td>\n<td style=\"width: 27.1741%;\">5,56 mg<\/td>\n<td style=\"width: 24.6185%;\">150 DP<\/td>\n<\/tr>\n<tr>\n<td style=\"width: 34.4401%;\">Laktas<\/td>\n<td style=\"width: 27.1741%;\">4,2 mg<\/td>\n<td style=\"width: 24.6185%;\">350 ALU<\/td>\n<\/tr>\n<tr>\n<td style=\"width: 34.4401%;\">Fytas<\/td>\n<td style=\"width: 27.1741%;\">3,33 mg<\/td>\n<td style=\"width: 24.6185%;\">5 FTU<\/td>\n<\/tr>\n<tr>\n<td style=\"width: 34.4401%;\">Xylanas<\/td>\n<td style=\"width: 27.1741%;\">2,5 mg<\/td>\n<td style=\"width: 24.6185%;\">125 XU<\/td>\n<\/tr>\n<tr>\n<td style=\"width: 34.4401%;\">Hemicellulas<\/td>\n<td style=\"width: 27.1741%;\">1,92 mg<\/td>\n<td style=\"width: 24.6185%;\">250HCU<\/td>\n<\/tr>\n<\/tbody>\n<\/table>\n<p>&nbsp;<\/p>\n<p><strong>Ingredienser:<\/strong> Fyllnadsmedel (risfiber), multienzym komplex, fyllnadsmedel (medell\u00e5nga triglycerider), kapsel (hydroxipropylmetylcellulosa).<\/p>\n<p>Rekommenderad daglig dos b\u00f6r ej \u00f6verskridas.<br \/>\nKosttillskott ers\u00e4tter inte en varierad kost.<br \/>\nProdukter f\u00f6rvaras o\u00e5tkomligt f\u00f6r sm\u00e5barn.<\/p>\n","protected":false},"excerpt":{"rendered":"<p>Multi Enzym Complex kan vara till nytta f\u00f6r personer som beh\u00f6ver st\u00f6da matsm\u00e4ltningen. Denna unika sammans\u00e4ttning av enzymer kan bidra till en balanserad matsm\u00e4ltning och fr\u00e4mja en h\u00e4lsosam tarmfunktion. Genom att st\u00f6dja kroppens naturliga enzymproduktion kan Multi Enzym Complex potentiellt f\u00f6rb\u00e4ttra matsm\u00e4ltningen och underl\u00e4tta n\u00e4ringsupptaget.<\/p>\n<p><strong>Matsm\u00e4ltningsst\u00f6d<\/strong><\/p>\n<p>Enzymerna \u00e4r nyckeln till matsm\u00e4ltningen.<\/p>\n<p><strong>90 kapslar<\/strong><\/p>\n","protected":false},"featured_media":500103388,"comment_status":"open","ping_status":"closed","template":"","meta":{"_kad_blocks_custom_css":"","_kad_blocks_head_custom_js":"","_kad_blocks_body_custom_js":"","_kad_blocks_footer_custom_js":"","_kadence_starter_templates_imported_post":false,"_kad_post_transparent":"default","_kad_post_title":"","_kad_post_layout":"default","_kad_post_sidebar_id":"","_kad_post_content_style":"default","_kad_post_vertical_padding":"default","_kad_post_feature":"","_kad_post_feature_position":"","_kad_post_header":false,"_kad_post_footer":false,"_kad_post_classname":""},"product_brand":[],"product_cat":[431,176,2819,1307],"product_tag":[867,868,869,870,871,872,873,874,875,876,877,378,878,879,880,649,881,882,883,884,885,886,887,888,889,890,891,892,893,894,895,896,897,898,899,900,901,902,903,904,905,906,907,908,909,910,911,912,913,914,670,671,915,916],"class_list":{"0":"post-9496","1":"product","2":"type-product","3":"status-publish","4":"has-post-thumbnail","6":"product_cat-mage-tarm","7":"product_cat-immunforsvar","8":"product_cat-matsmaltningsenzymer","9":"product_cat-synergos","10":"product_tag-allman-intolerans","11":"product_tag-alpha-galactosidas","12":"product_tag-amylase","13":"product_tag-bryta-ner-fytinsyra","14":"product_tag-bryter-ned-laktos","15":"product_tag-bukspottkortel","16":"product_tag-cellulas","17":"product_tag-dalig-mage","18":"product_tag-enzym-complex","19":"product_tag-enzymer","20":"product_tag-epi","21":"product_tag-exokrin-pankreas-insufficiens","22":"product_tag-fett","23":"product_tag-fettsyror","24":"product_tag-fibrer","25":"product_tag-fodoamnesintolerans","26":"product_tag-forbattra-matsmaltningen","27":"product_tag-forstarka-immunforsvaret","28":"product_tag-fruktos","29":"product_tag-fytas","30":"product_tag-gasbildande-foda","31":"product_tag-gaser","32":"product_tag-gasig-i-magen","33":"product_tag-glucoamylas","34":"product_tag-glycerol","35":"product_tag-hemicellulas","36":"product_tag-invertas","37":"product_tag-kanslighet-mot-fetter","38":"product_tag-kolhydrater","39":"product_tag-laktas","40":"product_tag-lipas","41":"product_tag-losliga-fibrer","42":"product_tag-luft-i-magen","43":"product_tag-magen-svullnar","44":"product_tag-magont","45":"product_tag-malabsorption","46":"product_tag-maltdiastas","47":"product_tag-matkoma","48":"product_tag-matsmaltningen","49":"product_tag-matsmaltningsbesvar","50":"product_tag-matsmaltningsenzymer","51":"product_tag-oligosackarider","52":"product_tag-ont-i-magen","53":"product_tag-ph-skala","54":"product_tag-polysackarider","55":"product_tag-proteas","56":"product_tag-protein","57":"product_tag-smalta-maten","58":"product_tag-socker-till-glukos","59":"product_tag-starkelse","60":"product_tag-trotthet-efter-maten","61":"product_tag-uppsvalldhet","62":"product_tag-uppsvullen-magen","63":"product_tag-xylanas","65":"first","66":"instock","67":"taxable","68":"shipping-taxable","69":"purchasable","70":"product-type-simple","71":"entry","72":"content-bg","73":"loop-entry"},"taxonomy_info":{"product_cat":[{"value":431,"label":"Mage &amp; Tarm"},{"value":176,"label":"Immunf\u00f6rsvar"},{"value":2819,"label":"Matsm\u00e4ltningsenzymer"},{"value":1307,"label":"Synergos"}],"product_tag":[{"value":867,"label":"allm\u00e4n intolerans"},{"value":868,"label":"alpha-galactosidas"},{"value":869,"label":"amylase"},{"value":870,"label":"bryta ner fytinsyra"},{"value":871,"label":"bryter ned laktos"},{"value":872,"label":"bukspottk\u00f6rtel"},{"value":873,"label":"cellulas"},{"value":874,"label":"d\u00e5lig mage"},{"value":875,"label":"Enzym Complex"},{"value":876,"label":"enzymer"},{"value":877,"label":"EPI"},{"value":378,"label":"exokrin pankreas insufficiens"},{"value":878,"label":"fett"},{"value":879,"label":"fettsyror"},{"value":880,"label":"fibrer"},{"value":649,"label":"f\u00f6do\u00e4mnesintolerans"},{"value":881,"label":"f\u00f6rb\u00e4ttra matsm\u00e4ltningen"},{"value":882,"label":"f\u00f6rst\u00e4rka immunf\u00f6rsvaret"},{"value":883,"label":"fruktos"},{"value":884,"label":"fytas"},{"value":885,"label":"gasbildande f\u00f6da"},{"value":886,"label":"gaser"},{"value":887,"label":"gasig i magen"},{"value":888,"label":"glucoamylas"},{"value":889,"label":"glycerol"},{"value":890,"label":"hemicellulas"},{"value":891,"label":"invertas"},{"value":892,"label":"k\u00e4nslighet mot fetter"},{"value":893,"label":"kolhydrater"},{"value":894,"label":"laktas"},{"value":895,"label":"lipas"},{"value":896,"label":"l\u00f6sliga fibrer"},{"value":897,"label":"luft i magen"},{"value":898,"label":"magen svullnar"},{"value":899,"label":"magont"},{"value":900,"label":"malabsorption"},{"value":901,"label":"maltdiastas"},{"value":902,"label":"matkoma"},{"value":903,"label":"matsm\u00e4ltningen"},{"value":904,"label":"matsm\u00e4ltningsbesv\u00e4r"},{"value":905,"label":"matsm\u00e4ltningsenzymer"},{"value":906,"label":"oligosackarider"},{"value":907,"label":"ont i magen"},{"value":908,"label":"pH-skala"},{"value":909,"label":"polysackarider"},{"value":910,"label":"proteas"},{"value":911,"label":"protein"},{"value":912,"label":"sm\u00e4lta maten"},{"value":913,"label":"socker till glukos"},{"value":914,"label":"st\u00e4rkelse"},{"value":670,"label":"tr\u00f6tthet efter maten"},{"value":671,"label":"uppsv\u00e4lldhet"},{"value":915,"label":"uppsvullen magen"},{"value":916,"label":"xylanas"}]},"featured_image_src_large":["https:\/\/vitaminbutiken.com\/wp-content\/uploads\/2025\/03\/117-Multi-Enzym-Complex-Photoroom-e1768894507957-1067x700.png",1067,700,true],"author_info":[],"comment_info":0,"_links":{"self":[{"href":"https:\/\/vitaminbutiken.com\/en\/wp-json\/wp\/v2\/product\/9496","targetHints":{"allow":["GET"]}}],"collection":[{"href":"https:\/\/vitaminbutiken.com\/en\/wp-json\/wp\/v2\/product"}],"about":[{"href":"https:\/\/vitaminbutiken.com\/en\/wp-json\/wp\/v2\/types\/product"}],"replies":[{"embeddable":true,"href":"https:\/\/vitaminbutiken.com\/en\/wp-json\/wp\/v2\/comments?post=9496"}],"wp:featuredmedia":[{"embeddable":true,"href":"https:\/\/vitaminbutiken.com\/en\/wp-json\/wp\/v2\/media\/500103388"}],"wp:attachment":[{"href":"https:\/\/vitaminbutiken.com\/en\/wp-json\/wp\/v2\/media?parent=9496"}],"wp:term":[{"taxonomy":"product_brand","embeddable":true,"href":"https:\/\/vitaminbutiken.com\/en\/wp-json\/wp\/v2\/product_brand?post=9496"},{"taxonomy":"product_cat","embeddable":true,"href":"https:\/\/vitaminbutiken.com\/en\/wp-json\/wp\/v2\/product_cat?post=9496"},{"taxonomy":"product_tag","embeddable":true,"href":"https:\/\/vitaminbutiken.com\/en\/wp-json\/wp\/v2\/product_tag?post=9496"}],"curies":[{"name":"wp","href":"https:\/\/api.w.org\/{rel}","templated":true}]}}