{"id":9495,"date":"2025-03-19T15:58:32","date_gmt":"2025-03-19T13:58:32","guid":{"rendered":"https:\/\/vitaminbutiken.multi.fi\/?post_type=product&#038;p=9495"},"modified":"2026-04-08T15:11:33","modified_gmt":"2026-04-08T13:11:33","slug":"krom-gtf","status":"publish","type":"product","link":"https:\/\/vitaminbutiken.com\/en\/produkt\/krom-gtf\/","title":{"rendered":"Krom"},"content":{"rendered":"<p><strong>Krom (GTF)<\/strong><\/p>\n<p>Krom \u00e4r ett av v\u00e5ra viktigaste sp\u00e5relement. Det \u00e4r en viktig best\u00e5ndsdel i kroppens reglering av blodsockerv\u00e4rden. Det \u00e4r oftast krombrist som \u00e5stadkommer det klassiska s\u00f6tsuget hos m\u00e4nniskor.<\/p>\n<p><strong>Krom bidrar till:<\/strong><\/p>\n<ul>\n<li>normal oms\u00e4ttning av makron\u00e4rings\u00e4mnen<\/li>\n<li>att bibeh\u00e5lla normala blodsockerniv\u00e5er<\/li>\n<\/ul>\n<p><strong>Dosering:\u00a0<\/strong>1 kapsel 2 g\u00e5nger per dag.<\/p>\n<table style=\"height: 80px;\" border=\"1\" width=\"600\" cellspacing=\"0\" cellpadding=\"0\">\n<tbody>\n<tr style=\"height: 25px;\">\n<td style=\"width: 6.32616%; height: 25px;\"><strong>2 kapslar inneh\u00e5ller:<\/strong><\/td>\n<td style=\"width: 3.76434%; height: 25px;\"><strong>M\u00e4ngd<\/strong><\/td>\n<td style=\"width: 3.13437%; height: 25px;\"><strong>*%DRI<\/strong><\/td>\n<\/tr>\n<tr style=\"height: 25px;\">\n<td style=\"width: 6.32616%; height: 25px;\">Krom<\/td>\n<td style=\"width: 3.76434%; height: 25px;\">400 \u00b5g<\/td>\n<td style=\"width: 3.13437%; height: 25px;\">1000 %<\/td>\n<\/tr>\n<\/tbody>\n<\/table>\n<p><strong>*DRI \u00e4r dagligt referensintag.<\/strong><\/p>\n<p><strong>Ingredienser:<\/strong> Fyllnadsmedel (rispulver), klumpf\u00f6rebyggande medel (magnesiumsalter av fettsyror, kiseldioxid), krom (krompikolinat), kapsel (hydroxipropylmetylcellulosa).<\/p>\n<p>Rekommenderad daglig dos b\u00f6r ej \u00f6verskridas.<br \/>\nKosttillskott ers\u00e4tter inte en varierad kost.<br \/>\nProdukten f\u00f6rvaras o\u00e5tkomligt f\u00f6r sm\u00e5 barn.<\/p>\n","protected":false},"excerpt":{"rendered":"<p>Krom \u00e4r ett kosttillskott som kan st\u00f6dja normalt blodsocker och kolhydratmetabolism. Personer som anv\u00e4nder detta kosttillskott kan uppleva en balanserad energiniv\u00e5 och stabiliserad aptit.<\/p>\n<p><strong>60 kapslar<\/strong><\/p>\n<p>&nbsp;<\/p>\n","protected":false},"featured_media":500103430,"comment_status":"open","ping_status":"closed","template":"","meta":{"_kad_blocks_custom_css":"","_kad_blocks_head_custom_js":"","_kad_blocks_body_custom_js":"","_kad_blocks_footer_custom_js":"","_kadence_starter_templates_imported_post":false,"_kad_post_transparent":"default","_kad_post_title":"","_kad_post_layout":"default","_kad_post_sidebar_id":"","_kad_post_content_style":"default","_kad_post_vertical_padding":"default","_kad_post_feature":"","_kad_post_feature_position":"","_kad_post_header":false,"_kad_post_footer":false,"_kad_post_classname":""},"product_brand":[],"product_cat":[1293,2816,281],"product_tag":[866],"class_list":{"0":"post-9495","1":"product","2":"type-product","3":"status-publish","4":"has-post-thumbnail","6":"product_cat-evp-nutrition","7":"product_cat-krom","8":"product_cat-mineraler","9":"product_tag-krom","11":"first","12":"instock","13":"taxable","14":"shipping-taxable","15":"purchasable","16":"product-type-simple","17":"entry","18":"content-bg","19":"loop-entry"},"taxonomy_info":{"product_cat":[{"value":1293,"label":"EVP Nutrition"},{"value":2816,"label":"Krom"},{"value":281,"label":"Mineraler"}],"product_tag":[{"value":866,"label":"Krom"}]},"featured_image_src_large":["https:\/\/vitaminbutiken.com\/wp-content\/uploads\/2025\/03\/210-Krom-GTF-kapslar-Photoroom-e1769155334272-947x700.png",947,700,true],"author_info":[],"comment_info":0,"_links":{"self":[{"href":"https:\/\/vitaminbutiken.com\/en\/wp-json\/wp\/v2\/product\/9495","targetHints":{"allow":["GET"]}}],"collection":[{"href":"https:\/\/vitaminbutiken.com\/en\/wp-json\/wp\/v2\/product"}],"about":[{"href":"https:\/\/vitaminbutiken.com\/en\/wp-json\/wp\/v2\/types\/product"}],"replies":[{"embeddable":true,"href":"https:\/\/vitaminbutiken.com\/en\/wp-json\/wp\/v2\/comments?post=9495"}],"wp:featuredmedia":[{"embeddable":true,"href":"https:\/\/vitaminbutiken.com\/en\/wp-json\/wp\/v2\/media\/500103430"}],"wp:attachment":[{"href":"https:\/\/vitaminbutiken.com\/en\/wp-json\/wp\/v2\/media?parent=9495"}],"wp:term":[{"taxonomy":"product_brand","embeddable":true,"href":"https:\/\/vitaminbutiken.com\/en\/wp-json\/wp\/v2\/product_brand?post=9495"},{"taxonomy":"product_cat","embeddable":true,"href":"https:\/\/vitaminbutiken.com\/en\/wp-json\/wp\/v2\/product_cat?post=9495"},{"taxonomy":"product_tag","embeddable":true,"href":"https:\/\/vitaminbutiken.com\/en\/wp-json\/wp\/v2\/product_tag?post=9495"}],"curies":[{"name":"wp","href":"https:\/\/api.w.org\/{rel}","templated":true}]}}