{"id":9486,"date":"2025-03-19T15:58:07","date_gmt":"2025-03-19T13:58:07","guid":{"rendered":"https:\/\/vitaminbutiken.multi.fi\/?post_type=product&#038;p=9486"},"modified":"2026-04-08T08:33:32","modified_gmt":"2026-04-08T06:33:32","slug":"milk-thistle-mariatistel","status":"publish","type":"product","link":"https:\/\/vitaminbutiken.com\/en\/produkt\/milk-thistle-mariatistel\/","title":{"rendered":"Milk Thistle &#8211; Mariatistel"},"content":{"rendered":"<div class=\"woocommerce-tabs wc-tabs-wrapper\">\n<div id=\"tab-description\" class=\"woocommerce-Tabs-panel woocommerce-Tabs-panel--description panel entry-content wc-tab\" role=\"tabpanel\" aria-labelledby=\"tab-title-description\">\n<p><strong>Mariatistel<\/strong><\/p>\n<p>Varje tablett ger 300 mg extrakt av mariatistel (80 % silymarin).<\/p>\n<p>Mariatistel (Silybum marianum) \u00e4r en v\u00e4xtart i familjen korgblommiga v\u00e4xter. Den har sitt ursprung i Medelhavsomr\u00e5det. Traditionellt extrakt av mariatistel \u00e4r tillverkat av fr\u00f6n, som icke-extraherat inneh\u00e5ller cirka 4-6 % silymarin.<\/p>\n<p>Silymarin \u00e4r en komplex blandning av polyfenolmolekyler samt sju n\u00e4ra besl\u00e4ktade flavonolignaner vilka inkluderar silybin A, silybin B, isosilybin A, isosilybin B, silychristin, isosilychristin, silydianin och en flavonoid (taxifoli).<\/p>\n<\/div>\n<\/div>\n<div class=\"nutrition-declaration\">\n<p>&nbsp;<\/p>\n<p><strong>Dosering: <\/strong>2 kapslar per dag.<\/p>\n<table style=\"height: 80px;\" border=\"1\" width=\"600\" cellspacing=\"0\" cellpadding=\"0\">\n<tbody>\n<tr>\n<td style=\"width: 4.88831%;\"><strong>2 kapslar inneh\u00e5ller:<\/strong><\/td>\n<td style=\"width: 7.11325%;\"><strong>M\u00e4ngd<\/strong><\/td>\n<td style=\"width: 7.11325%;\"><strong>*DRI%\u00a0<\/strong><\/td>\n<\/tr>\n<tr>\n<td style=\"width: 4.88831%;\">Mariatistelextrakt<br \/>\n80% silymarin<\/td>\n<td style=\"width: 7.11325%;\">600 mg<\/td>\n<td style=\"width: 7.11325%;\">**<\/td>\n<\/tr>\n<\/tbody>\n<\/table>\n<p><strong>*DRI (dagligt referensintag) ej fastst\u00e4llt.<\/strong><\/p>\n<p><strong>Ingredienser:<\/strong> Mariatistel extrakt 80 % silymarin (silybum marianum), kapsel (hydroxipropylmetylcellulosa).<\/p>\n<p>Rekommenderad dos b\u00f6r ej \u00f6verskridas.<br \/>\nKosttillskott ers\u00e4tter inte en varierad kost.<br \/>\nProdukten f\u00f6rvaras o\u00e5tkomligt f\u00f6r sm\u00e5 barn.<\/p>\n<\/div>\n","protected":false},"excerpt":{"rendered":"<p>Mariatistel, \u00e4ven k\u00e4nd som Milk Thistle, \u00e4r en \u00f6rt som har anv\u00e4nts i \u00e5rhundraden f\u00f6r sina potentiella f\u00f6rdelar. Personer som anv\u00e4nder detta kosttillskott kan uppleva st\u00f6d f\u00f6r en sund leverfunktion och en frisk matsm\u00e4ltning. Komplettera din h\u00e4lsosamma livsstil med Mariatistel och uppt\u00e4ck dess m\u00f6jliga h\u00e4lsof\u00f6rdelar.<\/p>\n<p><strong>Mariatistel<\/strong><\/p>\n<p>Varje tablett ger 300 mg extrakt av mariatistel (80 % silymarin).<\/p>\n<p><strong>60 kapslar<\/strong><\/p>\n","protected":false},"featured_media":500103888,"comment_status":"open","ping_status":"closed","template":"","meta":{"_kad_blocks_custom_css":"","_kad_blocks_head_custom_js":"","_kad_blocks_body_custom_js":"","_kad_blocks_footer_custom_js":"","_kadence_starter_templates_imported_post":false,"_kad_post_transparent":"default","_kad_post_title":"","_kad_post_layout":"default","_kad_post_sidebar_id":"","_kad_post_content_style":"default","_kad_post_vertical_padding":"default","_kad_post_feature":"","_kad_post_feature_position":"","_kad_post_header":false,"_kad_post_footer":false,"_kad_post_classname":""},"product_brand":[],"product_cat":[198,149,843],"product_tag":[844,845,846,847,848,849,850,851,852,853,854,855,856,857,858,859,860,861,862,863],"class_list":{"0":"post-9486","1":"product","2":"type-product","3":"status-publish","4":"has-post-thumbnail","6":"product_cat-lever-och-njurar","7":"product_cat-orter","8":"product_cat-reviva-nutrition","9":"product_tag-basta-mariatisteltillskottet","10":"product_tag-hur-fungerar-mariatistel","11":"product_tag-kop-mariatistel-online","12":"product_tag-mariatistel-antioxidant","13":"product_tag-mariatistel-biverkningar","14":"product_tag-mariatistel-detox","15":"product_tag-mariatistel-fordelar","16":"product_tag-mariatistel-kapslar","17":"product_tag-mariatistel-kosttillskott","18":"product_tag-mariatistel-leverforfettning","19":"product_tag-mariatistel-leverfunktion","20":"product_tag-mariatistel-leverhalsa","21":"product_tag-mariatistel-leverrensning","22":"product_tag-mariatistel-leverstod","23":"product_tag-mariatistel-mot-gifter","24":"product_tag-mariatistel-naturlakemedel","25":"product_tag-mariatistel-och-alkoholskador","26":"product_tag-mariatistel-och-kolesterol","27":"product_tag-mariatistel-silymarin","28":"product_tag-naturlig-leverdetox","30":"first","31":"instock","32":"taxable","33":"shipping-taxable","34":"purchasable","35":"product-type-simple","36":"entry","37":"content-bg","38":"loop-entry"},"taxonomy_info":{"product_cat":[{"value":198,"label":"Lever &amp; Njurar"},{"value":149,"label":"\u00d6rter"},{"value":843,"label":"Reviva Nutrition"}],"product_tag":[{"value":844,"label":"B\u00e4sta mariatisteltillskottet"},{"value":845,"label":"Hur fungerar mariatistel?"},{"value":846,"label":"K\u00f6p mariatistel online"},{"value":847,"label":"Mariatistel antioxidant"},{"value":848,"label":"Mariatistel biverkningar"},{"value":849,"label":"Mariatistel detox"},{"value":850,"label":"Mariatistel f\u00f6rdelar"},{"value":851,"label":"Mariatistel kapslar"},{"value":852,"label":"Mariatistel kosttillskott"},{"value":853,"label":"Mariatistel leverf\u00f6rfettning"},{"value":854,"label":"Mariatistel leverfunktion"},{"value":855,"label":"Mariatistel leverh\u00e4lsa"},{"value":856,"label":"Mariatistel leverrensning"},{"value":857,"label":"Mariatistel leverst\u00f6d"},{"value":858,"label":"Mariatistel mot gifter"},{"value":859,"label":"Mariatistel naturl\u00e4kemedel"},{"value":860,"label":"Mariatistel och alkoholskador"},{"value":861,"label":"Mariatistel och kolesterol"},{"value":862,"label":"Mariatistel silymarin"},{"value":863,"label":"Naturlig leverdetox"}]},"featured_image_src_large":["https:\/\/vitaminbutiken.com\/wp-content\/uploads\/2025\/03\/REV062-Milk-thistle-Photoroom-e1771586006389-720x700.png",720,700,true],"author_info":[],"comment_info":0,"_links":{"self":[{"href":"https:\/\/vitaminbutiken.com\/en\/wp-json\/wp\/v2\/product\/9486","targetHints":{"allow":["GET"]}}],"collection":[{"href":"https:\/\/vitaminbutiken.com\/en\/wp-json\/wp\/v2\/product"}],"about":[{"href":"https:\/\/vitaminbutiken.com\/en\/wp-json\/wp\/v2\/types\/product"}],"replies":[{"embeddable":true,"href":"https:\/\/vitaminbutiken.com\/en\/wp-json\/wp\/v2\/comments?post=9486"}],"wp:featuredmedia":[{"embeddable":true,"href":"https:\/\/vitaminbutiken.com\/en\/wp-json\/wp\/v2\/media\/500103888"}],"wp:attachment":[{"href":"https:\/\/vitaminbutiken.com\/en\/wp-json\/wp\/v2\/media?parent=9486"}],"wp:term":[{"taxonomy":"product_brand","embeddable":true,"href":"https:\/\/vitaminbutiken.com\/en\/wp-json\/wp\/v2\/product_brand?post=9486"},{"taxonomy":"product_cat","embeddable":true,"href":"https:\/\/vitaminbutiken.com\/en\/wp-json\/wp\/v2\/product_cat?post=9486"},{"taxonomy":"product_tag","embeddable":true,"href":"https:\/\/vitaminbutiken.com\/en\/wp-json\/wp\/v2\/product_tag?post=9486"}],"curies":[{"name":"wp","href":"https:\/\/api.w.org\/{rel}","templated":true}]}}