{"id":9484,"date":"2025-03-19T15:58:06","date_gmt":"2025-03-19T13:58:06","guid":{"rendered":"https:\/\/vitaminbutiken.multi.fi\/?post_type=product&#038;p=9484"},"modified":"2026-04-08T09:22:59","modified_gmt":"2026-04-08T07:22:59","slug":"glutation","status":"publish","type":"product","link":"https:\/\/vitaminbutiken.com\/en\/produkt\/glutation\/","title":{"rendered":"Glutation"},"content":{"rendered":"<div dir=\"auto\"><strong>Glutation<br \/>\n<\/strong><\/div>\n<div dir=\"auto\"><strong>Allm\u00e4n information:<\/strong> Glutation (GSH) \u00e4r en tripeptid baserad p\u00e5 aminosyrorna glycin, cystein och glutaminsyra. Glutation \u00e4r en antioxidant, som skyddar celler fr\u00e5n toxiner som fria radikaler.<\/div>\n<div dir=\"auto\">\u00a0Varje kapsel ger 250 mg reducerad glutation (Setria) med extra h\u00f6g biotillg\u00e4nglighet.<\/div>\n<div dir=\"auto\"><\/div>\n<div dir=\"auto\">Glutation \u00e4r ett \u00e4mne som finns i n\u00e4stan varje levande cell i v\u00e5ra kroppar. De h\u00f6gsta koncentrationerna finns i levern, bukspottk\u00f6rteln, mj\u00e4lten, njurarna och i \u00f6gonen.<br \/>\nKroppen anv\u00e4nder glutation f\u00f6r cellernas avgiftning och som st\u00f6d i produktionen av vita blodkroppar. Det \u00e4r d\u00e4rf\u00f6r en mycket viktig komponent f\u00f6r immunf\u00f6rsvaret.<br \/>\nGlutationsniv\u00e5erna i kroppen avtar med \u00e5lder. Glutation tas upp mest effektivt i reducerad form.<\/div>\n<div dir=\"auto\"><\/div>\n<div dir=\"auto\">\n<p><strong>Dosering:\u00a0<\/strong>1 kapsel 2 g\u00e5nger per dag.<\/p>\n<table style=\"height: 80px;\" border=\"1\" width=\"600\" cellspacing=\"0\" cellpadding=\"0\">\n<tbody>\n<tr>\n<td style=\"width: 3.18471%;\"><strong>2 kapslar inneh\u00e5ller:<\/strong><\/td>\n<td style=\"width: 3.18471%;\"><strong>M\u00e4ngd<\/strong><\/td>\n<td style=\"width: 3.18471%;\"><strong>*DRI%<\/strong><\/td>\n<\/tr>\n<tr>\n<td style=\"width: 3.18471%;\">Glutation<br \/>\nVarje kapsel ger 250 mg reducerad glutation med f\u00f6rb\u00e4ttrad biotillg\u00e4nglighet.<\/td>\n<td style=\"width: 3.18471%;\">500 mg<\/td>\n<td style=\"width: 3.18471%;\">**<\/td>\n<\/tr>\n<\/tbody>\n<\/table>\n<p><strong>**DRI (dagligt referensintag) ej fastst\u00e4llt.<\/strong><\/p>\n<p><strong>Ingredienser: <\/strong>Reducerad glutation, fyllnadsmedel (mikrokristallinsk cellulosa), klumpf\u00f6rebyggande medel (magnesiumsalter av fettsyror), kapsel (hydroxipropylmetylcellulosa).<\/p>\n<p>Rekommenderad daglig dos b\u00f6r ej \u00f6verskridas.<br \/>\nKosttillskott ers\u00e4tter inte en varierad kost.<br \/>\nProdukten f\u00f6rvaras o\u00e5tkomligt f\u00f6r sm\u00e5 barn.<\/p>\n<\/div>\n","protected":false},"excerpt":{"rendered":"<p>Varje kapsel ger 250 mg reducerad glutation med f\u00f6rb\u00e4ttrad biotillg\u00e4nglighet.<\/p>\n<p><strong>60 kapslar<\/strong><\/p>\n","protected":false},"featured_media":500103581,"comment_status":"open","ping_status":"closed","template":"","meta":{"_kad_blocks_custom_css":"","_kad_blocks_head_custom_js":"","_kad_blocks_body_custom_js":"","_kad_blocks_footer_custom_js":"","_kadence_starter_templates_imported_post":false,"_kad_post_transparent":"default","_kad_post_title":"","_kad_post_layout":"default","_kad_post_sidebar_id":"","_kad_post_content_style":"default","_kad_post_vertical_padding":"default","_kad_post_feature":"","_kad_post_feature_position":"","_kad_post_header":false,"_kad_post_footer":false,"_kad_post_classname":""},"product_brand":[],"product_cat":[176,198,277,1393,1307],"product_tag":[476,691,835,836,837,838],"class_list":{"0":"post-9484","1":"product","2":"type-product","3":"status-publish","4":"has-post-thumbnail","6":"product_cat-immunforsvar","7":"product_cat-lever-och-njurar","8":"product_cat-muskler-och-leder","9":"product_cat-ovriga-kosttillskott","10":"product_cat-synergos","11":"product_tag-aminosyror","12":"product_tag-avgiftning","13":"product_tag-basta-glutation","14":"product_tag-glutamin-glutation","15":"product_tag-glutation","16":"product_tag-glutation-kosttillskott","18":"first","19":"instock","20":"taxable","21":"shipping-taxable","22":"purchasable","23":"product-type-simple","24":"entry","25":"content-bg","26":"loop-entry"},"taxonomy_info":{"product_cat":[{"value":176,"label":"Immunf\u00f6rsvar"},{"value":198,"label":"Lever &amp; Njurar"},{"value":277,"label":"Muskler &amp; Leder"},{"value":1393,"label":"\u00d6vriga kosttillskott"},{"value":1307,"label":"Synergos"}],"product_tag":[{"value":476,"label":"aminosyror"},{"value":691,"label":"avgiftning"},{"value":835,"label":"b\u00e4sta glutation"},{"value":836,"label":"glutamin glutation"},{"value":837,"label":"glutation"},{"value":838,"label":"glutation kosttillskott"}]},"featured_image_src_large":["https:\/\/vitaminbutiken.com\/wp-content\/uploads\/2025\/03\/248-Glutation-Photoroom-e1769769678291-733x700.png",733,700,true],"author_info":[],"comment_info":0,"_links":{"self":[{"href":"https:\/\/vitaminbutiken.com\/en\/wp-json\/wp\/v2\/product\/9484","targetHints":{"allow":["GET"]}}],"collection":[{"href":"https:\/\/vitaminbutiken.com\/en\/wp-json\/wp\/v2\/product"}],"about":[{"href":"https:\/\/vitaminbutiken.com\/en\/wp-json\/wp\/v2\/types\/product"}],"replies":[{"embeddable":true,"href":"https:\/\/vitaminbutiken.com\/en\/wp-json\/wp\/v2\/comments?post=9484"}],"wp:featuredmedia":[{"embeddable":true,"href":"https:\/\/vitaminbutiken.com\/en\/wp-json\/wp\/v2\/media\/500103581"}],"wp:attachment":[{"href":"https:\/\/vitaminbutiken.com\/en\/wp-json\/wp\/v2\/media?parent=9484"}],"wp:term":[{"taxonomy":"product_brand","embeddable":true,"href":"https:\/\/vitaminbutiken.com\/en\/wp-json\/wp\/v2\/product_brand?post=9484"},{"taxonomy":"product_cat","embeddable":true,"href":"https:\/\/vitaminbutiken.com\/en\/wp-json\/wp\/v2\/product_cat?post=9484"},{"taxonomy":"product_tag","embeddable":true,"href":"https:\/\/vitaminbutiken.com\/en\/wp-json\/wp\/v2\/product_tag?post=9484"}],"curies":[{"name":"wp","href":"https:\/\/api.w.org\/{rel}","templated":true}]}}