{"id":9477,"date":"2025-03-19T15:57:37","date_gmt":"2025-03-19T13:57:37","guid":{"rendered":"https:\/\/vitaminbutiken.multi.fi\/?post_type=product&#038;p=9477"},"modified":"2026-04-08T18:37:37","modified_gmt":"2026-04-08T16:37:37","slug":"uvimax-maskrosrot","status":"publish","type":"product","link":"https:\/\/vitaminbutiken.com\/en\/produkt\/uvimax-maskrosrot\/","title":{"rendered":"Uvimax &#8211; maskrosrot"},"content":{"rendered":"<p><strong>Uvimax &#8211; maskrosrot<\/strong><\/p>\n<p>Maskros, Taraxacum Officinale,\u00a0 anv\u00e4nds\u00a0 f\u00f6r sin njur- och leverst\u00e4rkande funktion. Har \u00e4ven en allm\u00e4nt blodrenande f\u00f6rm\u00e5ga och st\u00e4rker kroppens matsm\u00e4ltningsf\u00f6rm\u00e5ga.<\/p>\n<p><strong>Dosering:\u00a0<\/strong>1 tablett tv\u00e5 g\u00e5nger per dag.<\/p>\n<table style=\"height: 80px;\" border=\"1\" width=\"600\" cellspacing=\"0\" cellpadding=\"0\">\n<tbody>\n<tr>\n<td style=\"width: 18.6405%;\"><strong>2 tabletter inneh\u00e5ller:<\/strong><\/td>\n<td style=\"width: 18.629%;\"><strong>M\u00e4ngd<\/strong><\/td>\n<td style=\"width: 18.629%;\"><strong>*DRI%<\/strong><\/td>\n<\/tr>\n<tr>\n<td style=\"width: 18.6405%;\" width=\"75\">Maskrosrotextrakt<br \/>\nExtrakthalt 5:1<\/td>\n<td style=\"width: 18.629%;\" width=\"47\">600 mg<\/td>\n<td style=\"width: 18.629%;\"><b>**<\/b><\/td>\n<\/tr>\n<\/tbody>\n<\/table>\n<p><strong>**DRI (dagligt referensintag) ej fastst\u00e4llt.<\/strong><\/p>\n<p><strong>Ingredienser<\/strong>: Fyllnadsmedel (di-kalciumfosfat), maskrosrotextrakt (<em>Taraxacum officinale<\/em>), fyllnadsmedel (mikrokristallinsk cellulosa, stearinsyra), stabiliseringsmedel (tv\u00e4rbunden natriumkarboximetylcellulosa), klumpf\u00f6rebyggande medel (magnesiumsalter av fettsyror).<\/p>\n<p>Rekommenderad daglig dos b\u00f6r ej \u00f6verskridas.<br \/>\nKosttillskott ers\u00e4tter inte en varierad kost.<br \/>\nProdukten f\u00f6rvaras o\u00e5tkomligt f\u00f6r sm\u00e5 barn.<\/p>\n<p>&nbsp;<\/p>\n","protected":false},"excerpt":{"rendered":"<p>Extrakt av maskrosrot<\/p>\n<p><strong>60 tabletter<\/strong><\/p>\n","protected":false},"featured_media":500103843,"comment_status":"open","ping_status":"closed","template":"","meta":{"_kad_blocks_custom_css":"","_kad_blocks_head_custom_js":"","_kad_blocks_body_custom_js":"","_kad_blocks_footer_custom_js":"","_kadence_starter_templates_imported_post":false,"_kad_post_transparent":"default","_kad_post_title":"","_kad_post_layout":"default","_kad_post_sidebar_id":"","_kad_post_content_style":"default","_kad_post_vertical_padding":"default","_kad_post_feature":"","_kad_post_feature_position":"","_kad_post_header":false,"_kad_post_footer":false,"_kad_post_classname":""},"product_brand":[],"product_cat":[198,431,149,1307],"product_tag":[832,833,834],"class_list":{"0":"post-9477","1":"product","2":"type-product","3":"status-publish","4":"has-post-thumbnail","6":"product_cat-lever-och-njurar","7":"product_cat-mage-tarm","8":"product_cat-orter","9":"product_cat-synergos","10":"product_tag-maskros","11":"product_tag-uvimax","12":"product_tag-uvimax-plus","14":"first","15":"instock","16":"taxable","17":"shipping-taxable","18":"purchasable","19":"product-type-simple","20":"entry","21":"content-bg","22":"loop-entry"},"taxonomy_info":{"product_cat":[{"value":198,"label":"Lever &amp; Njurar"},{"value":431,"label":"Mage &amp; Tarm"},{"value":149,"label":"\u00d6rter"},{"value":1307,"label":"Synergos"}],"product_tag":[{"value":832,"label":"maskros"},{"value":833,"label":"Uvimax"},{"value":834,"label":"Uvimax plus"}]},"featured_image_src_large":["https:\/\/vitaminbutiken.com\/wp-content\/uploads\/2025\/03\/425-B-uvimax-plus-Photoroom-e1771402994150-693x700.png",693,700,true],"author_info":[],"comment_info":0,"_links":{"self":[{"href":"https:\/\/vitaminbutiken.com\/en\/wp-json\/wp\/v2\/product\/9477","targetHints":{"allow":["GET"]}}],"collection":[{"href":"https:\/\/vitaminbutiken.com\/en\/wp-json\/wp\/v2\/product"}],"about":[{"href":"https:\/\/vitaminbutiken.com\/en\/wp-json\/wp\/v2\/types\/product"}],"replies":[{"embeddable":true,"href":"https:\/\/vitaminbutiken.com\/en\/wp-json\/wp\/v2\/comments?post=9477"}],"wp:featuredmedia":[{"embeddable":true,"href":"https:\/\/vitaminbutiken.com\/en\/wp-json\/wp\/v2\/media\/500103843"}],"wp:attachment":[{"href":"https:\/\/vitaminbutiken.com\/en\/wp-json\/wp\/v2\/media?parent=9477"}],"wp:term":[{"taxonomy":"product_brand","embeddable":true,"href":"https:\/\/vitaminbutiken.com\/en\/wp-json\/wp\/v2\/product_brand?post=9477"},{"taxonomy":"product_cat","embeddable":true,"href":"https:\/\/vitaminbutiken.com\/en\/wp-json\/wp\/v2\/product_cat?post=9477"},{"taxonomy":"product_tag","embeddable":true,"href":"https:\/\/vitaminbutiken.com\/en\/wp-json\/wp\/v2\/product_tag?post=9477"}],"curies":[{"name":"wp","href":"https:\/\/api.w.org\/{rel}","templated":true}]}}