{"id":9476,"date":"2025-03-19T15:57:36","date_gmt":"2025-03-19T13:57:36","guid":{"rendered":"https:\/\/vitaminbutiken.multi.fi\/?post_type=product&#038;p=9476"},"modified":"2026-04-08T08:33:39","modified_gmt":"2026-04-08T06:33:39","slug":"metionin-complex","status":"publish","type":"product","link":"https:\/\/vitaminbutiken.com\/en\/produkt\/metionin-complex\/","title":{"rendered":"Metionin Complex"},"content":{"rendered":"<p>Metionin complex \u00e4r ett specialpreparat som inneh\u00e5ller en serie med mikron\u00e4rings\u00e4mnen vilka sammansatt och var f\u00f6r sig har en vetenskapligt v\u00e4lk\u00e4nd stimulerande verkan p\u00e5 leverns arbetsf\u00f6rm\u00e5ga.<\/p>\n<p><strong>Kolin, vitamin B6, mangan och selen i Metionin complex bidrar till:<\/strong><\/p>\n<ul>\n<li>normal homocysteinoms\u00e4ttning<\/li>\n<li>normal fettoms\u00e4ttning<\/li>\n<li>att bibeh\u00e5lla normal leverfunktion<\/li>\n<li>normal energioms\u00e4ttning<\/li>\n<li>att skydda cellerna mot oxidativ stress<\/li>\n<li>normal protein- och glykogenoms\u00e4ttning<\/li>\n<li>normal bildning av r\u00f6da blodkroppar<\/li>\n<li>immunsystemets normala funktion<\/li>\n<li>att reglera hormonaktiviteten<\/li>\n<\/ul>\n<p><b>\u00a0Dosering:\u00a0<\/b>1 kapsel 2 g\u00e5nger\/dag.<\/p>\n<table style=\"height: 80px;\" border=\"1\" width=\"600\" cellspacing=\"0\" cellpadding=\"0\">\n<tbody>\n<tr>\n<td style=\"width: 21.2788%;\"><strong>2 kapslar inneh\u00e5ller:<\/strong><\/td>\n<td style=\"width: 16.0377%;\"><strong>M\u00e4ngd<\/strong><\/td>\n<td style=\"width: 11.8449%;\"><strong>*%DRI<\/strong><\/td>\n<\/tr>\n<tr>\n<td style=\"width: 21.2788%;\" width=\"85\">L-Metionin<\/td>\n<td style=\"width: 16.0377%;\" width=\"38\">\u00a0500 mg<\/td>\n<td style=\"width: 11.8449%;\" width=\"38\">**<\/td>\n<\/tr>\n<tr>\n<td style=\"width: 21.2788%;\" width=\"85\">L-Cystein<\/td>\n<td style=\"width: 16.0377%;\" width=\"38\">\u00a0200 mg<\/td>\n<td style=\"width: 11.8449%;\" width=\"38\">**<\/td>\n<\/tr>\n<tr>\n<td style=\"width: 21.2788%;\" width=\"85\">Kolin<\/td>\n<td style=\"width: 16.0377%;\" width=\"38\">\u00a0100 mg<\/td>\n<td style=\"width: 11.8449%;\" width=\"38\">**<\/td>\n<\/tr>\n<tr>\n<td style=\"width: 21.2788%;\" width=\"85\">Vitamin B6<\/td>\n<td style=\"width: 16.0377%;\" width=\"38\">\u00a024 mg<\/td>\n<td style=\"width: 11.8449%;\" width=\"38\">1714 %<\/td>\n<\/tr>\n<tr>\n<td style=\"width: 21.2788%;\" width=\"85\">Mangan<\/td>\n<td style=\"width: 16.0377%;\" width=\"38\">\u00a010 mg<\/td>\n<td style=\"width: 11.8449%;\" width=\"38\">\u00a0500 %<\/td>\n<\/tr>\n<tr>\n<td style=\"width: 21.2788%;\" width=\"85\">Selen<\/td>\n<td style=\"width: 16.0377%;\" width=\"38\">\u00a0100 \u00b5g<\/td>\n<td style=\"width: 11.8449%;\" width=\"38\">\u00a0 182 %<\/td>\n<\/tr>\n<\/tbody>\n<\/table>\n<p><strong>* DRI \u00e4r dagligt referensintag. **DRI ej fastst\u00e4llt.<\/strong><\/p>\n<p><strong>Ingredienser:<\/strong>\u00a0L-metionin, kolin, fyllnadsmedel (rispulver), L-cystein, mangan (mangansulfat), klumpf\u00f6rebyggande medel (magnesiumsalter av<br \/>\nfettsyror, kiseldioxid), vitamin B6 (pyridoxin hydroklorid), selen (selenmetionin), kapsel (hydroxipropylmetylcellulosa).<\/p>\n<p><strong>OBS!<\/strong> Den \u00f6vre gr\u00e4nsen f\u00f6r s\u00e4kert dagligt intag av vitamin B6 \u00e4r 12 mg. M\u00e4ngden vitamin B6 i dygnsdosen som f\u00e5s fr\u00e5n denna produkt (24 mg) \u00f6verskrider denna m\u00e4ngd. Inte f\u00f6r l\u00e5ngvarigt bruk.<\/p>\n<p>Rekommenderad daglig dos b\u00f6r ej \u00f6verskridas.<br \/>\nKosttillskott ers\u00e4tter inte en varierad kost.<br \/>\nProdukten f\u00f6rvaras o\u00e5tkomligt f\u00f6r sm\u00e5 barn.<\/p>\n","protected":false},"excerpt":{"rendered":"<p>Metionin complex \u00e4r ett specialpreparat som inneh\u00e5ller en serie med mikron\u00e4rings\u00e4mnen vilka sammansatt och var f\u00f6r sig har en vetenskapligt v\u00e4lk\u00e4nd stimulerande verkan p\u00e5 leverns arbetsf\u00f6rm\u00e5ga.<\/p>\n<p><strong>60 kapslar<\/strong><\/p>\n","protected":false},"featured_media":500103264,"comment_status":"open","ping_status":"closed","template":"","meta":{"_kad_blocks_custom_css":"","_kad_blocks_head_custom_js":"","_kad_blocks_body_custom_js":"","_kad_blocks_footer_custom_js":"","_kadence_starter_templates_imported_post":false,"_kad_post_transparent":"default","_kad_post_title":"","_kad_post_layout":"default","_kad_post_sidebar_id":"","_kad_post_content_style":"default","_kad_post_vertical_padding":"default","_kad_post_feature":"","_kad_post_feature_position":"","_kad_post_header":false,"_kad_post_footer":false,"_kad_post_classname":""},"product_brand":[],"product_cat":[198,337,281,1307],"product_tag":[205,828,221,229,234,235],"class_list":{"0":"post-9476","1":"product","2":"type-product","3":"status-publish","4":"has-post-thumbnail","6":"product_cat-lever-och-njurar","7":"product_cat-aminosyror","8":"product_cat-mineraler","9":"product_cat-synergos","10":"product_tag-antioxidant","11":"product_tag-metionin-complex","12":"product_tag-naturtillskott","13":"product_tag-starka-immunforsvar","14":"product_tag-vitamin","15":"product_tag-vitaminer","17":"first","18":"instock","19":"taxable","20":"shipping-taxable","21":"purchasable","22":"product-type-simple","23":"entry","24":"content-bg","25":"loop-entry"},"taxonomy_info":{"product_cat":[{"value":198,"label":"Lever &amp; Njurar"},{"value":337,"label":"Aminosyror"},{"value":281,"label":"Mineraler"},{"value":1307,"label":"Synergos"}],"product_tag":[{"value":205,"label":"antioxidant"},{"value":828,"label":"metionin complex"},{"value":221,"label":"naturtillskott"},{"value":229,"label":"st\u00e4rka immunf\u00f6rsvar"},{"value":234,"label":"vitamin"},{"value":235,"label":"vitaminer"}]},"featured_image_src_large":["https:\/\/vitaminbutiken.com\/wp-content\/uploads\/2025\/03\/Metionin-Complex-Photoroom-e1768312394108-983x700.png",983,700,true],"author_info":[],"comment_info":0,"_links":{"self":[{"href":"https:\/\/vitaminbutiken.com\/en\/wp-json\/wp\/v2\/product\/9476","targetHints":{"allow":["GET"]}}],"collection":[{"href":"https:\/\/vitaminbutiken.com\/en\/wp-json\/wp\/v2\/product"}],"about":[{"href":"https:\/\/vitaminbutiken.com\/en\/wp-json\/wp\/v2\/types\/product"}],"replies":[{"embeddable":true,"href":"https:\/\/vitaminbutiken.com\/en\/wp-json\/wp\/v2\/comments?post=9476"}],"wp:featuredmedia":[{"embeddable":true,"href":"https:\/\/vitaminbutiken.com\/en\/wp-json\/wp\/v2\/media\/500103264"}],"wp:attachment":[{"href":"https:\/\/vitaminbutiken.com\/en\/wp-json\/wp\/v2\/media?parent=9476"}],"wp:term":[{"taxonomy":"product_brand","embeddable":true,"href":"https:\/\/vitaminbutiken.com\/en\/wp-json\/wp\/v2\/product_brand?post=9476"},{"taxonomy":"product_cat","embeddable":true,"href":"https:\/\/vitaminbutiken.com\/en\/wp-json\/wp\/v2\/product_cat?post=9476"},{"taxonomy":"product_tag","embeddable":true,"href":"https:\/\/vitaminbutiken.com\/en\/wp-json\/wp\/v2\/product_tag?post=9476"}],"curies":[{"name":"wp","href":"https:\/\/api.w.org\/{rel}","templated":true}]}}