{"id":9475,"date":"2025-03-19T15:57:35","date_gmt":"2025-03-19T13:57:35","guid":{"rendered":"https:\/\/vitaminbutiken.multi.fi\/?post_type=product&#038;p=9475"},"modified":"2026-04-07T21:21:12","modified_gmt":"2026-04-07T19:21:12","slug":"cortex-max-pfaffia-paniculata","status":"publish","type":"product","link":"https:\/\/vitaminbutiken.com\/en\/produkt\/cortex-max-pfaffia-paniculata\/","title":{"rendered":"Pfaffia Paniculata (Cortex Max)"},"content":{"rendered":"<p><strong>Cortex Max &#8211; Pfaffia paniculata<\/strong><\/p>\n<p>I dagens \u00f6rtmedicin r\u00e4knas Pfaffia till adaptogenerna (adaption \u2013 anpassning). Definitionen av en adaptogen \u00e4r en substans som fyller tre krav:<\/p>\n<ol>\n<li>Den f\u00e5r bara orsaka minimala st\u00f6rningar i kroppens fysiologiska processer.<\/li>\n<li>Den m\u00e5ste \u00f6ka kroppens motst\u00e5ndskraft mot en rad olika fysiska, kemiska och biokemiska faktorer.<\/li>\n<li>Den m\u00e5ste ha en p\u00e5 alla plan normaliserande verkan och f\u00f6rb\u00e4ttra alla slags tillst\u00e5nd och inte f\u00f6rv\u00e4rra n\u00e5got.<\/li>\n<\/ol>\n<p>Kortfattat kan man s\u00e4ga att en adaptogen \u00e4r \u00e5terst\u00e4llande, reparerande, \u00e5teruppbyggande och revitaliserande.<br \/>\nN\u00e4ringsm\u00e4ssigt inneh\u00e5ller Pfaffia 19 olika aminosyror, ett stort antal elektrolyter, sp\u00e5r\u00e4mnen, j\u00e4rn, magnesium, zink, vitamin A, B1, B2, E, K, och pantotensyra. Roten inneh\u00e5ller ocks\u00e5 fytokemikalier, inklusive saponiner, pfaffia syror, glykosider och nortriterpener.<\/p>\n<p><strong>Dosering:\u00a0<\/strong>1 kapsel 2 g\u00e5nger\/dag.<\/p>\n<table style=\"height: 80px;\" border=\"1\" width=\"600\" cellspacing=\"0\" cellpadding=\"0\">\n<tbody>\n<tr>\n<td style=\"width: 12.8617%;\"><strong>2 kapslar inneh\u00e5ller:<\/strong><\/td>\n<td style=\"width: 10.4804%;\"><strong>M\u00e4ngd<\/strong><\/td>\n<td style=\"width: 10.4804%;\"><strong>*DRI%<\/strong><\/td>\n<\/tr>\n<tr>\n<td style=\"width: 12.8617%;\">Pfaffia Paniculata<\/td>\n<td style=\"width: 10.4804%;\">1 000 mg<\/td>\n<td style=\"width: 10.4804%;\">**<\/td>\n<\/tr>\n<\/tbody>\n<\/table>\n<p>&nbsp;<\/p>\n<p><strong>Ingredienser:\u00a0<\/strong>Pfaffia Paniculata 4:1, fyllnadsmedel (magnesiumsalter av fettsyror), gelatinkapsel (<strong>n\u00f6t<\/strong>).<\/p>\n<p>Rekommenderad daglig dos b\u00f6r ej \u00f6verskridas.<br \/>\nKosttillskott ers\u00e4tter inte en varierad kost.<br \/>\nProdukten f\u00f6rvaras o\u00e5tkomligt f\u00f6r sm\u00e5 barn.<\/p>\n","protected":false},"excerpt":{"rendered":"<p><b>Fyton\u00e4ring f\u00f6r endokrint st\u00f6d<\/b><\/p>\n<p><strong>100 kapslar<\/strong><\/p>\n","protected":false},"featured_media":500103261,"comment_status":"open","ping_status":"closed","template":"","meta":{"_kad_blocks_custom_css":"","_kad_blocks_head_custom_js":"","_kad_blocks_body_custom_js":"","_kad_blocks_footer_custom_js":"","_kadence_starter_templates_imported_post":false,"_kad_post_transparent":"default","_kad_post_title":"","_kad_post_layout":"default","_kad_post_sidebar_id":"","_kad_post_content_style":"default","_kad_post_vertical_padding":"default","_kad_post_feature":"","_kad_post_feature_position":"","_kad_post_header":false,"_kad_post_footer":false,"_kad_post_classname":""},"product_brand":[],"product_cat":[149,146,1307],"product_tag":[157,785,786,787,432,788,331,159,789,753,240,353,790,791,792,279,793,681,346,794,795,796,797,798,799,800,801,802,803,724,767,804,805,253,806,807,808,809,287,810,811,812,813,814,815,500,816,817,818,318,819,820,821,577,822,823,504,824,825,605,826,343],"class_list":{"0":"post-9475","1":"product","2":"type-product","3":"status-publish","4":"has-post-thumbnail","6":"product_cat-orter","7":"product_cat-stressad-och-trott","8":"product_cat-synergos","9":"product_tag-adaptogen","10":"product_tag-afrodisiakum","11":"product_tag-allman-tonicum","12":"product_tag-allman-trotthet","13":"product_tag-anemi","14":"product_tag-antiinflammatorisk","15":"product_tag-artrit","16":"product_tag-aterhamtning","17":"product_tag-aterstallande","18":"product_tag-ateruppbyggande","19":"product_tag-b1-vitamin","20":"product_tag-b2-vitamin","21":"product_tag-balans","22":"product_tag-balanserar","23":"product_tag-binjure-insufficiens","24":"product_tag-cfs-me","25":"product_tag-cortex-max","26":"product_tag-diabetes","27":"product_tag-e-vitamin","28":"product_tag-elektrolyter","29":"product_tag-energigivande","30":"product_tag-for-allt","31":"product_tag-foryngrande","32":"product_tag-frigiditet","33":"product_tag-fytokemikalier","34":"product_tag-glykosider","35":"product_tag-hormonella-storningar","36":"product_tag-hypoglykemi","37":"product_tag-impotens","38":"product_tag-jarn","39":"product_tag-k-vitamin","40":"product_tag-klimakteriebesvar","41":"product_tag-klimakteriet","42":"product_tag-kronisk-trotthet","43":"product_tag-lag-blodsockerniva","44":"product_tag-lag-libido","45":"product_tag-lugnande-medel","46":"product_tag-lymfsystembelastningar","47":"product_tag-magnesium","48":"product_tag-muskeltillvaxt","49":"product_tag-normaliserande","50":"product_tag-nortriterpener","51":"product_tag-ny-energi","52":"product_tag-ofrivillig-barnloshet","53":"product_tag-okar-motstandskraft","54":"product_tag-pantotensyra","55":"product_tag-para-toda","56":"product_tag-pfaffia-paniculata","57":"product_tag-pfaffia-syror","58":"product_tag-pms","59":"product_tag-reparerande","60":"product_tag-revitaliserande","61":"product_tag-saponiner","62":"product_tag-sarlakning","63":"product_tag-sexuella-storningar","64":"product_tag-smartstillande","65":"product_tag-sparamnen","66":"product_tag-starkande","67":"product_tag-storningar-av-menstruation","68":"product_tag-stress","69":"product_tag-vitamin-a","70":"product_tag-zink","72":"first","73":"instock","74":"taxable","75":"shipping-taxable","76":"purchasable","77":"product-type-simple","78":"entry","79":"content-bg","80":"loop-entry"},"taxonomy_info":{"product_cat":[{"value":149,"label":"\u00d6rter"},{"value":146,"label":"Stressad &amp; Tr\u00f6tt"},{"value":1307,"label":"Synergos"}],"product_tag":[{"value":157,"label":"adaptogen"},{"value":785,"label":"afrodisiakum"},{"value":786,"label":"allm\u00e4n tonicum"},{"value":787,"label":"allm\u00e4n tr\u00f6tthet"},{"value":432,"label":"anemi"},{"value":788,"label":"antiinflammatorisk"},{"value":331,"label":"artrit"},{"value":159,"label":"\u00e5terh\u00e4mtning"},{"value":789,"label":"\u00e5terst\u00e4llande"},{"value":753,"label":"\u00e5teruppbyggande"},{"value":240,"label":"b1 vitamin"},{"value":353,"label":"b2 vitamin"},{"value":790,"label":"balans"},{"value":791,"label":"balanserar"},{"value":792,"label":"binjure insufficiens"},{"value":279,"label":"CFS\/ME"},{"value":793,"label":"cortex max"},{"value":681,"label":"diabetes"},{"value":346,"label":"e vitamin"},{"value":794,"label":"elektrolyter"},{"value":795,"label":"energigivande"},{"value":796,"label":"f\u00f6r allt"},{"value":797,"label":"f\u00f6ryngrande"},{"value":798,"label":"frigiditet"},{"value":799,"label":"fytokemikalier"},{"value":800,"label":"glykosider"},{"value":801,"label":"hormonella st\u00f6rningar"},{"value":802,"label":"hypoglykemi"},{"value":803,"label":"impotens"},{"value":724,"label":"j\u00e4rn"},{"value":767,"label":"k vitamin"},{"value":804,"label":"klimakteriebesv\u00e4r"},{"value":805,"label":"klimakteriet"},{"value":253,"label":"kronisk tr\u00f6tthet"},{"value":806,"label":"l\u00e5g blodsockerniv\u00e5"},{"value":807,"label":"l\u00e5g libido"},{"value":808,"label":"lugnande medel"},{"value":809,"label":"lymfsystembelastningar"},{"value":287,"label":"magnesium"},{"value":810,"label":"muskeltillv\u00e4xt"},{"value":811,"label":"normaliserande"},{"value":812,"label":"nortriterpener"},{"value":813,"label":"ny energi"},{"value":814,"label":"ofrivillig barnl\u00f6shet"},{"value":815,"label":"\u00f6kar motst\u00e5ndskraft"},{"value":500,"label":"Pantotensyra"},{"value":816,"label":"para toda"},{"value":817,"label":"pfaffia paniculata"},{"value":818,"label":"pfaffia syror"},{"value":318,"label":"PMS"},{"value":819,"label":"reparerande"},{"value":820,"label":"revitaliserande"},{"value":821,"label":"saponiner"},{"value":577,"label":"s\u00e5rl\u00e4kning"},{"value":822,"label":"sexuella st\u00f6rningar"},{"value":823,"label":"sm\u00e4rtstillande"},{"value":504,"label":"sp\u00e5r\u00e4mnen"},{"value":824,"label":"st\u00e4rkande"},{"value":825,"label":"st\u00f6rningar av menstruation"},{"value":605,"label":"stress"},{"value":826,"label":"vitamin A"},{"value":343,"label":"Zink"}]},"featured_image_src_large":["https:\/\/vitaminbutiken.com\/wp-content\/uploads\/2025\/03\/Cortex-Max-Photoroom-e1768312003397-990x700.png",990,700,true],"author_info":[],"comment_info":0,"_links":{"self":[{"href":"https:\/\/vitaminbutiken.com\/en\/wp-json\/wp\/v2\/product\/9475","targetHints":{"allow":["GET"]}}],"collection":[{"href":"https:\/\/vitaminbutiken.com\/en\/wp-json\/wp\/v2\/product"}],"about":[{"href":"https:\/\/vitaminbutiken.com\/en\/wp-json\/wp\/v2\/types\/product"}],"replies":[{"embeddable":true,"href":"https:\/\/vitaminbutiken.com\/en\/wp-json\/wp\/v2\/comments?post=9475"}],"wp:featuredmedia":[{"embeddable":true,"href":"https:\/\/vitaminbutiken.com\/en\/wp-json\/wp\/v2\/media\/500103261"}],"wp:attachment":[{"href":"https:\/\/vitaminbutiken.com\/en\/wp-json\/wp\/v2\/media?parent=9475"}],"wp:term":[{"taxonomy":"product_brand","embeddable":true,"href":"https:\/\/vitaminbutiken.com\/en\/wp-json\/wp\/v2\/product_brand?post=9475"},{"taxonomy":"product_cat","embeddable":true,"href":"https:\/\/vitaminbutiken.com\/en\/wp-json\/wp\/v2\/product_cat?post=9475"},{"taxonomy":"product_tag","embeddable":true,"href":"https:\/\/vitaminbutiken.com\/en\/wp-json\/wp\/v2\/product_tag?post=9475"}],"curies":[{"name":"wp","href":"https:\/\/api.w.org\/{rel}","templated":true}]}}