{"id":9468,"date":"2025-03-19T15:57:09","date_gmt":"2025-03-19T13:57:09","guid":{"rendered":"https:\/\/vitaminbutiken.multi.fi\/?post_type=product&#038;p=9468"},"modified":"2026-04-09T14:16:15","modified_gmt":"2026-04-09T12:16:15","slug":"chlorella","status":"publish","type":"product","link":"https:\/\/vitaminbutiken.com\/en\/produkt\/chlorella\/","title":{"rendered":"Chlorella"},"content":{"rendered":"<p><strong>Chlorella<\/strong><\/p>\n<p><strong>Allm\u00e4n information<\/strong><br \/>\nChlorella \u00e4r en s\u00f6tvattensalg som inneh\u00e5ller mest klorofyll av alla v\u00e4xter i v\u00e4rlden (2-3 %), mer \u00e4n Spirulina &#8211; d\u00e4rav dess namn Chlorella. Den har existerat p\u00e5 jorden i miljarder \u00e5r och \u00e4r bland de f\u00f6rsta v\u00e4xter som fanns. Chlorella \u00e4r ett av de nyttigaste f\u00f6do\u00e4mnen som finns och \u00e4r idealisk f\u00f6da f\u00f6r m\u00e4nniskan. Chlorella har en unik f\u00f6rm\u00e5ga att avlasta immunsystemet. Chlorella \u00e4r mycket v\u00e4lg\u00f6rande f\u00f6r matsm\u00e4ltningen, den f\u00e5r v\u00e4nliga bakterier (lactobacillus) att m\u00e5ngfaldiga sig fyra g\u00e5nger snabbare \u00e4n vanligt. Dess extremt h\u00f6ga halt av klorofyll g\u00f6r att kroppsod\u00f6rer, s\u00e5som d\u00e5lig andedr\u00e4kt, kan neutraliseras p\u00e5 kort tid.<\/p>\n<p>Chlorella inneh\u00e5ller stora m\u00e4ngder enzymer s\u00e5som chlorophyllase och pepsin vilka hj\u00e4lper matsm\u00e4ltningen.<br \/>\nChlorella inneh\u00e5ller 60 procent h\u00f6gv\u00e4rdigt protein, detta i form av 18 aminosyror, varav alla \u00e5tta essentiella aminosyrorna ing\u00e5r, vilket g\u00f6r det till ett komplett protein.<\/p>\n<p>Chlorella \u00e4r i synnerhet rik p\u00e5 j\u00e4rn, zink, vitamin B1, B2, C, E, K samt betakaroten.<br \/>\nDen har h\u00f6g halt av Omega-3.<\/p>\n<p><strong>Dosering:\u00a0<\/strong>4 tabletter per dag.<\/p>\n<table style=\"height: 80px;\" border=\"1\" width=\"600\" cellspacing=\"0\" cellpadding=\"0\">\n<tbody>\n<tr>\n<td style=\"width: 5.61702%;\"><strong>4 tabletter inneh\u00e5ller:<\/strong><\/td>\n<td style=\"width: 7.48518%;\"><strong>M\u00e4ngd<\/strong><\/td>\n<td style=\"width: 7.48518%;\"><b>*DRI%<\/b><\/td>\n<\/tr>\n<tr>\n<td style=\"width: 5.61702%;\">Chlorella<\/td>\n<td style=\"width: 7.48518%;\">1 600 mg<\/td>\n<td style=\"width: 7.48518%;\">**<\/td>\n<\/tr>\n<\/tbody>\n<\/table>\n<p><strong>**DRI (dagligt referensintag) ej fastst\u00e4llt.<\/strong><\/p>\n<p><strong>Ingredienser:<\/strong>Chlorellapulver, fyllnadsmedel (mikrokristallin cellulosa, di-kalciumfosfat, stearinsyra).<\/p>\n<p>Rekommenderad daglig dos b\u00f6r ej \u00f6verskridas.<br \/>\nKosttillskott ers\u00e4tter inte en varierad kost.<br \/>\nProdukten f\u00f6rvaras o\u00e5tkomligt f\u00f6r sm\u00e5 barn<\/p>\n","protected":false},"excerpt":{"rendered":"<p>Chlorella \u00e4r en s\u00f6tvattensalg som inneh\u00e5ller mest klorofyll av alla v\u00e4xter i v\u00e4rlden.<\/p>\n<p>Chlorella \u00e4r i synnerhet rik p\u00e5 j\u00e4rn, zink, vitamin B1, B2, C, E, K samt betakaroten.<br \/>\nDen har h\u00f6g halt av Omega-3.<\/p>\n<p><strong>120 tabletter<\/strong><\/p>\n","protected":false},"featured_media":500103685,"comment_status":"open","ping_status":"closed","template":"","meta":{"_kad_blocks_custom_css":"","_kad_blocks_head_custom_js":"","_kad_blocks_body_custom_js":"","_kad_blocks_footer_custom_js":"","_kadence_starter_templates_imported_post":false,"_kad_post_transparent":"default","_kad_post_title":"","_kad_post_layout":"default","_kad_post_sidebar_id":"","_kad_post_content_style":"default","_kad_post_vertical_padding":"default","_kad_post_feature":"","_kad_post_feature_position":"","_kad_post_header":false,"_kad_post_footer":false,"_kad_post_classname":""},"product_brand":[],"product_cat":[1293,176,431,146],"product_tag":[751,476,752,753,691,754,353,692,755,242,756,757,758,759,346,760,761,762,763,764,765,766,724,767,768,726,769,770,771,494,772,773,774,334,462,775,776,777,778,779,780,781,782,783,784,235,343],"class_list":{"0":"post-9468","1":"product","2":"type-product","3":"status-publish","4":"has-post-thumbnail","6":"product_cat-evp-nutrition","7":"product_cat-immunforsvar","8":"product_cat-mage-tarm","9":"product_cat-stressad-och-trott","10":"product_tag-aluminiumforgiftning","11":"product_tag-aminosyror","12":"product_tag-anticancer","13":"product_tag-ateruppbyggande","14":"product_tag-avgiftning","15":"product_tag-avlastar-immunsystemet","16":"product_tag-b2-vitamin","17":"product_tag-betakaroten","18":"product_tag-binder-tungmetaller","19":"product_tag-blyforgiftning","20":"product_tag-bygger-immunforsvaret","21":"product_tag-c-vitamin","22":"product_tag-chlorella","23":"product_tag-dalig-andedrakt","24":"product_tag-e-vitamin","25":"product_tag-eliminerar-gifter","26":"product_tag-essentiella-aminosyrorna","27":"product_tag-fibromyalgi","28":"product_tag-forsvar-mot-cancer","29":"product_tag-hjalper-matsmaltningen","30":"product_tag-idealisk-foda","31":"product_tag-illaluktande-andedrakt","32":"product_tag-jarn","33":"product_tag-k-vitamin","34":"product_tag-kadmiumforgiftning","35":"product_tag-klorofyllrik","36":"product_tag-kolesterolreglering","37":"product_tag-kostforstarkning","38":"product_tag-kvicksilverforgiftning","39":"product_tag-mineraler","40":"product_tag-minskar-vark","41":"product_tag-nyttig","42":"product_tag-obalanserad-tarmflora","43":"product_tag-omega-3","44":"product_tag-oversyrlighet","45":"product_tag-pcb-forgiftning","46":"product_tag-proteinrik","47":"product_tag-renar-kroppen","48":"product_tag-sotvattensalg","49":"product_tag-starker-immunforsvaret","50":"product_tag-starker-matsmaltning","51":"product_tag-starker-tarmfloran","52":"product_tag-starkt-avgiftande","53":"product_tag-stimulerar-makrofager","54":"product_tag-vitamin-b1-vitamin","55":"product_tag-vitaminer","56":"product_tag-zink","58":"first","59":"instock","60":"taxable","61":"shipping-taxable","62":"purchasable","63":"product-type-simple","64":"entry","65":"content-bg","66":"loop-entry"},"taxonomy_info":{"product_cat":[{"value":1293,"label":"EVP Nutrition"},{"value":176,"label":"Immunf\u00f6rsvar"},{"value":431,"label":"Mage &amp; Tarm"},{"value":146,"label":"Stressad &amp; Tr\u00f6tt"}],"product_tag":[{"value":751,"label":"aluminiumf\u00f6rgiftning"},{"value":476,"label":"aminosyror"},{"value":752,"label":"anticancer"},{"value":753,"label":"\u00e5teruppbyggande"},{"value":691,"label":"avgiftning"},{"value":754,"label":"avlastar immunsystemet"},{"value":353,"label":"b2 vitamin"},{"value":692,"label":"betakaroten"},{"value":755,"label":"binder tungmetaller"},{"value":242,"label":"blyf\u00f6rgiftning"},{"value":756,"label":"bygger immunf\u00f6rsvaret"},{"value":757,"label":"c vitamin"},{"value":758,"label":"Chlorella"},{"value":759,"label":"d\u00e5lig andedr\u00e4kt"},{"value":346,"label":"e vitamin"},{"value":760,"label":"eliminerar gifter"},{"value":761,"label":"essentiella aminosyrorna"},{"value":762,"label":"fibromyalgi"},{"value":763,"label":"f\u00f6rsvar mot cancer"},{"value":764,"label":"hj\u00e4lper matsm\u00e4ltningen"},{"value":765,"label":"idealisk f\u00f6da"},{"value":766,"label":"illaluktande andedr\u00e4kt"},{"value":724,"label":"j\u00e4rn"},{"value":767,"label":"k vitamin"},{"value":768,"label":"kadmiumf\u00f6rgiftning"},{"value":726,"label":"klorofyllrik"},{"value":769,"label":"kolesterolreglering"},{"value":770,"label":"kostf\u00f6rst\u00e4rkning"},{"value":771,"label":"kvicksilverf\u00f6rgiftning"},{"value":494,"label":"Mineraler"},{"value":772,"label":"minskar v\u00e4rk"},{"value":773,"label":"nyttig"},{"value":774,"label":"obalanserad tarmflora"},{"value":334,"label":"Omega-3"},{"value":462,"label":"\u00f6versyrlighet"},{"value":775,"label":"PCB-f\u00f6rgiftning"},{"value":776,"label":"proteinrik"},{"value":777,"label":"renar kroppen"},{"value":778,"label":"s\u00f6tvattensalg"},{"value":779,"label":"st\u00e4rker immunf\u00f6rsvaret"},{"value":780,"label":"st\u00e4rker matsm\u00e4ltning"},{"value":781,"label":"st\u00e4rker tarmfloran"},{"value":782,"label":"starkt avgiftande"},{"value":783,"label":"stimulerar makrofager"},{"value":784,"label":"vitamin B1-vitamin"},{"value":235,"label":"vitaminer"},{"value":343,"label":"Zink"}]},"featured_image_src_large":["https:\/\/vitaminbutiken.com\/wp-content\/uploads\/2025\/03\/403-Chlorella-Photoroom-e1770801700505-757x700.png",757,700,true],"author_info":[],"comment_info":0,"_links":{"self":[{"href":"https:\/\/vitaminbutiken.com\/en\/wp-json\/wp\/v2\/product\/9468","targetHints":{"allow":["GET"]}}],"collection":[{"href":"https:\/\/vitaminbutiken.com\/en\/wp-json\/wp\/v2\/product"}],"about":[{"href":"https:\/\/vitaminbutiken.com\/en\/wp-json\/wp\/v2\/types\/product"}],"replies":[{"embeddable":true,"href":"https:\/\/vitaminbutiken.com\/en\/wp-json\/wp\/v2\/comments?post=9468"}],"wp:featuredmedia":[{"embeddable":true,"href":"https:\/\/vitaminbutiken.com\/en\/wp-json\/wp\/v2\/media\/500103685"}],"wp:attachment":[{"href":"https:\/\/vitaminbutiken.com\/en\/wp-json\/wp\/v2\/media?parent=9468"}],"wp:term":[{"taxonomy":"product_brand","embeddable":true,"href":"https:\/\/vitaminbutiken.com\/en\/wp-json\/wp\/v2\/product_brand?post=9468"},{"taxonomy":"product_cat","embeddable":true,"href":"https:\/\/vitaminbutiken.com\/en\/wp-json\/wp\/v2\/product_cat?post=9468"},{"taxonomy":"product_tag","embeddable":true,"href":"https:\/\/vitaminbutiken.com\/en\/wp-json\/wp\/v2\/product_tag?post=9468"}],"curies":[{"name":"wp","href":"https:\/\/api.w.org\/{rel}","templated":true}]}}