{"id":9467,"date":"2025-03-19T15:57:09","date_gmt":"2025-03-19T13:57:09","guid":{"rendered":"https:\/\/vitaminbutiken.multi.fi\/?post_type=product&#038;p=9467"},"modified":"2026-04-07T09:55:48","modified_gmt":"2026-04-07T07:55:48","slug":"fladerbar-kraftfull-antioxidant","status":"publish","type":"product","link":"https:\/\/vitaminbutiken.com\/en\/produkt\/fladerbar-kraftfull-antioxidant\/","title":{"rendered":"Fl\u00e4derb\u00e4r, 60 kap"},"content":{"rendered":"<p data-start=\"159\" data-end=\"433\">Fl\u00e4derb\u00e4r \u00e4r ett klassiskt b\u00e4r med l\u00e5ng tradition inom europeisk v\u00e4xtanv\u00e4ndning, s\u00e4rskilt uppskattat f\u00f6r sitt naturliga inneh\u00e5ll av antioxidanter. I denna praktiska kapselform f\u00e5r du ett smidigt s\u00e4tt att inkludera fl\u00e4derb\u00e4r i din dagliga rutin \u2013 utan smak eller tillredning.<\/p>\n<p data-start=\"435\" data-end=\"651\">Kapslarna g\u00f6r det enkelt att ta del av fl\u00e4derb\u00e4rets egenskaper, oavsett livsstil eller tid p\u00e5 dagen. Perfekt f\u00f6r dig som s\u00f6ker ett v\u00e4xtbaserat tillskott som en del av en balanserad kost och en h\u00e4lsomedveten livsstil.<\/p>\n<p data-start=\"653\" data-end=\"798\">Ett naturligt val f\u00f6r dig som vill kombinera traditionell v\u00e4xtkunskap med modern bekv\u00e4mlighet \u2013 enkelt, effektivt och l\u00e4tt att anv\u00e4nda varje dag.<\/p>\n<p><strong>Dosering:\u00a0<\/strong>1 kapsel 2 g\u00e5nger per dag mellan m\u00e5ltider.<\/p>\n<table style=\"height: 80px;\" border=\"1\" width=\"600\" cellspacing=\"0\" cellpadding=\"0\">\n<tbody>\n<tr>\n<td style=\"width: 17.1988%;\"><strong>2 kapslar inneh\u00e5ller<\/strong><\/td>\n<td style=\"width: 19.2724%;\"><strong>M\u00e4ngd<\/strong><\/td>\n<td style=\"width: 19.2724%;\"><strong>*DRI%<\/strong><\/td>\n<\/tr>\n<tr>\n<td style=\"width: 17.1988%;\" width=\"75\">Fl\u00e4derb\u00e4r<\/td>\n<td style=\"width: 19.2724%;\" width=\"47\">1 000 mg<\/td>\n<td style=\"width: 19.2724%;\">**<\/td>\n<\/tr>\n<\/tbody>\n<\/table>\n<p><strong>**DRI (dagligt referensintag) ej fastst\u00e4llt.<\/strong><\/p>\n<p><strong>Ingredienser<\/strong>: Fl\u00e4derb\u00e4rsextrakt <em>(extrakthalt 10:1<\/em>), kapsel (hydroxypropylmetylcellulosa).<\/p>\n<p>Rekommenderad daglig dos b\u00f6r ej \u00f6verskridas.<br \/>\nKosttillskott ers\u00e4tter inte en varierad kost.<br \/>\nProdukten f\u00f6rvaras o\u00e5tkomligt f\u00f6r sm\u00e5 barn.<\/p>\n<p>&nbsp;<\/p>\n<p>&nbsp;<\/p>\n","protected":false},"excerpt":{"rendered":"<p>Fl\u00e4derb\u00e4r i kapselform \u00e4r ett praktiskt kosttillskott rikt p\u00e5 naturliga antioxidanter.<\/p>\n<p><strong>60 kapslar<\/strong><\/p>\n","protected":false},"featured_media":500103032,"comment_status":"open","ping_status":"closed","template":"","meta":{"_kad_blocks_custom_css":"","_kad_blocks_head_custom_js":"","_kad_blocks_body_custom_js":"","_kad_blocks_footer_custom_js":"","_kadence_starter_templates_imported_post":false,"_kad_post_transparent":"default","_kad_post_title":"","_kad_post_layout":"default","_kad_post_sidebar_id":"","_kad_post_content_style":"default","_kad_post_vertical_padding":"default","_kad_post_feature":"","_kad_post_feature_position":"","_kad_post_header":false,"_kad_post_footer":false,"_kad_post_classname":""},"product_brand":[],"product_cat":[1293,176,149],"product_tag":[736,737,738,739,740,741,524,742,743,744,745,746,747,748,749],"class_list":{"0":"post-9467","1":"product","2":"type-product","3":"status-publish","4":"has-post-thumbnail","6":"product_cat-evp-nutrition","7":"product_cat-immunforsvar","8":"product_cat-orter","9":"product_tag-besvar-med-luftvagar","10":"product_tag-bihaleinflammation","11":"product_tag-feber","12":"product_tag-forkylning","13":"product_tag-herpes","14":"product_tag-hosta","15":"product_tag-influensa","16":"product_tag-katarr","17":"product_tag-leverskyddande","18":"product_tag-naskatarr","19":"product_tag-slemlosande","20":"product_tag-svettdrivande","21":"product_tag-urindrivande","22":"product_tag-urinvagsinfektion","23":"product_tag-virala-infektioner","25":"first","26":"instock","27":"taxable","28":"shipping-taxable","29":"purchasable","30":"product-type-simple","31":"entry","32":"content-bg","33":"loop-entry"},"taxonomy_info":{"product_cat":[{"value":1293,"label":"EVP Nutrition"},{"value":176,"label":"Immunf\u00f6rsvar"},{"value":149,"label":"\u00d6rter"}],"product_tag":[{"value":736,"label":"besv\u00e4r med luftv\u00e4gar"},{"value":737,"label":"bih\u00e5leinflammation"},{"value":738,"label":"feber"},{"value":739,"label":"f\u00f6rkylning"},{"value":740,"label":"herpes"},{"value":741,"label":"hosta"},{"value":524,"label":"influensa"},{"value":742,"label":"katarr"},{"value":743,"label":"leverskyddande"},{"value":744,"label":"n\u00e4skatarr"},{"value":745,"label":"Sleml\u00f6sande"},{"value":746,"label":"svettdrivande"},{"value":747,"label":"urindrivande"},{"value":748,"label":"urinv\u00e4gsinfektion"},{"value":749,"label":"virala infektioner"}]},"featured_image_src_large":["https:\/\/vitaminbutiken.com\/wp-content\/uploads\/2025\/03\/Fladerbar-415-Photoroom-e1765965423729-1304x700.png",1304,700,true],"author_info":[],"comment_info":0,"_links":{"self":[{"href":"https:\/\/vitaminbutiken.com\/en\/wp-json\/wp\/v2\/product\/9467","targetHints":{"allow":["GET"]}}],"collection":[{"href":"https:\/\/vitaminbutiken.com\/en\/wp-json\/wp\/v2\/product"}],"about":[{"href":"https:\/\/vitaminbutiken.com\/en\/wp-json\/wp\/v2\/types\/product"}],"replies":[{"embeddable":true,"href":"https:\/\/vitaminbutiken.com\/en\/wp-json\/wp\/v2\/comments?post=9467"}],"wp:featuredmedia":[{"embeddable":true,"href":"https:\/\/vitaminbutiken.com\/en\/wp-json\/wp\/v2\/media\/500103032"}],"wp:attachment":[{"href":"https:\/\/vitaminbutiken.com\/en\/wp-json\/wp\/v2\/media?parent=9467"}],"wp:term":[{"taxonomy":"product_brand","embeddable":true,"href":"https:\/\/vitaminbutiken.com\/en\/wp-json\/wp\/v2\/product_brand?post=9467"},{"taxonomy":"product_cat","embeddable":true,"href":"https:\/\/vitaminbutiken.com\/en\/wp-json\/wp\/v2\/product_cat?post=9467"},{"taxonomy":"product_tag","embeddable":true,"href":"https:\/\/vitaminbutiken.com\/en\/wp-json\/wp\/v2\/product_tag?post=9467"}],"curies":[{"name":"wp","href":"https:\/\/api.w.org\/{rel}","templated":true}]}}