{"id":9466,"date":"2025-03-19T15:57:08","date_gmt":"2025-03-19T13:57:08","guid":{"rendered":"https:\/\/vitaminbutiken.multi.fi\/?post_type=product&#038;p=9466"},"modified":"2026-03-30T13:59:48","modified_gmt":"2026-03-30T11:59:48","slug":"brannassla","status":"publish","type":"product","link":"https:\/\/vitaminbutiken.com\/en\/produkt\/brannassla\/","title":{"rendered":"Br\u00e4nn\u00e4ssla"},"content":{"rendered":"<p><strong>Br\u00e4nn\u00e4ssla<\/strong>, Urtica Dioica, \u00e4r en m\u00e5ngsidig nyttov\u00e4xt.\u00a0 Den har en h\u00f6g klorofyllhalt vilket ger den intressanta blodrenande egenskaper.<br \/>\nV\u00e4xten inneh\u00e5ller &#8211; Klorofyll\u00e4mnen (60 %), bioflavonoider, vitamin K, C-askorbat, j\u00e4rn, acetylkolin, magnesium, kalium och kisel.<\/p>\n<p><strong>Dosering:\u00a0<\/strong>1 kapsel 1-3 g\u00e5nger per dag.<\/p>\n<table style=\"height: 80px;\" border=\"1\" width=\"600\" cellspacing=\"0\" cellpadding=\"0\">\n<tbody>\n<tr>\n<td style=\"width: 18.1197%;\"><strong>3 kapslar inneh\u00e5ller:<\/strong><\/td>\n<td style=\"width: 13.8061%;\"><strong>M\u00e4ngd<\/strong><\/td>\n<td style=\"width: 13.8061%;\" width=\"47\"><strong>%DRI*<\/strong><\/td>\n<\/tr>\n<tr>\n<td style=\"width: 18.1197%;\" width=\"85\">N\u00e4sselextrakt (rot)<\/td>\n<td style=\"width: 13.8061%;\" width=\"47\">1 650 mg<\/td>\n<td style=\"width: 13.8061%;\" width=\"47\">**<\/td>\n<\/tr>\n<\/tbody>\n<\/table>\n<p><strong>**DRI (dagligt referensintag) ej fastst\u00e4llt.<\/strong><\/p>\n<p>Varje kapsel ger 550 mg extrakt motsvarande 2 200mg n\u00e4ssla.<\/p>\n<p><strong>Ingredienser<\/strong>: N\u00e4sselsextrakt (rot) 4:1<em>(Urtica Diocia<\/em>), fyllnadsmedel\u00a0 (mikrokristallin cellulosa), klumpf\u00f6rebyggande medel (magnesiumsalter av fettsyror), kapsel (hydroxipropylmetylcellulosa).<\/p>\n<p>Rekommenderad daglig dos b\u00f6r ej \u00f6verskridas.<br \/>\nKosttillskott ers\u00e4tter inte en varierad kost.<br \/>\nProdukten f\u00f6rvaras o\u00e5tkomligt f\u00f6r sm\u00e5 barn.<\/p>\n","protected":false},"excerpt":{"rendered":"<p>Br\u00e4nn\u00e4ssla, Urtica Dioica, \u00e4r en m\u00e5ngsidig nyttov\u00e4xt.<\/p>\n<p>V\u00e4xten inneh\u00e5ller &#8211; Klorofyll\u00e4mnen (60 %), bioflavonoider, vitamin K, C-askorbat, j\u00e4rn, acetylkolin, magnesium, kalium och kisel.<\/p>\n<p><strong>90 kapslar<\/strong><\/p>\n","protected":false},"featured_media":500103256,"comment_status":"open","ping_status":"closed","template":"","meta":{"_kad_blocks_custom_css":"","_kad_blocks_head_custom_js":"","_kad_blocks_body_custom_js":"","_kad_blocks_footer_custom_js":"","_kadence_starter_templates_imported_post":false,"_kad_post_transparent":"default","_kad_post_title":"","_kad_post_layout":"default","_kad_post_sidebar_id":"","_kad_post_content_style":"default","_kad_post_vertical_padding":"default","_kad_post_feature":"","_kad_post_feature_position":"","_kad_post_header":false,"_kad_post_footer":false,"_kad_post_classname":""},"product_brand":[],"product_cat":[149,1307],"product_tag":[715,716,294,331,206,717,718,415,719,720,478,721,722,723,401,307,724,487,489,725,726,727,287,728,496,426,729,730,731,501,371,732,733,734,735,714],"class_list":{"0":"post-9466","1":"product","2":"type-product","3":"status-publish","4":"has-post-thumbnail","6":"product_cat-orter","7":"product_cat-synergos","8":"product_tag-acetylkolin","9":"product_tag-acne","10":"product_tag-allergier","11":"product_tag-artrit","12":"product_tag-astma","13":"product_tag-basbildande","14":"product_tag-bioflavonoider","15":"product_tag-blodbrist","16":"product_tag-blodrenande","17":"product_tag-blodrening","18":"product_tag-brannassla","19":"product_tag-c-askorbat","20":"product_tag-dampar-prostaglandin-2","21":"product_tag-diuretikum","22":"product_tag-gikt","23":"product_tag-hosnuva","24":"product_tag-jarn","25":"product_tag-kalium","26":"product_tag-kisel","27":"product_tag-klorofyllamnen","28":"product_tag-klorofyllrik","29":"product_tag-ledbesvar","30":"product_tag-magnesium","31":"product_tag-muskelbesvar","32":"product_tag-nassla","33":"product_tag-njursten","34":"product_tag-nyttovaxt","35":"product_tag-odem","36":"product_tag-prostata-forstoring","37":"product_tag-reumatism","38":"product_tag-sproda-naglar","39":"product_tag-stressrelaterad-eksem","40":"product_tag-underfunktion-i-njurar","41":"product_tag-urinvagsinfektioner","42":"product_tag-urtica-dioica","43":"product_tag-vitamin-k","45":"first","46":"instock","47":"taxable","48":"shipping-taxable","49":"purchasable","50":"product-type-simple","51":"entry","52":"content-bg","53":"loop-entry"},"taxonomy_info":{"product_cat":[{"value":149,"label":"\u00d6rter"},{"value":1307,"label":"Synergos"}],"product_tag":[{"value":715,"label":"acetylkolin"},{"value":716,"label":"acne"},{"value":294,"label":"allergier"},{"value":331,"label":"artrit"},{"value":206,"label":"astma"},{"value":717,"label":"Basbildande"},{"value":718,"label":"bioflavonoider"},{"value":415,"label":"blodbrist"},{"value":719,"label":"blodrenande"},{"value":720,"label":"blodrening"},{"value":478,"label":"br\u00e4nn\u00e4ssla"},{"value":721,"label":"C-askorbat"},{"value":722,"label":"D\u00e4mpar prostaglandin 2"},{"value":723,"label":"Diuretikum"},{"value":401,"label":"gikt"},{"value":307,"label":"h\u00f6snuva"},{"value":724,"label":"j\u00e4rn"},{"value":487,"label":"Kalium"},{"value":489,"label":"kisel"},{"value":725,"label":"Klorofyll\u00e4mnen"},{"value":726,"label":"klorofyllrik"},{"value":727,"label":"Ledbesv\u00e4r"},{"value":287,"label":"magnesium"},{"value":728,"label":"muskelbesv\u00e4r"},{"value":496,"label":"n\u00e4ssla"},{"value":426,"label":"njursten"},{"value":729,"label":"nyttov\u00e4xt"},{"value":730,"label":"\u00d6dem"},{"value":731,"label":"Prostata f\u00f6rstoring"},{"value":501,"label":"reumatism"},{"value":371,"label":"spr\u00f6da naglar"},{"value":732,"label":"Stressrelaterad eksem"},{"value":733,"label":"Underfunktion i njurar"},{"value":734,"label":"Urinv\u00e4gsinfektioner"},{"value":735,"label":"Urtica Dioica"},{"value":714,"label":"vitamin K"}]},"featured_image_src_large":["https:\/\/vitaminbutiken.com\/wp-content\/uploads\/2025\/03\/Brannassla-423-Photoroom-e1768311760948-997x700.png",997,700,true],"author_info":[],"comment_info":0,"_links":{"self":[{"href":"https:\/\/vitaminbutiken.com\/en\/wp-json\/wp\/v2\/product\/9466","targetHints":{"allow":["GET"]}}],"collection":[{"href":"https:\/\/vitaminbutiken.com\/en\/wp-json\/wp\/v2\/product"}],"about":[{"href":"https:\/\/vitaminbutiken.com\/en\/wp-json\/wp\/v2\/types\/product"}],"replies":[{"embeddable":true,"href":"https:\/\/vitaminbutiken.com\/en\/wp-json\/wp\/v2\/comments?post=9466"}],"wp:featuredmedia":[{"embeddable":true,"href":"https:\/\/vitaminbutiken.com\/en\/wp-json\/wp\/v2\/media\/500103256"}],"wp:attachment":[{"href":"https:\/\/vitaminbutiken.com\/en\/wp-json\/wp\/v2\/media?parent=9466"}],"wp:term":[{"taxonomy":"product_brand","embeddable":true,"href":"https:\/\/vitaminbutiken.com\/en\/wp-json\/wp\/v2\/product_brand?post=9466"},{"taxonomy":"product_cat","embeddable":true,"href":"https:\/\/vitaminbutiken.com\/en\/wp-json\/wp\/v2\/product_cat?post=9466"},{"taxonomy":"product_tag","embeddable":true,"href":"https:\/\/vitaminbutiken.com\/en\/wp-json\/wp\/v2\/product_tag?post=9466"}],"curies":[{"name":"wp","href":"https:\/\/api.w.org\/{rel}","templated":true}]}}