{"id":9465,"date":"2025-03-19T15:57:07","date_gmt":"2025-03-19T13:57:07","guid":{"rendered":"https:\/\/vitaminbutiken.multi.fi\/?post_type=product&#038;p=9465"},"modified":"2026-04-10T11:20:30","modified_gmt":"2026-04-10T09:20:30","slug":"bredspektrum-mineraler","status":"publish","type":"product","link":"https:\/\/vitaminbutiken.com\/en\/produkt\/bredspektrum-mineraler\/","title":{"rendered":"Bredspektrum Mineraler"},"content":{"rendered":"<p>Bredspektrum Mineral Multi Nutrient \u00e4r ett kosttillskott som bygger p\u00e5 den s.k. bredspektrumprincipen. Denna princip inneb\u00e4r tillf\u00f6rsel av n\u00e4rings\u00e4mnen i ett spektrum av optimala doser.<\/p>\n<p>Preparatet \u00e4r sammansatt av \u00f6verl\u00e4karen Per-Arne \u00d6ckerman, som \u00e4r professor i klinisk kemi.<\/p>\n<p><strong>Kalcium, kalium, magnesium, vitamin D och vitamin K i Bredspektrum Mineraler bidrar till:<\/strong><\/p>\n<ul>\n<li>att bibeh\u00e5lla normalt blodtryck<\/li>\n<li>att minska tr\u00f6tthet och utmattning<\/li>\n<li>beh\u00f6vs f\u00f6r att bibeh\u00e5lla normal benstomme<\/li>\n<li>beh\u00f6vs f\u00f6r att bibeh\u00e5lla normala t\u00e4nder<\/li>\n<li>elektrolytbalansen<\/li>\n<li>har en roll i celldelningsprocessen och cellspecialiseringsprocessen<\/li>\n<li>immunsystemets normala funktion<\/li>\n<li>matsm\u00e4ltningsenzymernas normala funktion<\/li>\n<li>nervsystemets normala funktion<\/li>\n<li>normal bildning av bindv\u00e4v<\/li>\n<li>normal blodkoagulation<\/li>\n<li>normal energioms\u00e4ttning<\/li>\n<li>normal muskelfunktion<\/li>\n<li>normal neurotransmission<\/li>\n<li>normal proteinsyntes<\/li>\n<li>normal psykologisk funktion<\/li>\n<li>normala kalciumniv\u00e5er i blodet<\/li>\n<li>normalt upptag\/utnyttjande av kalcium och fosfor<\/li>\n<\/ul>\n<p><strong>Dosering: <\/strong>2 tabletter\/dag, tillsammans med mat.<\/p>\n<table style=\"height: 80px;\" border=\"1\" width=\"600\" cellspacing=\"0\" cellpadding=\"0\">\n<tbody>\n<tr>\n<td style=\"width: 11.9762%;\"><strong>2 tabletter inneh\u00e5ller:<\/strong><\/td>\n<td style=\"width: 15.7907%;\"><strong>M\u00e4ngd<\/strong><\/td>\n<td style=\"width: 3.74481%;\"><strong>%DRI*<\/strong><\/td>\n<\/tr>\n<tr>\n<td style=\"width: 11.9762%;\">Kalium<\/td>\n<td style=\"width: 15.7907%;\">300 mg<\/td>\n<td style=\"width: 3.74481%;\">15 %<\/td>\n<\/tr>\n<tr>\n<td style=\"width: 11.9762%;\">Magnesium<\/td>\n<td style=\"width: 15.7907%;\">300 mg<\/td>\n<td style=\"width: 3.74481%;\">80 %<\/td>\n<\/tr>\n<tr>\n<td style=\"width: 11.9762%;\">Kalcium<\/td>\n<td style=\"width: 15.7907%;\">200 mg<\/td>\n<td style=\"width: 3.74481%;\">25 %<\/td>\n<\/tr>\n<tr>\n<td style=\"width: 11.9762%;\">Vitamin D3<\/td>\n<td style=\"width: 15.7907%;\">10mcg<\/td>\n<td style=\"width: 3.74481%;\">200 %<\/td>\n<\/tr>\n<tr>\n<td style=\"width: 11.9762%;\">Vitamin K<\/td>\n<td style=\"width: 15.7907%;\">25 mcg<\/td>\n<td style=\"width: 3.74481%;\">33 %<\/td>\n<\/tr>\n<tr>\n<td style=\"width: 11.9762%;\">Inositol<\/td>\n<td style=\"width: 15.7907%;\">10 mg<\/td>\n<td style=\"width: 3.74481%;\">**<\/td>\n<\/tr>\n<\/tbody>\n<\/table>\n<p><strong>*DRI \u00e4r dagligt referens intag. **DRI ej fastst\u00e4lld.<\/strong><\/p>\n<p><strong>Ingredienser:<\/strong> Kalium (kaliumklorid), kalcium (kalciumkarbonat), magnesium (magnesiumoxid), fyllnadsmedel (mikrokristallinsk cellulosa, stearinsyra, magnesiumsalter av fettsyror), stabiliseringsmedel<br \/>\n(natriumkarboximetylcellulosa), myo-inositol, fyllnadsmedel (di-kalciumfosfat), D-vitamin (kolekalciferol), K2-vitamin (menakinon), K1-vitamin (fyllokinon).<\/p>\n<p>Rekommenderad daglig dos b\u00f6r ej \u00f6verskridas.<br \/>\nF\u00f6rvaras o\u00e5tkomligt f\u00f6r barn.<br \/>\nKosttillskott b\u00f6r ej anv\u00e4ndas som ett alternativ till en varierad kost.<\/p>\n","protected":false},"excerpt":{"rendered":"<p>Bredspektrum Mineral Multi Nutrient \u00e4r ett kosttillskott som bygger p\u00e5 den s.k. bredspektrumprincipen. Denna princip inneb\u00e4r tillf\u00f6rsel av n\u00e4rings\u00e4mnen i ett spektrum av optimala doser.<\/p>\n<p><strong>120 tabletter<\/strong><\/p>\n","protected":false},"featured_media":500103492,"comment_status":"open","ping_status":"closed","template":"","meta":{"_kad_blocks_custom_css":"","_kad_blocks_head_custom_js":"","_kad_blocks_body_custom_js":"","_kad_blocks_footer_custom_js":"","_kadence_starter_templates_imported_post":false,"_kad_post_transparent":"default","_kad_post_title":"","_kad_post_layout":"default","_kad_post_sidebar_id":"","_kad_post_content_style":"default","_kad_post_vertical_padding":"default","_kad_post_feature":"","_kad_post_feature_position":"","_kad_post_header":false,"_kad_post_footer":false,"_kad_post_classname":""},"product_brand":[],"product_cat":[431,281,2704,2822,2821,277],"product_tag":[454,331,709,455,710,486,487,287,461,494,462,711,396,712,713,714],"class_list":{"0":"post-9465","1":"product","2":"type-product","3":"status-publish","4":"has-post-thumbnail","6":"product_cat-mage-tarm","7":"product_cat-mineraler","8":"product_cat-multi-nutrient","9":"product_cat-multi-produkter","10":"product_cat-multi-mineral","11":"product_cat-muskler-och-leder","12":"product_tag-amalgamskada","13":"product_tag-artrit","14":"product_tag-atros","15":"product_tag-bakteriell-overvaxt-i-tarmen","16":"product_tag-inositol","17":"product_tag-kalcium","18":"product_tag-kalium","19":"product_tag-magnesium","20":"product_tag-matsmaltningsstarkande","21":"product_tag-mineraler","22":"product_tag-oversyrlighet","23":"product_tag-reumatiska-besvar","24":"product_tag-stelhet-i-leder","25":"product_tag-tarmtoxicitet","26":"product_tag-vitamin-d3","27":"product_tag-vitamin-k","29":"first","30":"instock","31":"taxable","32":"shipping-taxable","33":"purchasable","34":"product-type-simple","35":"entry","36":"content-bg","37":"loop-entry"},"taxonomy_info":{"product_cat":[{"value":431,"label":"Mage &amp; Tarm"},{"value":281,"label":"Mineraler"},{"value":2704,"label":"Multi Nutrient"},{"value":2822,"label":"Multi produkter"},{"value":2821,"label":"Multi-mineral"},{"value":277,"label":"Muskler &amp; Leder"}],"product_tag":[{"value":454,"label":"Amalgamskada"},{"value":331,"label":"artrit"},{"value":709,"label":"atros"},{"value":455,"label":"bakteriell \u00f6verv\u00e4xt i tarmen"},{"value":710,"label":"inositol"},{"value":486,"label":"Kalcium"},{"value":487,"label":"Kalium"},{"value":287,"label":"magnesium"},{"value":461,"label":"matsm\u00e4ltningsst\u00e4rkande"},{"value":494,"label":"Mineraler"},{"value":462,"label":"\u00f6versyrlighet"},{"value":711,"label":"reumatiska besv\u00e4r"},{"value":396,"label":"stelhet i leder"},{"value":712,"label":"tarmtoxicitet"},{"value":713,"label":"vitamin D3"},{"value":714,"label":"vitamin K"}]},"featured_image_src_large":["https:\/\/vitaminbutiken.com\/wp-content\/uploads\/2025\/03\/127-Minerals-Photoroom-e1769600114778-893x700.png",893,700,true],"author_info":[],"comment_info":0,"_links":{"self":[{"href":"https:\/\/vitaminbutiken.com\/en\/wp-json\/wp\/v2\/product\/9465","targetHints":{"allow":["GET"]}}],"collection":[{"href":"https:\/\/vitaminbutiken.com\/en\/wp-json\/wp\/v2\/product"}],"about":[{"href":"https:\/\/vitaminbutiken.com\/en\/wp-json\/wp\/v2\/types\/product"}],"replies":[{"embeddable":true,"href":"https:\/\/vitaminbutiken.com\/en\/wp-json\/wp\/v2\/comments?post=9465"}],"wp:featuredmedia":[{"embeddable":true,"href":"https:\/\/vitaminbutiken.com\/en\/wp-json\/wp\/v2\/media\/500103492"}],"wp:attachment":[{"href":"https:\/\/vitaminbutiken.com\/en\/wp-json\/wp\/v2\/media?parent=9465"}],"wp:term":[{"taxonomy":"product_brand","embeddable":true,"href":"https:\/\/vitaminbutiken.com\/en\/wp-json\/wp\/v2\/product_brand?post=9465"},{"taxonomy":"product_cat","embeddable":true,"href":"https:\/\/vitaminbutiken.com\/en\/wp-json\/wp\/v2\/product_cat?post=9465"},{"taxonomy":"product_tag","embeddable":true,"href":"https:\/\/vitaminbutiken.com\/en\/wp-json\/wp\/v2\/product_tag?post=9465"}],"curies":[{"name":"wp","href":"https:\/\/api.w.org\/{rel}","templated":true}]}}