{"id":9455,"date":"2025-03-19T15:56:39","date_gmt":"2025-03-19T13:56:39","guid":{"rendered":"https:\/\/vitaminbutiken.multi.fi\/?post_type=product&#038;p=9455"},"modified":"2026-04-10T12:12:24","modified_gmt":"2026-04-10T10:12:24","slug":"c500-c-vitamin-500-mg","status":"publish","type":"product","link":"https:\/\/vitaminbutiken.com\/en\/produkt\/c500-c-vitamin-500-mg\/","title":{"rendered":"C-500, C-vitamin"},"content":{"rendered":"<p><strong>C500 &#8211; C-vitamin 500 mg<\/strong><\/p>\n<p>Varje kapsel ger 500 mg C-vitamin fr\u00e5n natrium- och kalciumaskorbat. C500 har ett neutralt pH-v\u00e4rde vilket g\u00f6r det mer skonsamt f\u00f6r magen.<\/p>\n<p><strong>C-vitamin bidrar till:<\/strong><\/p>\n<ul>\n<li>immunsystemets normala funktion under och efter intensiv fysisk tr\u00e4ning<\/li>\n<li>normal kollagenbildning som har betydelse f\u00f6r blodk\u00e4rlens normala funktion<\/li>\n<li>normal kollagenbildning som har betydelse f\u00f6r benstommens normala funktion<\/li>\n<li>normal kollagenbildning som har betydelse f\u00f6r broskets normala funktion<\/li>\n<li>normal kollagenbildning som har betydelse f\u00f6r tandk\u00f6ttets normala funktion<\/li>\n<li>normal kollagenbildning som har betydelse f\u00f6r hudens normala funktion<\/li>\n<li>normal kollagenbildning som har betydelse f\u00f6r t\u00e4ndernas normala funktion<\/li>\n<li>nervsystemets normala funktion<\/li>\n<li>normal psykologisk funktion<\/li>\n<li>immunsystemets normala funktion<\/li>\n<li>att skydda cellerna mot oxidativ stress<\/li>\n<li>att minska tr\u00f6tthet och utmattning<\/li>\n<li>att \u00e5terbilda den reducerade formen av vitamin E<\/li>\n<li>\u00f6kar j\u00e4rnupptaget<\/li>\n<\/ul>\n<p><b>\u00a0Dosering:\u00a0<\/b>1 kapsel 2 g\u00e5nger per dag.<\/p>\n<table style=\"height: 80px;\" border=\"1\" width=\"600\" cellspacing=\"0\" cellpadding=\"0\">\n<tbody>\n<tr>\n<td style=\"width: 13.322%;\" width=\"79\"><strong>2 kapslar inneh\u00e5ller:<\/strong><\/td>\n<td style=\"width: 13.0931%;\" width=\"43\"><strong>M\u00e4ngd<\/strong><\/td>\n<td style=\"width: 7.65199%;\" width=\"38\"><strong>%DRI*<\/strong><\/td>\n<\/tr>\n<tr>\n<td style=\"width: 13.322%;\" width=\"79\">Vitamin C<\/td>\n<td style=\"width: 13.0931%;\" width=\"43\">1000 mg<\/td>\n<td style=\"width: 7.65199%;\" width=\"38\">1250%<\/td>\n<\/tr>\n<\/tbody>\n<\/table>\n<p><strong>\u00a0*DRI \u00e4r dagligt referensintag.<\/strong><\/p>\n<p><strong>Ingredienser<\/strong>: Vitamin C (kalciumaskorbat, natriumaskorbat), fyllnadsmedel (rispulver), klumpf\u00f6rebyggande medel (magnesiumsalter av fettsyror, kiseldioxid), kapsel (hydroxipropylmetylcellulosa).<\/p>\n<p>Rekommenderad daglig dos b\u00f6r ej \u00f6verskridas.<br \/>\nKosttillskott ers\u00e4tter inte en varierad kost.<br \/>\nProdukten f\u00f6rvaras o\u00e5tkomligt f\u00f6r sm\u00e5 barn.<\/p>\n<p>&nbsp;<\/p>\n","protected":false},"excerpt":{"rendered":"<p>C500 har ett neutralt pH-v\u00e4rde vilket g\u00f6r det mer skonsamt f\u00f6r magen.<\/p>\n<p><strong>60 kapslar<\/strong><\/p>\n","protected":false},"featured_media":500103502,"comment_status":"open","ping_status":"closed","template":"","meta":{"_kad_blocks_custom_css":"","_kad_blocks_head_custom_js":"","_kad_blocks_body_custom_js":"","_kad_blocks_footer_custom_js":"","_kadence_starter_templates_imported_post":false,"_kad_post_transparent":"default","_kad_post_title":"","_kad_post_layout":"default","_kad_post_sidebar_id":"","_kad_post_content_style":"default","_kad_post_vertical_padding":"default","_kad_post_feature":"","_kad_post_feature_position":"","_kad_post_header":false,"_kad_post_footer":false,"_kad_post_classname":""},"product_brand":[],"product_cat":[508,176,1307],"product_tag":[294,454,205,180,510,399,511,512,700,701,516,517,608,519,184,521,187,522,215,523,460,524,363,188,526,702,703,529,221,531,272,532,533,704,705,536,229,276,233,172,234,235],"class_list":{"0":"post-9455","1":"product","2":"type-product","3":"status-publish","4":"has-post-thumbnail","6":"product_cat-c-vitamin","7":"product_cat-immunforsvar","8":"product_cat-synergos","9":"product_tag-allergier","10":"product_tag-amalgamskada","11":"product_tag-antioxidant","12":"product_tag-artarstelhet","13":"product_tag-aterkommande-inflammationer","14":"product_tag-binjureinsufficiens","15":"product_tag-blodande-tandkott","16":"product_tag-blodproppar","17":"product_tag-c500","18":"product_tag-dalig-sarlakning","19":"product_tag-daliga-tander","20":"product_tag-depressioner","21":"product_tag-energibrist","22":"product_tag-forkylningar","23":"product_tag-grastarr","24":"product_tag-hjart-och-karlproblematik","25":"product_tag-hogt-blodtryck","26":"product_tag-hudproblem","27":"product_tag-hudsjukdomar","28":"product_tag-illamaende","29":"product_tag-inflammationer","30":"product_tag-influensa","31":"product_tag-jarnbristanemi","32":"product_tag-jarntoxicitet","33":"product_tag-kanslomassiga-problem","34":"product_tag-kollagen","35":"product_tag-koppartoxicitet","36":"product_tag-ledproblem","37":"product_tag-naturtillskott","38":"product_tag-nedsatt-gallsyntes","39":"product_tag-nedsatt-immunforsvar","40":"product_tag-nedsatt-syntes-av-galla","41":"product_tag-nedsatt-tyrosin-metabolism","42":"product_tag-oxidatv-stress","43":"product_tag-sjukdomskansla","44":"product_tag-skorbjugg","45":"product_tag-starka-immunforsvar","46":"product_tag-tandlossning","47":"product_tag-trotthet","48":"product_tag-utmattning","49":"product_tag-vitamin","50":"product_tag-vitaminer","52":"first","53":"instock","54":"taxable","55":"shipping-taxable","56":"purchasable","57":"product-type-simple","58":"entry","59":"content-bg","60":"loop-entry"},"taxonomy_info":{"product_cat":[{"value":508,"label":"C-vitamin"},{"value":176,"label":"Immunf\u00f6rsvar"},{"value":1307,"label":"Synergos"}],"product_tag":[{"value":294,"label":"allergier"},{"value":454,"label":"Amalgamskada"},{"value":205,"label":"antioxidant"},{"value":180,"label":"art\u00e4rstelhet"},{"value":510,"label":"\u00c5terkommande inflammationer"},{"value":399,"label":"binjureinsufficiens"},{"value":511,"label":"bl\u00f6dande tandk\u00f6tt"},{"value":512,"label":"Blodproppar"},{"value":700,"label":"c500"},{"value":701,"label":"D\u00e5lig s\u00e5rl\u00e4kning"},{"value":516,"label":"D\u00e5liga t\u00e4nder"},{"value":517,"label":"Depressioner"},{"value":608,"label":"energibrist"},{"value":519,"label":"f\u00f6rkylningar"},{"value":184,"label":"gr\u00e5starr"},{"value":521,"label":"Hj\u00e4rt- och k\u00e4rlproblematik"},{"value":187,"label":"h\u00f6gt blodtryck"},{"value":522,"label":"hudproblem"},{"value":215,"label":"hudsjukdomar"},{"value":523,"label":"Illam\u00e5ende"},{"value":460,"label":"inflammationer"},{"value":524,"label":"influensa"},{"value":363,"label":"j\u00e4rnbristanemi"},{"value":188,"label":"j\u00e4rntoxicitet"},{"value":526,"label":"K\u00e4nslom\u00e4ssiga problem"},{"value":702,"label":"kollagen"},{"value":703,"label":"koppartoxicitet"},{"value":529,"label":"Ledproblem"},{"value":221,"label":"naturtillskott"},{"value":531,"label":"Nedsatt gallsyntes"},{"value":272,"label":"nedsatt immunf\u00f6rsvar"},{"value":532,"label":"Nedsatt syntes av galla"},{"value":533,"label":"Nedsatt tyrosin metabolism"},{"value":704,"label":"oxidatv stress"},{"value":705,"label":"sjukdomsk\u00e4nsla"},{"value":536,"label":"Sk\u00f6rbjugg"},{"value":229,"label":"st\u00e4rka immunf\u00f6rsvar"},{"value":276,"label":"tandlossning"},{"value":233,"label":"tr\u00f6tthet"},{"value":172,"label":"utmattning"},{"value":234,"label":"vitamin"},{"value":235,"label":"vitaminer"}]},"featured_image_src_large":["https:\/\/vitaminbutiken.com\/wp-content\/uploads\/2025\/03\/206-C-500-Photoroom-e1769601605352-893x700.png",893,700,true],"author_info":[],"comment_info":0,"_links":{"self":[{"href":"https:\/\/vitaminbutiken.com\/en\/wp-json\/wp\/v2\/product\/9455","targetHints":{"allow":["GET"]}}],"collection":[{"href":"https:\/\/vitaminbutiken.com\/en\/wp-json\/wp\/v2\/product"}],"about":[{"href":"https:\/\/vitaminbutiken.com\/en\/wp-json\/wp\/v2\/types\/product"}],"replies":[{"embeddable":true,"href":"https:\/\/vitaminbutiken.com\/en\/wp-json\/wp\/v2\/comments?post=9455"}],"wp:featuredmedia":[{"embeddable":true,"href":"https:\/\/vitaminbutiken.com\/en\/wp-json\/wp\/v2\/media\/500103502"}],"wp:attachment":[{"href":"https:\/\/vitaminbutiken.com\/en\/wp-json\/wp\/v2\/media?parent=9455"}],"wp:term":[{"taxonomy":"product_brand","embeddable":true,"href":"https:\/\/vitaminbutiken.com\/en\/wp-json\/wp\/v2\/product_brand?post=9455"},{"taxonomy":"product_cat","embeddable":true,"href":"https:\/\/vitaminbutiken.com\/en\/wp-json\/wp\/v2\/product_cat?post=9455"},{"taxonomy":"product_tag","embeddable":true,"href":"https:\/\/vitaminbutiken.com\/en\/wp-json\/wp\/v2\/product_tag?post=9455"}],"curies":[{"name":"wp","href":"https:\/\/api.w.org\/{rel}","templated":true}]}}