{"id":9453,"date":"2025-03-19T15:56:38","date_gmt":"2025-03-19T13:56:38","guid":{"rendered":"https:\/\/vitaminbutiken.multi.fi\/?post_type=product&#038;p=9453"},"modified":"2026-04-08T18:36:24","modified_gmt":"2026-04-08T16:36:24","slug":"betakaroten","status":"publish","type":"product","link":"https:\/\/vitaminbutiken.com\/en\/produkt\/betakaroten\/","title":{"rendered":"Betakaroten"},"content":{"rendered":"<p><strong>Betakaroten<\/strong> \u00e4r en mycket kraftfull antioxidant som omvandlas till vitamin A vid behov. Varje tablett ger 30 mg Betakaroten.<\/p>\n<p>Betakaroten \u00e4r en kraftfull, naturlig antioxidant som kan hj\u00e4lpa till att skydda huden fr\u00e5n milj\u00f6relaterade stressfaktorer. Den finns i m\u00f6rkt orange och r\u00f6da frukter och gr\u00f6nsaker, och det \u00e4r den som g\u00f6r mor\u00f6tter orange!<\/p>\n<p>Betakaroten hj\u00e4lper till att bek\u00e4mpa fria radikaler som kan skada dina hudceller. Den skyddar ocks\u00e5 mot UVB-str\u00e5lning genom att omvandla den till vitamin D3, vilket f\u00f6rhindrar inflammation och fr\u00e4mjar l\u00e4kning.<\/p>\n<p><strong>Dosering:\u00a0<\/strong>2 kapslar per dag i samband med m\u00e5ltid.<\/p>\n<table style=\"height: 80px;\" border=\"1\" width=\"600\" cellspacing=\"0\" cellpadding=\"0\">\n<tbody>\n<tr>\n<td style=\"width: 4.85337%;\"><strong>2 kapslar inneh\u00e5ller:<\/strong><\/td>\n<td style=\"width: 2.14592%;\"><strong>M\u00e4ngd<\/strong><\/td>\n<td style=\"width: 2.14592%;\">%DRI*<\/td>\n<\/tr>\n<tr>\n<td style=\"width: 4.85337%;\">Betakaroten<br \/>\nmotsvarar 6000 \u00b5g provitamin A, 759 % DRI<\/td>\n<td style=\"width: 2.14592%;\">60 mg<\/td>\n<td style=\"width: 2.14592%;\">**<\/td>\n<\/tr>\n<\/tbody>\n<\/table>\n<p><strong>**DRI (dagligt referensintag) ej fastst\u00e4llt.<\/strong><\/p>\n<p><strong>Ingredienser: <\/strong>Fyllnadsmedel (rismj\u00f6l), betakaroten (fermenterat fr\u00e5n Blakesleatrispora), kapselskal (hydroxipropylmetylcellulosa), klumpf\u00f6rebyggande medel (magnesiumsalter av fettsyror, kiseldioxid).<\/p>\n<p>Rekommenderad daglig dos b\u00f6r ej \u00f6verskridas.<br \/>\nKosttillskott ers\u00e4tter inte en varierad kost.<br \/>\nProdukten f\u00f6rvaras o\u00e5tkomligt f\u00f6r sm\u00e5 barn.<\/p>\n","protected":false},"excerpt":{"rendered":"<p>Betakaroten \u00e4r en mycket kraftfull antioxidant som omvandlas till vitamin A vid behov.<\/p>\n<p>Betakaroten \u00e4r ett fettl\u00f6sligt \u00e4mne som fungerar som en antioxidant, skyddar celler fr\u00e5n oxidation och st\u00f6der m\u00e5nga kroppsfunktioner.<\/p>\n<p><strong>60 tabletter<\/strong><\/p>\n","protected":false},"featured_media":500103862,"comment_status":"open","ping_status":"closed","template":"","meta":{"_kad_blocks_custom_css":"","_kad_blocks_head_custom_js":"","_kad_blocks_body_custom_js":"","_kad_blocks_footer_custom_js":"","_kadence_starter_templates_imported_post":false,"_kad_post_transparent":"default","_kad_post_title":"","_kad_post_layout":"default","_kad_post_sidebar_id":"","_kad_post_content_style":"default","_kad_post_vertical_padding":"default","_kad_post_feature":"","_kad_post_feature_position":"","_kad_post_header":false,"_kad_post_footer":false,"_kad_post_classname":""},"product_brand":[],"product_cat":[2804,1293,195,149,155],"product_tag":[205,691,692,693,694,221,223,695,193,696,697,229,234,235],"class_list":{"0":"post-9453","1":"product","2":"type-product","3":"status-publish","4":"has-post-thumbnail","6":"product_cat-a-vitamin","7":"product_cat-evp-nutrition","8":"product_cat-hud-skonhet","9":"product_cat-orter","10":"product_cat-vitaminer","11":"product_tag-antioxidant","12":"product_tag-avgiftning","13":"product_tag-betakaroten","14":"product_tag-daligt-morkerseende","15":"product_tag-hypovitaminosis-a","16":"product_tag-naturtillskott","17":"product_tag-nedsatt-syn","18":"product_tag-olika-typer-av-ogondegeneration","19":"product_tag-oxidativ-stress","20":"product_tag-skydd-mot-uv-exponering","21":"product_tag-solbranna","22":"product_tag-starka-immunforsvar","23":"product_tag-vitamin","24":"product_tag-vitaminer","26":"first","27":"instock","28":"taxable","29":"shipping-taxable","30":"purchasable","31":"product-type-simple","32":"entry","33":"content-bg","34":"loop-entry"},"taxonomy_info":{"product_cat":[{"value":2804,"label":"A-vitamin"},{"value":1293,"label":"EVP Nutrition"},{"value":195,"label":"Hud &amp; Sk\u00f6nhet"},{"value":149,"label":"\u00d6rter"},{"value":155,"label":"Vitaminer"}],"product_tag":[{"value":205,"label":"antioxidant"},{"value":691,"label":"avgiftning"},{"value":692,"label":"betakaroten"},{"value":693,"label":"d\u00e5ligt m\u00f6rkerseende"},{"value":694,"label":"Hypovitaminosis A"},{"value":221,"label":"naturtillskott"},{"value":223,"label":"nedsatt syn"},{"value":695,"label":"olika typer av \u00f6gondegeneration"},{"value":193,"label":"oxidativ stress"},{"value":696,"label":"skydd mot UV-exponering"},{"value":697,"label":"solbr\u00e4nna"},{"value":229,"label":"st\u00e4rka immunf\u00f6rsvar"},{"value":234,"label":"vitamin"},{"value":235,"label":"vitaminer"}]},"featured_image_src_large":["https:\/\/vitaminbutiken.com\/wp-content\/uploads\/2025\/03\/205-Betakaroten-Photoroom-e1771584274335-797x700.png",797,700,true],"author_info":[],"comment_info":0,"_links":{"self":[{"href":"https:\/\/vitaminbutiken.com\/en\/wp-json\/wp\/v2\/product\/9453","targetHints":{"allow":["GET"]}}],"collection":[{"href":"https:\/\/vitaminbutiken.com\/en\/wp-json\/wp\/v2\/product"}],"about":[{"href":"https:\/\/vitaminbutiken.com\/en\/wp-json\/wp\/v2\/types\/product"}],"replies":[{"embeddable":true,"href":"https:\/\/vitaminbutiken.com\/en\/wp-json\/wp\/v2\/comments?post=9453"}],"wp:featuredmedia":[{"embeddable":true,"href":"https:\/\/vitaminbutiken.com\/en\/wp-json\/wp\/v2\/media\/500103862"}],"wp:attachment":[{"href":"https:\/\/vitaminbutiken.com\/en\/wp-json\/wp\/v2\/media?parent=9453"}],"wp:term":[{"taxonomy":"product_brand","embeddable":true,"href":"https:\/\/vitaminbutiken.com\/en\/wp-json\/wp\/v2\/product_brand?post=9453"},{"taxonomy":"product_cat","embeddable":true,"href":"https:\/\/vitaminbutiken.com\/en\/wp-json\/wp\/v2\/product_cat?post=9453"},{"taxonomy":"product_tag","embeddable":true,"href":"https:\/\/vitaminbutiken.com\/en\/wp-json\/wp\/v2\/product_tag?post=9453"}],"curies":[{"name":"wp","href":"https:\/\/api.w.org\/{rel}","templated":true}]}}