{"id":9443,"date":"2025-03-19T15:56:10","date_gmt":"2025-03-19T13:56:10","guid":{"rendered":"https:\/\/vitaminbutiken.multi.fi\/?post_type=product&#038;p=9443"},"modified":"2026-04-10T12:10:42","modified_gmt":"2026-04-10T10:10:42","slug":"b-complex-plus","status":"publish","type":"product","link":"https:\/\/vitaminbutiken.com\/en\/produkt\/b-complex-plus\/","title":{"rendered":"B-Komplex Plus"},"content":{"rendered":"<p><strong>B-complex Plus<\/strong><\/p>\n<p>Varje kapsel ger B-vitaminer i enlighet med synergi- och bredspektrumprincipen.<\/p>\n<p><strong>B-vitaminer bidrar till:<\/strong><\/p>\n<ul>\n<li>normal energioms\u00e4ttning<\/li>\n<li>nervsystemets normala funktion<\/li>\n<li>normal psykologisk funktion<\/li>\n<li>normal hj\u00e4rtfunktion<\/li>\n<li>normal oms\u00e4ttning av makron\u00e4rings\u00e4mnen<\/li>\n<li>att bibeh\u00e5lla normalt h\u00e5r<\/li>\n<li>att bibeh\u00e5lla normala slemhinnor<\/li>\n<li>att bibeh\u00e5lla normal hud<\/li>\n<li>normal aminosyrasyntes<\/li>\n<li>normal blodbildning<\/li>\n<li>normal homocysteinoms\u00e4ttning<\/li>\n<li>bidrar till immunsystemets normala funktion<\/li>\n<li>att minska tr\u00f6tthet och utmattning<\/li>\n<li>har en roll i celldelningsprocessen<\/li>\n<li>normal fettoms\u00e4ttning<\/li>\n<li>att bibeh\u00e5lla normal leverfunktion<\/li>\n<li>normal syntes och oms\u00e4ttning av steroidhormoner, vitamin D och vissa neurotransmittorer<\/li>\n<li>normal mental prestationsf\u00f6rm\u00e5ga<\/li>\n<li>att bibeh\u00e5lla normala r\u00f6da blodkroppar<\/li>\n<li>att bibeh\u00e5lla normal synf\u00f6rm\u00e5ga<\/li>\n<li>normal j\u00e4rnoms\u00e4ttning<\/li>\n<li>att skydda cellerna mot oxidativ stress<\/li>\n<li>normal cysteinsyntes<\/li>\n<li>normal protein- och glykogenoms\u00e4ttning<\/li>\n<li>att reglera hormonaktiviteten<\/li>\n<\/ul>\n<p><strong>Dosering: <\/strong>1 kapsel 2 g\u00e5nger per dag i samband med m\u00e5ltid.<\/p>\n<table style=\"height: 80px;\" border=\"1\" width=\"600\" cellspacing=\"0\" cellpadding=\"0\">\n<tbody>\n<tr>\n<td style=\"width: 19.4091%;\" width=\"85\"><strong>1 kapsel inneh\u00e5ller:<\/strong><\/td>\n<td style=\"width: 12.8348%;\" width=\"38\"><strong>M\u00e4ngd<\/strong><\/td>\n<td style=\"width: 9.33%;\" width=\"38\"><strong>*DRI%<\/strong><\/td>\n<\/tr>\n<tr>\n<td style=\"width: 19.4091%;\" width=\"85\">Tiamin (B1)<\/td>\n<td style=\"width: 12.8348%;\" width=\"38\">50 mg<\/td>\n<td style=\"width: 9.33%;\" width=\"38\">4545 %<\/td>\n<\/tr>\n<tr>\n<td style=\"width: 19.4091%;\" width=\"85\">Riboflavin (B2)<\/td>\n<td style=\"width: 12.8348%;\" width=\"38\">50 mg<\/td>\n<td style=\"width: 9.33%;\" width=\"38\">3571 %<\/td>\n<\/tr>\n<tr>\n<td style=\"width: 19.4091%;\" width=\"85\">Niacin (B3)<\/td>\n<td style=\"width: 12.8348%;\" width=\"38\">50 mg<\/td>\n<td style=\"width: 9.33%;\" width=\"38\">312 %<\/td>\n<\/tr>\n<tr>\n<td style=\"width: 19.4091%;\" width=\"85\">Pantotensyra (B5)<\/td>\n<td style=\"width: 12.8348%;\" width=\"38\">100 mg<\/td>\n<td style=\"width: 9.33%;\" width=\"38\">1666 %<\/td>\n<\/tr>\n<tr>\n<td style=\"width: 19.4091%;\" width=\"85\">Vitamin B6<\/td>\n<td style=\"width: 12.8348%;\" width=\"38\">10 mg<\/td>\n<td style=\"width: 9.33%;\" width=\"38\">714 %<\/td>\n<\/tr>\n<tr>\n<td style=\"width: 19.4091%;\" width=\"85\">Vitamin B12<\/td>\n<td style=\"width: 12.8348%;\" width=\"38\">50 \u00b5g<\/td>\n<td style=\"width: 9.33%;\" width=\"38\">2000 %<\/td>\n<\/tr>\n<tr>\n<td style=\"width: 19.4091%;\" width=\"85\">Folsyra<\/td>\n<td style=\"width: 12.8348%;\" width=\"38\">300 \u00b5g<\/td>\n<td style=\"width: 9.33%;\" width=\"38\">150 %<\/td>\n<\/tr>\n<tr>\n<td style=\"width: 19.4091%;\" width=\"85\">Biotin<\/td>\n<td style=\"width: 12.8348%;\" width=\"38\">100 \u00b5g<\/td>\n<td style=\"width: 9.33%;\" width=\"38\">200 %<\/td>\n<\/tr>\n<tr>\n<td style=\"width: 19.4091%;\" width=\"85\">Kolinbitartrat<\/td>\n<td style=\"width: 12.8348%;\" width=\"38\">50 mg<\/td>\n<td style=\"width: 9.33%;\" width=\"38\">**<\/td>\n<\/tr>\n<tr>\n<td style=\"width: 19.4091%;\" width=\"85\">PABA<\/td>\n<td style=\"width: 12.8348%;\" width=\"38\">50 mg<\/td>\n<td style=\"width: 9.33%;\" width=\"38\">**<\/td>\n<\/tr>\n<tr>\n<td style=\"width: 19.4091%;\" width=\"85\">Inositol<\/td>\n<td style=\"width: 12.8348%;\" width=\"38\">50 mg<\/td>\n<td style=\"width: 9.33%;\" width=\"38\">**<\/td>\n<\/tr>\n<tr>\n<td style=\"width: 19.4091%;\" width=\"85\">Zink<\/td>\n<td style=\"width: 12.8348%;\" width=\"38\">5 mg<\/td>\n<td style=\"width: 9.33%;\" width=\"38\">50 %<\/td>\n<\/tr>\n<\/tbody>\n<\/table>\n<p><strong>*DRI \u00e4r dagligt referensintag. ** DRI ej fastst\u00e4llt.<\/strong><\/p>\n<p><strong>Ingredienser:\u00a0<\/strong>Fyllnadsmedel (mikrokristallin cellulosa), pantotensyra, tiamin, kolinbitartrat, riboflavin, inositol, niacin, PABA, klumpf\u00f6rebyggandemedel (magnesiumsalter av fettsyror, kiseldioxid), zink (zinksulfat), vitamin B6, folsyra (pteroylmonoglutamin syra), biotin, vitamin B12 (metylkobalamin), kapsel (hydroxipropylmetylcellulosa).<\/p>\n<p><strong>Anm\u00e4rkning: <\/strong>\u00d6vre gr\u00e4nsen f\u00f6r dagligt rekommenderat intag \u00f6verskrids. Preparatet \u00e4r \u00e4mnat f\u00f6r korttidsbruk 1-3 m\u00e5nader.<\/p>\n<p>Rekommenderad daglig dos b\u00f6r ej \u00f6verskridas.<br \/>\nKosttillskott ers\u00e4tter inte en varierad kost.<br \/>\nProdukten f\u00f6rvaras o\u00e5tkomligt f\u00f6r sm\u00e5 barn.<\/p>\n","protected":false},"excerpt":{"rendered":"<p>Varje kapsel ger B-vitaminer i enlighet med synergi- och bredspektrumprincipen.<\/p>\n<p>Passar f\u00f6r dig som har ett st\u00f6rre behov av B-vitaminer men inga avg\u00f6rande kliniska brister p\u00e5 vissa<br \/>\nB-vitaminer.<\/p>\n<p><strong>60 kapslar<\/strong><\/p>\n<p>&nbsp;<\/p>\n","protected":false},"featured_media":500103020,"comment_status":"open","ping_status":"closed","template":"","meta":{"_kad_blocks_custom_css":"","_kad_blocks_head_custom_js":"","_kad_blocks_body_custom_js":"","_kad_blocks_footer_custom_js":"","_kadence_starter_templates_imported_post":false,"_kad_post_transparent":"default","_kad_post_title":"","_kad_post_layout":"default","_kad_post_sidebar_id":"","_kad_post_content_style":"default","_kad_post_vertical_padding":"default","_kad_post_feature":"","_kad_post_feature_position":"","_kad_post_header":false,"_kad_post_footer":false,"_kad_post_classname":""},"product_brand":[],"product_cat":[348,329,195,176,146,1307,278,155],"product_tag":[672,673,221,229,234,235],"class_list":{"0":"post-9443","1":"product","2":"type-product","3":"status-publish","4":"has-post-thumbnail","6":"product_cat-b-vitamin","7":"product_cat-hjarna-och-minne","8":"product_cat-hud-skonhet","9":"product_cat-immunforsvar","10":"product_cat-stressad-och-trott","11":"product_cat-synergos","12":"product_cat-traning","13":"product_cat-vitaminer","14":"product_tag-b-complex","15":"product_tag-b-vitaminer","16":"product_tag-naturtillskott","17":"product_tag-starka-immunforsvar","18":"product_tag-vitamin","19":"product_tag-vitaminer","21":"first","22":"instock","23":"taxable","24":"shipping-taxable","25":"purchasable","26":"product-type-simple","27":"entry","28":"content-bg","29":"loop-entry"},"taxonomy_info":{"product_cat":[{"value":348,"label":"B-vitamin"},{"value":329,"label":"Hj\u00e4rna &amp; Minne"},{"value":195,"label":"Hud &amp; Sk\u00f6nhet"},{"value":176,"label":"Immunf\u00f6rsvar"},{"value":146,"label":"Stressad &amp; Tr\u00f6tt"},{"value":1307,"label":"Synergos"},{"value":278,"label":"Tr\u00e4ning"},{"value":155,"label":"Vitaminer"}],"product_tag":[{"value":672,"label":"b complex"},{"value":673,"label":"b-vitaminer"},{"value":221,"label":"naturtillskott"},{"value":229,"label":"st\u00e4rka immunf\u00f6rsvar"},{"value":234,"label":"vitamin"},{"value":235,"label":"vitaminer"}]},"featured_image_src_large":["https:\/\/vitaminbutiken.com\/wp-content\/uploads\/2025\/03\/B-Complex-Plus-207-C-Photoroom-e1765890912954-977x700.png",977,700,true],"author_info":[],"comment_info":0,"_links":{"self":[{"href":"https:\/\/vitaminbutiken.com\/en\/wp-json\/wp\/v2\/product\/9443","targetHints":{"allow":["GET"]}}],"collection":[{"href":"https:\/\/vitaminbutiken.com\/en\/wp-json\/wp\/v2\/product"}],"about":[{"href":"https:\/\/vitaminbutiken.com\/en\/wp-json\/wp\/v2\/types\/product"}],"replies":[{"embeddable":true,"href":"https:\/\/vitaminbutiken.com\/en\/wp-json\/wp\/v2\/comments?post=9443"}],"wp:featuredmedia":[{"embeddable":true,"href":"https:\/\/vitaminbutiken.com\/en\/wp-json\/wp\/v2\/media\/500103020"}],"wp:attachment":[{"href":"https:\/\/vitaminbutiken.com\/en\/wp-json\/wp\/v2\/media?parent=9443"}],"wp:term":[{"taxonomy":"product_brand","embeddable":true,"href":"https:\/\/vitaminbutiken.com\/en\/wp-json\/wp\/v2\/product_brand?post=9443"},{"taxonomy":"product_cat","embeddable":true,"href":"https:\/\/vitaminbutiken.com\/en\/wp-json\/wp\/v2\/product_cat?post=9443"},{"taxonomy":"product_tag","embeddable":true,"href":"https:\/\/vitaminbutiken.com\/en\/wp-json\/wp\/v2\/product_tag?post=9443"}],"curies":[{"name":"wp","href":"https:\/\/api.w.org\/{rel}","templated":true}]}}