{"id":9442,"date":"2025-03-19T15:56:09","date_gmt":"2025-03-19T13:56:09","guid":{"rendered":"https:\/\/vitaminbutiken.multi.fi\/?post_type=product&#038;p=9442"},"modified":"2026-04-09T13:21:23","modified_gmt":"2026-04-09T11:21:23","slug":"b-complex","status":"publish","type":"product","link":"https:\/\/vitaminbutiken.com\/en\/produkt\/b-complex\/","title":{"rendered":"B-Complex"},"content":{"rendered":"<p><strong>B-Complex<\/strong><\/p>\n<p>Varje kapsel ger B-vitaminer i enlighet med synergi- och bredspektrumprincipen.<\/p>\n<p><strong>B-vitaminer bidrar till:<\/strong><\/p>\n<ul>\n<li>normal energioms\u00e4ttning<\/li>\n<li>nervsystemets normala funktion<\/li>\n<li>normal psykologisk funktion<\/li>\n<li>normal hj\u00e4rtfunktion<\/li>\n<li>normal oms\u00e4ttning av makron\u00e4rings\u00e4mnen<\/li>\n<li>att bibeh\u00e5lla normalt h\u00e5r<\/li>\n<li>att bibeh\u00e5lla normala slemhinnor<\/li>\n<li>att bibeh\u00e5lla normal hud<\/li>\n<li>normal aminosyrasyntes<\/li>\n<li>normal blodbildning<\/li>\n<li>normal homocysteinoms\u00e4ttning<\/li>\n<li>bidrar till immunsystemets normala funktion<\/li>\n<li>att minska tr\u00f6tthet och utmattning<\/li>\n<li>har en roll i celldelningsprocessen<\/li>\n<li>normal fettoms\u00e4ttning<\/li>\n<li>att bibeh\u00e5lla normal leverfunktion<\/li>\n<li>normal syntes och oms\u00e4ttning av steroidhormoner, vitamin D och vissa neurotransmittorer<\/li>\n<li>normal mental prestationsf\u00f6rm\u00e5ga<\/li>\n<li>att bibeh\u00e5lla normala r\u00f6da blodkroppar<\/li>\n<li>att bibeh\u00e5lla normal synf\u00f6rm\u00e5ga<\/li>\n<li>normal j\u00e4rnoms\u00e4ttning<\/li>\n<li>att skydda cellerna mot oxidativ stress<\/li>\n<li>normal cysteinsyntes<\/li>\n<li>att reglera hormonaktiviteten<\/li>\n<li>normal protein- och glykogenoms\u00e4ttning<\/li>\n<\/ul>\n<p><strong>Dosering: <\/strong>1 kapsel 2 g\u00e5nger per dag i samband med m\u00e5ltid.<\/p>\n<table style=\"height: 80px;\" border=\"1\" width=\"600\" cellspacing=\"0\" cellpadding=\"0\">\n<tbody>\n<tr>\n<td style=\"width: 16.839%;\" width=\"101\"><strong>2 kapslar inneh\u00e5ller:<\/strong><\/td>\n<td style=\"width: 7.78316%;\" width=\"38\"><strong>M\u00e4ngd<\/strong><\/td>\n<td style=\"width: 10.7624%;\" width=\"30\"><strong>%DRI*\u00a0<\/strong><\/td>\n<\/tr>\n<tr>\n<td style=\"width: 16.839%;\" width=\"101\">Tiamin<\/td>\n<td style=\"width: 7.78316%;\" width=\"38\">10 mg<\/td>\n<td style=\"width: 10.7624%;\" width=\"30\">909 %<\/td>\n<\/tr>\n<tr>\n<td style=\"width: 16.839%;\" width=\"101\">Riboflavin<\/td>\n<td style=\"width: 7.78316%;\" width=\"38\">10 mg<\/td>\n<td style=\"width: 10.7624%;\" width=\"30\">714 %<\/td>\n<\/tr>\n<tr>\n<td style=\"width: 16.839%;\" width=\"101\">Niacin<\/td>\n<td style=\"width: 7.78316%;\" width=\"38\">60 mg<\/td>\n<td style=\"width: 10.7624%;\" width=\"30\">375 %<\/td>\n<\/tr>\n<tr>\n<td style=\"width: 16.839%;\" width=\"101\">Pantotensyra<\/td>\n<td style=\"width: 7.78316%;\" width=\"38\">40 mg<\/td>\n<td style=\"width: 10.7624%;\" width=\"30\">1000 %<\/td>\n<\/tr>\n<tr>\n<td style=\"width: 16.839%;\" width=\"101\">Vitamin B6<\/td>\n<td style=\"width: 7.78316%;\" width=\"38\">24 mg<\/td>\n<td style=\"width: 10.7624%;\" width=\"30\">2857 %<\/td>\n<\/tr>\n<tr>\n<td style=\"width: 16.839%;\" width=\"101\">Vitamin B12<\/td>\n<td style=\"width: 7.78316%;\" width=\"38\">100 mcg<\/td>\n<td style=\"width: 10.7624%;\" width=\"30\">4000 %<\/td>\n<\/tr>\n<tr>\n<td style=\"width: 16.839%;\" width=\"101\">Folsyra<\/td>\n<td style=\"width: 7.78316%;\" width=\"38\">600 mcg<\/td>\n<td style=\"width: 10.7624%;\" width=\"30\">300 %<\/td>\n<\/tr>\n<tr>\n<td style=\"width: 16.839%;\" width=\"101\">Biotin<\/td>\n<td style=\"width: 7.78316%;\" width=\"38\">400 mcg<\/td>\n<td style=\"width: 10.7624%;\" width=\"30\">800 %<\/td>\n<\/tr>\n<tr>\n<td style=\"width: 16.839%;\" width=\"101\">Kolin<\/td>\n<td style=\"width: 7.78316%;\" width=\"38\">100 mg<\/td>\n<td style=\"width: 10.7624%;\" width=\"30\">**<\/td>\n<\/tr>\n<tr>\n<td style=\"width: 16.839%;\" width=\"101\">PABA<\/td>\n<td style=\"width: 7.78316%;\" width=\"38\">100 mg<\/td>\n<td style=\"width: 10.7624%;\" width=\"30\">**<\/td>\n<\/tr>\n<tr>\n<td style=\"width: 16.839%;\" width=\"101\">Inositol<\/td>\n<td style=\"width: 7.78316%;\" width=\"38\">100 mg<\/td>\n<td style=\"width: 10.7624%;\" width=\"30\">**<\/td>\n<\/tr>\n<\/tbody>\n<\/table>\n<p style=\"text-align: left;\"><strong>*DRI \u00e4r dagligt referensintag. **DRI saknas.<\/strong><\/p>\n<p><strong>Ingredienser:<\/strong>\u00a0 Fyllnadsmedel (rispulver), kolin, inositol, PABA, niacin (nikotinamid), pantotensyra, klumpf\u00f6rebyggande medel (magnesiumsalter av fettsyror, kiseldioxid), vitamin B6, tiamin, riboflavin, vitamin B12 (cyanokobalamin), folsyra, biotin, kapsel (hydroxipropylmetylcellulosa).<\/p>\n<p><strong>OBS!<\/strong> Den \u00f6vre gr\u00e4nsen f\u00f6r s\u00e4kert dagligt intag av vitamin B6 \u00e4r 12 mg. M\u00e4ngden vitamin B6 i dygnsdosen som f\u00e5s fr\u00e5n denna produkt (24 mg) \u00f6verskrider denna m\u00e4ngd. Inte f\u00f6r l\u00e5ngvarigt bruk.<\/p>\n<p>Rekommenderad daglig dos b\u00f6r ej \u00f6verskridas.<br \/>\nKosttillskott ers\u00e4tter inte en varierad kost.<br \/>\nProdukten f\u00f6rvaras o\u00e5tkomligt f\u00f6r sm\u00e5 barn.<\/p>\n","protected":false},"excerpt":{"rendered":"<p>Varje tablett ger B-vitaminer i enlighet med synergi- och bredspektrumprincipen.<\/p>\n<p>Passar f\u00f6r dig som \u00e4r frisk men vill \u00e4ta en f\u00f6rebyggande dos av B-vitaminer.<\/p>\n<p><strong>60 kapslar\u00a0<\/strong><\/p>\n","protected":false},"featured_media":500103391,"comment_status":"open","ping_status":"closed","template":"","meta":{"_kad_blocks_custom_css":"","_kad_blocks_head_custom_js":"","_kad_blocks_body_custom_js":"","_kad_blocks_footer_custom_js":"","_kadence_starter_templates_imported_post":false,"_kad_post_transparent":"default","_kad_post_title":"","_kad_post_layout":"default","_kad_post_sidebar_id":"","_kad_post_content_style":"default","_kad_post_vertical_padding":"default","_kad_post_feature":"","_kad_post_feature_position":"","_kad_post_header":false,"_kad_post_footer":false,"_kad_post_classname":""},"product_brand":[],"product_cat":[348,329,195,176,349,146,1307,278,155],"product_tag":[205,672,221,229,234,235],"class_list":{"0":"post-9442","1":"product","2":"type-product","3":"status-publish","4":"has-post-thumbnail","6":"product_cat-b-vitamin","7":"product_cat-hjarna-och-minne","8":"product_cat-hud-skonhet","9":"product_cat-immunforsvar","10":"product_cat-jarn","11":"product_cat-stressad-och-trott","12":"product_cat-synergos","13":"product_cat-traning","14":"product_cat-vitaminer","15":"product_tag-antioxidant","16":"product_tag-b-complex","17":"product_tag-naturtillskott","18":"product_tag-starka-immunforsvar","19":"product_tag-vitamin","20":"product_tag-vitaminer","22":"first","23":"instock","24":"taxable","25":"shipping-taxable","26":"purchasable","27":"product-type-simple","28":"entry","29":"content-bg","30":"loop-entry"},"taxonomy_info":{"product_cat":[{"value":348,"label":"B-vitamin"},{"value":329,"label":"Hj\u00e4rna &amp; Minne"},{"value":195,"label":"Hud &amp; Sk\u00f6nhet"},{"value":176,"label":"Immunf\u00f6rsvar"},{"value":349,"label":"J\u00e4rn"},{"value":146,"label":"Stressad &amp; Tr\u00f6tt"},{"value":1307,"label":"Synergos"},{"value":278,"label":"Tr\u00e4ning"},{"value":155,"label":"Vitaminer"}],"product_tag":[{"value":205,"label":"antioxidant"},{"value":672,"label":"b complex"},{"value":221,"label":"naturtillskott"},{"value":229,"label":"st\u00e4rka immunf\u00f6rsvar"},{"value":234,"label":"vitamin"},{"value":235,"label":"vitaminer"}]},"featured_image_src_large":["https:\/\/vitaminbutiken.com\/wp-content\/uploads\/2025\/03\/207-B-Complex-Photoroom-e1768894666571-913x700.png",913,700,true],"author_info":[],"comment_info":0,"_links":{"self":[{"href":"https:\/\/vitaminbutiken.com\/en\/wp-json\/wp\/v2\/product\/9442","targetHints":{"allow":["GET"]}}],"collection":[{"href":"https:\/\/vitaminbutiken.com\/en\/wp-json\/wp\/v2\/product"}],"about":[{"href":"https:\/\/vitaminbutiken.com\/en\/wp-json\/wp\/v2\/types\/product"}],"replies":[{"embeddable":true,"href":"https:\/\/vitaminbutiken.com\/en\/wp-json\/wp\/v2\/comments?post=9442"}],"wp:featuredmedia":[{"embeddable":true,"href":"https:\/\/vitaminbutiken.com\/en\/wp-json\/wp\/v2\/media\/500103391"}],"wp:attachment":[{"href":"https:\/\/vitaminbutiken.com\/en\/wp-json\/wp\/v2\/media?parent=9442"}],"wp:term":[{"taxonomy":"product_brand","embeddable":true,"href":"https:\/\/vitaminbutiken.com\/en\/wp-json\/wp\/v2\/product_brand?post=9442"},{"taxonomy":"product_cat","embeddable":true,"href":"https:\/\/vitaminbutiken.com\/en\/wp-json\/wp\/v2\/product_cat?post=9442"},{"taxonomy":"product_tag","embeddable":true,"href":"https:\/\/vitaminbutiken.com\/en\/wp-json\/wp\/v2\/product_tag?post=9442"}],"curies":[{"name":"wp","href":"https:\/\/api.w.org\/{rel}","templated":true}]}}