{"id":9435,"date":"2025-03-19T15:55:44","date_gmt":"2025-03-19T13:55:44","guid":{"rendered":"https:\/\/vitaminbutiken.multi.fi\/?post_type=product&#038;p=9435"},"modified":"2026-04-09T14:16:08","modified_gmt":"2026-04-09T12:16:08","slug":"betapepsin","status":"publish","type":"product","link":"https:\/\/vitaminbutiken.com\/en\/produkt\/betapepsin\/","title":{"rendered":"BetaPepsin"},"content":{"rendered":"<p><strong>Betain &amp; Pepsin<\/strong><\/p>\n<p>Betain HCL och pepsin \u00e4r ett matsm\u00e4ltningsst\u00f6d i kapselform f\u00f6r f\u00f6rb\u00e4ttrad nedbrytning av proteiner och b\u00e4ttre syrabildning i magen.<\/p>\n<p><strong>Dosering:<\/strong>1 kapsel till varje m\u00e5ltid. Max 3 kapslar per dag. Ta inte ut inneh\u00e5llet ur kapseln.<\/p>\n<table style=\"height: 80px;\" border=\"1\" width=\"600\" cellspacing=\"0\" cellpadding=\"0\">\n<tbody>\n<tr>\n<td style=\"width: 3.14465%;\"><strong>1 kapsel inneh\u00e5ller:<\/strong><\/td>\n<td style=\"width: 3.15457%;\"><strong>M\u00e4ngd<\/strong><\/td>\n<\/tr>\n<tr>\n<td style=\"width: 3.14465%;\">Betainhydroklorid<\/td>\n<td style=\"width: 3.15457%;\">400 mg*<\/td>\n<\/tr>\n<tr>\n<td style=\"width: 3.14465%;\">Pepsin<\/td>\n<td style=\"width: 3.15457%;\">28 mg*<\/td>\n<\/tr>\n<\/tbody>\n<\/table>\n<p><strong>*DRI (dagligt referensintag) ej fastst\u00e4llt.\u00a0<\/strong><\/p>\n<p><strong>Ingredienser<\/strong>: Betainhydroklorid, gelatinkapsel (<strong>n\u00f6t<\/strong>), fyllnadsmedel (mikrokristallin cellulosa), pepsin (<strong>gris<\/strong>), klumpf\u00f6rebyggande medel<br \/>\n(magnesiumsalter av fettsyror).<\/p>\n<p>Rekommenderad daglig dos b\u00f6r ej \u00f6verskridas.<br \/>\nKosttillskott ers\u00e4tter inte en varierad kost.<br \/>\nProdukten f\u00f6rvaras o\u00e5tkomligt f\u00f6r sm\u00e5 barn.<\/p>\n<p>&nbsp;<\/p>\n","protected":false},"excerpt":{"rendered":"<p>Betain HCL och pepsin \u00e4r ett matsm\u00e4ltningsst\u00f6d i kapselform f\u00f6r f\u00f6rb\u00e4ttrad nedbrytning av proteiner och b\u00e4ttre syrabildning i magen.<\/p>\n<p><strong>60 kapslar<\/strong><\/p>\n","protected":false},"featured_media":11403,"comment_status":"open","ping_status":"closed","template":"","meta":{"_kad_blocks_custom_css":"","_kad_blocks_head_custom_js":"","_kad_blocks_body_custom_js":"","_kad_blocks_footer_custom_js":"","_kadence_starter_templates_imported_post":false,"_kad_post_transparent":"default","_kad_post_title":"","_kad_post_layout":"default","_kad_post_sidebar_id":"","_kad_post_content_style":"default","_kad_post_vertical_padding":"default","_kad_post_feature":"","_kad_post_feature_position":"","_kad_post_header":false,"_kad_post_footer":false,"_kad_post_classname":""},"product_brand":[],"product_cat":[431,2819,1393,1307],"product_tag":[643,644,432,206,645,646,647,567,648,649,304,650,651,652,307,653,654,655,656,657,658,659,660,661,662,393,663,664,665,666,667,668,669,670,671],"class_list":{"0":"post-9435","1":"product","2":"type-product","3":"status-publish","4":"has-post-thumbnail","6":"product_cat-mage-tarm","7":"product_cat-matsmaltningsenzymer","8":"product_cat-ovriga-kosttillskott","9":"product_cat-synergos","10":"product_tag-aderforkalkning","11":"product_tag-analklada","12":"product_tag-anemi","13":"product_tag-astma","14":"product_tag-betain","15":"product_tag-brist-pa-folsyra","16":"product_tag-brist-pa-kalium","17":"product_tag-diarre","18":"product_tag-fodoamnesallergier","19":"product_tag-fodoamnesintolerans","20":"product_tag-forstoppning","21":"product_tag-gallsten","22":"product_tag-gasbildning","23":"product_tag-hojer-ldl-kolesterol","24":"product_tag-hosnuva","25":"product_tag-hypokalemi","26":"product_tag-inre-oroninfektion","27":"product_tag-kanslighet-mot-olika-fetter","28":"product_tag-los-mage-pa-morgonen","29":"product_tag-magont-efter-maltider","30":"product_tag-matintolerans","31":"product_tag-nedsatt-metylering","32":"product_tag-nedsatt-syntes-av-pepsin","33":"product_tag-osmalt-mat-i-avforingen","34":"product_tag-pepsin","35":"product_tag-reumatoid-artrit","36":"product_tag-saltsyra","37":"product_tag-saltsyrabrist","38":"product_tag-sanker-homocystein","39":"product_tag-skoldkortelsjukdomar","40":"product_tag-skyddar-levern","41":"product_tag-sura-uppstotningar","42":"product_tag-svampinfektion","43":"product_tag-trotthet-efter-maten","44":"product_tag-uppsvalldhet","46":"first","47":"instock","48":"taxable","49":"shipping-taxable","50":"purchasable","51":"product-type-simple","52":"entry","53":"content-bg","54":"loop-entry"},"taxonomy_info":{"product_cat":[{"value":431,"label":"Mage &amp; Tarm"},{"value":2819,"label":"Matsm\u00e4ltningsenzymer"},{"value":1393,"label":"\u00d6vriga kosttillskott"},{"value":1307,"label":"Synergos"}],"product_tag":[{"value":643,"label":"\u00e5derf\u00f6rkalkning"},{"value":644,"label":"analkl\u00e5da"},{"value":432,"label":"anemi"},{"value":206,"label":"astma"},{"value":645,"label":"betain"},{"value":646,"label":"brist p\u00e5 folsyra"},{"value":647,"label":"brist p\u00e5 kalium"},{"value":567,"label":"diarr\u00e9"},{"value":648,"label":"f\u00f6do\u00e4mnesallergier"},{"value":649,"label":"f\u00f6do\u00e4mnesintolerans"},{"value":304,"label":"f\u00f6rstoppning"},{"value":650,"label":"gallsten"},{"value":651,"label":"gasbildning"},{"value":652,"label":"h\u00f6jer LDL-kolesterol"},{"value":307,"label":"h\u00f6snuva"},{"value":653,"label":"hypokalemi"},{"value":654,"label":"inre \u00f6roninfektion"},{"value":655,"label":"k\u00e4nslighet mot olika fetter"},{"value":656,"label":"l\u00f6s mage p\u00e5 morgonen"},{"value":657,"label":"magont efter m\u00e5ltider"},{"value":658,"label":"matintolerans"},{"value":659,"label":"nedsatt metylering"},{"value":660,"label":"nedsatt syntes av pepsin"},{"value":661,"label":"osm\u00e4lt mat i avf\u00f6ringen"},{"value":662,"label":"pepsin"},{"value":393,"label":"reumatoid artrit"},{"value":663,"label":"saltsyra"},{"value":664,"label":"saltsyrabrist"},{"value":665,"label":"s\u00e4nker homocystein"},{"value":666,"label":"sk\u00f6ldk\u00f6rtelsjukdomar"},{"value":667,"label":"skyddar levern"},{"value":668,"label":"sura uppst\u00f6tningar"},{"value":669,"label":"svampinfektion"},{"value":670,"label":"tr\u00f6tthet efter maten"},{"value":671,"label":"uppsv\u00e4lldhet"}]},"featured_image_src_large":["https:\/\/vitaminbutiken.com\/wp-content\/uploads\/2025\/03\/Beta-Pepsin-126-Photoroom-e1747375836145-1130x700.png",1130,700,true],"author_info":[],"comment_info":0,"_links":{"self":[{"href":"https:\/\/vitaminbutiken.com\/en\/wp-json\/wp\/v2\/product\/9435","targetHints":{"allow":["GET"]}}],"collection":[{"href":"https:\/\/vitaminbutiken.com\/en\/wp-json\/wp\/v2\/product"}],"about":[{"href":"https:\/\/vitaminbutiken.com\/en\/wp-json\/wp\/v2\/types\/product"}],"replies":[{"embeddable":true,"href":"https:\/\/vitaminbutiken.com\/en\/wp-json\/wp\/v2\/comments?post=9435"}],"wp:featuredmedia":[{"embeddable":true,"href":"https:\/\/vitaminbutiken.com\/en\/wp-json\/wp\/v2\/media\/11403"}],"wp:attachment":[{"href":"https:\/\/vitaminbutiken.com\/en\/wp-json\/wp\/v2\/media?parent=9435"}],"wp:term":[{"taxonomy":"product_brand","embeddable":true,"href":"https:\/\/vitaminbutiken.com\/en\/wp-json\/wp\/v2\/product_brand?post=9435"},{"taxonomy":"product_cat","embeddable":true,"href":"https:\/\/vitaminbutiken.com\/en\/wp-json\/wp\/v2\/product_cat?post=9435"},{"taxonomy":"product_tag","embeddable":true,"href":"https:\/\/vitaminbutiken.com\/en\/wp-json\/wp\/v2\/product_tag?post=9435"}],"curies":[{"name":"wp","href":"https:\/\/api.w.org\/{rel}","templated":true}]}}