{"id":9426,"date":"2025-03-19T15:55:19","date_gmt":"2025-03-19T13:55:19","guid":{"rendered":"https:\/\/vitaminbutiken.multi.fi\/?post_type=product&#038;p=9426"},"modified":"2026-04-10T12:12:57","modified_gmt":"2026-04-10T10:12:57","slug":"wild-yam","status":"publish","type":"product","link":"https:\/\/vitaminbutiken.com\/en\/produkt\/wild-yam\/","title":{"rendered":"Wild Yam, Diosgenin"},"content":{"rendered":"<p><strong>Wild Yam<\/strong>, vars r\u00f6tter och kn\u00f6lar inneh\u00e5ller det verksamma \u00e4mnet Diosgenin.<\/p>\n<p>Wild Yam, Dioscorea barbasco, anv\u00e4nds f\u00f6r kvinnors h\u00e4lsa.<\/p>\n<p>Varje kapsel inneh\u00e5ller 500 mg extrakt av Wild Yam. Varje kapsel inneh\u00e5ller 16 % diosegenin.<\/p>\n<p><strong>Dosering: <\/strong>2 kapslar per dag. Dosering b\u00f6r uppdelas i tv\u00e5 intag, morgon och kv\u00e4ll.<\/p>\n<table style=\"height: 80px;\" border=\"1\" width=\"600\" cellspacing=\"0\" cellpadding=\"0\">\n<tbody>\n<tr>\n<td style=\"width: 12.474%;\"><strong>2 kapslar inneh\u00e5ller:<\/strong><\/td>\n<td style=\"width: 3.0581%;\"><strong>M\u00e4ngd<\/strong><\/td>\n<\/tr>\n<tr>\n<td style=\"width: 12.474%;\">Wild Yam extrakt<\/td>\n<td style=\"width: 3.0581%;\">1 000 mg*<\/td>\n<\/tr>\n<\/tbody>\n<\/table>\n<p><strong>*DRI (dagligt referensintag) ej fastst\u00e4llt.<\/strong><\/p>\n<p>Varje kapsel inneh\u00e5ller 500 mg extrakt av Wild Yam. Varje kapsel inneh\u00e5ller 16 % diosgenin.<\/p>\n<p><strong>Ingredienser:\u00a0<\/strong> Extrakt av Wild Yam 16 % diosgenin, kapsel (hydroxipropylmetylcellulosa).<\/p>\n<p>Rekommenderad daglig dos b\u00f6r ej \u00f6verskridas.<br \/>\nKosttillskott ers\u00e4tter inte en varierad kost.<br \/>\nProdukten f\u00f6rvaras o\u00e5tkomligt f\u00f6r sm\u00e5 barn.<\/p>\n","protected":false},"excerpt":{"rendered":"<p>Wild Yam, Dioscorea barbasco, anv\u00e4nds f\u00f6r kvinnors h\u00e4lsa.<\/p>\n<p><strong>60 kapslar<\/strong><\/p>\n","protected":false},"featured_media":500103688,"comment_status":"open","ping_status":"closed","template":"","meta":{"_kad_blocks_custom_css":"","_kad_blocks_head_custom_js":"","_kad_blocks_body_custom_js":"","_kad_blocks_footer_custom_js":"","_kadence_starter_templates_imported_post":false,"_kad_post_transparent":"default","_kad_post_title":"","_kad_post_layout":"default","_kad_post_sidebar_id":"","_kad_post_content_style":"default","_kad_post_vertical_padding":"default","_kad_post_feature":"","_kad_post_feature_position":"","_kad_post_header":false,"_kad_post_footer":false,"_kad_post_classname":""},"product_brand":[],"product_cat":[1293,149,146],"product_tag":[630,631,632],"class_list":{"0":"post-9426","1":"product","2":"type-product","3":"status-publish","4":"has-post-thumbnail","6":"product_cat-evp-nutrition","7":"product_cat-orter","8":"product_cat-stressad-och-trott","9":"product_tag-diosgenin","10":"product_tag-kvinnlig-halsa","11":"product_tag-wild-yam","13":"first","14":"instock","15":"taxable","16":"shipping-taxable","17":"purchasable","18":"product-type-simple","19":"entry","20":"content-bg","21":"loop-entry"},"taxonomy_info":{"product_cat":[{"value":1293,"label":"EVP Nutrition"},{"value":149,"label":"\u00d6rter"},{"value":146,"label":"Stressad &amp; Tr\u00f6tt"}],"product_tag":[{"value":630,"label":"diosgenin"},{"value":631,"label":"kvinnlig h\u00e4lsa"},{"value":632,"label":"Wild Yam"}]},"featured_image_src_large":["https:\/\/vitaminbutiken.com\/wp-content\/uploads\/2025\/03\/413-Wild-Yam-Photoroom-e1770801985361-807x700.png",807,700,true],"author_info":[],"comment_info":0,"_links":{"self":[{"href":"https:\/\/vitaminbutiken.com\/en\/wp-json\/wp\/v2\/product\/9426","targetHints":{"allow":["GET"]}}],"collection":[{"href":"https:\/\/vitaminbutiken.com\/en\/wp-json\/wp\/v2\/product"}],"about":[{"href":"https:\/\/vitaminbutiken.com\/en\/wp-json\/wp\/v2\/types\/product"}],"replies":[{"embeddable":true,"href":"https:\/\/vitaminbutiken.com\/en\/wp-json\/wp\/v2\/comments?post=9426"}],"wp:featuredmedia":[{"embeddable":true,"href":"https:\/\/vitaminbutiken.com\/en\/wp-json\/wp\/v2\/media\/500103688"}],"wp:attachment":[{"href":"https:\/\/vitaminbutiken.com\/en\/wp-json\/wp\/v2\/media?parent=9426"}],"wp:term":[{"taxonomy":"product_brand","embeddable":true,"href":"https:\/\/vitaminbutiken.com\/en\/wp-json\/wp\/v2\/product_brand?post=9426"},{"taxonomy":"product_cat","embeddable":true,"href":"https:\/\/vitaminbutiken.com\/en\/wp-json\/wp\/v2\/product_cat?post=9426"},{"taxonomy":"product_tag","embeddable":true,"href":"https:\/\/vitaminbutiken.com\/en\/wp-json\/wp\/v2\/product_tag?post=9426"}],"curies":[{"name":"wp","href":"https:\/\/api.w.org\/{rel}","templated":true}]}}