{"id":9425,"date":"2025-03-19T15:55:18","date_gmt":"2025-03-19T13:55:18","guid":{"rendered":"https:\/\/vitaminbutiken.multi.fi\/?post_type=product&#038;p=9425"},"modified":"2026-04-07T19:40:11","modified_gmt":"2026-04-07T17:40:11","slug":"magnesium-l-teanin-pulver","status":"publish","type":"product","link":"https:\/\/vitaminbutiken.com\/en\/produkt\/magnesium-l-teanin-pulver\/","title":{"rendered":"Magnesium &#8211; L-Teanin"},"content":{"rendered":"<p><strong>Magnesium L-Teanin (pulver)<\/strong><\/p>\n<p><strong>Magnesium-L-teanin<\/strong> &#8211; Magnesiums egenskaper k\u00e4nner de flesta till. Att kombinera magnesium med aminosyrar L-teanin g\u00f6r produkten s\u00e5 mycket mera intressant.<\/p>\n<p><strong>Teanin<\/strong> har visat sig hj\u00e4lpa till vid avslappning och minska stress.<\/p>\n<p>100 gram pulver som inneh\u00e5ller magnesium, teanin och vitamin B6. En tesked ger 600 mg magnesium, 500 mg teanin och 5 mg vitamin B6.<\/p>\n<p><strong>Allm\u00e4n information<\/strong><br \/>\nMagnesium \u00e4r ett av v\u00e5ra viktigaste basbildande mineraler. Magnesium \u00e4r en essentiell mineral och spelar roll i n\u00e4rmare 300 k\u00e4nda enzymreaktioner i kroppen. Viktig f\u00f6r muskulaturen, lederna, hj\u00e4rtats och hj\u00e4rnans funktioner. Spelar en avg\u00f6rande roll f\u00f6r kroppens f\u00f6rm\u00e5ga att ta upp kalcium.<br \/>\nL-Teanin \u00e4r ett aminosyraderivat fr\u00e5n glutaminsyra. Teanin har visat sig minska psykisk och fysisk stress, f\u00f6rb\u00e4ttrar kognition och den allm\u00e4nna mentala h\u00e4lsan. Den prim\u00e4ra effekten av teanin \u00e4r kopplad till att den \u00f6kar den totala niv\u00e5n av neurotransmittorn GABA i hj\u00e4rnan.<\/p>\n<p><strong>Magnesium bidrar till:<\/strong><\/p>\n<ul>\n<li>att minska tr\u00f6tthet och utmattning<\/li>\n<li>bidrar till elektrolytbalansen<\/li>\n<li>normal energioms\u00e4ttning<\/li>\n<li>nervsystemets normala funktion<\/li>\n<li>normal muskelfunktion<\/li>\n<li>normal proteinsyntes<\/li>\n<li>normal psykologisk funktion<\/li>\n<li>att bibeh\u00e5lla normal benstomme<\/li>\n<li>att bibeh\u00e5lla normala t\u00e4nder<\/li>\n<li>har en roll i celldelningsprocessen<\/li>\n<\/ul>\n<p><strong>Dosering:<\/strong>1\/2 tsk per dag eller enligt ordination av kvalificerad h\u00e4lsor\u00e5dgivare.<\/p>\n<table style=\"height: 80px;\" border=\"1\" width=\"600\" cellspacing=\"0\" cellpadding=\"0\">\n<tbody>\n<tr>\n<td style=\"width: 10.9834%;\"><strong>1\/2 tsk inneh\u00e5ller:<\/strong><\/td>\n<td style=\"width: 4.70786%;\"><strong>M\u00e4ngd<\/strong><\/td>\n<td style=\"width: 12.6996%;\"><strong>*%DRI<\/strong><\/td>\n<\/tr>\n<tr>\n<td style=\"width: 10.9834%;\">Magnesium<\/td>\n<td style=\"width: 4.70786%;\">300 mg<\/td>\n<td style=\"width: 12.6996%;\">80 %<\/td>\n<\/tr>\n<tr>\n<td style=\"width: 10.9834%;\">L-Teanin<\/td>\n<td style=\"width: 4.70786%;\">250 mg<\/td>\n<td style=\"width: 12.6996%;\">**<\/td>\n<\/tr>\n<tr>\n<td style=\"width: 10.9834%;\">B6<\/td>\n<td style=\"width: 4.70786%;\">2,5 mg<\/td>\n<td style=\"width: 12.6996%;\">178 %<\/td>\n<\/tr>\n<\/tbody>\n<\/table>\n<p><strong>*DRI \u00e4r dagligt referensintag. **DRI ej fastst\u00e4llt.<\/strong><\/p>\n<p><strong>Ingredienser:<\/strong> Magnesium (magnesiumcitrat, magnesiumkarbonat), fyllnadsmedel (mikrokristallin cellulosa), L-Teanin (Camellia sinensis extrakt), klumpf\u00f6rebyggande medel (magnesiumsalter av fettsyror, kiseldioxid), vitamin B6 (pyridoxinhydroklorid).<\/p>\n<p>Rekommenderad daglig dos b\u00f6r ej \u00f6verskridas.<br \/>\nKosttillskott ers\u00e4tter inte en varierad kost.<br \/>\nProdukten f\u00f6rvaras o\u00e5tkomligt f\u00f6r sm\u00e5 barn<\/p>\n<p>&nbsp;<\/p>\n","protected":false},"excerpt":{"rendered":"<p><strong>Magnesium-L-teanin &#8211; <\/strong>Magnesiums egenskaper k\u00e4nner de flesta till. Att kombinera magnesium med aminosyrar L-teanin g\u00f6r produkten s\u00e5 mycket mera intressant.<\/p>\n<p><strong>Produkten \u00e4r i pulverform och inneh\u00e5ller magnesium, L-teanin och vitamin B6.<\/strong><\/p>\n<p><strong>100 gram<\/strong><\/p>\n","protected":false},"featured_media":9507,"comment_status":"open","ping_status":"closed","template":"","meta":{"_kad_blocks_custom_css":"","_kad_blocks_head_custom_js":"","_kad_blocks_body_custom_js":"","_kad_blocks_footer_custom_js":"","_kadence_starter_templates_imported_post":false,"_kad_post_transparent":"default","_kad_post_title":"","_kad_post_layout":"default","_kad_post_sidebar_id":"","_kad_post_content_style":"default","_kad_post_vertical_padding":"default","_kad_post_feature":"","_kad_post_feature_position":"","_kad_post_header":false,"_kad_post_footer":false,"_kad_post_classname":""},"product_brand":[],"product_cat":[625,281,277,146,1307,278],"product_tag":[286,627,287,628,288,289,290,291,221,233,172,234],"class_list":{"0":"post-9425","1":"product","2":"type-product","3":"status-publish","4":"has-post-thumbnail","6":"product_cat-magnesium","7":"product_cat-mineraler","8":"product_cat-muskler-och-leder","9":"product_cat-stressad-och-trott","10":"product_cat-synergos","11":"product_cat-traning","12":"product_tag-kosttillskott-magnesium","13":"product_tag-l-teanin","14":"product_tag-magnesium","15":"product_tag-magnesium-b6","16":"product_tag-magnesium-bra-for","17":"product_tag-magnesium-mot-kramp","18":"product_tag-magnesium-pulver","19":"product_tag-magnesium-tillskott","20":"product_tag-naturtillskott","21":"product_tag-trotthet","22":"product_tag-utmattning","23":"product_tag-vitamin","25":"first","26":"instock","27":"taxable","28":"shipping-taxable","29":"purchasable","30":"product-type-simple","31":"entry","32":"content-bg","33":"loop-entry"},"taxonomy_info":{"product_cat":[{"value":625,"label":"Magnesium"},{"value":281,"label":"Mineraler"},{"value":277,"label":"Muskler &amp; Leder"},{"value":146,"label":"Stressad &amp; Tr\u00f6tt"},{"value":1307,"label":"Synergos"},{"value":278,"label":"Tr\u00e4ning"}],"product_tag":[{"value":286,"label":"kosttillskott magnesium"},{"value":627,"label":"l teanin"},{"value":287,"label":"magnesium"},{"value":628,"label":"magnesium b6"},{"value":288,"label":"magnesium bra f\u00f6r"},{"value":289,"label":"magnesium mot kramp"},{"value":290,"label":"magnesium pulver"},{"value":291,"label":"magnesium tillskott"},{"value":221,"label":"naturtillskott"},{"value":233,"label":"tr\u00f6tthet"},{"value":172,"label":"utmattning"},{"value":234,"label":"vitamin"}]},"featured_image_src_large":["https:\/\/vitaminbutiken.com\/wp-content\/uploads\/2025\/03\/Magnesium-L-teanin-jauhe-1440x700.png",1440,700,true],"author_info":[],"comment_info":0,"_links":{"self":[{"href":"https:\/\/vitaminbutiken.com\/en\/wp-json\/wp\/v2\/product\/9425","targetHints":{"allow":["GET"]}}],"collection":[{"href":"https:\/\/vitaminbutiken.com\/en\/wp-json\/wp\/v2\/product"}],"about":[{"href":"https:\/\/vitaminbutiken.com\/en\/wp-json\/wp\/v2\/types\/product"}],"replies":[{"embeddable":true,"href":"https:\/\/vitaminbutiken.com\/en\/wp-json\/wp\/v2\/comments?post=9425"}],"wp:featuredmedia":[{"embeddable":true,"href":"https:\/\/vitaminbutiken.com\/en\/wp-json\/wp\/v2\/media\/9507"}],"wp:attachment":[{"href":"https:\/\/vitaminbutiken.com\/en\/wp-json\/wp\/v2\/media?parent=9425"}],"wp:term":[{"taxonomy":"product_brand","embeddable":true,"href":"https:\/\/vitaminbutiken.com\/en\/wp-json\/wp\/v2\/product_brand?post=9425"},{"taxonomy":"product_cat","embeddable":true,"href":"https:\/\/vitaminbutiken.com\/en\/wp-json\/wp\/v2\/product_cat?post=9425"},{"taxonomy":"product_tag","embeddable":true,"href":"https:\/\/vitaminbutiken.com\/en\/wp-json\/wp\/v2\/product_tag?post=9425"}],"curies":[{"name":"wp","href":"https:\/\/api.w.org\/{rel}","templated":true}]}}