{"id":9423,"date":"2025-03-19T15:55:14","date_gmt":"2025-03-19T13:55:14","guid":{"rendered":"https:\/\/vitaminbutiken.multi.fi\/?post_type=product&#038;p=9423"},"modified":"2026-04-08T18:37:30","modified_gmt":"2026-04-08T16:37:30","slug":"rosenrot","status":"publish","type":"product","link":"https:\/\/vitaminbutiken.com\/en\/produkt\/rosenrot\/","title":{"rendered":"Rosenrot, 60 kap"},"content":{"rendered":"<p><strong>Rosenrot<\/strong>, Rhodiola rosea, \u00e4r en adaptogen (binjurest\u00f6djande) v\u00e4xt som \u00f6kar kroppens f\u00f6rm\u00e5ga att motst\u00e5 fysisk och k\u00e4nslom\u00e4ssig stress.<\/p>\n<p><strong>Dosering:<\/strong> 1 kapsel 2 g\u00e5nger per dag.<\/p>\n<table style=\"height: 80px;\" border=\"1\" width=\"600\" cellspacing=\"0\" cellpadding=\"0\">\n<tbody>\n<tr>\n<td style=\"width: 2.7027%;\"><strong>2 kapslar inneh\u00e5ller:<\/strong><\/td>\n<td style=\"width: 2.7027%;\"><strong>M\u00e4ngd<\/strong><\/td>\n<td style=\"width: 2.7027%;\"><strong>%DRI*<\/strong><\/td>\n<\/tr>\n<tr>\n<td style=\"width: 2.7027%;\">Rosenrot<\/td>\n<td style=\"width: 2.7027%;\">600 mg<\/td>\n<td style=\"width: 2.7027%;\">**<\/td>\n<\/tr>\n<\/tbody>\n<\/table>\n<p><strong>*DRI \u00e4r dagligt referensintag. **DRI ej fastst\u00e4llt.<\/strong><\/p>\n<p><strong>Ingredienser:<\/strong>Rosenrotextrakt (standardiserat till 3 % rosavin, 1 % salidrosid, rhodiola rosea), kapsel (hydroxipropylmetylcellulosa).<\/p>\n<p>Rekommenderad daglig dos b\u00f6r ej \u00f6verskridas.<br \/>\nF\u00f6rvaras o\u00e5tkomligt f\u00f6r barn.<br \/>\nKosttillskott b\u00f6r ej anv\u00e4ndas som ett alternativ till en varierad kost.<\/p>\n","protected":false},"excerpt":{"rendered":"<p>Rosenrot \u00e4r en v\u00e4xt som personer som s\u00f6ker naturliga hj\u00e4lpmedel kan anv\u00e4nda. Vid anv\u00e4ndning av rosenrot kan man uppleva en \u00f6kad k\u00e4nsla av energi och vitalitet. Denna v\u00e4xt har anv\u00e4nts i \u00e5rhundraden och personer som anv\u00e4nder rosenrot kan uppskatta dess potentiella f\u00f6rdelar f\u00f6r att st\u00f6dja en balanserad livsstil. Rosenrot, \u00e4r en adaptogen (binjurest\u00f6djande) v\u00e4xt som \u00f6kar kroppens f\u00f6rm\u00e5ga att motst\u00e5 fysisk och k\u00e4nslom\u00e4ssig stress.<\/p>\n<p><strong>60 kapslar<\/strong><\/p>\n","protected":false},"featured_media":9503,"comment_status":"open","ping_status":"closed","template":"","meta":{"_kad_blocks_custom_css":"","_kad_blocks_head_custom_js":"","_kad_blocks_body_custom_js":"","_kad_blocks_footer_custom_js":"","_kadence_starter_templates_imported_post":false,"_kad_post_transparent":"default","_kad_post_title":"","_kad_post_layout":"default","_kad_post_sidebar_id":"","_kad_post_content_style":"default","_kad_post_vertical_padding":"default","_kad_post_feature":"","_kad_post_feature_position":"","_kad_post_header":false,"_kad_post_footer":false,"_kad_post_classname":""},"product_brand":[],"product_cat":[1293,149,146],"product_tag":[603,604,164,605],"class_list":{"0":"post-9423","1":"product","2":"type-product","3":"status-publish","4":"has-post-thumbnail","6":"product_cat-evp-nutrition","7":"product_cat-orter","8":"product_cat-stressad-och-trott","9":"product_tag-fysisk-stress","10":"product_tag-kanslomassig-stress","11":"product_tag-rosenrot","12":"product_tag-stress","14":"first","15":"instock","16":"taxable","17":"shipping-taxable","18":"purchasable","19":"product-type-simple","20":"entry","21":"content-bg","22":"loop-entry"},"taxonomy_info":{"product_cat":[{"value":1293,"label":"EVP Nutrition"},{"value":149,"label":"\u00d6rter"},{"value":146,"label":"Stressad &amp; Tr\u00f6tt"}],"product_tag":[{"value":603,"label":"fysisk stress"},{"value":604,"label":"k\u00e4nslom\u00e4ssig stress"},{"value":164,"label":"rosenrot"},{"value":605,"label":"stress"}]},"featured_image_src_large":["https:\/\/vitaminbutiken.com\/wp-content\/uploads\/2025\/03\/New1-55.png",600,600,false],"author_info":[],"comment_info":0,"_links":{"self":[{"href":"https:\/\/vitaminbutiken.com\/en\/wp-json\/wp\/v2\/product\/9423","targetHints":{"allow":["GET"]}}],"collection":[{"href":"https:\/\/vitaminbutiken.com\/en\/wp-json\/wp\/v2\/product"}],"about":[{"href":"https:\/\/vitaminbutiken.com\/en\/wp-json\/wp\/v2\/types\/product"}],"replies":[{"embeddable":true,"href":"https:\/\/vitaminbutiken.com\/en\/wp-json\/wp\/v2\/comments?post=9423"}],"wp:featuredmedia":[{"embeddable":true,"href":"https:\/\/vitaminbutiken.com\/en\/wp-json\/wp\/v2\/media\/9503"}],"wp:attachment":[{"href":"https:\/\/vitaminbutiken.com\/en\/wp-json\/wp\/v2\/media?parent=9423"}],"wp:term":[{"taxonomy":"product_brand","embeddable":true,"href":"https:\/\/vitaminbutiken.com\/en\/wp-json\/wp\/v2\/product_brand?post=9423"},{"taxonomy":"product_cat","embeddable":true,"href":"https:\/\/vitaminbutiken.com\/en\/wp-json\/wp\/v2\/product_cat?post=9423"},{"taxonomy":"product_tag","embeddable":true,"href":"https:\/\/vitaminbutiken.com\/en\/wp-json\/wp\/v2\/product_tag?post=9423"}],"curies":[{"name":"wp","href":"https:\/\/api.w.org\/{rel}","templated":true}]}}