{"id":9413,"date":"2025-03-19T15:54:42","date_gmt":"2025-03-19T13:54:42","guid":{"rendered":"https:\/\/vitaminbutiken.multi.fi\/?post_type=product&#038;p=9413"},"modified":"2026-04-09T08:51:14","modified_gmt":"2026-04-09T06:51:14","slug":"king-of-bitters","status":"publish","type":"product","link":"https:\/\/vitaminbutiken.com\/en\/produkt\/king-of-bitters\/","title":{"rendered":"King of Bitters, Andrographis Paniculata"},"content":{"rendered":"<p><strong>King of Bitters<\/strong><\/p>\n<p>Varje kapsel inneh\u00e5ller extrakt motsvarande 5.000 mg torkad r\u00e5vara av Andrographis Paniculata.<\/p>\n<p>Andrographis \u00e4r en planta fr\u00e5n s\u00f6dra Asien och har l\u00e4nge anv\u00e4nts som ett \u00f6rtpreparat. Man anv\u00e4nder den underjordiska stammen och \u00e4ven bladen.<\/p>\n<p><strong>Anm\u00e4rkning:<\/strong> Gravida och ammande rekommenderas f\u00f6rsiktighet. Eftersom detta \u00e4r ett bittermedel b\u00f6r det inte ges vid akuta magbesv\u00e4r.<\/p>\n<p><strong>Dosering: <\/strong>1 kapsel 2 g\u00e5nger per dag.<\/p>\n<table style=\"height: 80px;\" border=\"1\" width=\"600\" cellspacing=\"0\" cellpadding=\"0\">\n<tbody>\n<tr>\n<td style=\"width: 8.54701%;\"><strong>2 kapslar inneh\u00e5ller:<\/strong><\/td>\n<td style=\"width: 2.849%;\"><strong>M\u00e4ngd<\/strong><\/td>\n<\/tr>\n<tr>\n<td style=\"width: 8.54701%;\">King of Bitters<\/td>\n<td style=\"width: 2.849%;\">1 000 mg*<\/td>\n<\/tr>\n<\/tbody>\n<\/table>\n<p>*DRI (dagligt referensintag) ej fastst\u00e4llt.<\/p>\n<p><strong>Ingredienser:<\/strong>King of Bitters (extrakt 10:1, andrographis paniculata), King of Bitters (extrakt standardiserad till 50 %, andrographis paniculata), kapsel (hydroxipropylmetylcellulosa).<\/p>\n<p><strong>Anm\u00e4rkning:<\/strong> Gravida och ammande rekommenderas f\u00f6rsiktighet. Eftersom detta \u00e4r ett bittermedel b\u00f6r det inte ges vid akuta magbesv\u00e4r.<\/p>\n<p>Rekommenderad daglig dos b\u00f6r ej \u00f6verskridas.<br \/>\nF\u00f6rvaras o\u00e5tkomligt f\u00f6r barn.<br \/>\nKosttillskott b\u00f6r ej anv\u00e4ndas som ett alternativ till en varierad kost.<\/p>\n","protected":false},"excerpt":{"rendered":"<p>Extrakt av Andrographis Paniculata.<\/p>\n<p><strong>60 kapslar<\/strong><\/p>\n","protected":false},"featured_media":500103823,"comment_status":"open","ping_status":"closed","template":"","meta":{"_kad_blocks_custom_css":"","_kad_blocks_head_custom_js":"","_kad_blocks_body_custom_js":"","_kad_blocks_footer_custom_js":"","_kadence_starter_templates_imported_post":false,"_kad_post_transparent":"default","_kad_post_title":"","_kad_post_layout":"default","_kad_post_sidebar_id":"","_kad_post_content_style":"default","_kad_post_vertical_padding":"default","_kad_post_feature":"","_kad_post_feature_position":"","_kad_post_header":false,"_kad_post_footer":false,"_kad_post_classname":""},"product_brand":[],"product_cat":[176,198,431,149,1307],"product_tag":[592,593],"class_list":{"0":"post-9413","1":"product","2":"type-product","3":"status-publish","4":"has-post-thumbnail","6":"product_cat-immunforsvar","7":"product_cat-lever-och-njurar","8":"product_cat-mage-tarm","9":"product_cat-orter","10":"product_cat-synergos","11":"product_tag-andrographis-paniculata","12":"product_tag-king-of-bitters","14":"first","15":"instock","16":"taxable","17":"shipping-taxable","18":"purchasable","19":"product-type-simple","20":"entry","21":"content-bg","22":"loop-entry"},"taxonomy_info":{"product_cat":[{"value":176,"label":"Immunf\u00f6rsvar"},{"value":198,"label":"Lever &amp; Njurar"},{"value":431,"label":"Mage &amp; Tarm"},{"value":149,"label":"\u00d6rter"},{"value":1307,"label":"Synergos"}],"product_tag":[{"value":592,"label":"Andrographis Paniculata"},{"value":593,"label":"King of Bitters"}]},"featured_image_src_large":["https:\/\/vitaminbutiken.com\/wp-content\/uploads\/2025\/03\/470-King-of-bitters-Photoroom-scaled-e1771399531765-1182x700.png",1182,700,true],"author_info":[],"comment_info":0,"_links":{"self":[{"href":"https:\/\/vitaminbutiken.com\/en\/wp-json\/wp\/v2\/product\/9413","targetHints":{"allow":["GET"]}}],"collection":[{"href":"https:\/\/vitaminbutiken.com\/en\/wp-json\/wp\/v2\/product"}],"about":[{"href":"https:\/\/vitaminbutiken.com\/en\/wp-json\/wp\/v2\/types\/product"}],"replies":[{"embeddable":true,"href":"https:\/\/vitaminbutiken.com\/en\/wp-json\/wp\/v2\/comments?post=9413"}],"wp:featuredmedia":[{"embeddable":true,"href":"https:\/\/vitaminbutiken.com\/en\/wp-json\/wp\/v2\/media\/500103823"}],"wp:attachment":[{"href":"https:\/\/vitaminbutiken.com\/en\/wp-json\/wp\/v2\/media?parent=9413"}],"wp:term":[{"taxonomy":"product_brand","embeddable":true,"href":"https:\/\/vitaminbutiken.com\/en\/wp-json\/wp\/v2\/product_brand?post=9413"},{"taxonomy":"product_cat","embeddable":true,"href":"https:\/\/vitaminbutiken.com\/en\/wp-json\/wp\/v2\/product_cat?post=9413"},{"taxonomy":"product_tag","embeddable":true,"href":"https:\/\/vitaminbutiken.com\/en\/wp-json\/wp\/v2\/product_tag?post=9413"}],"curies":[{"name":"wp","href":"https:\/\/api.w.org\/{rel}","templated":true}]}}