{"id":9385,"date":"2025-03-19T15:53:32","date_gmt":"2025-03-19T13:53:32","guid":{"rendered":"https:\/\/vitaminbutiken.multi.fi\/?post_type=product&#038;p=9385"},"modified":"2026-04-09T08:51:56","modified_gmt":"2026-04-09T06:51:56","slug":"b12-kobalamin-folsyra-synergos","status":"publish","type":"product","link":"https:\/\/vitaminbutiken.com\/en\/produkt\/b12-kobalamin-folsyra-synergos\/","title":{"rendered":"B12 &#038; Folsyra Synergos"},"content":{"rendered":"<p><strong>B12 &amp; Folsyra Synergos<\/strong><\/p>\n<p>B12 Kobalamin &amp; Folsyra Synergos \u00e4r ett avancerat kosttillskott som bygger p\u00e5 bredspektrum- och synergiprincipen. Varje tablett ger 1000 mcg vitamin B12 och 500 mcg folsyra tillsammans med ett stort antal synergister.<\/p>\n<p><strong>B12 och folsyra bidrar till:<\/strong><\/p>\n<ul>\n<li>normal energioms\u00e4ttning<\/li>\n<li>nervsystemets normala funktion<\/li>\n<li>normal homocysteinoms\u00e4ttning<\/li>\n<li>normal psykologisk funktion<\/li>\n<li>normal bildning av r\u00f6da blodkroppar<\/li>\n<li>immunsystemets normala funktion<\/li>\n<li>att minska tr\u00f6tthet och utmattning<\/li>\n<li>har en roll i celldelningsprocessen<\/li>\n<li>normal aminosyrasyntes<\/li>\n<\/ul>\n<p>Observera att urin f\u00e4rgas gulgr\u00f6nt n\u00e4r man \u00e4ter B-vitaminer.<\/p>\n<p><strong>Dosering:<\/strong> 1 tablett 2 g\u00e5nger\/dag i samband med m\u00e5ltid.<\/p>\n<table style=\"height: 80px;\" border=\"1\" width=\"600\" cellspacing=\"0\" cellpadding=\"0\">\n<tbody>\n<tr>\n<td style=\"width: 19.7876%;\"><strong>2 tabletter inneh\u00e5ller:<\/strong><\/td>\n<td style=\"width: 12.1977%;\"><strong>M\u00e4ngd<\/strong><\/td>\n<td style=\"width: 11.3082%;\"><strong>*DRI%<\/strong><\/td>\n<\/tr>\n<tr>\n<td style=\"width: 19.7876%;\" width=\"85\">Tiamin (B1)<\/td>\n<td style=\"width: 12.1977%;\" width=\"38\">10 mg<\/td>\n<td style=\"width: 11.3082%;\" width=\"38\">909 %*<\/td>\n<\/tr>\n<tr>\n<td style=\"width: 19.7876%;\" width=\"85\">Riboflavin (B2)<\/td>\n<td style=\"width: 12.1977%;\" width=\"38\">10 mg<\/td>\n<td style=\"width: 11.3082%;\" width=\"38\">714 %<\/td>\n<\/tr>\n<tr>\n<td style=\"width: 19.7876%;\" width=\"85\">Niacin (B3)<\/td>\n<td style=\"width: 12.1977%;\" width=\"38\">60 mg<\/td>\n<td style=\"width: 11.3082%;\" width=\"38\">375 %<\/td>\n<\/tr>\n<tr>\n<td style=\"width: 19.7876%;\" width=\"85\">Vitamin B5<\/td>\n<td style=\"width: 12.1977%;\" width=\"38\">40 mg<\/td>\n<td style=\"width: 11.3082%;\" width=\"38\">666 %<\/td>\n<\/tr>\n<tr>\n<td style=\"width: 19.7876%;\" width=\"85\">Vitamin B6<\/td>\n<td style=\"width: 12.1977%;\" width=\"38\">10 mg<\/td>\n<td style=\"width: 11.3082%;\" width=\"38\">714 %<\/td>\n<\/tr>\n<tr>\n<td style=\"width: 19.7876%;\" width=\"85\">Vitamin B12<\/td>\n<td style=\"width: 12.1977%;\" width=\"38\">2000 \u00b5g<\/td>\n<td style=\"width: 11.3082%;\" width=\"38\">80000 %<\/td>\n<\/tr>\n<tr>\n<td style=\"width: 19.7876%;\" width=\"85\">Folsyra<\/td>\n<td style=\"width: 12.1977%;\" width=\"38\">1000 \u00b5g<\/td>\n<td style=\"width: 11.3082%;\" width=\"38\">500 %<\/td>\n<\/tr>\n<tr>\n<td style=\"width: 19.7876%;\" width=\"85\">Biotin<\/td>\n<td style=\"width: 12.1977%;\" width=\"38\">50 \u00b5g<\/td>\n<td style=\"width: 11.3082%;\" width=\"38\">100 %<\/td>\n<\/tr>\n<tr>\n<td style=\"width: 19.7876%;\" width=\"85\">Kolin<\/td>\n<td style=\"width: 12.1977%;\" width=\"38\">100 mg<\/td>\n<td style=\"width: 11.3082%;\" width=\"38\">**<\/td>\n<\/tr>\n<tr>\n<td style=\"width: 19.7876%;\" width=\"85\">PABA<\/td>\n<td style=\"width: 12.1977%;\" width=\"38\">50 mg<\/td>\n<td style=\"width: 11.3082%;\" width=\"38\">**<\/td>\n<\/tr>\n<tr>\n<td style=\"width: 19.7876%;\" width=\"85\">Inositol<\/td>\n<td style=\"width: 12.1977%;\" width=\"38\">50 mg<\/td>\n<td style=\"width: 11.3082%;\" width=\"38\">**<\/td>\n<\/tr>\n<tr>\n<td style=\"width: 19.7876%;\" width=\"85\">Zink<\/td>\n<td style=\"width: 12.1977%;\" width=\"38\">6 mg<\/td>\n<td style=\"width: 11.3082%;\" width=\"38\">60 %<\/td>\n<\/tr>\n<tr>\n<td style=\"width: 19.7876%;\" width=\"85\">Metionin<\/td>\n<td style=\"width: 12.1977%;\" width=\"38\">100 mg<\/td>\n<td style=\"width: 11.3082%;\" width=\"38\">**<\/td>\n<\/tr>\n<\/tbody>\n<\/table>\n<p><strong>* DRI \u00e4r dagligt referensintag. **DRI ej fastst\u00e4llt.<\/strong><\/p>\n<p><strong>Ingredienser:<\/strong> Fyllnadsmedel (dikalciumfosfat, mikrokristallinsk cellulosa), kolin (kolinbitartrat), B12 (cyanocobalamin), DL-Metionin, Fyllnads-medel (stearinsyra), B3 (nicotinamid), Inositol, PAPA, B5 (Kalcium-D-Pantotenat), Klumpf\u00f6rebyggande medel (magnesiumsalter av fettsyror), Zink (zinkcitrat), Tiamin (tiaminmononitrat), B6 (pyridoxin HCI), B2 (riboflavin), Folsyra (pteroylmonoglutaminsyra), biotin (D-biotin).<\/p>\n<p>Rekommenderad daglig dos b\u00f6r ej \u00f6verskridas. Kosttillskott ers\u00e4tter inte en varierad kost. Produkten f\u00f6rvaras o\u00e5tkomligt f\u00f6r sm\u00e5 barn.<\/p>\n","protected":false},"excerpt":{"rendered":"<p>B12 &amp; Folsyra Synergos \u00e4r ett avancerat kosttillskott som bygger p\u00e5 <strong>bredspektrum- och synergiprincipen.<\/strong><\/p>\n<p><strong>60 tabletter<\/strong><\/p>\n","protected":false},"featured_media":500103790,"comment_status":"open","ping_status":"closed","template":"","meta":{"_kad_blocks_custom_css":"","_kad_blocks_head_custom_js":"","_kad_blocks_body_custom_js":"","_kad_blocks_footer_custom_js":"","_kadence_starter_templates_imported_post":false,"_kad_post_transparent":"default","_kad_post_title":"","_kad_post_layout":"default","_kad_post_sidebar_id":"","_kad_post_content_style":"default","_kad_post_vertical_padding":"default","_kad_post_feature":"","_kad_post_feature_position":"","_kad_post_header":false,"_kad_post_footer":false,"_kad_post_classname":""},"product_brand":[],"product_cat":[348,176,349,431,146,1307,155],"product_tag":[267,432,238,205,433,180,434,239,436,437,438,439,181,357,417,440,441,443,419,187,444,445,253,446,447,221,448,449,193,451,452,453,173,234,235],"class_list":{"0":"post-9385","1":"product","2":"type-product","3":"status-publish","4":"has-post-thumbnail","6":"product_cat-b-vitamin","7":"product_cat-immunforsvar","8":"product_cat-jarn","9":"product_cat-mage-tarm","10":"product_cat-stressad-och-trott","11":"product_cat-synergos","12":"product_cat-vitaminer","13":"product_tag-alzheimers-sjukdom","14":"product_tag-anemi","15":"product_tag-ansiktsforlamning","16":"product_tag-antioxidant","17":"product_tag-apati","18":"product_tag-artarstelhet","19":"product_tag-aterkommande-missfall","20":"product_tag-b-vitamin","21":"product_tag-b12-brist-relaterad-migran","22":"product_tag-b12-vitamin","23":"product_tag-brist-pa-kvaveoxid","24":"product_tag-cellgiftsrelaterad-illamaende","25":"product_tag-demens","26":"product_tag-depression","27":"product_tag-domningar","28":"product_tag-dysfunktion-centrala-nervsystemet","29":"product_tag-folsyra","30":"product_tag-folsyra-synergos","31":"product_tag-graviditetsillamaende","32":"product_tag-hogt-blodtryck","33":"product_tag-kanselbortfall","34":"product_tag-kognitiv-dysfunktion","35":"product_tag-kronisk-trotthet","36":"product_tag-lag-celltillvaxt","37":"product_tag-megaloblastisk-anemi","38":"product_tag-naturtillskott","39":"product_tag-nedsatt-fertilitet","40":"product_tag-nervryckningar","41":"product_tag-oxidativ-stress","42":"product_tag-pernecios-anemi","43":"product_tag-somnsvarigheter","44":"product_tag-tarmproblem","45":"product_tag-utmattningstrotthet","46":"product_tag-vitamin","47":"product_tag-vitaminer","49":"first","50":"instock","51":"taxable","52":"shipping-taxable","53":"purchasable","54":"product-type-simple","55":"entry","56":"content-bg","57":"loop-entry"},"taxonomy_info":{"product_cat":[{"value":348,"label":"B-vitamin"},{"value":176,"label":"Immunf\u00f6rsvar"},{"value":349,"label":"J\u00e4rn"},{"value":431,"label":"Mage &amp; Tarm"},{"value":146,"label":"Stressad &amp; Tr\u00f6tt"},{"value":1307,"label":"Synergos"},{"value":155,"label":"Vitaminer"}],"product_tag":[{"value":267,"label":"alzheimers sjukdom"},{"value":432,"label":"anemi"},{"value":238,"label":"ansiktsf\u00f6rlamning"},{"value":205,"label":"antioxidant"},{"value":433,"label":"apati"},{"value":180,"label":"art\u00e4rstelhet"},{"value":434,"label":"\u00e5terkommande missfall"},{"value":239,"label":"b vitamin"},{"value":436,"label":"B12-brist relaterad migr\u00e4n"},{"value":437,"label":"B12-vitamin"},{"value":438,"label":"brist p\u00e5 kv\u00e4veoxid"},{"value":439,"label":"cellgiftsrelaterad illam\u00e5ende"},{"value":181,"label":"demens"},{"value":357,"label":"depression"},{"value":417,"label":"domningar"},{"value":440,"label":"dysfunktion centrala nervsystemet"},{"value":441,"label":"folsyra"},{"value":443,"label":"folsyra synergos"},{"value":419,"label":"graviditetsillam\u00e5ende"},{"value":187,"label":"h\u00f6gt blodtryck"},{"value":444,"label":"k\u00e4nselbortfall"},{"value":445,"label":"kognitiv dysfunktion"},{"value":253,"label":"kronisk tr\u00f6tthet"},{"value":446,"label":"l\u00e5g celltillv\u00e4xt"},{"value":447,"label":"megaloblastisk anemi"},{"value":221,"label":"naturtillskott"},{"value":448,"label":"nedsatt fertilitet"},{"value":449,"label":"nervryckningar"},{"value":193,"label":"oxidativ stress"},{"value":451,"label":"perneci\u00f6s anemi"},{"value":452,"label":"s\u00f6mnsv\u00e5righeter"},{"value":453,"label":"tarmproblem"},{"value":173,"label":"utmattningstr\u00f6tthet"},{"value":234,"label":"vitamin"},{"value":235,"label":"vitaminer"}]},"featured_image_src_large":["https:\/\/vitaminbutiken.com\/wp-content\/uploads\/2025\/03\/235-B12-Folsyra-Synergos-Photoroom-e1771327048158-710x700.png",710,700,true],"author_info":[],"comment_info":0,"_links":{"self":[{"href":"https:\/\/vitaminbutiken.com\/en\/wp-json\/wp\/v2\/product\/9385","targetHints":{"allow":["GET"]}}],"collection":[{"href":"https:\/\/vitaminbutiken.com\/en\/wp-json\/wp\/v2\/product"}],"about":[{"href":"https:\/\/vitaminbutiken.com\/en\/wp-json\/wp\/v2\/types\/product"}],"replies":[{"embeddable":true,"href":"https:\/\/vitaminbutiken.com\/en\/wp-json\/wp\/v2\/comments?post=9385"}],"wp:featuredmedia":[{"embeddable":true,"href":"https:\/\/vitaminbutiken.com\/en\/wp-json\/wp\/v2\/media\/500103790"}],"wp:attachment":[{"href":"https:\/\/vitaminbutiken.com\/en\/wp-json\/wp\/v2\/media?parent=9385"}],"wp:term":[{"taxonomy":"product_brand","embeddable":true,"href":"https:\/\/vitaminbutiken.com\/en\/wp-json\/wp\/v2\/product_brand?post=9385"},{"taxonomy":"product_cat","embeddable":true,"href":"https:\/\/vitaminbutiken.com\/en\/wp-json\/wp\/v2\/product_cat?post=9385"},{"taxonomy":"product_tag","embeddable":true,"href":"https:\/\/vitaminbutiken.com\/en\/wp-json\/wp\/v2\/product_tag?post=9385"}],"curies":[{"name":"wp","href":"https:\/\/api.w.org\/{rel}","templated":true}]}}