{"id":9383,"date":"2025-03-19T15:53:31","date_gmt":"2025-03-19T13:53:31","guid":{"rendered":"https:\/\/vitaminbutiken.multi.fi\/?post_type=product&#038;p=9383"},"modified":"2026-04-08T18:21:46","modified_gmt":"2026-04-08T16:21:46","slug":"vitamin-b6-synergos","status":"publish","type":"product","link":"https:\/\/vitaminbutiken.com\/en\/produkt\/vitamin-b6-synergos\/","title":{"rendered":"Vitamin B6 Synergos"},"content":{"rendered":"<p>Vitamin B6 spelar en viktig roll som kofaktor i ett stort antal viktiga enzymer i m\u00e4nniskokroppen.<\/p>\n<p><strong>Vitamin B6 bidrar till:<\/strong><\/p>\n<ul>\n<li>normal cysteinsyntes<\/li>\n<li>normal energioms\u00e4ttning<\/li>\n<li>nervsystemets normala funktion<\/li>\n<li>normal homocysteinoms\u00e4ttning<\/li>\n<li>normal protein- och glykogenoms\u00e4ttning<\/li>\n<li>normal psykologisk funktion<\/li>\n<li>normal bildning av r\u00f6da blodkroppar<\/li>\n<li>immunsystemets normala funktion<\/li>\n<li>att minska tr\u00f6tthet och utmattning<\/li>\n<li>att reglera hormonaktiviteten<\/li>\n<\/ul>\n<p><strong>Observera<\/strong> att urin f\u00e4rgas gulgr\u00f6nt n\u00e4r man \u00e4ter B-vitaminer.<\/p>\n<p><strong>Dosering: <\/strong>1 kapsel\/dag i samband med m\u00e5ltid, eller enligt ordination.<\/p>\n<table style=\"height: 80px;\" border=\"1\" width=\"621\" cellspacing=\"0\" cellpadding=\"0\">\n<tbody>\n<tr>\n<td style=\"width: 17.4179%;\" width=\"87\"><strong>1 kapsel inneh\u00e5ller:<\/strong><\/td>\n<td style=\"width: 6.02309%;\" width=\"49\"><strong>M\u00e4ngd<\/strong><\/td>\n<td style=\"width: 5.19512%;\" width=\"39\"><strong>%DRI*<\/strong><\/td>\n<\/tr>\n<tr>\n<td style=\"width: 17.4179%;\" width=\"87\">Tiamin (B1)<\/td>\n<td style=\"width: 6.02309%;\" width=\"49\">50 mg<\/td>\n<td style=\"width: 5.19512%;\" width=\"39\">3 333 %<\/td>\n<\/tr>\n<tr>\n<td style=\"width: 17.4179%;\" width=\"87\">Riboflavin (B2)<\/td>\n<td style=\"width: 6.02309%;\" width=\"49\">50 mg<\/td>\n<td style=\"width: 5.19512%;\" width=\"39\">2 941 %<\/td>\n<\/tr>\n<tr>\n<td style=\"width: 17.4179%;\" width=\"87\">Niacin (B3)<\/td>\n<td style=\"width: 6.02309%;\" width=\"49\">50 mg<\/td>\n<td style=\"width: 5.19512%;\" width=\"39\">250 %<\/td>\n<\/tr>\n<tr>\n<td style=\"width: 17.4179%;\" width=\"87\">Pantotensyra (B5)<\/td>\n<td style=\"width: 6.02309%;\" width=\"49\">50 mg<\/td>\n<td style=\"width: 5.19512%;\" width=\"39\">833 %<\/td>\n<\/tr>\n<tr>\n<td style=\"width: 17.4179%;\" width=\"87\">Vitamin B6<\/td>\n<td style=\"width: 6.02309%;\" width=\"49\">250 mg<\/td>\n<td style=\"width: 5.19512%;\" width=\"39\">17 857 %<\/td>\n<\/tr>\n<tr>\n<td style=\"width: 17.4179%;\" width=\"87\">Vitamin B12<\/td>\n<td style=\"width: 6.02309%;\" width=\"49\">50 mcg<\/td>\n<td style=\"width: 5.19512%;\" width=\"39\">2 500 %<\/td>\n<\/tr>\n<tr>\n<td style=\"width: 17.4179%;\" width=\"87\">Folsyra<\/td>\n<td style=\"width: 6.02309%;\" width=\"49\">200 mcg<\/td>\n<td style=\"width: 5.19512%;\" width=\"39\">67 %<\/td>\n<\/tr>\n<tr>\n<td style=\"width: 17.4179%;\" width=\"87\">Biotin<\/td>\n<td style=\"width: 6.02309%;\" width=\"49\">50 mcg<\/td>\n<td style=\"width: 5.19512%;\" width=\"39\">100 %<\/td>\n<\/tr>\n<tr>\n<td style=\"width: 17.4179%;\" width=\"87\">Kolin<\/td>\n<td style=\"width: 6.02309%;\" width=\"49\">50 mg<\/td>\n<td style=\"width: 5.19512%;\" width=\"39\">**<\/td>\n<\/tr>\n<tr>\n<td style=\"width: 17.4179%;\" width=\"87\">PABA<\/td>\n<td style=\"width: 6.02309%;\" width=\"49\">50 mg<\/td>\n<td style=\"width: 5.19512%;\" width=\"39\">**<\/td>\n<\/tr>\n<tr>\n<td style=\"width: 17.4179%;\" width=\"87\">Inositol<\/td>\n<td style=\"width: 6.02309%;\" width=\"49\">50 mg<\/td>\n<td style=\"width: 5.19512%;\" width=\"39\">**<\/td>\n<\/tr>\n<\/tbody>\n<\/table>\n<p><strong>*DRI \u00e4r dagligt referensintag.<\/strong><\/p>\n<p><strong>Ingredienser:<\/strong> Vitamin B6, kolin, fyllnadsmedel (mikrokristallin cellulosa), tiamin, pantotensyra, riboflavin, inositol, niacin, PABA, klumpf\u00f6rebyggande medel (magnesiumsalter av fettsyror), vitamin B12 (cyanokobalamin), folsyra, gelatinkapsel (<strong>n\u00f6t<\/strong>).<\/p>\n<p><strong>OBS!<\/strong> Den \u00f6vre gr\u00e4nsen f\u00f6r s\u00e4kert dagligt intag av vitamin B6 \u00e4r 12 mg. M\u00e4ngden vitamin B6 i dygnsdosen som f\u00e5s fr\u00e5n denna produkt \u00f6verskrider denna m\u00e4ngd. Inte f\u00f6r l\u00e5ngvarigt bruk.<\/p>\n<p>Rekommenderad daglig dos b\u00f6r ej \u00f6verskridas.<br \/>\nKosttillskott ers\u00e4tter inte en varierad kost.<br \/>\nProdukter f\u00f6rvaras o\u00e5tkomligt f\u00f6r sm\u00e5barn.<\/p>\n","protected":false},"excerpt":{"rendered":"<p>B6 &#8211; Pyridoxin Synergos \u00e4r ett kosttillskott som inneh\u00e5ller vitamin B6. En bas av alla B-vitaminer med h\u00f6gre dos av vitamin B6.<\/p>\n<p><strong>60 kapslar<\/strong><\/p>\n","protected":false},"featured_media":500103527,"comment_status":"open","ping_status":"closed","template":"","meta":{"_kad_blocks_custom_css":"","_kad_blocks_head_custom_js":"","_kad_blocks_body_custom_js":"","_kad_blocks_footer_custom_js":"","_kadence_starter_templates_imported_post":false,"_kad_post_transparent":"default","_kad_post_title":"","_kad_post_layout":"default","_kad_post_sidebar_id":"","_kad_post_content_style":"default","_kad_post_vertical_padding":"default","_kad_post_feature":"","_kad_post_feature_position":"","_kad_post_header":false,"_kad_post_footer":false,"_kad_post_classname":""},"product_brand":[],"product_cat":[348,176,349,198,277,146,1307,278,155],"product_tag":[205,414,206,239,345,415,357,416,417,418,419,420,421,422,423,424,221,272,388,425,426,163,194,318,427,428,429,430,229,234,235],"class_list":{"0":"post-9383","1":"product","2":"type-product","3":"status-publish","4":"has-post-thumbnail","6":"product_cat-b-vitamin","7":"product_cat-immunforsvar","8":"product_cat-jarn","9":"product_cat-lever-och-njurar","10":"product_cat-muskler-och-leder","11":"product_cat-stressad-och-trott","12":"product_cat-synergos","13":"product_cat-traning","14":"product_cat-vitaminer","15":"product_tag-antioxidant","16":"product_tag-aptitloshet","17":"product_tag-astma","18":"product_tag-b-vitamin","19":"product_tag-b6-vitamin","20":"product_tag-blodbrist","21":"product_tag-depression","22":"product_tag-dermatit","23":"product_tag-domningar","24":"product_tag-exitoxicitet","25":"product_tag-graviditetsillamaende","26":"product_tag-hyperaktivitet","27":"product_tag-insomningsproblem","28":"product_tag-karpaltunnelsyndrom","29":"product_tag-kramper","30":"product_tag-minskad-rorlighet-fingrar","31":"product_tag-naturtillskott","32":"product_tag-nedsatt-immunforsvar","33":"product_tag-nedsatt-leverfunktion","34":"product_tag-nedsatt-njurfunktion","35":"product_tag-njursten","36":"product_tag-oro","37":"product_tag-parkinsons-sjukdom","38":"product_tag-pms","39":"product_tag-pyridoxin-synergos","40":"product_tag-rastloshet","41":"product_tag-sar-pa-tungan","42":"product_tag-sprickor-i-mungipor","43":"product_tag-starka-immunforsvar","44":"product_tag-vitamin","45":"product_tag-vitaminer","47":"first","48":"instock","49":"taxable","50":"shipping-taxable","51":"purchasable","52":"product-type-simple","53":"entry","54":"content-bg","55":"loop-entry"},"taxonomy_info":{"product_cat":[{"value":348,"label":"B-vitamin"},{"value":176,"label":"Immunf\u00f6rsvar"},{"value":349,"label":"J\u00e4rn"},{"value":198,"label":"Lever &amp; Njurar"},{"value":277,"label":"Muskler &amp; Leder"},{"value":146,"label":"Stressad &amp; Tr\u00f6tt"},{"value":1307,"label":"Synergos"},{"value":278,"label":"Tr\u00e4ning"},{"value":155,"label":"Vitaminer"}],"product_tag":[{"value":205,"label":"antioxidant"},{"value":414,"label":"aptitl\u00f6shet"},{"value":206,"label":"astma"},{"value":239,"label":"b vitamin"},{"value":345,"label":"b6 vitamin"},{"value":415,"label":"blodbrist"},{"value":357,"label":"depression"},{"value":416,"label":"dermatit"},{"value":417,"label":"domningar"},{"value":418,"label":"exitoxicitet"},{"value":419,"label":"graviditetsillam\u00e5ende"},{"value":420,"label":"hyperaktivitet"},{"value":421,"label":"insomningsproblem"},{"value":422,"label":"karpaltunnelsyndrom"},{"value":423,"label":"kramper"},{"value":424,"label":"minskad r\u00f6rlighet fingrar"},{"value":221,"label":"naturtillskott"},{"value":272,"label":"nedsatt immunf\u00f6rsvar"},{"value":388,"label":"nedsatt leverfunktion"},{"value":425,"label":"nedsatt njurfunktion"},{"value":426,"label":"njursten"},{"value":163,"label":"oro"},{"value":194,"label":"parkinsons sjukdom"},{"value":318,"label":"PMS"},{"value":427,"label":"pyridoxin synergos"},{"value":428,"label":"rastl\u00f6shet"},{"value":429,"label":"s\u00e5r p\u00e5 tungan"},{"value":430,"label":"sprickor i mungipor"},{"value":229,"label":"st\u00e4rka immunf\u00f6rsvar"},{"value":234,"label":"vitamin"},{"value":235,"label":"vitaminer"}]},"featured_image_src_large":["https:\/\/vitaminbutiken.com\/wp-content\/uploads\/2025\/03\/234-B6-Synergos-Photoroom-e1769669705326-860x700.png",860,700,true],"author_info":[],"comment_info":0,"_links":{"self":[{"href":"https:\/\/vitaminbutiken.com\/en\/wp-json\/wp\/v2\/product\/9383","targetHints":{"allow":["GET"]}}],"collection":[{"href":"https:\/\/vitaminbutiken.com\/en\/wp-json\/wp\/v2\/product"}],"about":[{"href":"https:\/\/vitaminbutiken.com\/en\/wp-json\/wp\/v2\/types\/product"}],"replies":[{"embeddable":true,"href":"https:\/\/vitaminbutiken.com\/en\/wp-json\/wp\/v2\/comments?post=9383"}],"wp:featuredmedia":[{"embeddable":true,"href":"https:\/\/vitaminbutiken.com\/en\/wp-json\/wp\/v2\/media\/500103527"}],"wp:attachment":[{"href":"https:\/\/vitaminbutiken.com\/en\/wp-json\/wp\/v2\/media?parent=9383"}],"wp:term":[{"taxonomy":"product_brand","embeddable":true,"href":"https:\/\/vitaminbutiken.com\/en\/wp-json\/wp\/v2\/product_brand?post=9383"},{"taxonomy":"product_cat","embeddable":true,"href":"https:\/\/vitaminbutiken.com\/en\/wp-json\/wp\/v2\/product_cat?post=9383"},{"taxonomy":"product_tag","embeddable":true,"href":"https:\/\/vitaminbutiken.com\/en\/wp-json\/wp\/v2\/product_tag?post=9383"}],"curies":[{"name":"wp","href":"https:\/\/api.w.org\/{rel}","templated":true}]}}